{"id":7258,"date":"2023-11-14T19:44:45","date_gmt":"2023-11-14T16:44:45","guid":{"rendered":"https:\/\/www.drazice-shop.lv\/product\/draice-elektriskie-stacionrie-boileri-1-mpa-okce-750-s\/"},"modified":"2026-04-07T15:35:30","modified_gmt":"2026-04-07T12:35:30","slug":"draice-elektriskie-stacionrie-boileri-1-mpa-okce-750-s","status":"publish","type":"product","link":"https:\/\/www.drazice-shop.lv\/ru\/product\/draice-elektriskie-stacionrie-boileri-1-mpa-okce-750-s\/","title":{"rendered":"Dra\u017eice elektriskie stacion\u0101rie boileri 1 Mpa OKCE 750 S"},"content":{"rendered":"<p>Stacion\u0101rs 1 MPa un zemes novietojams \u016bdens sild\u012b\u0161anas boileris. Pieejami ar tilpumu no 300 &#8211; 2000l. Temperat\u016bras diapozons no 5 l\u012bdz 74\u00b0C. Boileri ar tilpumu 400 un 500l ir siltin\u0101ti ar 50 mm put\u0101m un p\u0101rkl\u0101tu ar folliju. Boileri ar tilpumu 750, 800, 1000, 1500 un 2000l ir izol\u0113ti ar 100 mm put\u0101m un p\u0101rkl\u0101tu ar folliju.<\/p>\n","protected":false},"excerpt":{"rendered":"<p>Stacion\u0101rs 1 MPa un zemes novietojams \u016bdens sild\u012b\u0161anas boileris. Pieejami ar tilpumu no 300 &#8211; 2000l. Temperat\u016bras diapozons no 5 l\u012bdz 74\u00b0C. Boileri ar tilpumu 400 un 500l ir siltin\u0101ti ar 50 mm put\u0101m un p\u0101rkl\u0101tu ar folliju. Boileri ar tilpumu 750, 800, 1000, 1500 un 2000l ir izol\u0113ti ar 100 mm put\u0101m un p\u0101rkl\u0101tu<\/p>\n<div class=\"klb-readmore entry-button\"><a class=\"btn read-more\" href=\"https:\/\/www.drazice-shop.lv\/ru\/product\/draice-elektriskie-stacionrie-boileri-1-mpa-okce-750-s\/\">Read More<\/a><\/div>\n","protected":false},"featured_media":8426,"template":"","meta":{"inline_featured_image":false},"product_cat":[129,375],"product_tag":[],"class_list":{"0":"post-7258","1":"product","2":"type-product","3":"status-publish","4":"has-post-thumbnail","6":"product_cat-elektriskie-boileri","7":"product_cat-stacionarie-boileri-1-mpa","8":"pa_130000051-442","9":"pa_130000057-450","10":"pa_130000995-stacionarie","11":"pa_130001809-444","12":"pa_1300020014-451","13":"pa_1300020015-okce","14":"pa_1300020016-drazice","15":"pa_1300020017-cehija","16":"pa_1300020018-682","17":"pa_1300020019-c","18":"pa_130002885-elektriskie","20":"first","21":"onbackorder","22":"sale","23":"taxable","24":"shipping-taxable","25":"purchasable","26":"product-type-simple"},"yoast_head":"<!-- This site is optimized with the Yoast SEO plugin v21.7 - https:\/\/yoast.com\/wordpress\/plugins\/seo\/ -->\n<title>Dra\u017eice elektriskie stacion\u0101rie boileri 1 Mpa OKCE 750 S - DRA\u017dICE<\/title>\n<meta name=\"robots\" content=\"index, follow, max-snippet:-1, max-image-preview:large, max-video-preview:-1\" \/>\n<link rel=\"canonical\" href=\"https:\/\/www.drazice-shop.lv\/product\/draice-elektriskie-stacionrie-boileri-1-mpa-okce-750-s\/\" \/>\n<meta property=\"og:locale\" content=\"ru_RU\" \/>\n<meta property=\"og:type\" content=\"article\" \/>\n<meta property=\"og:title\" content=\"Dra\u017eice elektriskie stacion\u0101rie boileri 1 Mpa OKCE 750 S - DRA\u017dICE\" \/>\n<meta property=\"og:description\" content=\"Stacion\u0101rs 1 MPa un zemes novietojams \u016bdens sild\u012b\u0161anas boileris. Pieejami ar tilpumu no 300 &#8211; 2000l. Temperat\u016bras diapozons no 5 l\u012bdz 74\u00b0C. Boileri ar tilpumu 400 un 500l ir siltin\u0101ti ar 50 mm put\u0101m un p\u0101rkl\u0101tu ar folliju. Boileri ar tilpumu 750, 800, 1000, 1500 un 2000l ir izol\u0113ti ar 100 mm put\u0101m un p\u0101rkl\u0101tuRead More\" \/>\n<meta property=\"og:url\" content=\"https:\/\/www.drazice-shop.lv\/product\/draice-elektriskie-stacionrie-boileri-1-mpa-okce-750-s\/\" \/>\n<meta property=\"og:site_name\" content=\"DRA\u017dICE\" \/>\n<meta property=\"article:modified_time\" content=\"2026-04-07T12:35:30+00:00\" \/>\n<meta property=\"og:image\" content=\"https:\/\/www.drazice-shop.lv\/wp-content\/uploads\/OKCE-gridas-stavos.jpg\" \/>\n\t<meta property=\"og:image:width\" content=\"501\" \/>\n\t<meta property=\"og:image:height\" content=\"500\" \/>\n\t<meta property=\"og:image:type\" content=\"image\/jpeg\" \/>\n<meta name=\"twitter:card\" content=\"summary_large_image\" \/>\n<meta name=\"twitter:label1\" content=\"\u041f\u0440\u0438\u043c\u0435\u0440\u043d\u043e\u0435 \u0432\u0440\u0435\u043c\u044f \u0434\u043b\u044f \u0447\u0442\u0435\u043d\u0438\u044f\" \/>\n\t<meta name=\"twitter:data1\" content=\"1 \u043c\u0438\u043d\u0443\u0442\u0430\" \/>\n<script type=\"application\/ld+json\" class=\"yoast-schema-graph\">{\"@context\":\"https:\/\/schema.org\",\"@graph\":[{\"@type\":\"WebPage\",\"@id\":\"https:\/\/www.drazice-shop.lv\/product\/draice-elektriskie-stacionrie-boileri-1-mpa-okce-750-s\/\",\"url\":\"https:\/\/www.drazice-shop.lv\/product\/draice-elektriskie-stacionrie-boileri-1-mpa-okce-750-s\/\",\"name\":\"Dra\u017eice elektriskie stacion\u0101rie boileri 1 Mpa OKCE 750 S - DRA\u017dICE\",\"isPartOf\":{\"@id\":\"https:\/\/www.drazice-shop.lv\/#website\"},\"datePublished\":\"2023-11-14T16:44:45+00:00\",\"dateModified\":\"2026-04-07T12:35:30+00:00\",\"breadcrumb\":{\"@id\":\"https:\/\/www.drazice-shop.lv\/product\/draice-elektriskie-stacionrie-boileri-1-mpa-okce-750-s\/#breadcrumb\"},\"inLanguage\":\"ru-RU\",\"potentialAction\":[{\"@type\":\"ReadAction\",\"target\":[\"https:\/\/www.drazice-shop.lv\/product\/draice-elektriskie-stacionrie-boileri-1-mpa-okce-750-s\/\"]}]},{\"@type\":\"BreadcrumbList\",\"@id\":\"https:\/\/www.drazice-shop.lv\/product\/draice-elektriskie-stacionrie-boileri-1-mpa-okce-750-s\/#breadcrumb\",\"itemListElement\":[{\"@type\":\"ListItem\",\"position\":1,\"name\":\"Home\",\"item\":\"https:\/\/www.drazice-shop.lv\/\"},{\"@type\":\"ListItem\",\"position\":2,\"name\":\"\u041a\u0430\u0442\u0430\u043b\u043e\u0433\",\"item\":\"https:\/\/www.drazice-shop.lv\/katalogs\/\"},{\"@type\":\"ListItem\",\"position\":3,\"name\":\"Dra\u017eice elektriskie stacion\u0101rie boileri 1 Mpa OKCE 750 S\"}]},{\"@type\":\"WebSite\",\"@id\":\"https:\/\/www.drazice-shop.lv\/#website\",\"url\":\"https:\/\/www.drazice-shop.lv\/\",\"name\":\"DRA\u017dICE\",\"description\":\"\",\"potentialAction\":[{\"@type\":\"SearchAction\",\"target\":{\"@type\":\"EntryPoint\",\"urlTemplate\":\"https:\/\/www.drazice-shop.lv\/?s={search_term_string}\"},\"query-input\":\"required name=search_term_string\"}],\"inLanguage\":\"ru-RU\"}]}<\/script>\n<!-- \/ Yoast SEO plugin. -->","yoast_head_json":{"title":"Dra\u017eice elektriskie stacion\u0101rie boileri 1 Mpa OKCE 750 S - DRA\u017dICE","robots":{"index":"index","follow":"follow","max-snippet":"max-snippet:-1","max-image-preview":"max-image-preview:large","max-video-preview":"max-video-preview:-1"},"canonical":"https:\/\/www.drazice-shop.lv\/product\/draice-elektriskie-stacionrie-boileri-1-mpa-okce-750-s\/","og_locale":"ru_RU","og_type":"article","og_title":"Dra\u017eice elektriskie stacion\u0101rie boileri 1 Mpa OKCE 750 S - DRA\u017dICE","og_description":"Stacion\u0101rs 1 MPa un zemes novietojams \u016bdens sild\u012b\u0161anas boileris. Pieejami ar tilpumu no 300 &#8211; 2000l. Temperat\u016bras diapozons no 5 l\u012bdz 74\u00b0C. Boileri ar tilpumu 400 un 500l ir siltin\u0101ti ar 50 mm put\u0101m un p\u0101rkl\u0101tu ar folliju. Boileri ar tilpumu 750, 800, 1000, 1500 un 2000l ir izol\u0113ti ar 100 mm put\u0101m un p\u0101rkl\u0101tuRead More","og_url":"https:\/\/www.drazice-shop.lv\/product\/draice-elektriskie-stacionrie-boileri-1-mpa-okce-750-s\/","og_site_name":"DRA\u017dICE","article_modified_time":"2026-04-07T12:35:30+00:00","og_image":[{"width":501,"height":500,"url":"https:\/\/www.drazice-shop.lv\/wp-content\/uploads\/OKCE-gridas-stavos.jpg","type":"image\/jpeg"}],"twitter_card":"summary_large_image","twitter_misc":{"\u041f\u0440\u0438\u043c\u0435\u0440\u043d\u043e\u0435 \u0432\u0440\u0435\u043c\u044f \u0434\u043b\u044f \u0447\u0442\u0435\u043d\u0438\u044f":"1 \u043c\u0438\u043d\u0443\u0442\u0430"},"schema":{"@context":"https:\/\/schema.org","@graph":[{"@type":"WebPage","@id":"https:\/\/www.drazice-shop.lv\/product\/draice-elektriskie-stacionrie-boileri-1-mpa-okce-750-s\/","url":"https:\/\/www.drazice-shop.lv\/product\/draice-elektriskie-stacionrie-boileri-1-mpa-okce-750-s\/","name":"Dra\u017eice elektriskie stacion\u0101rie boileri 1 Mpa OKCE 750 S - DRA\u017dICE","isPartOf":{"@id":"https:\/\/www.drazice-shop.lv\/#website"},"datePublished":"2023-11-14T16:44:45+00:00","dateModified":"2026-04-07T12:35:30+00:00","breadcrumb":{"@id":"https:\/\/www.drazice-shop.lv\/product\/draice-elektriskie-stacionrie-boileri-1-mpa-okce-750-s\/#breadcrumb"},"inLanguage":"ru-RU","potentialAction":[{"@type":"ReadAction","target":["https:\/\/www.drazice-shop.lv\/product\/draice-elektriskie-stacionrie-boileri-1-mpa-okce-750-s\/"]}]},{"@type":"BreadcrumbList","@id":"https:\/\/www.drazice-shop.lv\/product\/draice-elektriskie-stacionrie-boileri-1-mpa-okce-750-s\/#breadcrumb","itemListElement":[{"@type":"ListItem","position":1,"name":"Home","item":"https:\/\/www.drazice-shop.lv\/"},{"@type":"ListItem","position":2,"name":"\u041a\u0430\u0442\u0430\u043b\u043e\u0433","item":"https:\/\/www.drazice-shop.lv\/katalogs\/"},{"@type":"ListItem","position":3,"name":"Dra\u017eice elektriskie stacion\u0101rie boileri 1 Mpa OKCE 750 S"}]},{"@type":"WebSite","@id":"https:\/\/www.drazice-shop.lv\/#website","url":"https:\/\/www.drazice-shop.lv\/","name":"DRA\u017dICE","description":"","potentialAction":[{"@type":"SearchAction","target":{"@type":"EntryPoint","urlTemplate":"https:\/\/www.drazice-shop.lv\/?s={search_term_string}"},"query-input":"required name=search_term_string"}],"inLanguage":"ru-RU"}]}},"_links":{"self":[{"href":"https:\/\/www.drazice-shop.lv\/ru\/wp-json\/wp\/v2\/product\/7258","targetHints":{"allow":["GET"]}}],"collection":[{"href":"https:\/\/www.drazice-shop.lv\/ru\/wp-json\/wp\/v2\/product"}],"about":[{"href":"https:\/\/www.drazice-shop.lv\/ru\/wp-json\/wp\/v2\/types\/product"}],"wp:featuredmedia":[{"embeddable":true,"href":"https:\/\/www.drazice-shop.lv\/ru\/wp-json\/wp\/v2\/media\/8426"}],"wp:attachment":[{"href":"https:\/\/www.drazice-shop.lv\/ru\/wp-json\/wp\/v2\/media?parent=7258"}],"wp:term":[{"taxonomy":"product_cat","embeddable":true,"href":"https:\/\/www.drazice-shop.lv\/ru\/wp-json\/wp\/v2\/product_cat?post=7258"},{"taxonomy":"product_tag","embeddable":true,"href":"https:\/\/www.drazice-shop.lv\/ru\/wp-json\/wp\/v2\/product_tag?post=7258"}],"curies":[{"name":"wp","href":"https:\/\/api.w.org\/{rel}","templated":true}]}}