{"id":7071,"date":"2023-11-14T19:41:04","date_gmt":"2023-11-14T16:41:04","guid":{"rendered":"https:\/\/www.drazice-shop.lv\/product\/draice-elektriskie-piekaramie-vertiklie-boileri-kantainie-okhe-160-smart\/"},"modified":"2026-05-09T10:35:25","modified_gmt":"2026-05-09T07:35:25","slug":"draice-elektriskie-piekaramie-vertiklie-boileri-kantainie-okhe-160-smart","status":"publish","type":"product","link":"https:\/\/www.drazice-shop.lv\/ru\/product\/draice-elektriskie-piekaramie-vertiklie-boileri-kantainie-okhe-160-smart\/","title":{"rendered":"Dra\u017eice elektriskie, piekaramie, vertik\u0101lie boileri (kantainie) OKHE 160 SMART"},"content":{"rendered":"<p>*Jauns un pievilc\u012bgs dizains;<br \/>\n*Ieb\u016bv\u0113ts HDO sign\u0101lu detektors un signaliz\u0101cija;<br \/>\n*Izgatavots no ekolo\u0123iska materi\u0101la;<br \/>\n*Jauna un intelektu\u0101la vad\u012bbas elektronika;<br \/>\n*Uzlabots SMART HDO re\u017e\u012bms prieks liel\u0101ka ekonomijas;<br \/>\n*Boileri var regul\u0113t att\u0101lin\u0101ti izmantojot mobil\u0101s ier\u012bces aplik\u0101ciju Android\/OS.<\/p>\n","protected":false},"excerpt":{"rendered":"<p>*Jauns un pievilc\u012bgs dizains; *Ieb\u016bv\u0113ts HDO sign\u0101lu detektors un signaliz\u0101cija; *Izgatavots no ekolo\u0123iska materi\u0101la; *Jauna un intelektu\u0101la vad\u012bbas elektronika; *Uzlabots SMART HDO re\u017e\u012bms prieks liel\u0101ka ekonomijas; *Boileri var regul\u0113t att\u0101lin\u0101ti izmantojot mobil\u0101s ier\u012bces aplik\u0101ciju Android\/OS.<\/p>\n","protected":false},"featured_media":8438,"template":"","meta":{"inline_featured_image":false},"product_cat":[129,279],"product_tag":[],"class_list":{"0":"post-7071","1":"product","2":"type-product","3":"status-publish","4":"has-post-thumbnail","6":"product_cat-elektriskie-boileri","7":"product_cat-piekaramie-vertikalie-boileri-okhe-smart","8":"pa_130000912-4-0","9":"pa_130000913-400","10":"pa_130000918-9-5","11":"pa_130000965-402","12":"pa_130000966-403","13":"pa_130000995-vertikalie","14":"pa_1300020015-okhe-smart","15":"pa_1300020016-drazice","16":"pa_1300020017-cehija","17":"pa_1300020018-684","18":"pa_1300020019-c","19":"pa_130002003-234","20":"pa_130002305-363","21":"pa_130002885-elektriskie","23":"first","24":"instock","25":"sale","26":"taxable","27":"shipping-taxable","28":"purchasable","29":"product-type-simple"},"yoast_head":"<!-- This site is optimized with the Yoast SEO plugin v21.7 - https:\/\/yoast.com\/wordpress\/plugins\/seo\/ -->\n<title>Dra\u017eice elektriskie, piekaramie, vertik\u0101lie boileri (kantainie) OKHE 160 SMART - DRA\u017dICE<\/title>\n<meta name=\"robots\" content=\"index, follow, max-snippet:-1, max-image-preview:large, max-video-preview:-1\" \/>\n<link rel=\"canonical\" href=\"https:\/\/www.drazice-shop.lv\/product\/draice-elektriskie-piekaramie-vertiklie-boileri-kantainie-okhe-160-smart\/\" \/>\n<meta property=\"og:locale\" content=\"ru_RU\" \/>\n<meta property=\"og:type\" content=\"article\" \/>\n<meta property=\"og:title\" content=\"Dra\u017eice elektriskie, piekaramie, vertik\u0101lie boileri (kantainie) OKHE 160 SMART - DRA\u017dICE\" \/>\n<meta property=\"og:description\" content=\"*Jauns un pievilc\u012bgs dizains; *Ieb\u016bv\u0113ts HDO sign\u0101lu detektors un signaliz\u0101cija; *Izgatavots no ekolo\u0123iska materi\u0101la; *Jauna un intelektu\u0101la vad\u012bbas elektronika; *Uzlabots SMART HDO re\u017e\u012bms prieks liel\u0101ka ekonomijas; *Boileri var regul\u0113t att\u0101lin\u0101ti izmantojot mobil\u0101s ier\u012bces aplik\u0101ciju Android\/OS.\" \/>\n<meta property=\"og:url\" content=\"https:\/\/www.drazice-shop.lv\/product\/draice-elektriskie-piekaramie-vertiklie-boileri-kantainie-okhe-160-smart\/\" \/>\n<meta property=\"og:site_name\" content=\"DRA\u017dICE\" \/>\n<meta property=\"article:modified_time\" content=\"2026-05-09T07:35:25+00:00\" \/>\n<meta property=\"og:image\" content=\"https:\/\/www.drazice-shop.lv\/wp-content\/uploads\/OKHE-SMART.jpg\" \/>\n\t<meta property=\"og:image:width\" content=\"500\" \/>\n\t<meta property=\"og:image:height\" content=\"500\" \/>\n\t<meta property=\"og:image:type\" content=\"image\/jpeg\" \/>\n<meta name=\"twitter:card\" content=\"summary_large_image\" \/>\n<meta name=\"twitter:label1\" content=\"\u041f\u0440\u0438\u043c\u0435\u0440\u043d\u043e\u0435 \u0432\u0440\u0435\u043c\u044f \u0434\u043b\u044f \u0447\u0442\u0435\u043d\u0438\u044f\" \/>\n\t<meta name=\"twitter:data1\" content=\"1 \u043c\u0438\u043d\u0443\u0442\u0430\" \/>\n<script type=\"application\/ld+json\" class=\"yoast-schema-graph\">{\"@context\":\"https:\/\/schema.org\",\"@graph\":[{\"@type\":\"WebPage\",\"@id\":\"https:\/\/www.drazice-shop.lv\/product\/draice-elektriskie-piekaramie-vertiklie-boileri-kantainie-okhe-160-smart\/\",\"url\":\"https:\/\/www.drazice-shop.lv\/product\/draice-elektriskie-piekaramie-vertiklie-boileri-kantainie-okhe-160-smart\/\",\"name\":\"Dra\u017eice elektriskie, piekaramie, vertik\u0101lie boileri (kantainie) OKHE 160 SMART - DRA\u017dICE\",\"isPartOf\":{\"@id\":\"https:\/\/www.drazice-shop.lv\/#website\"},\"datePublished\":\"2023-11-14T16:41:04+00:00\",\"dateModified\":\"2026-05-09T07:35:25+00:00\",\"breadcrumb\":{\"@id\":\"https:\/\/www.drazice-shop.lv\/product\/draice-elektriskie-piekaramie-vertiklie-boileri-kantainie-okhe-160-smart\/#breadcrumb\"},\"inLanguage\":\"ru-RU\",\"potentialAction\":[{\"@type\":\"ReadAction\",\"target\":[\"https:\/\/www.drazice-shop.lv\/product\/draice-elektriskie-piekaramie-vertiklie-boileri-kantainie-okhe-160-smart\/\"]}]},{\"@type\":\"BreadcrumbList\",\"@id\":\"https:\/\/www.drazice-shop.lv\/product\/draice-elektriskie-piekaramie-vertiklie-boileri-kantainie-okhe-160-smart\/#breadcrumb\",\"itemListElement\":[{\"@type\":\"ListItem\",\"position\":1,\"name\":\"Home\",\"item\":\"https:\/\/www.drazice-shop.lv\/\"},{\"@type\":\"ListItem\",\"position\":2,\"name\":\"\u041a\u0430\u0442\u0430\u043b\u043e\u0433\",\"item\":\"https:\/\/www.drazice-shop.lv\/katalogs\/\"},{\"@type\":\"ListItem\",\"position\":3,\"name\":\"Dra\u017eice elektriskie, piekaramie, vertik\u0101lie boileri (kantainie) OKHE 160 SMART\"}]},{\"@type\":\"WebSite\",\"@id\":\"https:\/\/www.drazice-shop.lv\/#website\",\"url\":\"https:\/\/www.drazice-shop.lv\/\",\"name\":\"DRA\u017dICE\",\"description\":\"\",\"potentialAction\":[{\"@type\":\"SearchAction\",\"target\":{\"@type\":\"EntryPoint\",\"urlTemplate\":\"https:\/\/www.drazice-shop.lv\/?s={search_term_string}\"},\"query-input\":\"required name=search_term_string\"}],\"inLanguage\":\"ru-RU\"}]}<\/script>\n<!-- \/ Yoast SEO plugin. -->","yoast_head_json":{"title":"Dra\u017eice elektriskie, piekaramie, vertik\u0101lie boileri (kantainie) OKHE 160 SMART - DRA\u017dICE","robots":{"index":"index","follow":"follow","max-snippet":"max-snippet:-1","max-image-preview":"max-image-preview:large","max-video-preview":"max-video-preview:-1"},"canonical":"https:\/\/www.drazice-shop.lv\/product\/draice-elektriskie-piekaramie-vertiklie-boileri-kantainie-okhe-160-smart\/","og_locale":"ru_RU","og_type":"article","og_title":"Dra\u017eice elektriskie, piekaramie, vertik\u0101lie boileri (kantainie) OKHE 160 SMART - DRA\u017dICE","og_description":"*Jauns un pievilc\u012bgs dizains; *Ieb\u016bv\u0113ts HDO sign\u0101lu detektors un signaliz\u0101cija; *Izgatavots no ekolo\u0123iska materi\u0101la; *Jauna un intelektu\u0101la vad\u012bbas elektronika; *Uzlabots SMART HDO re\u017e\u012bms prieks liel\u0101ka ekonomijas; *Boileri var regul\u0113t att\u0101lin\u0101ti izmantojot mobil\u0101s ier\u012bces aplik\u0101ciju Android\/OS.","og_url":"https:\/\/www.drazice-shop.lv\/product\/draice-elektriskie-piekaramie-vertiklie-boileri-kantainie-okhe-160-smart\/","og_site_name":"DRA\u017dICE","article_modified_time":"2026-05-09T07:35:25+00:00","og_image":[{"width":500,"height":500,"url":"https:\/\/www.drazice-shop.lv\/wp-content\/uploads\/OKHE-SMART.jpg","type":"image\/jpeg"}],"twitter_card":"summary_large_image","twitter_misc":{"\u041f\u0440\u0438\u043c\u0435\u0440\u043d\u043e\u0435 \u0432\u0440\u0435\u043c\u044f \u0434\u043b\u044f \u0447\u0442\u0435\u043d\u0438\u044f":"1 \u043c\u0438\u043d\u0443\u0442\u0430"},"schema":{"@context":"https:\/\/schema.org","@graph":[{"@type":"WebPage","@id":"https:\/\/www.drazice-shop.lv\/product\/draice-elektriskie-piekaramie-vertiklie-boileri-kantainie-okhe-160-smart\/","url":"https:\/\/www.drazice-shop.lv\/product\/draice-elektriskie-piekaramie-vertiklie-boileri-kantainie-okhe-160-smart\/","name":"Dra\u017eice elektriskie, piekaramie, vertik\u0101lie boileri (kantainie) OKHE 160 SMART - DRA\u017dICE","isPartOf":{"@id":"https:\/\/www.drazice-shop.lv\/#website"},"datePublished":"2023-11-14T16:41:04+00:00","dateModified":"2026-05-09T07:35:25+00:00","breadcrumb":{"@id":"https:\/\/www.drazice-shop.lv\/product\/draice-elektriskie-piekaramie-vertiklie-boileri-kantainie-okhe-160-smart\/#breadcrumb"},"inLanguage":"ru-RU","potentialAction":[{"@type":"ReadAction","target":["https:\/\/www.drazice-shop.lv\/product\/draice-elektriskie-piekaramie-vertiklie-boileri-kantainie-okhe-160-smart\/"]}]},{"@type":"BreadcrumbList","@id":"https:\/\/www.drazice-shop.lv\/product\/draice-elektriskie-piekaramie-vertiklie-boileri-kantainie-okhe-160-smart\/#breadcrumb","itemListElement":[{"@type":"ListItem","position":1,"name":"Home","item":"https:\/\/www.drazice-shop.lv\/"},{"@type":"ListItem","position":2,"name":"\u041a\u0430\u0442\u0430\u043b\u043e\u0433","item":"https:\/\/www.drazice-shop.lv\/katalogs\/"},{"@type":"ListItem","position":3,"name":"Dra\u017eice elektriskie, piekaramie, vertik\u0101lie boileri (kantainie) OKHE 160 SMART"}]},{"@type":"WebSite","@id":"https:\/\/www.drazice-shop.lv\/#website","url":"https:\/\/www.drazice-shop.lv\/","name":"DRA\u017dICE","description":"","potentialAction":[{"@type":"SearchAction","target":{"@type":"EntryPoint","urlTemplate":"https:\/\/www.drazice-shop.lv\/?s={search_term_string}"},"query-input":"required name=search_term_string"}],"inLanguage":"ru-RU"}]}},"_links":{"self":[{"href":"https:\/\/www.drazice-shop.lv\/ru\/wp-json\/wp\/v2\/product\/7071","targetHints":{"allow":["GET"]}}],"collection":[{"href":"https:\/\/www.drazice-shop.lv\/ru\/wp-json\/wp\/v2\/product"}],"about":[{"href":"https:\/\/www.drazice-shop.lv\/ru\/wp-json\/wp\/v2\/types\/product"}],"wp:featuredmedia":[{"embeddable":true,"href":"https:\/\/www.drazice-shop.lv\/ru\/wp-json\/wp\/v2\/media\/8438"}],"wp:attachment":[{"href":"https:\/\/www.drazice-shop.lv\/ru\/wp-json\/wp\/v2\/media?parent=7071"}],"wp:term":[{"taxonomy":"product_cat","embeddable":true,"href":"https:\/\/www.drazice-shop.lv\/ru\/wp-json\/wp\/v2\/product_cat?post=7071"},{"taxonomy":"product_tag","embeddable":true,"href":"https:\/\/www.drazice-shop.lv\/ru\/wp-json\/wp\/v2\/product_tag?post=7071"}],"curies":[{"name":"wp","href":"https:\/\/api.w.org\/{rel}","templated":true}]}}