{"id":6722,"date":"2023-11-14T19:16:13","date_gmt":"2023-11-14T16:16:13","guid":{"rendered":"https:\/\/www.drazice-shop.lv\/product\/draice-kombintie-piekaramie-horizontlie-boileri-okcv-125\/"},"modified":"2026-04-30T01:36:13","modified_gmt":"2026-04-29T22:36:13","slug":"draice-kombintie-piekaramie-horizontlie-boileri-okcv-125","status":"publish","type":"product","link":"https:\/\/www.drazice-shop.lv\/ru\/product\/draice-kombintie-piekaramie-horizontlie-boileri-okcv-125\/","title":{"rendered":"Dra\u017eice kombin\u0113tie, piekaramie, horizont\u0101lie boileri OKCV 125"},"content":{"rendered":"<p>Piekaramie, horizont\u0101lie \u016bdens sild\u012bt\u0101ji<br \/>\nHorizont\u0101li novietojamais kombin\u0113tais uzkr\u0101jo\u0161ais 125 &#8211; 200 litru \u016bdens sild\u012bt\u0101js ir paredz\u0113ts telp\u0101m ar ierobe\u017eotu iek\u0161\u0113jo plat\u012bbu. Sild\u012bt\u0101ju ir iesp\u0113jams uzst\u0101d\u012bt uz sienas ar kron\u0161teinu pal\u012bdz\u012bbu, kas ietilpst pieg\u0101des komplekt\u0101, vai ar\u012b uzst\u0101d\u012bt horizont\u0101li uz jebkuras piem\u0113rotas konstrukcijas. Virs un zem \u016bdens sild\u012bt\u0101ja vienm\u0113r ir j\u0101atst\u0101j pietiekami daudz vietas \u016bdens padeves cauru\u013cu mont\u0101\u017eai.<\/p>\n<p>Sild\u012b\u0161anas iesp\u0113jas<br \/>\nAr elektr\u012bbu. \u016adens sild\u012b\u0161ana notiek ar keramisk\u0101 sildelementa pal\u012bdz\u012bbu, kura vad\u012bbu nodro\u0161ina darba termostats, bet term\u0101lo elektrodro\u0161\u012bbu &#8211; dro\u0161\u012bbas termostats (termodro\u0161in\u0101t\u0101js). Pie\u013caujam\u0101 temperat\u016bru amplit\u016bda &#8211; no 5 l\u012bdz 74 \u00b0\u0421. Nomin\u0101lais spriegums 1-PE-N\/AC 230 V\/50 Hz. Elektroizol\u0101cijas p\u0101rkl\u0101jums IP 44.<\/p>\n<p>Ar siltummaini. \u016adens sild\u012bt\u0101ju ir iesp\u0113jams pievienot pie \u0101r\u0113j\u0101s siltumsist\u0113mas ar maksim\u0101lo temperat\u016bru 110 \u00b0C un spiedienu 0,4 MPa. \u016adens sild\u012b\u0161ana notiek ar divkont\u016bru siltummai\u0146a karst\u0101 \u016bdens dubl\u0113jo\u0161\u0101s kont\u016bras pal\u012bdz\u012bbu. S\u0101kum\u0101 siltummainis sasilda \u016bdeni rezervu\u0101ra aug\u0161\u0113jo da\u013cu, p\u0113c tam apak\u0161\u0113jos \u016bdens sl\u0101\u0146us. \u0160\u0101ds \u016bdens sild\u012b\u0161anas veids ir piem\u0113rots autonom\u0101m apkures sist\u0113m\u0101m un neliel\u0101m autonom\u0101s apkures sist\u0113m\u0101m ar saules baterij\u0101m. Siltummainis str\u0101d\u0101 vai nu piespiedu cirkul\u0101cijas re\u017e\u012bm\u0101, vai ar\u012b bezspiediena re\u017e\u012bm\u0101.<\/p>\n<p>Pamatfunkcijas<br \/>\n\u016adens sild\u012b\u0161ana saimnieciskiem un tehniskiem m\u0113r\u0137iem objektos ar centr\u0101lo g\u0101zes vai ciet\u0101 kurin\u0101m\u0101 apkuri ziemas period\u0101. Paredz\u0113ts \u016bdens sild\u012b\u0161anai ar elektroener\u0123ijas pal\u012bdz\u012bbu \u0101rpus apkures sezonas .<\/p>\n","protected":false},"excerpt":{"rendered":"<p>Piekaramie, horizont\u0101lie \u016bdens sild\u012bt\u0101ji Horizont\u0101li novietojamais kombin\u0113tais uzkr\u0101jo\u0161ais 125 &#8211; 200 litru \u016bdens sild\u012bt\u0101js ir paredz\u0113ts telp\u0101m ar ierobe\u017eotu iek\u0161\u0113jo plat\u012bbu. Sild\u012bt\u0101ju ir iesp\u0113jams uzst\u0101d\u012bt uz sienas ar kron\u0161teinu pal\u012bdz\u012bbu, kas ietilpst pieg\u0101des komplekt\u0101, vai ar\u012b uzst\u0101d\u012bt horizont\u0101li uz jebkuras piem\u0113rotas konstrukcijas. Virs un zem \u016bdens sild\u012bt\u0101ja vienm\u0113r ir j\u0101atst\u0101j pietiekami daudz vietas \u016bdens padeves<\/p>\n<div class=\"klb-readmore entry-button\"><a class=\"btn read-more\" href=\"https:\/\/www.drazice-shop.lv\/ru\/product\/draice-kombintie-piekaramie-horizontlie-boileri-okcv-125\/\">Read More<\/a><\/div>\n","protected":false},"featured_media":8453,"template":"","meta":{"inline_featured_image":false},"product_cat":[128,136],"product_tag":[],"class_list":{"0":"post-6722","1":"product","2":"type-product","3":"status-publish","4":"has-post-thumbnail","6":"product_cat-kombinetie-boileri","7":"product_cat-piekaramie-horizontalie-udens-silditaji","8":"pa_130000995-horizontalie","9":"pa_130002001-191","10":"pa_1300020010-338","11":"pa_1300020011-339","12":"pa_1300020012-340","13":"pa_1300020013-341","14":"pa_1300020014-229","15":"pa_1300020015-okcv","16":"pa_1300020016-drazice","17":"pa_1300020017-cehija","18":"pa_1300020018-685","19":"pa_1300020019-c","20":"pa_130002002-192","21":"pa_130002003-2-000","22":"pa_130002004-ip-44","23":"pa_130002005-335","24":"pa_130002006-196","25":"pa_130002007-336","26":"pa_130002008-318","27":"pa_130002009-337","28":"pa_130002885-kombinetie","30":"first","31":"instock","32":"sale","33":"taxable","34":"shipping-taxable","35":"purchasable","36":"product-type-simple"},"yoast_head":"<!-- This site is optimized with the Yoast SEO plugin v21.7 - https:\/\/yoast.com\/wordpress\/plugins\/seo\/ -->\n<title>Dra\u017eice kombin\u0113tie, piekaramie, horizont\u0101lie boileri OKCV 125 - DRA\u017dICE<\/title>\n<meta name=\"robots\" content=\"index, follow, max-snippet:-1, max-image-preview:large, max-video-preview:-1\" \/>\n<link rel=\"canonical\" href=\"https:\/\/www.drazice-shop.lv\/product\/draice-kombintie-piekaramie-horizontlie-boileri-okcv-125\/\" \/>\n<meta property=\"og:locale\" content=\"ru_RU\" \/>\n<meta property=\"og:type\" content=\"article\" \/>\n<meta property=\"og:title\" content=\"Dra\u017eice kombin\u0113tie, piekaramie, horizont\u0101lie boileri OKCV 125 - DRA\u017dICE\" \/>\n<meta property=\"og:description\" content=\"Piekaramie, horizont\u0101lie \u016bdens sild\u012bt\u0101ji Horizont\u0101li novietojamais kombin\u0113tais uzkr\u0101jo\u0161ais 125 &#8211; 200 litru \u016bdens sild\u012bt\u0101js ir paredz\u0113ts telp\u0101m ar ierobe\u017eotu iek\u0161\u0113jo plat\u012bbu. Sild\u012bt\u0101ju ir iesp\u0113jams uzst\u0101d\u012bt uz sienas ar kron\u0161teinu pal\u012bdz\u012bbu, kas ietilpst pieg\u0101des komplekt\u0101, vai ar\u012b uzst\u0101d\u012bt horizont\u0101li uz jebkuras piem\u0113rotas konstrukcijas. Virs un zem \u016bdens sild\u012bt\u0101ja vienm\u0113r ir j\u0101atst\u0101j pietiekami daudz vietas \u016bdens padevesRead More\" \/>\n<meta property=\"og:url\" content=\"https:\/\/www.drazice-shop.lv\/product\/draice-kombintie-piekaramie-horizontlie-boileri-okcv-125\/\" \/>\n<meta property=\"og:site_name\" content=\"DRA\u017dICE\" \/>\n<meta property=\"article:modified_time\" content=\"2026-04-29T22:36:13+00:00\" \/>\n<meta property=\"og:image\" content=\"https:\/\/www.drazice-shop.lv\/wp-content\/uploads\/OKCV-kombinetais-silditajs-pie-sienas-liekams.jpg\" \/>\n\t<meta property=\"og:image:width\" content=\"500\" \/>\n\t<meta property=\"og:image:height\" content=\"500\" \/>\n\t<meta property=\"og:image:type\" content=\"image\/jpeg\" \/>\n<meta name=\"twitter:card\" content=\"summary_large_image\" \/>\n<meta name=\"twitter:label1\" content=\"\u041f\u0440\u0438\u043c\u0435\u0440\u043d\u043e\u0435 \u0432\u0440\u0435\u043c\u044f \u0434\u043b\u044f \u0447\u0442\u0435\u043d\u0438\u044f\" \/>\n\t<meta name=\"twitter:data1\" content=\"2 \u043c\u0438\u043d\u0443\u0442\u044b\" \/>\n<script type=\"application\/ld+json\" class=\"yoast-schema-graph\">{\"@context\":\"https:\/\/schema.org\",\"@graph\":[{\"@type\":\"WebPage\",\"@id\":\"https:\/\/www.drazice-shop.lv\/product\/draice-kombintie-piekaramie-horizontlie-boileri-okcv-125\/\",\"url\":\"https:\/\/www.drazice-shop.lv\/product\/draice-kombintie-piekaramie-horizontlie-boileri-okcv-125\/\",\"name\":\"Dra\u017eice kombin\u0113tie, piekaramie, horizont\u0101lie boileri OKCV 125 - DRA\u017dICE\",\"isPartOf\":{\"@id\":\"https:\/\/www.drazice-shop.lv\/#website\"},\"datePublished\":\"2023-11-14T16:16:13+00:00\",\"dateModified\":\"2026-04-29T22:36:13+00:00\",\"breadcrumb\":{\"@id\":\"https:\/\/www.drazice-shop.lv\/product\/draice-kombintie-piekaramie-horizontlie-boileri-okcv-125\/#breadcrumb\"},\"inLanguage\":\"ru-RU\",\"potentialAction\":[{\"@type\":\"ReadAction\",\"target\":[\"https:\/\/www.drazice-shop.lv\/product\/draice-kombintie-piekaramie-horizontlie-boileri-okcv-125\/\"]}]},{\"@type\":\"BreadcrumbList\",\"@id\":\"https:\/\/www.drazice-shop.lv\/product\/draice-kombintie-piekaramie-horizontlie-boileri-okcv-125\/#breadcrumb\",\"itemListElement\":[{\"@type\":\"ListItem\",\"position\":1,\"name\":\"Home\",\"item\":\"https:\/\/www.drazice-shop.lv\/\"},{\"@type\":\"ListItem\",\"position\":2,\"name\":\"\u041a\u0430\u0442\u0430\u043b\u043e\u0433\",\"item\":\"https:\/\/www.drazice-shop.lv\/katalogs\/\"},{\"@type\":\"ListItem\",\"position\":3,\"name\":\"Dra\u017eice kombin\u0113tie, piekaramie, horizont\u0101lie boileri OKCV 125\"}]},{\"@type\":\"WebSite\",\"@id\":\"https:\/\/www.drazice-shop.lv\/#website\",\"url\":\"https:\/\/www.drazice-shop.lv\/\",\"name\":\"DRA\u017dICE\",\"description\":\"\",\"potentialAction\":[{\"@type\":\"SearchAction\",\"target\":{\"@type\":\"EntryPoint\",\"urlTemplate\":\"https:\/\/www.drazice-shop.lv\/?s={search_term_string}\"},\"query-input\":\"required name=search_term_string\"}],\"inLanguage\":\"ru-RU\"}]}<\/script>\n<!-- \/ Yoast SEO plugin. -->","yoast_head_json":{"title":"Dra\u017eice kombin\u0113tie, piekaramie, horizont\u0101lie boileri OKCV 125 - DRA\u017dICE","robots":{"index":"index","follow":"follow","max-snippet":"max-snippet:-1","max-image-preview":"max-image-preview:large","max-video-preview":"max-video-preview:-1"},"canonical":"https:\/\/www.drazice-shop.lv\/product\/draice-kombintie-piekaramie-horizontlie-boileri-okcv-125\/","og_locale":"ru_RU","og_type":"article","og_title":"Dra\u017eice kombin\u0113tie, piekaramie, horizont\u0101lie boileri OKCV 125 - DRA\u017dICE","og_description":"Piekaramie, horizont\u0101lie \u016bdens sild\u012bt\u0101ji Horizont\u0101li novietojamais kombin\u0113tais uzkr\u0101jo\u0161ais 125 &#8211; 200 litru \u016bdens sild\u012bt\u0101js ir paredz\u0113ts telp\u0101m ar ierobe\u017eotu iek\u0161\u0113jo plat\u012bbu. Sild\u012bt\u0101ju ir iesp\u0113jams uzst\u0101d\u012bt uz sienas ar kron\u0161teinu pal\u012bdz\u012bbu, kas ietilpst pieg\u0101des komplekt\u0101, vai ar\u012b uzst\u0101d\u012bt horizont\u0101li uz jebkuras piem\u0113rotas konstrukcijas. Virs un zem \u016bdens sild\u012bt\u0101ja vienm\u0113r ir j\u0101atst\u0101j pietiekami daudz vietas \u016bdens padevesRead More","og_url":"https:\/\/www.drazice-shop.lv\/product\/draice-kombintie-piekaramie-horizontlie-boileri-okcv-125\/","og_site_name":"DRA\u017dICE","article_modified_time":"2026-04-29T22:36:13+00:00","og_image":[{"width":500,"height":500,"url":"https:\/\/www.drazice-shop.lv\/wp-content\/uploads\/OKCV-kombinetais-silditajs-pie-sienas-liekams.jpg","type":"image\/jpeg"}],"twitter_card":"summary_large_image","twitter_misc":{"\u041f\u0440\u0438\u043c\u0435\u0440\u043d\u043e\u0435 \u0432\u0440\u0435\u043c\u044f \u0434\u043b\u044f \u0447\u0442\u0435\u043d\u0438\u044f":"2 \u043c\u0438\u043d\u0443\u0442\u044b"},"schema":{"@context":"https:\/\/schema.org","@graph":[{"@type":"WebPage","@id":"https:\/\/www.drazice-shop.lv\/product\/draice-kombintie-piekaramie-horizontlie-boileri-okcv-125\/","url":"https:\/\/www.drazice-shop.lv\/product\/draice-kombintie-piekaramie-horizontlie-boileri-okcv-125\/","name":"Dra\u017eice kombin\u0113tie, piekaramie, horizont\u0101lie boileri OKCV 125 - DRA\u017dICE","isPartOf":{"@id":"https:\/\/www.drazice-shop.lv\/#website"},"datePublished":"2023-11-14T16:16:13+00:00","dateModified":"2026-04-29T22:36:13+00:00","breadcrumb":{"@id":"https:\/\/www.drazice-shop.lv\/product\/draice-kombintie-piekaramie-horizontlie-boileri-okcv-125\/#breadcrumb"},"inLanguage":"ru-RU","potentialAction":[{"@type":"ReadAction","target":["https:\/\/www.drazice-shop.lv\/product\/draice-kombintie-piekaramie-horizontlie-boileri-okcv-125\/"]}]},{"@type":"BreadcrumbList","@id":"https:\/\/www.drazice-shop.lv\/product\/draice-kombintie-piekaramie-horizontlie-boileri-okcv-125\/#breadcrumb","itemListElement":[{"@type":"ListItem","position":1,"name":"Home","item":"https:\/\/www.drazice-shop.lv\/"},{"@type":"ListItem","position":2,"name":"\u041a\u0430\u0442\u0430\u043b\u043e\u0433","item":"https:\/\/www.drazice-shop.lv\/katalogs\/"},{"@type":"ListItem","position":3,"name":"Dra\u017eice kombin\u0113tie, piekaramie, horizont\u0101lie boileri OKCV 125"}]},{"@type":"WebSite","@id":"https:\/\/www.drazice-shop.lv\/#website","url":"https:\/\/www.drazice-shop.lv\/","name":"DRA\u017dICE","description":"","potentialAction":[{"@type":"SearchAction","target":{"@type":"EntryPoint","urlTemplate":"https:\/\/www.drazice-shop.lv\/?s={search_term_string}"},"query-input":"required name=search_term_string"}],"inLanguage":"ru-RU"}]}},"_links":{"self":[{"href":"https:\/\/www.drazice-shop.lv\/ru\/wp-json\/wp\/v2\/product\/6722","targetHints":{"allow":["GET"]}}],"collection":[{"href":"https:\/\/www.drazice-shop.lv\/ru\/wp-json\/wp\/v2\/product"}],"about":[{"href":"https:\/\/www.drazice-shop.lv\/ru\/wp-json\/wp\/v2\/types\/product"}],"wp:featuredmedia":[{"embeddable":true,"href":"https:\/\/www.drazice-shop.lv\/ru\/wp-json\/wp\/v2\/media\/8453"}],"wp:attachment":[{"href":"https:\/\/www.drazice-shop.lv\/ru\/wp-json\/wp\/v2\/media?parent=6722"}],"wp:term":[{"taxonomy":"product_cat","embeddable":true,"href":"https:\/\/www.drazice-shop.lv\/ru\/wp-json\/wp\/v2\/product_cat?post=6722"},{"taxonomy":"product_tag","embeddable":true,"href":"https:\/\/www.drazice-shop.lv\/ru\/wp-json\/wp\/v2\/product_tag?post=6722"}],"curies":[{"name":"wp","href":"https:\/\/api.w.org\/{rel}","templated":true}]}}