{"id":2722,"date":"2023-10-09T16:46:48","date_gmt":"2023-10-09T13:46:48","guid":{"rendered":"http:\/\/localhost\/?page_id=2722"},"modified":"2024-01-19T18:43:19","modified_gmt":"2024-01-19T15:43:19","slug":"par-mums","status":"publish","type":"page","link":"https:\/\/www.drazice-shop.lv\/ru\/par-mums\/","title":{"rendered":"Par mums"},"content":{"rendered":"<h1><strong>Par mums<\/strong><\/h1>\n<p><strong>SIA \u201eSB\u201d ir stabils uz\u0146\u0113mums ar 100% Latvijas kapit\u0101lu un 33 gadu pieredzi apkures un santehnikas tirdzniec\u012bbas un uzst\u0101d\u012b\u0161anas jom\u0101.<\/strong><\/p>\n<p>Uz\u0146\u0113mums savu saimniecisko darb\u012bbu uzs\u0101ka 1991. gad\u0101.<\/p>\n<p>Piesaistot jaunus un talant\u012bgus speci\u0101listus un nep\u0101rtraukti mekl\u0113jot lab\u0101kos Eiropas ra\u017eot\u0101jus, SIA \u201eSB\u201d 26 gadu laik\u0101 ir tapis par neap\u0161aub\u0101mu l\u012bderi apkures tirg\u016b Latvij\u0101 un k\u013cuvis labi paz\u012bstams visas Eiropas apkures tirgus dal\u012bbniekiem.<\/p>\n<p>Starp SIA \u201eSB\u201d sadarb\u012bbas partneriem ir t\u0101di z\u012bmoli k\u0101 Sokol, Atmos, HKS Lazar, Centrometal, Caleffi, Chazelles, DL Radiators (biju\u0161ais DeLonghi),\u00a0DRA\u017dICE, Feinrohren, Frabo, Grundfos, Kermi, Protherm, SIME, Viessmann, Watts Wilo, u. c.<\/p>\n<p>M\u0113s specializ\u0113jamies apkures iek\u0101rtu un santehnikas pre\u010du mazumtirdzniec\u012bb\u0101 un vairumtirdzniec\u012bb\u0101, ar individu\u0101lu pieeju katram klientam.<\/p>\n<p>Uz\u0146\u0113muma sadarb\u012bbas partneri ir b\u016bvfirmas, uz\u0146\u0113mumi un individu\u0101lie pas\u016bt\u012bt\u0101ji.<\/p>\n<p>In\u017eeniertehnisk\u0101 departamenta konsultanti ir augsti kvalific\u0113ta profesion\u0101\u013cu komanda ar ilgsto\u0161u pieredzi, kas veic zin\u0101tniskas un tehniskas konsult\u0101cijas da\u017e\u0101dos posmos apkures, \u016bdensapg\u0101des un kanaliz\u0101cijas sist\u0113mu jom\u0101. Pateicoties daudzpus\u012bgajai pieredzei, sast\u0101dot t\u0101mi vai izstr\u0101d\u0101jot projektu, sp\u0113sim atrisin\u0101t jebk\u0101dus jaut\u0101jumus vis\u0101s projekta realiz\u0101cijas stadij\u0101s, konsult\u0113jot un veicot izb\u016bv\u0113to sist\u0113mu darb\u012bbas p\u0101rbaudi un nov\u0113ro\u0161anu.<\/p>\n<p>Uz\u0146\u0113mums piedal\u0101s liel\u0101kajos konkursos Latvij\u0101, un daudzos objektos piedal\u0101s k\u0101 apak\u0161uz\u0146\u0113m\u0113js, iek\u0101rtu pieg\u0101d\u0101t\u0101js un uzst\u0101d\u012bt\u0101js.<\/p>\n<p>Starp apkures iek\u0101rtu un santehnikas pre\u010du tirgot\u0101jiem ir sp\u0113c\u012bga konkurence, tom\u0113r uz\u0146\u0113muma pozit\u012bvie r\u0101d\u012bt\u0101ji liecina par to, ka t\u0101 darb\u012bba tirg\u016b ir nostiprin\u0101jusies, uz\u0146\u0113mums nep\u0101rtraukti att\u012bst\u0101s.<\/p>\n<p>Papla\u0161inoties uz\u0146\u0113muma strukt\u016brai, esam izveidoju\u0161i vair\u0101kus tirdzniec\u012bbas centrus da\u017e\u0101d\u0101s Latvijas pils\u0113t\u0101s, t.i. R\u012bg\u0101, Valmier\u0101, Daugavpil\u012b, Ventspil\u012b, Jelgav\u0101.<\/p>\n","protected":false},"excerpt":{"rendered":"<p>Par mums SIA \u201eSB\u201d ir stabils uz\u0146\u0113mums ar 100% Latvijas kapit\u0101lu un 33 gadu pieredzi apkures un santehnikas tirdzniec\u012bbas un uzst\u0101d\u012b\u0161anas jom\u0101. Uz\u0146\u0113mums savu saimniecisko darb\u012bbu uzs\u0101ka 1991. gad\u0101. Piesaistot jaunus un talant\u012bgus speci\u0101listus un nep\u0101rtraukti mekl\u0113jot lab\u0101kos Eiropas ra\u017eot\u0101jus, SIA \u201eSB\u201d 26 gadu laik\u0101 ir tapis par neap\u0161aub\u0101mu l\u012bderi apkures tirg\u016b Latvij\u0101 un k\u013cuvis<\/p>\n<div class=\"klb-readmore entry-button\"><a class=\"btn read-more\" href=\"https:\/\/www.drazice-shop.lv\/ru\/par-mums\/\">Read More<\/a><\/div>\n","protected":false},"author":3,"featured_media":0,"parent":0,"menu_order":0,"comment_status":"closed","ping_status":"closed","template":"","meta":{"inline_featured_image":false,"footnotes":""},"class_list":["post-2722","page","type-page","status-publish","hentry"],"yoast_head":"<!-- This site is optimized with the Yoast SEO plugin v21.7 - https:\/\/yoast.com\/wordpress\/plugins\/seo\/ -->\n<title>Par mums - DRA\u017dICE<\/title>\n<meta name=\"robots\" content=\"index, follow, max-snippet:-1, max-image-preview:large, max-video-preview:-1\" \/>\n<link rel=\"canonical\" href=\"https:\/\/www.drazice-shop.lv\/par-mums\/\" \/>\n<meta property=\"og:locale\" content=\"ru_RU\" \/>\n<meta property=\"og:type\" content=\"article\" \/>\n<meta property=\"og:title\" content=\"Par mums - DRA\u017dICE\" \/>\n<meta property=\"og:description\" content=\"Par mums SIA \u201eSB\u201d ir stabils uz\u0146\u0113mums ar 100% Latvijas kapit\u0101lu un 33 gadu pieredzi apkures un santehnikas tirdzniec\u012bbas un uzst\u0101d\u012b\u0161anas jom\u0101. Uz\u0146\u0113mums savu saimniecisko darb\u012bbu uzs\u0101ka 1991. gad\u0101. Piesaistot jaunus un talant\u012bgus speci\u0101listus un nep\u0101rtraukti mekl\u0113jot lab\u0101kos Eiropas ra\u017eot\u0101jus, SIA \u201eSB\u201d 26 gadu laik\u0101 ir tapis par neap\u0161aub\u0101mu l\u012bderi apkures tirg\u016b Latvij\u0101 un k\u013cuvisRead More\" \/>\n<meta property=\"og:url\" content=\"https:\/\/www.drazice-shop.lv\/par-mums\/\" \/>\n<meta property=\"og:site_name\" content=\"DRA\u017dICE\" \/>\n<meta property=\"article:modified_time\" content=\"2024-01-19T15:43:19+00:00\" \/>\n<meta name=\"twitter:card\" content=\"summary_large_image\" \/>\n<meta name=\"twitter:label1\" content=\"\u041f\u0440\u0438\u043c\u0435\u0440\u043d\u043e\u0435 \u0432\u0440\u0435\u043c\u044f \u0434\u043b\u044f \u0447\u0442\u0435\u043d\u0438\u044f\" \/>\n\t<meta name=\"twitter:data1\" content=\"2 \u043c\u0438\u043d\u0443\u0442\u044b\" \/>\n<script type=\"application\/ld+json\" class=\"yoast-schema-graph\">{\"@context\":\"https:\/\/schema.org\",\"@graph\":[{\"@type\":\"WebPage\",\"@id\":\"https:\/\/www.drazice-shop.lv\/par-mums\/\",\"url\":\"https:\/\/www.drazice-shop.lv\/par-mums\/\",\"name\":\"Par mums - DRA\u017dICE\",\"isPartOf\":{\"@id\":\"https:\/\/www.drazice-shop.lv\/#website\"},\"datePublished\":\"2023-10-09T13:46:48+00:00\",\"dateModified\":\"2024-01-19T15:43:19+00:00\",\"breadcrumb\":{\"@id\":\"https:\/\/www.drazice-shop.lv\/par-mums\/#breadcrumb\"},\"inLanguage\":\"ru-RU\",\"potentialAction\":[{\"@type\":\"ReadAction\",\"target\":[\"https:\/\/www.drazice-shop.lv\/par-mums\/\"]}]},{\"@type\":\"BreadcrumbList\",\"@id\":\"https:\/\/www.drazice-shop.lv\/par-mums\/#breadcrumb\",\"itemListElement\":[{\"@type\":\"ListItem\",\"position\":1,\"name\":\"Home\",\"item\":\"https:\/\/www.drazice-shop.lv\/\"},{\"@type\":\"ListItem\",\"position\":2,\"name\":\"Par mums\"}]},{\"@type\":\"WebSite\",\"@id\":\"https:\/\/www.drazice-shop.lv\/#website\",\"url\":\"https:\/\/www.drazice-shop.lv\/\",\"name\":\"DRA\u017dICE\",\"description\":\"\",\"potentialAction\":[{\"@type\":\"SearchAction\",\"target\":{\"@type\":\"EntryPoint\",\"urlTemplate\":\"https:\/\/www.drazice-shop.lv\/?s={search_term_string}\"},\"query-input\":\"required name=search_term_string\"}],\"inLanguage\":\"ru-RU\"}]}<\/script>\n<!-- \/ Yoast SEO plugin. -->","yoast_head_json":{"title":"Par mums - DRA\u017dICE","robots":{"index":"index","follow":"follow","max-snippet":"max-snippet:-1","max-image-preview":"max-image-preview:large","max-video-preview":"max-video-preview:-1"},"canonical":"https:\/\/www.drazice-shop.lv\/par-mums\/","og_locale":"ru_RU","og_type":"article","og_title":"Par mums - DRA\u017dICE","og_description":"Par mums SIA \u201eSB\u201d ir stabils uz\u0146\u0113mums ar 100% Latvijas kapit\u0101lu un 33 gadu pieredzi apkures un santehnikas tirdzniec\u012bbas un uzst\u0101d\u012b\u0161anas jom\u0101. Uz\u0146\u0113mums savu saimniecisko darb\u012bbu uzs\u0101ka 1991. gad\u0101. Piesaistot jaunus un talant\u012bgus speci\u0101listus un nep\u0101rtraukti mekl\u0113jot lab\u0101kos Eiropas ra\u017eot\u0101jus, SIA \u201eSB\u201d 26 gadu laik\u0101 ir tapis par neap\u0161aub\u0101mu l\u012bderi apkures tirg\u016b Latvij\u0101 un k\u013cuvisRead More","og_url":"https:\/\/www.drazice-shop.lv\/par-mums\/","og_site_name":"DRA\u017dICE","article_modified_time":"2024-01-19T15:43:19+00:00","twitter_card":"summary_large_image","twitter_misc":{"\u041f\u0440\u0438\u043c\u0435\u0440\u043d\u043e\u0435 \u0432\u0440\u0435\u043c\u044f \u0434\u043b\u044f \u0447\u0442\u0435\u043d\u0438\u044f":"2 \u043c\u0438\u043d\u0443\u0442\u044b"},"schema":{"@context":"https:\/\/schema.org","@graph":[{"@type":"WebPage","@id":"https:\/\/www.drazice-shop.lv\/par-mums\/","url":"https:\/\/www.drazice-shop.lv\/par-mums\/","name":"Par mums - DRA\u017dICE","isPartOf":{"@id":"https:\/\/www.drazice-shop.lv\/#website"},"datePublished":"2023-10-09T13:46:48+00:00","dateModified":"2024-01-19T15:43:19+00:00","breadcrumb":{"@id":"https:\/\/www.drazice-shop.lv\/par-mums\/#breadcrumb"},"inLanguage":"ru-RU","potentialAction":[{"@type":"ReadAction","target":["https:\/\/www.drazice-shop.lv\/par-mums\/"]}]},{"@type":"BreadcrumbList","@id":"https:\/\/www.drazice-shop.lv\/par-mums\/#breadcrumb","itemListElement":[{"@type":"ListItem","position":1,"name":"Home","item":"https:\/\/www.drazice-shop.lv\/"},{"@type":"ListItem","position":2,"name":"Par mums"}]},{"@type":"WebSite","@id":"https:\/\/www.drazice-shop.lv\/#website","url":"https:\/\/www.drazice-shop.lv\/","name":"DRA\u017dICE","description":"","potentialAction":[{"@type":"SearchAction","target":{"@type":"EntryPoint","urlTemplate":"https:\/\/www.drazice-shop.lv\/?s={search_term_string}"},"query-input":"required name=search_term_string"}],"inLanguage":"ru-RU"}]}},"_links":{"self":[{"href":"https:\/\/www.drazice-shop.lv\/ru\/wp-json\/wp\/v2\/pages\/2722","targetHints":{"allow":["GET"]}}],"collection":[{"href":"https:\/\/www.drazice-shop.lv\/ru\/wp-json\/wp\/v2\/pages"}],"about":[{"href":"https:\/\/www.drazice-shop.lv\/ru\/wp-json\/wp\/v2\/types\/page"}],"author":[{"embeddable":true,"href":"https:\/\/www.drazice-shop.lv\/ru\/wp-json\/wp\/v2\/users\/3"}],"replies":[{"embeddable":true,"href":"https:\/\/www.drazice-shop.lv\/ru\/wp-json\/wp\/v2\/comments?post=2722"}],"version-history":[{"count":25,"href":"https:\/\/www.drazice-shop.lv\/ru\/wp-json\/wp\/v2\/pages\/2722\/revisions"}],"predecessor-version":[{"id":8528,"href":"https:\/\/www.drazice-shop.lv\/ru\/wp-json\/wp\/v2\/pages\/2722\/revisions\/8528"}],"wp:attachment":[{"href":"https:\/\/www.drazice-shop.lv\/ru\/wp-json\/wp\/v2\/media?parent=2722"}],"curies":[{"name":"wp","href":"https:\/\/api.w.org\/{rel}","templated":true}]}}