{"id":2712,"date":"2023-10-09T16:46:07","date_gmt":"2023-10-09T13:46:07","guid":{"rendered":"http:\/\/localhost\/?page_id=2712"},"modified":"2023-12-05T20:14:15","modified_gmt":"2023-12-05T17:14:15","slug":"uzstadisana","status":"publish","type":"page","link":"https:\/\/www.drazice-shop.lv\/ru\/uzstadisana\/","title":{"rendered":"Uzst\u0101d\u012b\u0161ana"},"content":{"rendered":"\t\t<div data-elementor-type=\"wp-page\" data-elementor-id=\"2712\" class=\"elementor elementor-2712\">\n\t\t\t\t\t\t\t<div class=\"elementor-element elementor-element-16e5771 e-flex e-con-boxed e-con e-parent\" data-id=\"16e5771\" data-element_type=\"container\" data-settings=\"{&quot;content_width&quot;:&quot;boxed&quot;}\" data-core-v316-plus=\"true\">\n\t\t\t\t\t<div class=\"e-con-inner\">\n\t\t\t\t<div class=\"elementor-element elementor-element-2280488 elementor-widget elementor-widget-text-editor\" data-id=\"2280488\" data-element_type=\"widget\" data-widget_type=\"text-editor.default\">\n\t\t\t\t<div class=\"elementor-widget-container\">\n\t\t\t<style>\/*! elementor - v3.16.0 - 14-09-2023 *\/\n.elementor-widget-text-editor.elementor-drop-cap-view-stacked .elementor-drop-cap{background-color:#69727d;color:#fff}.elementor-widget-text-editor.elementor-drop-cap-view-framed .elementor-drop-cap{color:#69727d;border:3px solid;background-color:transparent}.elementor-widget-text-editor:not(.elementor-drop-cap-view-default) .elementor-drop-cap{margin-top:8px}.elementor-widget-text-editor:not(.elementor-drop-cap-view-default) .elementor-drop-cap-letter{width:1em;height:1em}.elementor-widget-text-editor .elementor-drop-cap{float:left;text-align:center;line-height:1;font-size:50px}.elementor-widget-text-editor .elementor-drop-cap-letter{display:inline-block}<\/style>\t\t\t\t<h2><span style=\"color: #7b9f2f;\"><strong>APKURES UN \u016aDENSAPG\u0100DES SIST\u0112MU UZST\u0100D\u012a\u0160ANA<\/strong><\/span><\/h2>\t\t\t\t\t\t<\/div>\n\t\t\t\t<\/div>\n\t\t\t\t\t<\/div>\n\t\t\t\t<\/div>\n\t\t<div class=\"elementor-element elementor-element-a8901dc e-flex e-con-boxed e-con e-parent\" data-id=\"a8901dc\" data-element_type=\"container\" data-settings=\"{&quot;content_width&quot;:&quot;boxed&quot;}\" data-core-v316-plus=\"true\">\n\t\t\t\t\t<div class=\"e-con-inner\">\n\t\t\t\t<div class=\"elementor-element elementor-element-a52773e elementor-widget elementor-widget-text-editor\" data-id=\"a52773e\" data-element_type=\"widget\" data-widget_type=\"text-editor.default\">\n\t\t\t\t<div class=\"elementor-widget-container\">\n\t\t\t\t\t\t\t<p>Pied\u0101v\u0101jam sertific\u0113tu meistaru pakalpojumus da\u017e\u0101du apkures un \u016bdensapg\u0101des sist\u0113mu izb\u016bves un p\u0101rb\u016bves tehnisko risin\u0101jumu realiz\u0113\u0161anai.<\/p><p>M\u016bsu partneri str\u0101d\u0101 individu\u0101li ar katru klientu un noteikti atrad\u012bs Jums optim\u0101l\u0101ko risin\u0101jumu.<\/p><p>Izstr\u0101d\u0101jam t\u0101mes un izmaksu apr\u0113\u0137inus, izmantojot b\u016bves pl\u0101nu, k\u0101 ar\u012b nepiecie\u0161am\u012bbas gad\u012bjum\u0101 izbraucam, lai veiktu t\u0101m\u0113\u0161anu, apr\u0113\u0137inus un konsult\u0101ciju jau J\u016bsu objekt\u0101.<\/p><p>Pied\u0101v\u0101jam zemas cenas apkures un \u016bdensapg\u0101des sist\u0113mu uzst\u0101d\u012b\u0161anas darbiem, izmantojot augst\u0101k\u0101s kvalit\u0101tes materi\u0101lus un iek\u0101rtas.<\/p><p>Piln\u012bb\u0101 nodro\u0161in\u0101m savu p\u0101rdoto pre\u010du garantijas un p\u0113cgarantijas apkalpo\u0161anu, remontu.<\/p><p>M\u0113s str\u0101d\u0101jam ar spec\u0101listiem, kuriem ir vair\u0101ku gadu pieredze in\u017eeniersist\u0113mu projekt\u0113\u0161an\u0101 un izb\u016bv\u0113, t\u0101p\u0113c varat pa\u013cauties, ka m\u016bsu uzst\u0101d\u012bt\u0101s sist\u0113mas str\u0101d\u0101s ilgi un nevainojami.<\/p>\t\t\t\t\t\t<\/div>\n\t\t\t\t<\/div>\n\t\t\t\t\t<\/div>\n\t\t\t\t<\/div>\n\t\t\t\t\t\t\t<\/div>\n\t\t","protected":false},"excerpt":{"rendered":"<p>APKURES UN \u016aDENSAPG\u0100DES SIST\u0112MU UZST\u0100D\u012a\u0160ANA Pied\u0101v\u0101jam sertific\u0113tu meistaru pakalpojumus da\u017e\u0101du apkures un \u016bdensapg\u0101des sist\u0113mu izb\u016bves un p\u0101rb\u016bves tehnisko risin\u0101jumu realiz\u0113\u0161anai. M\u016bsu partneri str\u0101d\u0101 individu\u0101li ar katru klientu un noteikti atrad\u012bs Jums optim\u0101l\u0101ko risin\u0101jumu. Izstr\u0101d\u0101jam t\u0101mes un izmaksu apr\u0113\u0137inus, izmantojot b\u016bves pl\u0101nu, k\u0101 ar\u012b nepiecie\u0161am\u012bbas gad\u012bjum\u0101 izbraucam, lai veiktu t\u0101m\u0113\u0161anu, apr\u0113\u0137inus un konsult\u0101ciju jau J\u016bsu objekt\u0101.<\/p>\n<div class=\"klb-readmore entry-button\"><a class=\"btn read-more\" href=\"https:\/\/www.drazice-shop.lv\/ru\/uzstadisana\/\">Read More<\/a><\/div>\n","protected":false},"author":3,"featured_media":0,"parent":0,"menu_order":0,"comment_status":"closed","ping_status":"closed","template":"","meta":{"inline_featured_image":false,"footnotes":""},"class_list":["post-2712","page","type-page","status-publish","hentry"],"yoast_head":"<!-- This site is optimized with the Yoast SEO plugin v21.7 - https:\/\/yoast.com\/wordpress\/plugins\/seo\/ -->\n<title>Uzst\u0101d\u012b\u0161ana - DRA\u017dICE<\/title>\n<meta name=\"robots\" content=\"index, follow, max-snippet:-1, max-image-preview:large, max-video-preview:-1\" \/>\n<link rel=\"canonical\" href=\"https:\/\/www.drazice-shop.lv\/uzstadisana\/\" \/>\n<meta property=\"og:locale\" content=\"ru_RU\" \/>\n<meta property=\"og:type\" content=\"article\" \/>\n<meta property=\"og:title\" content=\"Uzst\u0101d\u012b\u0161ana - DRA\u017dICE\" \/>\n<meta property=\"og:description\" content=\"APKURES UN \u016aDENSAPG\u0100DES SIST\u0112MU UZST\u0100D\u012a\u0160ANA Pied\u0101v\u0101jam sertific\u0113tu meistaru pakalpojumus da\u017e\u0101du apkures un \u016bdensapg\u0101des sist\u0113mu izb\u016bves un p\u0101rb\u016bves tehnisko risin\u0101jumu realiz\u0113\u0161anai. M\u016bsu partneri str\u0101d\u0101 individu\u0101li ar katru klientu un noteikti atrad\u012bs Jums optim\u0101l\u0101ko risin\u0101jumu. Izstr\u0101d\u0101jam t\u0101mes un izmaksu apr\u0113\u0137inus, izmantojot b\u016bves pl\u0101nu, k\u0101 ar\u012b nepiecie\u0161am\u012bbas gad\u012bjum\u0101 izbraucam, lai veiktu t\u0101m\u0113\u0161anu, apr\u0113\u0137inus un konsult\u0101ciju jau J\u016bsu objekt\u0101.Read More\" \/>\n<meta property=\"og:url\" content=\"https:\/\/www.drazice-shop.lv\/uzstadisana\/\" \/>\n<meta property=\"og:site_name\" content=\"DRA\u017dICE\" \/>\n<meta property=\"article:modified_time\" content=\"2023-12-05T17:14:15+00:00\" \/>\n<meta name=\"twitter:card\" content=\"summary_large_image\" \/>\n<meta name=\"twitter:label1\" content=\"\u041f\u0440\u0438\u043c\u0435\u0440\u043d\u043e\u0435 \u0432\u0440\u0435\u043c\u044f \u0434\u043b\u044f \u0447\u0442\u0435\u043d\u0438\u044f\" \/>\n\t<meta name=\"twitter:data1\" content=\"1 \u043c\u0438\u043d\u0443\u0442\u0430\" \/>\n<script type=\"application\/ld+json\" class=\"yoast-schema-graph\">{\"@context\":\"https:\/\/schema.org\",\"@graph\":[{\"@type\":\"WebPage\",\"@id\":\"https:\/\/www.drazice-shop.lv\/uzstadisana\/\",\"url\":\"https:\/\/www.drazice-shop.lv\/uzstadisana\/\",\"name\":\"Uzst\u0101d\u012b\u0161ana - DRA\u017dICE\",\"isPartOf\":{\"@id\":\"https:\/\/www.drazice-shop.lv\/#website\"},\"datePublished\":\"2023-10-09T13:46:07+00:00\",\"dateModified\":\"2023-12-05T17:14:15+00:00\",\"breadcrumb\":{\"@id\":\"https:\/\/www.drazice-shop.lv\/uzstadisana\/#breadcrumb\"},\"inLanguage\":\"ru-RU\",\"potentialAction\":[{\"@type\":\"ReadAction\",\"target\":[\"https:\/\/www.drazice-shop.lv\/uzstadisana\/\"]}]},{\"@type\":\"BreadcrumbList\",\"@id\":\"https:\/\/www.drazice-shop.lv\/uzstadisana\/#breadcrumb\",\"itemListElement\":[{\"@type\":\"ListItem\",\"position\":1,\"name\":\"Home\",\"item\":\"https:\/\/www.drazice-shop.lv\/\"},{\"@type\":\"ListItem\",\"position\":2,\"name\":\"Uzst\u0101d\u012b\u0161ana\"}]},{\"@type\":\"WebSite\",\"@id\":\"https:\/\/www.drazice-shop.lv\/#website\",\"url\":\"https:\/\/www.drazice-shop.lv\/\",\"name\":\"DRA\u017dICE\",\"description\":\"\",\"potentialAction\":[{\"@type\":\"SearchAction\",\"target\":{\"@type\":\"EntryPoint\",\"urlTemplate\":\"https:\/\/www.drazice-shop.lv\/?s={search_term_string}\"},\"query-input\":\"required name=search_term_string\"}],\"inLanguage\":\"ru-RU\"}]}<\/script>\n<!-- \/ Yoast SEO plugin. -->","yoast_head_json":{"title":"Uzst\u0101d\u012b\u0161ana - DRA\u017dICE","robots":{"index":"index","follow":"follow","max-snippet":"max-snippet:-1","max-image-preview":"max-image-preview:large","max-video-preview":"max-video-preview:-1"},"canonical":"https:\/\/www.drazice-shop.lv\/uzstadisana\/","og_locale":"ru_RU","og_type":"article","og_title":"Uzst\u0101d\u012b\u0161ana - DRA\u017dICE","og_description":"APKURES UN \u016aDENSAPG\u0100DES SIST\u0112MU UZST\u0100D\u012a\u0160ANA Pied\u0101v\u0101jam sertific\u0113tu meistaru pakalpojumus da\u017e\u0101du apkures un \u016bdensapg\u0101des sist\u0113mu izb\u016bves un p\u0101rb\u016bves tehnisko risin\u0101jumu realiz\u0113\u0161anai. M\u016bsu partneri str\u0101d\u0101 individu\u0101li ar katru klientu un noteikti atrad\u012bs Jums optim\u0101l\u0101ko risin\u0101jumu. Izstr\u0101d\u0101jam t\u0101mes un izmaksu apr\u0113\u0137inus, izmantojot b\u016bves pl\u0101nu, k\u0101 ar\u012b nepiecie\u0161am\u012bbas gad\u012bjum\u0101 izbraucam, lai veiktu t\u0101m\u0113\u0161anu, apr\u0113\u0137inus un konsult\u0101ciju jau J\u016bsu objekt\u0101.Read More","og_url":"https:\/\/www.drazice-shop.lv\/uzstadisana\/","og_site_name":"DRA\u017dICE","article_modified_time":"2023-12-05T17:14:15+00:00","twitter_card":"summary_large_image","twitter_misc":{"\u041f\u0440\u0438\u043c\u0435\u0440\u043d\u043e\u0435 \u0432\u0440\u0435\u043c\u044f \u0434\u043b\u044f \u0447\u0442\u0435\u043d\u0438\u044f":"1 \u043c\u0438\u043d\u0443\u0442\u0430"},"schema":{"@context":"https:\/\/schema.org","@graph":[{"@type":"WebPage","@id":"https:\/\/www.drazice-shop.lv\/uzstadisana\/","url":"https:\/\/www.drazice-shop.lv\/uzstadisana\/","name":"Uzst\u0101d\u012b\u0161ana - DRA\u017dICE","isPartOf":{"@id":"https:\/\/www.drazice-shop.lv\/#website"},"datePublished":"2023-10-09T13:46:07+00:00","dateModified":"2023-12-05T17:14:15+00:00","breadcrumb":{"@id":"https:\/\/www.drazice-shop.lv\/uzstadisana\/#breadcrumb"},"inLanguage":"ru-RU","potentialAction":[{"@type":"ReadAction","target":["https:\/\/www.drazice-shop.lv\/uzstadisana\/"]}]},{"@type":"BreadcrumbList","@id":"https:\/\/www.drazice-shop.lv\/uzstadisana\/#breadcrumb","itemListElement":[{"@type":"ListItem","position":1,"name":"Home","item":"https:\/\/www.drazice-shop.lv\/"},{"@type":"ListItem","position":2,"name":"Uzst\u0101d\u012b\u0161ana"}]},{"@type":"WebSite","@id":"https:\/\/www.drazice-shop.lv\/#website","url":"https:\/\/www.drazice-shop.lv\/","name":"DRA\u017dICE","description":"","potentialAction":[{"@type":"SearchAction","target":{"@type":"EntryPoint","urlTemplate":"https:\/\/www.drazice-shop.lv\/?s={search_term_string}"},"query-input":"required name=search_term_string"}],"inLanguage":"ru-RU"}]}},"_links":{"self":[{"href":"https:\/\/www.drazice-shop.lv\/ru\/wp-json\/wp\/v2\/pages\/2712","targetHints":{"allow":["GET"]}}],"collection":[{"href":"https:\/\/www.drazice-shop.lv\/ru\/wp-json\/wp\/v2\/pages"}],"about":[{"href":"https:\/\/www.drazice-shop.lv\/ru\/wp-json\/wp\/v2\/types\/page"}],"author":[{"embeddable":true,"href":"https:\/\/www.drazice-shop.lv\/ru\/wp-json\/wp\/v2\/users\/3"}],"replies":[{"embeddable":true,"href":"https:\/\/www.drazice-shop.lv\/ru\/wp-json\/wp\/v2\/comments?post=2712"}],"version-history":[{"count":7,"href":"https:\/\/www.drazice-shop.lv\/ru\/wp-json\/wp\/v2\/pages\/2712\/revisions"}],"predecessor-version":[{"id":8375,"href":"https:\/\/www.drazice-shop.lv\/ru\/wp-json\/wp\/v2\/pages\/2712\/revisions\/8375"}],"wp:attachment":[{"href":"https:\/\/www.drazice-shop.lv\/ru\/wp-json\/wp\/v2\/media?parent=2712"}],"curies":[{"name":"wp","href":"https:\/\/api.w.org\/{rel}","templated":true}]}}