{"id":2597,"date":"2021-08-30T06:39:37","date_gmt":"2021-08-30T03:39:37","guid":{"rendered":"http:\/\/localhost\/machic\/?page_id=3"},"modified":"2023-11-27T17:01:42","modified_gmt":"2023-11-27T14:01:42","slug":"privatuma-politika-un-lietosanas-noteikumi","status":"publish","type":"page","link":"https:\/\/www.drazice-shop.lv\/ru\/privatuma-politika-un-lietosanas-noteikumi\/","title":{"rendered":"Priv\u0101tuma politika un lieto\u0161anas noteikumi"},"content":{"rendered":"\t\t<div data-elementor-type=\"wp-page\" data-elementor-id=\"2597\" class=\"elementor elementor-2597\">\n\t\t\t\t\t\t\t\t\t<section class=\"elementor-section elementor-top-section elementor-element elementor-element-5be4c7c elementor-section-boxed elementor-section-height-default elementor-section-height-default\" data-id=\"5be4c7c\" data-element_type=\"section\">\n\t\t\t\t\t\t<div class=\"elementor-container elementor-column-gap-default\">\n\t\t\t\t\t<div class=\"elementor-column elementor-col-100 elementor-top-column elementor-element elementor-element-ef7dd8a\" data-id=\"ef7dd8a\" data-element_type=\"column\">\n\t\t\t<div class=\"elementor-widget-wrap elementor-element-populated\">\n\t\t\t\t\t\t\t\t<div class=\"elementor-element elementor-element-b52ce40 elementor-widget elementor-widget-heading\" data-id=\"b52ce40\" data-element_type=\"widget\" data-widget_type=\"heading.default\">\n\t\t\t\t<div class=\"elementor-widget-container\">\n\t\t\t<style>\/*! elementor - v3.16.0 - 14-09-2023 *\/\n.elementor-heading-title{padding:0;margin:0;line-height:1}.elementor-widget-heading .elementor-heading-title[class*=elementor-size-]>a{color:inherit;font-size:inherit;line-height:inherit}.elementor-widget-heading .elementor-heading-title.elementor-size-small{font-size:15px}.elementor-widget-heading .elementor-heading-title.elementor-size-medium{font-size:19px}.elementor-widget-heading .elementor-heading-title.elementor-size-large{font-size:29px}.elementor-widget-heading .elementor-heading-title.elementor-size-xl{font-size:39px}.elementor-widget-heading .elementor-heading-title.elementor-size-xxl{font-size:59px}<\/style><h3 class=\"elementor-heading-title elementor-size-default\">S\u012bkdat\u0146u lieto\u0161ana t\u012bmek\u013ca vietn\u0113 www.drazice-shop.lv<\/h3>\t\t<\/div>\n\t\t\t\t<\/div>\n\t\t\t\t\t<\/div>\n\t\t<\/div>\n\t\t\t\t\t\t\t<\/div>\n\t\t<\/section>\n\t\t\t\t<section class=\"elementor-section elementor-top-section elementor-element elementor-element-25cdaad elementor-section-boxed elementor-section-height-default elementor-section-height-default\" data-id=\"25cdaad\" data-element_type=\"section\">\n\t\t\t\t\t\t<div class=\"elementor-container elementor-column-gap-default\">\n\t\t\t\t\t<div class=\"elementor-column elementor-col-100 elementor-top-column elementor-element elementor-element-8df2f4a\" data-id=\"8df2f4a\" data-element_type=\"column\">\n\t\t\t<div class=\"elementor-widget-wrap elementor-element-populated\">\n\t\t\t\t\t\t\t\t<div class=\"elementor-element elementor-element-18729f6 elementor-widget elementor-widget-heading\" data-id=\"18729f6\" data-element_type=\"widget\" data-widget_type=\"heading.default\">\n\t\t\t\t<div class=\"elementor-widget-container\">\n\t\t\t<p class=\"elementor-heading-title elementor-size-default\">SIA SB t\u012bmek\u013ca vietn\u0113 www.drazice-shop.lv tiek izmantotas s\u012bkdatnes (ang\u013cu valod\u0101 \u201ccookies\u201c). \nIzmantojot \u0161o m\u0101jas lapu, J\u016bs piekr\u012btat, ka \u0161aj\u0101 m\u0101jas lap\u0101 ievietot\u0101s veiktsp\u0113jas\/anal\u012btisk\u0101s s\u012bkdatnes tiek izmantotas ar m\u0113r\u0137i uzlabot sniegto pakalpojumu kvalit\u0101ti un m\u0101jas lapas darb\u012bbu J\u016bsu apkalpo\u0161anas m\u0113r\u0137iem.<\/p>\t\t<\/div>\n\t\t\t\t<\/div>\n\t\t\t\t\t<\/div>\n\t\t<\/div>\n\t\t\t\t\t\t\t<\/div>\n\t\t<\/section>\n\t\t\t\t<section class=\"elementor-section elementor-top-section elementor-element elementor-element-3768eed elementor-section-boxed elementor-section-height-default elementor-section-height-default\" data-id=\"3768eed\" data-element_type=\"section\">\n\t\t\t\t\t\t<div class=\"elementor-container elementor-column-gap-default\">\n\t\t\t\t\t<div class=\"elementor-column elementor-col-100 elementor-top-column elementor-element elementor-element-adfebbb\" data-id=\"adfebbb\" data-element_type=\"column\">\n\t\t\t<div class=\"elementor-widget-wrap elementor-element-populated\">\n\t\t\t\t\t\t\t\t<div class=\"elementor-element elementor-element-eddf3ee elementor-widget elementor-widget-heading\" data-id=\"eddf3ee\" data-element_type=\"widget\" data-widget_type=\"heading.default\">\n\t\t\t\t<div class=\"elementor-widget-container\">\n\t\t\t<h3 class=\"elementor-heading-title elementor-size-default\">Kas ir s\u012bkdatne?<\/h3>\t\t<\/div>\n\t\t\t\t<\/div>\n\t\t\t\t\t<\/div>\n\t\t<\/div>\n\t\t\t\t\t\t\t<\/div>\n\t\t<\/section>\n\t\t\t\t<section class=\"elementor-section elementor-top-section elementor-element elementor-element-58e028d elementor-section-boxed elementor-section-height-default elementor-section-height-default\" data-id=\"58e028d\" data-element_type=\"section\">\n\t\t\t\t\t\t<div class=\"elementor-container elementor-column-gap-default\">\n\t\t\t\t\t<div class=\"elementor-column elementor-col-100 elementor-top-column elementor-element elementor-element-9bfa303\" data-id=\"9bfa303\" data-element_type=\"column\">\n\t\t\t<div class=\"elementor-widget-wrap elementor-element-populated\">\n\t\t\t\t\t\t\t\t<div class=\"elementor-element elementor-element-a2a03ac elementor-widget elementor-widget-heading\" data-id=\"a2a03ac\" data-element_type=\"widget\" data-widget_type=\"heading.default\">\n\t\t\t\t<div class=\"elementor-widget-container\">\n\t\t\t<p class=\"elementor-heading-title elementor-size-default\">S\u012bkdatne ir neliela teksta datne, kas tiek nos\u016bt\u012bta uz J\u016bsu datoru vai viedier\u012bci, laik\u0101, kad apmekl\u0113jiet t\u012bmek\u013ca vietni. \u0160\u012b t\u012bmek\u013ca vietne saglab\u0101 to j\u016bsu dator\u0101 vai mobilaj\u0101 ier\u012bc\u0113, kad j\u016bs atverat vietni. Katr\u0101 n\u0101kamaj\u0101 apmekl\u0113juma reiz\u0113 s\u012bkdatnes tiek nos\u016bt\u012btas atpaka\u013c uz izcelsmes m\u0101jas lapu vai uz citu m\u0101jas lapu, kas atpaz\u012bst \u0161o s\u012bkdatni. S\u012bkdatnes darbojas k\u0101 konkr\u0113tas m\u0101jas lapas atmi\u0146a, \u013caujot \u0161ai lapai atcer\u0113ties J\u016bsu datoru n\u0101kamaj\u0101s apmekl\u0113juma reiz\u0113s. Tai skait\u0101 s\u012bkdatnes var atcer\u0113ties J\u016bsu iestat\u012bjumus vai uzlabot lietot\u0101ja \u0113rt\u012bbas. Papildu inform\u0101ciju par s\u012bkdatn\u0113m, k\u0101 ar\u012b k\u0101 t\u0101s iesp\u0113jams redi\u0123\u0113t, p\u0101rvald\u012bt vai izdz\u0113st, variet ieg\u016bt m\u0101jaslap\u0101 www.aboutcookies.org<br><\/p>\t\t<\/div>\n\t\t\t\t<\/div>\n\t\t\t\t\t<\/div>\n\t\t<\/div>\n\t\t\t\t\t\t\t<\/div>\n\t\t<\/section>\n\t\t\t\t<section class=\"elementor-section elementor-top-section elementor-element elementor-element-574f82b elementor-section-boxed elementor-section-height-default elementor-section-height-default\" data-id=\"574f82b\" data-element_type=\"section\">\n\t\t\t\t\t\t<div class=\"elementor-container elementor-column-gap-default\">\n\t\t\t\t\t<div class=\"elementor-column elementor-col-100 elementor-top-column elementor-element elementor-element-142fdfd\" data-id=\"142fdfd\" data-element_type=\"column\">\n\t\t\t<div class=\"elementor-widget-wrap elementor-element-populated\">\n\t\t\t\t\t\t\t\t<div class=\"elementor-element elementor-element-3f8eeef elementor-widget elementor-widget-heading\" data-id=\"3f8eeef\" data-element_type=\"widget\" data-widget_type=\"heading.default\">\n\t\t\t\t<div class=\"elementor-widget-container\">\n\t\t\t<h3 class=\"elementor-heading-title elementor-size-default\">Google Analytics<\/h3>\t\t<\/div>\n\t\t\t\t<\/div>\n\t\t\t\t\t<\/div>\n\t\t<\/div>\n\t\t\t\t\t\t\t<\/div>\n\t\t<\/section>\n\t\t\t\t<section class=\"elementor-section elementor-top-section elementor-element elementor-element-5b92747 elementor-section-boxed elementor-section-height-default elementor-section-height-default\" data-id=\"5b92747\" data-element_type=\"section\">\n\t\t\t\t\t\t<div class=\"elementor-container elementor-column-gap-default\">\n\t\t\t\t\t<div class=\"elementor-column elementor-col-100 elementor-top-column elementor-element elementor-element-4ac9149\" data-id=\"4ac9149\" data-element_type=\"column\">\n\t\t\t<div class=\"elementor-widget-wrap elementor-element-populated\">\n\t\t\t\t\t\t\t\t<div class=\"elementor-element elementor-element-f6c057c elementor-widget elementor-widget-heading\" data-id=\"f6c057c\" data-element_type=\"widget\" data-widget_type=\"heading.default\">\n\t\t\t\t<div class=\"elementor-widget-container\">\n\t\t\t<p class=\"elementor-heading-title elementor-size-default\">SIA SB t\u012bmek\u013ca vietn\u0113 ir uzst\u0101d\u012bts \u201cGoogle Inc\u201d izveidot\u0101s programmas \u201cGoogle Analytics\u201d veidot\u0101s s\u012bkdatnes. \u201cGoogle Analytics\u201d s\u012bkdat\u0146u izmanto\u0161anas m\u0113r\u0137is ir t\u012bmek\u013ca vietnes satura kvalit\u0101tes uzlabo\u0161ana un satura piel\u0101go\u0161ana lietot\u0101ju vajadz\u012bb\u0101m. Pla\u0161\u0101k par \u201cGoogle Analytics\u201d pakalpojuma snieg\u0161anas noteikumiem var iepaz\u012bties m\u0101jaslap\u0101 http:\/\/www.google.com\/analytics\/terms\/us.html<br><br>Ja J\u016bs v\u0113laties, lai SIA SB neieg\u016bst inform\u0101ciju par J\u016bsu aktivit\u0101t\u0113m SIA SB t\u012bmek\u013ca vietn\u0113, Jums j\u0101aktiviz\u0113 Google Analytics Opt-out Browser Add-on (https:\/\/support.google.com\/analytics\/answer\/181881) papildr\u012bks. \u0160is papildr\u012bks sazin\u0101s ar Google Analytics JavaScript (ga.js), lai nor\u0101d\u012btu, ka dati par attiec\u012bgo interneta vietnes apmekl\u0113jumu nav j\u0101s\u016bta uz \u201cGoogle Analytics\u201d.<\/p>\t\t<\/div>\n\t\t\t\t<\/div>\n\t\t\t\t\t<\/div>\n\t\t<\/div>\n\t\t\t\t\t\t\t<\/div>\n\t\t<\/section>\n\t\t\t\t<section class=\"elementor-section elementor-top-section elementor-element elementor-element-8bfe4b7 elementor-section-boxed elementor-section-height-default elementor-section-height-default\" data-id=\"8bfe4b7\" data-element_type=\"section\">\n\t\t\t\t\t\t<div class=\"elementor-container elementor-column-gap-default\">\n\t\t\t\t\t<div class=\"elementor-column elementor-col-100 elementor-top-column elementor-element elementor-element-6d7d9a4\" data-id=\"6d7d9a4\" data-element_type=\"column\">\n\t\t\t<div class=\"elementor-widget-wrap elementor-element-populated\">\n\t\t\t\t\t\t\t\t<div class=\"elementor-element elementor-element-4cc0b95 elementor-widget elementor-widget-heading\" data-id=\"4cc0b95\" data-element_type=\"widget\" data-widget_type=\"heading.default\">\n\t\t\t\t<div class=\"elementor-widget-container\">\n\t\t\t<h3 class=\"elementor-heading-title elementor-size-default\">K\u0101 izsl\u0113gt s\u012bkdatnes?<br><\/h3>\t\t<\/div>\n\t\t\t\t<\/div>\n\t\t\t\t\t<\/div>\n\t\t<\/div>\n\t\t\t\t\t\t\t<\/div>\n\t\t<\/section>\n\t\t\t\t<section class=\"elementor-section elementor-top-section elementor-element elementor-element-59d2c2b elementor-section-boxed elementor-section-height-default elementor-section-height-default\" data-id=\"59d2c2b\" data-element_type=\"section\">\n\t\t\t\t\t\t<div class=\"elementor-container elementor-column-gap-default\">\n\t\t\t\t\t<div class=\"elementor-column elementor-col-100 elementor-top-column elementor-element elementor-element-2b51147\" data-id=\"2b51147\" data-element_type=\"column\">\n\t\t\t<div class=\"elementor-widget-wrap elementor-element-populated\">\n\t\t\t\t\t\t\t\t<div class=\"elementor-element elementor-element-a7a74ba elementor-widget elementor-widget-heading\" data-id=\"a7a74ba\" data-element_type=\"widget\" data-widget_type=\"heading.default\">\n\t\t\t\t<div class=\"elementor-widget-container\">\n\t\t\t<p class=\"elementor-heading-title elementor-size-default\">P\u0113c v\u0113l\u0113\u0161an\u0101s varat s\u012bkdatnes kontrol\u0113t un izdz\u0113st. Pla\u0161\u0101k lasiet \u0161eit: aboutcookies.org. J\u016bs varat izdz\u0113st visas s\u012bkdatnes, kuras ir J\u016bsu dator\u0101, un liel\u0101ko da\u013cu p\u0101rl\u016bkprogrammu var iestat\u012bt t\u0101, lai tiktu blo\u0137\u0113ta s\u012bkdat\u0146u ievieto\u0161ana dator\u0101. Ta\u010du t\u0101d\u0101 gad\u012bjum\u0101 Jums manu\u0101li b\u016bs j\u0101piel\u0101go iestat\u012bjumi ikreiz, kad apmekl\u0113siet t\u012bmek\u013ca vietni, un turkl\u0101t past\u0101v iesp\u0113jam\u012bba, ka da\u017ei pakalpojumi un funkcijas nedarbosies.<br><\/p>\t\t<\/div>\n\t\t\t\t<\/div>\n\t\t\t\t\t<\/div>\n\t\t<\/div>\n\t\t\t\t\t\t\t<\/div>\n\t\t<\/section>\n\t\t\t\t\t\t\t<\/div>\n\t\t","protected":false},"excerpt":{"rendered":"<p>S\u012bkdat\u0146u lieto\u0161ana t\u012bmek\u013ca vietn\u0113 www.drazice-shop.lv SIA SB t\u012bmek\u013ca vietn\u0113 www.drazice-shop.lv tiek izmantotas s\u012bkdatnes (ang\u013cu valod\u0101 \u201ccookies\u201c). Izmantojot \u0161o m\u0101jas lapu, J\u016bs piekr\u012btat, ka \u0161aj\u0101 m\u0101jas lap\u0101 ievietot\u0101s veiktsp\u0113jas\/anal\u012btisk\u0101s s\u012bkdatnes tiek izmantotas ar m\u0113r\u0137i uzlabot sniegto pakalpojumu kvalit\u0101ti un m\u0101jas lapas darb\u012bbu J\u016bsu apkalpo\u0161anas m\u0113r\u0137iem. Kas ir s\u012bkdatne? S\u012bkdatne ir neliela teksta datne, kas tiek nos\u016bt\u012bta<\/p>\n<div class=\"klb-readmore entry-button\"><a class=\"btn read-more\" href=\"https:\/\/www.drazice-shop.lv\/ru\/privatuma-politika-un-lietosanas-noteikumi\/\">Read More<\/a><\/div>\n","protected":false},"author":3,"featured_media":0,"parent":0,"menu_order":0,"comment_status":"closed","ping_status":"closed","template":"","meta":{"inline_featured_image":false,"footnotes":""},"class_list":["post-2597","page","type-page","status-publish","hentry"],"yoast_head":"<!-- This site is optimized with the Yoast SEO plugin v21.7 - https:\/\/yoast.com\/wordpress\/plugins\/seo\/ -->\n<title>Priv\u0101tuma politika un lieto\u0161anas noteikumi - DRA\u017dICE<\/title>\n<meta name=\"robots\" content=\"index, follow, max-snippet:-1, max-image-preview:large, max-video-preview:-1\" \/>\n<link rel=\"canonical\" href=\"https:\/\/www.drazice-shop.lv\/privatuma-politika-un-lietosanas-noteikumi\/\" \/>\n<meta property=\"og:locale\" content=\"ru_RU\" \/>\n<meta property=\"og:type\" content=\"article\" \/>\n<meta property=\"og:title\" content=\"Priv\u0101tuma politika un lieto\u0161anas noteikumi - DRA\u017dICE\" \/>\n<meta property=\"og:description\" content=\"S\u012bkdat\u0146u lieto\u0161ana t\u012bmek\u013ca vietn\u0113 www.drazice-shop.lv SIA SB t\u012bmek\u013ca vietn\u0113 www.drazice-shop.lv tiek izmantotas s\u012bkdatnes (ang\u013cu valod\u0101 \u201ccookies\u201c). Izmantojot \u0161o m\u0101jas lapu, J\u016bs piekr\u012btat, ka \u0161aj\u0101 m\u0101jas lap\u0101 ievietot\u0101s veiktsp\u0113jas\/anal\u012btisk\u0101s s\u012bkdatnes tiek izmantotas ar m\u0113r\u0137i uzlabot sniegto pakalpojumu kvalit\u0101ti un m\u0101jas lapas darb\u012bbu J\u016bsu apkalpo\u0161anas m\u0113r\u0137iem. Kas ir s\u012bkdatne? S\u012bkdatne ir neliela teksta datne, kas tiek nos\u016bt\u012btaRead More\" \/>\n<meta property=\"og:url\" content=\"https:\/\/www.drazice-shop.lv\/privatuma-politika-un-lietosanas-noteikumi\/\" \/>\n<meta property=\"og:site_name\" content=\"DRA\u017dICE\" \/>\n<meta property=\"article:modified_time\" content=\"2023-11-27T14:01:42+00:00\" \/>\n<meta name=\"twitter:card\" content=\"summary_large_image\" \/>\n<meta name=\"twitter:label1\" content=\"\u041f\u0440\u0438\u043c\u0435\u0440\u043d\u043e\u0435 \u0432\u0440\u0435\u043c\u044f \u0434\u043b\u044f \u0447\u0442\u0435\u043d\u0438\u044f\" \/>\n\t<meta name=\"twitter:data1\" content=\"2 \u043c\u0438\u043d\u0443\u0442\u044b\" \/>\n<script type=\"application\/ld+json\" class=\"yoast-schema-graph\">{\"@context\":\"https:\/\/schema.org\",\"@graph\":[{\"@type\":\"WebPage\",\"@id\":\"https:\/\/www.drazice-shop.lv\/privatuma-politika-un-lietosanas-noteikumi\/\",\"url\":\"https:\/\/www.drazice-shop.lv\/privatuma-politika-un-lietosanas-noteikumi\/\",\"name\":\"Priv\u0101tuma politika un lieto\u0161anas noteikumi - DRA\u017dICE\",\"isPartOf\":{\"@id\":\"https:\/\/www.drazice-shop.lv\/#website\"},\"datePublished\":\"2021-08-30T03:39:37+00:00\",\"dateModified\":\"2023-11-27T14:01:42+00:00\",\"breadcrumb\":{\"@id\":\"https:\/\/www.drazice-shop.lv\/privatuma-politika-un-lietosanas-noteikumi\/#breadcrumb\"},\"inLanguage\":\"ru-RU\",\"potentialAction\":[{\"@type\":\"ReadAction\",\"target\":[\"https:\/\/www.drazice-shop.lv\/privatuma-politika-un-lietosanas-noteikumi\/\"]}]},{\"@type\":\"BreadcrumbList\",\"@id\":\"https:\/\/www.drazice-shop.lv\/privatuma-politika-un-lietosanas-noteikumi\/#breadcrumb\",\"itemListElement\":[{\"@type\":\"ListItem\",\"position\":1,\"name\":\"Home\",\"item\":\"https:\/\/www.drazice-shop.lv\/\"},{\"@type\":\"ListItem\",\"position\":2,\"name\":\"Priv\u0101tuma politika un lieto\u0161anas noteikumi\"}]},{\"@type\":\"WebSite\",\"@id\":\"https:\/\/www.drazice-shop.lv\/#website\",\"url\":\"https:\/\/www.drazice-shop.lv\/\",\"name\":\"DRA\u017dICE\",\"description\":\"\",\"potentialAction\":[{\"@type\":\"SearchAction\",\"target\":{\"@type\":\"EntryPoint\",\"urlTemplate\":\"https:\/\/www.drazice-shop.lv\/?s={search_term_string}\"},\"query-input\":\"required name=search_term_string\"}],\"inLanguage\":\"ru-RU\"}]}<\/script>\n<!-- \/ Yoast SEO plugin. -->","yoast_head_json":{"title":"Priv\u0101tuma politika un lieto\u0161anas noteikumi - DRA\u017dICE","robots":{"index":"index","follow":"follow","max-snippet":"max-snippet:-1","max-image-preview":"max-image-preview:large","max-video-preview":"max-video-preview:-1"},"canonical":"https:\/\/www.drazice-shop.lv\/privatuma-politika-un-lietosanas-noteikumi\/","og_locale":"ru_RU","og_type":"article","og_title":"Priv\u0101tuma politika un lieto\u0161anas noteikumi - DRA\u017dICE","og_description":"S\u012bkdat\u0146u lieto\u0161ana t\u012bmek\u013ca vietn\u0113 www.drazice-shop.lv SIA SB t\u012bmek\u013ca vietn\u0113 www.drazice-shop.lv tiek izmantotas s\u012bkdatnes (ang\u013cu valod\u0101 \u201ccookies\u201c). Izmantojot \u0161o m\u0101jas lapu, J\u016bs piekr\u012btat, ka \u0161aj\u0101 m\u0101jas lap\u0101 ievietot\u0101s veiktsp\u0113jas\/anal\u012btisk\u0101s s\u012bkdatnes tiek izmantotas ar m\u0113r\u0137i uzlabot sniegto pakalpojumu kvalit\u0101ti un m\u0101jas lapas darb\u012bbu J\u016bsu apkalpo\u0161anas m\u0113r\u0137iem. Kas ir s\u012bkdatne? S\u012bkdatne ir neliela teksta datne, kas tiek nos\u016bt\u012btaRead More","og_url":"https:\/\/www.drazice-shop.lv\/privatuma-politika-un-lietosanas-noteikumi\/","og_site_name":"DRA\u017dICE","article_modified_time":"2023-11-27T14:01:42+00:00","twitter_card":"summary_large_image","twitter_misc":{"\u041f\u0440\u0438\u043c\u0435\u0440\u043d\u043e\u0435 \u0432\u0440\u0435\u043c\u044f \u0434\u043b\u044f \u0447\u0442\u0435\u043d\u0438\u044f":"2 \u043c\u0438\u043d\u0443\u0442\u044b"},"schema":{"@context":"https:\/\/schema.org","@graph":[{"@type":"WebPage","@id":"https:\/\/www.drazice-shop.lv\/privatuma-politika-un-lietosanas-noteikumi\/","url":"https:\/\/www.drazice-shop.lv\/privatuma-politika-un-lietosanas-noteikumi\/","name":"Priv\u0101tuma politika un lieto\u0161anas noteikumi - DRA\u017dICE","isPartOf":{"@id":"https:\/\/www.drazice-shop.lv\/#website"},"datePublished":"2021-08-30T03:39:37+00:00","dateModified":"2023-11-27T14:01:42+00:00","breadcrumb":{"@id":"https:\/\/www.drazice-shop.lv\/privatuma-politika-un-lietosanas-noteikumi\/#breadcrumb"},"inLanguage":"ru-RU","potentialAction":[{"@type":"ReadAction","target":["https:\/\/www.drazice-shop.lv\/privatuma-politika-un-lietosanas-noteikumi\/"]}]},{"@type":"BreadcrumbList","@id":"https:\/\/www.drazice-shop.lv\/privatuma-politika-un-lietosanas-noteikumi\/#breadcrumb","itemListElement":[{"@type":"ListItem","position":1,"name":"Home","item":"https:\/\/www.drazice-shop.lv\/"},{"@type":"ListItem","position":2,"name":"Priv\u0101tuma politika un lieto\u0161anas noteikumi"}]},{"@type":"WebSite","@id":"https:\/\/www.drazice-shop.lv\/#website","url":"https:\/\/www.drazice-shop.lv\/","name":"DRA\u017dICE","description":"","potentialAction":[{"@type":"SearchAction","target":{"@type":"EntryPoint","urlTemplate":"https:\/\/www.drazice-shop.lv\/?s={search_term_string}"},"query-input":"required name=search_term_string"}],"inLanguage":"ru-RU"}]}},"_links":{"self":[{"href":"https:\/\/www.drazice-shop.lv\/ru\/wp-json\/wp\/v2\/pages\/2597","targetHints":{"allow":["GET"]}}],"collection":[{"href":"https:\/\/www.drazice-shop.lv\/ru\/wp-json\/wp\/v2\/pages"}],"about":[{"href":"https:\/\/www.drazice-shop.lv\/ru\/wp-json\/wp\/v2\/types\/page"}],"author":[{"embeddable":true,"href":"https:\/\/www.drazice-shop.lv\/ru\/wp-json\/wp\/v2\/users\/3"}],"replies":[{"embeddable":true,"href":"https:\/\/www.drazice-shop.lv\/ru\/wp-json\/wp\/v2\/comments?post=2597"}],"version-history":[{"count":5,"href":"https:\/\/www.drazice-shop.lv\/ru\/wp-json\/wp\/v2\/pages\/2597\/revisions"}],"predecessor-version":[{"id":8203,"href":"https:\/\/www.drazice-shop.lv\/ru\/wp-json\/wp\/v2\/pages\/2597\/revisions\/8203"}],"wp:attachment":[{"href":"https:\/\/www.drazice-shop.lv\/ru\/wp-json\/wp\/v2\/media?parent=2597"}],"curies":[{"name":"wp","href":"https:\/\/api.w.org\/{rel}","templated":true}]}}