{"id":1899,"date":"2021-10-06T11:20:26","date_gmt":"2021-10-06T08:20:26","guid":{"rendered":"http:\/\/localhost\/machic\/?page_id=1899"},"modified":"2023-12-05T20:16:02","modified_gmt":"2023-12-05T17:16:02","slug":"par-drazice","status":"publish","type":"page","link":"https:\/\/www.drazice-shop.lv\/ru\/par-drazice\/","title":{"rendered":"Par Dra\u017eice"},"content":{"rendered":"\t\t<div data-elementor-type=\"wp-page\" data-elementor-id=\"1899\" class=\"elementor elementor-1899\">\n\t\t\t\t\t\t\t<div class=\"elementor-element elementor-element-e6324e3 e-flex e-con-boxed e-con e-parent\" data-id=\"e6324e3\" data-element_type=\"container\" data-settings=\"{&quot;content_width&quot;:&quot;boxed&quot;}\" data-core-v316-plus=\"true\">\n\t\t\t\t\t<div class=\"e-con-inner\">\n\t\t\t\t<div class=\"elementor-element elementor-element-0bfa573 elementor-widget elementor-widget-text-editor\" data-id=\"0bfa573\" data-element_type=\"widget\" data-widget_type=\"text-editor.default\">\n\t\t\t\t<div class=\"elementor-widget-container\">\n\t\t\t<style>\/*! elementor - v3.16.0 - 14-09-2023 *\/\n.elementor-widget-text-editor.elementor-drop-cap-view-stacked .elementor-drop-cap{background-color:#69727d;color:#fff}.elementor-widget-text-editor.elementor-drop-cap-view-framed .elementor-drop-cap{color:#69727d;border:3px solid;background-color:transparent}.elementor-widget-text-editor:not(.elementor-drop-cap-view-default) .elementor-drop-cap{margin-top:8px}.elementor-widget-text-editor:not(.elementor-drop-cap-view-default) .elementor-drop-cap-letter{width:1em;height:1em}.elementor-widget-text-editor .elementor-drop-cap{float:left;text-align:center;line-height:1;font-size:50px}.elementor-widget-text-editor .elementor-drop-cap-letter{display:inline-block}<\/style>\t\t\t\t<h1><strong><span style=\"color: #7b9f00;\">Par mums<\/span><\/strong><\/h1>\t\t\t\t\t\t<\/div>\n\t\t\t\t<\/div>\n\t\t\t\t\t<\/div>\n\t\t\t\t<\/div>\n\t\t<div class=\"elementor-element elementor-element-33256c8 e-flex e-con-boxed e-con e-parent\" data-id=\"33256c8\" data-element_type=\"container\" data-settings=\"{&quot;content_width&quot;:&quot;boxed&quot;}\" data-core-v316-plus=\"true\">\n\t\t\t\t\t<div class=\"e-con-inner\">\n\t\t\t\t<div class=\"elementor-element elementor-element-a8b5e68 elementor-widget elementor-widget-image\" data-id=\"a8b5e68\" data-element_type=\"widget\" data-widget_type=\"image.default\">\n\t\t\t\t<div class=\"elementor-widget-container\">\n\t\t\t<style>\/*! elementor - v3.16.0 - 14-09-2023 *\/\n.elementor-widget-image{text-align:center}.elementor-widget-image a{display:inline-block}.elementor-widget-image a img[src$=\".svg\"]{width:48px}.elementor-widget-image img{vertical-align:middle;display:inline-block}<\/style>\t\t\t\t\t\t\t\t\t\t\t\t<img loading=\"lazy\" decoding=\"async\" width=\"700\" height=\"188\" src=\"https:\/\/www.drazice-shop.lv\/wp-content\/uploads\/2023\/10\/nibe_thumb-2.jpg\" class=\"attachment-large size-large wp-image-2759\" alt=\"\" srcset=\"https:\/\/www.drazice-shop.lv\/wp-content\/uploads\/2023\/10\/nibe_thumb-2.jpg 700w, https:\/\/www.drazice-shop.lv\/wp-content\/uploads\/2023\/10\/nibe_thumb-2-300x81.jpg 300w, https:\/\/www.drazice-shop.lv\/wp-content\/uploads\/2023\/10\/nibe_thumb-2-600x161.jpg 600w, https:\/\/www.drazice-shop.lv\/wp-content\/uploads\/2023\/10\/nibe_thumb-2-90x24.jpg 90w\" sizes=\"auto, (max-width: 700px) 100vw, 700px\" \/>\t\t\t\t\t\t\t\t\t\t\t\t\t\t\t<\/div>\n\t\t\t\t<\/div>\n\t\t\t\t\t<\/div>\n\t\t\t\t<\/div>\n\t\t<div class=\"elementor-element elementor-element-1c3058c e-flex e-con-boxed e-con e-parent\" data-id=\"1c3058c\" data-element_type=\"container\" data-settings=\"{&quot;content_width&quot;:&quot;boxed&quot;}\" data-core-v316-plus=\"true\">\n\t\t\t\t\t<div class=\"e-con-inner\">\n\t\t\t\t<div class=\"elementor-element elementor-element-fa032bb elementor-widget elementor-widget-text-editor\" data-id=\"fa032bb\" data-element_type=\"widget\" data-widget_type=\"text-editor.default\">\n\t\t\t\t<div class=\"elementor-widget-container\">\n\t\t\t\t\t\t\t<p>Uz\u0146\u0113mums Dra\u017eice ir liel\u0101kais \u016bdens boileru ra\u017eot\u0101js \u010cehij\u0101, ir pla\u0161i paz\u012bstams Eirop\u0101 un eksport\u0113 savu produkciju uz daudz\u0101m pasaules valst\u012bm.<\/p><p>\u016adens sild\u012bt\u0101ji (<span style=\"text-decoration: underline;\"><a href=\"https:\/\/www.viessmann-shop.lv\/boileri-udens-silditaji\/\">boileri<\/a><\/span>) ir uz\u0146\u0113muma ra\u017eo\u0161anas pamatvirziens, uz\u0146\u0113mums ra\u017eo vertik\u0101los, horizont\u0101los, stacion\u0101ros, elektriskos, kombin\u0113tos u.c. da\u017e\u0101da tilpuma \u016bdens sild\u012bt\u0101jus (boilerus),\u2013 s\u0101kot no 20 l\u012bdz 1000 litriem.<\/p><p>Noz\u012bm\u012bgs Dra\u017eice darb\u012bbas virziens ir boileru ra\u017eo\u0161ana liel\u0101kajiem un popul\u0101r\u0101kajiem Eiropas g\u0101zes apkures katlu ra\u017eot\u0101jiem, kas nov\u0113rt\u0113ju\u0161i augsto produktu kvalit\u0101ti izplata tos zem saviem z\u012bmoliem.<\/p><p>DZ Dra\u017eice cen\u0161as v\u0113l vair\u0101k stiprin\u0101t savas poz\u012bcijas Eiropas tirg\u016b un stingri nostiprin\u0101ties starp vado\u0161ajiem savas nozares uz\u0146\u0113mumiem. \u0160\u012b m\u0113r\u0137a sasnieg\u0161anai stabilu pamatu veido daudzu gadu trad\u012bcijas, \u013coti augstas kvalit\u0101tes produkcija un lieliska ekolo\u0123iski dro\u0161a ra\u017eot\u0101ja reput\u0101cija.<\/p><p>Uz\u0146\u0113muma DZ Dra\u017eice galvenais uzdevums ir maksim\u0101la pat\u0113r\u0113t\u0101ju izvirz\u012bto pras\u012bbu pret uz\u0146\u0113muma produkciju apmierin\u0101\u0161ana.<\/p><p>\u201ePirc\u0113ji uzticas m\u016bsu uz\u0146\u0113mumam, t\u0101 reput\u0101cijai, produktu nemain\u012bgajai kvalit\u0101tei, \u0161\u012b iemesla d\u0113\u013c saglab\u0101 uztic\u012bbu Dra\u017eice z\u012bmolam, savuk\u0101rt m\u0113s- uz\u0146\u0113muma komanda, no savas puses esam p\u0101rliecin\u0101ti, ka saviem pat\u0113r\u0113t\u0101jiem ne\u013causim vilties. S\u0101kotn\u0113j\u0101 ideja bija \u013coti vienk\u0101r\u0161a \u2013 izstr\u0101d\u0101t visefekt\u012bv\u0101ko un uzticam\u0101ko \u016bdens sild\u012bt\u0101ju. M\u0113s var\u0113tu god\u012bgi pateikt to, ka esam to paveiku\u0161i, bet ar katru gadu m\u0113s ra\u017eojam tom\u0113r aizvien lab\u0101kus \u016bdens sild\u012bt\u0101jus \u201d.<\/p><p><em><strong>Direktors Dra\u017eice &#8211; Nibe<\/strong><\/em><\/p>\t\t\t\t\t\t<\/div>\n\t\t\t\t<\/div>\n\t\t\t\t\t<\/div>\n\t\t\t\t<\/div>\n\t\t\t\t\t\t\t<\/div>\n\t\t","protected":false},"excerpt":{"rendered":"<p>Par mums Uz\u0146\u0113mums Dra\u017eice ir liel\u0101kais \u016bdens boileru ra\u017eot\u0101js \u010cehij\u0101, ir pla\u0161i paz\u012bstams Eirop\u0101 un eksport\u0113 savu produkciju uz daudz\u0101m pasaules valst\u012bm. \u016adens sild\u012bt\u0101ji (boileri) ir uz\u0146\u0113muma ra\u017eo\u0161anas pamatvirziens, uz\u0146\u0113mums ra\u017eo vertik\u0101los, horizont\u0101los, stacion\u0101ros, elektriskos, kombin\u0113tos u.c. da\u017e\u0101da tilpuma \u016bdens sild\u012bt\u0101jus (boilerus),\u2013 s\u0101kot no 20 l\u012bdz 1000 litriem. Noz\u012bm\u012bgs Dra\u017eice darb\u012bbas virziens ir boileru ra\u017eo\u0161ana<\/p>\n<div class=\"klb-readmore entry-button\"><a class=\"btn read-more\" href=\"https:\/\/www.drazice-shop.lv\/ru\/par-drazice\/\">Read More<\/a><\/div>\n","protected":false},"author":3,"featured_media":0,"parent":0,"menu_order":0,"comment_status":"closed","ping_status":"closed","template":"","meta":{"inline_featured_image":false,"footnotes":""},"class_list":["post-1899","page","type-page","status-publish","hentry"],"yoast_head":"<!-- This site is optimized with the Yoast SEO plugin v21.7 - https:\/\/yoast.com\/wordpress\/plugins\/seo\/ -->\n<title>Par Dra\u017eice - DRA\u017dICE<\/title>\n<meta name=\"robots\" content=\"index, follow, max-snippet:-1, max-image-preview:large, max-video-preview:-1\" \/>\n<link rel=\"canonical\" href=\"https:\/\/www.drazice-shop.lv\/par-drazice\/\" \/>\n<meta property=\"og:locale\" content=\"ru_RU\" \/>\n<meta property=\"og:type\" content=\"article\" \/>\n<meta property=\"og:title\" content=\"Par Dra\u017eice - DRA\u017dICE\" \/>\n<meta property=\"og:description\" content=\"Par mums Uz\u0146\u0113mums Dra\u017eice ir liel\u0101kais \u016bdens boileru ra\u017eot\u0101js \u010cehij\u0101, ir pla\u0161i paz\u012bstams Eirop\u0101 un eksport\u0113 savu produkciju uz daudz\u0101m pasaules valst\u012bm. \u016adens sild\u012bt\u0101ji (boileri) ir uz\u0146\u0113muma ra\u017eo\u0161anas pamatvirziens, uz\u0146\u0113mums ra\u017eo vertik\u0101los, horizont\u0101los, stacion\u0101ros, elektriskos, kombin\u0113tos u.c. da\u017e\u0101da tilpuma \u016bdens sild\u012bt\u0101jus (boilerus),\u2013 s\u0101kot no 20 l\u012bdz 1000 litriem. Noz\u012bm\u012bgs Dra\u017eice darb\u012bbas virziens ir boileru ra\u017eo\u0161anaRead More\" \/>\n<meta property=\"og:url\" content=\"https:\/\/www.drazice-shop.lv\/par-drazice\/\" \/>\n<meta property=\"og:site_name\" content=\"DRA\u017dICE\" \/>\n<meta property=\"article:modified_time\" content=\"2023-12-05T17:16:02+00:00\" \/>\n<meta property=\"og:image\" content=\"https:\/\/www.drazice-shop.lv\/wp-content\/uploads\/2023\/10\/nibe_thumb-2.jpg\" \/>\n<meta name=\"twitter:card\" content=\"summary_large_image\" \/>\n<meta name=\"twitter:label1\" content=\"\u041f\u0440\u0438\u043c\u0435\u0440\u043d\u043e\u0435 \u0432\u0440\u0435\u043c\u044f \u0434\u043b\u044f \u0447\u0442\u0435\u043d\u0438\u044f\" \/>\n\t<meta name=\"twitter:data1\" content=\"1 \u043c\u0438\u043d\u0443\u0442\u0430\" \/>\n<script type=\"application\/ld+json\" class=\"yoast-schema-graph\">{\"@context\":\"https:\/\/schema.org\",\"@graph\":[{\"@type\":\"WebPage\",\"@id\":\"https:\/\/www.drazice-shop.lv\/par-drazice\/\",\"url\":\"https:\/\/www.drazice-shop.lv\/par-drazice\/\",\"name\":\"Par Dra\u017eice - DRA\u017dICE\",\"isPartOf\":{\"@id\":\"https:\/\/www.drazice-shop.lv\/#website\"},\"datePublished\":\"2021-10-06T08:20:26+00:00\",\"dateModified\":\"2023-12-05T17:16:02+00:00\",\"breadcrumb\":{\"@id\":\"https:\/\/www.drazice-shop.lv\/par-drazice\/#breadcrumb\"},\"inLanguage\":\"ru-RU\",\"potentialAction\":[{\"@type\":\"ReadAction\",\"target\":[\"https:\/\/www.drazice-shop.lv\/par-drazice\/\"]}]},{\"@type\":\"BreadcrumbList\",\"@id\":\"https:\/\/www.drazice-shop.lv\/par-drazice\/#breadcrumb\",\"itemListElement\":[{\"@type\":\"ListItem\",\"position\":1,\"name\":\"Home\",\"item\":\"https:\/\/www.drazice-shop.lv\/\"},{\"@type\":\"ListItem\",\"position\":2,\"name\":\"Par Dra\u017eice\"}]},{\"@type\":\"WebSite\",\"@id\":\"https:\/\/www.drazice-shop.lv\/#website\",\"url\":\"https:\/\/www.drazice-shop.lv\/\",\"name\":\"DRA\u017dICE\",\"description\":\"\",\"potentialAction\":[{\"@type\":\"SearchAction\",\"target\":{\"@type\":\"EntryPoint\",\"urlTemplate\":\"https:\/\/www.drazice-shop.lv\/?s={search_term_string}\"},\"query-input\":\"required name=search_term_string\"}],\"inLanguage\":\"ru-RU\"}]}<\/script>\n<!-- \/ Yoast SEO plugin. -->","yoast_head_json":{"title":"Par Dra\u017eice - DRA\u017dICE","robots":{"index":"index","follow":"follow","max-snippet":"max-snippet:-1","max-image-preview":"max-image-preview:large","max-video-preview":"max-video-preview:-1"},"canonical":"https:\/\/www.drazice-shop.lv\/par-drazice\/","og_locale":"ru_RU","og_type":"article","og_title":"Par Dra\u017eice - DRA\u017dICE","og_description":"Par mums Uz\u0146\u0113mums Dra\u017eice ir liel\u0101kais \u016bdens boileru ra\u017eot\u0101js \u010cehij\u0101, ir pla\u0161i paz\u012bstams Eirop\u0101 un eksport\u0113 savu produkciju uz daudz\u0101m pasaules valst\u012bm. \u016adens sild\u012bt\u0101ji (boileri) ir uz\u0146\u0113muma ra\u017eo\u0161anas pamatvirziens, uz\u0146\u0113mums ra\u017eo vertik\u0101los, horizont\u0101los, stacion\u0101ros, elektriskos, kombin\u0113tos u.c. da\u017e\u0101da tilpuma \u016bdens sild\u012bt\u0101jus (boilerus),\u2013 s\u0101kot no 20 l\u012bdz 1000 litriem. Noz\u012bm\u012bgs Dra\u017eice darb\u012bbas virziens ir boileru ra\u017eo\u0161anaRead More","og_url":"https:\/\/www.drazice-shop.lv\/par-drazice\/","og_site_name":"DRA\u017dICE","article_modified_time":"2023-12-05T17:16:02+00:00","og_image":[{"url":"https:\/\/www.drazice-shop.lv\/wp-content\/uploads\/2023\/10\/nibe_thumb-2.jpg"}],"twitter_card":"summary_large_image","twitter_misc":{"\u041f\u0440\u0438\u043c\u0435\u0440\u043d\u043e\u0435 \u0432\u0440\u0435\u043c\u044f \u0434\u043b\u044f \u0447\u0442\u0435\u043d\u0438\u044f":"1 \u043c\u0438\u043d\u0443\u0442\u0430"},"schema":{"@context":"https:\/\/schema.org","@graph":[{"@type":"WebPage","@id":"https:\/\/www.drazice-shop.lv\/par-drazice\/","url":"https:\/\/www.drazice-shop.lv\/par-drazice\/","name":"Par Dra\u017eice - DRA\u017dICE","isPartOf":{"@id":"https:\/\/www.drazice-shop.lv\/#website"},"datePublished":"2021-10-06T08:20:26+00:00","dateModified":"2023-12-05T17:16:02+00:00","breadcrumb":{"@id":"https:\/\/www.drazice-shop.lv\/par-drazice\/#breadcrumb"},"inLanguage":"ru-RU","potentialAction":[{"@type":"ReadAction","target":["https:\/\/www.drazice-shop.lv\/par-drazice\/"]}]},{"@type":"BreadcrumbList","@id":"https:\/\/www.drazice-shop.lv\/par-drazice\/#breadcrumb","itemListElement":[{"@type":"ListItem","position":1,"name":"Home","item":"https:\/\/www.drazice-shop.lv\/"},{"@type":"ListItem","position":2,"name":"Par Dra\u017eice"}]},{"@type":"WebSite","@id":"https:\/\/www.drazice-shop.lv\/#website","url":"https:\/\/www.drazice-shop.lv\/","name":"DRA\u017dICE","description":"","potentialAction":[{"@type":"SearchAction","target":{"@type":"EntryPoint","urlTemplate":"https:\/\/www.drazice-shop.lv\/?s={search_term_string}"},"query-input":"required name=search_term_string"}],"inLanguage":"ru-RU"}]}},"_links":{"self":[{"href":"https:\/\/www.drazice-shop.lv\/ru\/wp-json\/wp\/v2\/pages\/1899","targetHints":{"allow":["GET"]}}],"collection":[{"href":"https:\/\/www.drazice-shop.lv\/ru\/wp-json\/wp\/v2\/pages"}],"about":[{"href":"https:\/\/www.drazice-shop.lv\/ru\/wp-json\/wp\/v2\/types\/page"}],"author":[{"embeddable":true,"href":"https:\/\/www.drazice-shop.lv\/ru\/wp-json\/wp\/v2\/users\/3"}],"replies":[{"embeddable":true,"href":"https:\/\/www.drazice-shop.lv\/ru\/wp-json\/wp\/v2\/comments?post=1899"}],"version-history":[{"count":15,"href":"https:\/\/www.drazice-shop.lv\/ru\/wp-json\/wp\/v2\/pages\/1899\/revisions"}],"predecessor-version":[{"id":8381,"href":"https:\/\/www.drazice-shop.lv\/ru\/wp-json\/wp\/v2\/pages\/1899\/revisions\/8381"}],"wp:attachment":[{"href":"https:\/\/www.drazice-shop.lv\/ru\/wp-json\/wp\/v2\/media?parent=1899"}],"curies":[{"name":"wp","href":"https:\/\/api.w.org\/{rel}","templated":true}]}}