{"id":8596,"date":"2024-02-13T17:31:05","date_gmt":"2024-02-13T14:31:05","guid":{"rendered":"https:\/\/www.drazice-shop.lv\/?post_type=product&#038;p=8596"},"modified":"2026-04-08T01:56:43","modified_gmt":"2026-04-07T22:56:43","slug":"drazice-elektriskie-piekaramie-vertikalie-boileri-okce-e-160l-ar-elektronisko-vadibu","status":"publish","type":"product","link":"https:\/\/www.drazice-shop.lv\/en\/product\/drazice-elektriskie-piekaramie-vertikalie-boileri-okce-e-160l-ar-elektronisko-vadibu\/","title":{"rendered":"Dra\u017eice elektriskie, piekaramie, vertik\u0101lie boileri OKCE\/E 160l ar elektronisko vad\u012bbu"},"content":{"rendered":"<h2><strong>Vair\u0101k inform\u0101cijas par\u00a0OKCE\/E elektrisko \u016bdens sild\u012bt\u0101ju<\/strong><\/h2>\n<p>Pieejami 50, 80, 100, 125, 160 un 200 mode\u013ci<br \/>\nParedz\u0113ts mont\u0101\u017eai pie sienas<br \/>\nLai atvieglotu novecoju\u0161o \u016bdens sild\u012bt\u0101ju nomai\u0146u, ra\u017eot\u0101js uztur horizont\u0101lo enkura skr\u016bvju soli (450 mm) vis\u0101 ra\u017eo\u0161anas v\u0113stur\u0113.<br \/>\nApkure tiek veikta, izmantojot keramisko sildelementu, ko kontrol\u0113 darba termostats un aizsarg\u0101 dro\u0161\u012bbas termostats (termiskais dro\u0161in\u0101t\u0101js)<br \/>\nTemperat\u016bras diapazons 5\u201374 \u00b0C, pievienots baro\u0161anas avots 230 V\/50 Hz, elektrisk\u0101 aizsardz\u012bba IP44<br \/>\nKarst\u0101 \u016bdens sagatavo\u0161ana objektos ar iesp\u0113ju izmantot zemu elektroener\u0123ijas tarifu (nakts str\u0101va)<br \/>\nPiederumi: dro\u0161\u012bbas v\u0101rsts<br \/>\nPapildapr\u012bkojums (par papildu samaksu): cirkul\u0101cijas iepl\u016bde \u016bdens sild\u012bt\u0101jiem no mode\u013ca 80 un augst\u0101k<br \/>\nModelis OKCE\/E ar jaunu elektronisko termostatu<\/p>\n","protected":false},"excerpt":{"rendered":"<p>Vair\u0101k inform\u0101cijas par\u00a0OKCE\/E elektrisko \u016bdens sild\u012bt\u0101ju Pieejami 50, 80, 100, 125, 160 un 200 mode\u013ci Paredz\u0113ts mont\u0101\u017eai pie sienas Lai atvieglotu novecoju\u0161o \u016bdens sild\u012bt\u0101ju nomai\u0146u, ra\u017eot\u0101js uztur horizont\u0101lo enkura skr\u016bvju soli (450 mm) vis\u0101 ra\u017eo\u0161anas v\u0113stur\u0113. Apkure tiek veikta, izmantojot keramisko sildelementu, ko kontrol\u0113 darba termostats un aizsarg\u0101 dro\u0161\u012bbas termostats (termiskais dro\u0161in\u0101t\u0101js) Temperat\u016bras diapazons 5\u201374<\/p>\n<div class=\"klb-readmore entry-button\"><a class=\"btn read-more\" href=\"https:\/\/www.drazice-shop.lv\/en\/product\/drazice-elektriskie-piekaramie-vertikalie-boileri-okce-e-160l-ar-elektronisko-vadibu\/\">Read More<\/a><\/div>\n","protected":false},"featured_media":8447,"template":"","meta":{"inline_featured_image":false},"product_cat":[129,276],"product_tag":[],"class_list":{"0":"post-8596","1":"product","2":"type-product","3":"status-publish","4":"has-post-thumbnail","6":"product_cat-elektriskie-boileri","7":"product_cat-piekaramie-vertikalie-boileri","8":"pa_130000051-210","9":"pa_130000054-212","10":"pa_130000056-214","11":"pa_130000057-223","12":"pa_130000058-224","13":"pa_130000995-vertikalie","14":"pa_1300020014-225","15":"pa_1300020015-okce","16":"pa_1300020016-drazice","17":"pa_1300020017-cehija","18":"pa_1300020018-684","19":"pa_1300020019-c","20":"pa_130002002-192","21":"pa_130002003-2-200","22":"pa_130002885-elektriskie","24":"first","25":"onbackorder","26":"sale","27":"taxable","28":"shipping-taxable","29":"purchasable","30":"product-type-simple"},"yoast_head":"<!-- This site is optimized with the Yoast SEO plugin v21.7 - https:\/\/yoast.com\/wordpress\/plugins\/seo\/ -->\n<title>Dra\u017eice elektriskie, piekaramie, vertik\u0101lie boileri OKCE\/E 160l ar elektronisko vad\u012bbu - DRA\u017dICE<\/title>\n<meta name=\"robots\" content=\"index, follow, max-snippet:-1, max-image-preview:large, max-video-preview:-1\" \/>\n<link rel=\"canonical\" href=\"https:\/\/www.drazice-shop.lv\/product\/drazice-elektriskie-piekaramie-vertikalie-boileri-okce-e-160l-ar-elektronisko-vadibu\/\" \/>\n<meta property=\"og:locale\" content=\"en_US\" \/>\n<meta property=\"og:type\" content=\"article\" \/>\n<meta property=\"og:title\" content=\"Dra\u017eice elektriskie, piekaramie, vertik\u0101lie boileri OKCE\/E 160l ar elektronisko vad\u012bbu - DRA\u017dICE\" \/>\n<meta property=\"og:description\" content=\"Vair\u0101k inform\u0101cijas par\u00a0OKCE\/E elektrisko \u016bdens sild\u012bt\u0101ju Pieejami 50, 80, 100, 125, 160 un 200 mode\u013ci Paredz\u0113ts mont\u0101\u017eai pie sienas Lai atvieglotu novecoju\u0161o \u016bdens sild\u012bt\u0101ju nomai\u0146u, ra\u017eot\u0101js uztur horizont\u0101lo enkura skr\u016bvju soli (450 mm) vis\u0101 ra\u017eo\u0161anas v\u0113stur\u0113. Apkure tiek veikta, izmantojot keramisko sildelementu, ko kontrol\u0113 darba termostats un aizsarg\u0101 dro\u0161\u012bbas termostats (termiskais dro\u0161in\u0101t\u0101js) Temperat\u016bras diapazons 5\u201374Read More\" \/>\n<meta property=\"og:url\" content=\"https:\/\/www.drazice-shop.lv\/product\/drazice-elektriskie-piekaramie-vertikalie-boileri-okce-e-160l-ar-elektronisko-vadibu\/\" \/>\n<meta property=\"og:site_name\" content=\"DRA\u017dICE\" \/>\n<meta property=\"article:modified_time\" content=\"2026-04-07T22:56:43+00:00\" \/>\n<meta property=\"og:image\" content=\"https:\/\/www.drazice-shop.lv\/wp-content\/uploads\/OKCE.jpg\" \/>\n\t<meta property=\"og:image:width\" content=\"500\" \/>\n\t<meta property=\"og:image:height\" content=\"500\" \/>\n\t<meta property=\"og:image:type\" content=\"image\/jpeg\" \/>\n<meta name=\"twitter:card\" content=\"summary_large_image\" \/>\n<meta name=\"twitter:label1\" content=\"Est. reading time\" \/>\n\t<meta name=\"twitter:data1\" content=\"1 minute\" \/>\n<script type=\"application\/ld+json\" class=\"yoast-schema-graph\">{\"@context\":\"https:\/\/schema.org\",\"@graph\":[{\"@type\":\"WebPage\",\"@id\":\"https:\/\/www.drazice-shop.lv\/product\/drazice-elektriskie-piekaramie-vertikalie-boileri-okce-e-160l-ar-elektronisko-vadibu\/\",\"url\":\"https:\/\/www.drazice-shop.lv\/product\/drazice-elektriskie-piekaramie-vertikalie-boileri-okce-e-160l-ar-elektronisko-vadibu\/\",\"name\":\"Dra\u017eice elektriskie, piekaramie, vertik\u0101lie boileri OKCE\/E 160l ar elektronisko vad\u012bbu - DRA\u017dICE\",\"isPartOf\":{\"@id\":\"https:\/\/www.drazice-shop.lv\/#website\"},\"datePublished\":\"2024-02-13T14:31:05+00:00\",\"dateModified\":\"2026-04-07T22:56:43+00:00\",\"breadcrumb\":{\"@id\":\"https:\/\/www.drazice-shop.lv\/product\/drazice-elektriskie-piekaramie-vertikalie-boileri-okce-e-160l-ar-elektronisko-vadibu\/#breadcrumb\"},\"inLanguage\":\"en-US\",\"potentialAction\":[{\"@type\":\"ReadAction\",\"target\":[\"https:\/\/www.drazice-shop.lv\/product\/drazice-elektriskie-piekaramie-vertikalie-boileri-okce-e-160l-ar-elektronisko-vadibu\/\"]}]},{\"@type\":\"BreadcrumbList\",\"@id\":\"https:\/\/www.drazice-shop.lv\/product\/drazice-elektriskie-piekaramie-vertikalie-boileri-okce-e-160l-ar-elektronisko-vadibu\/#breadcrumb\",\"itemListElement\":[{\"@type\":\"ListItem\",\"position\":1,\"name\":\"Home\",\"item\":\"https:\/\/www.drazice-shop.lv\/\"},{\"@type\":\"ListItem\",\"position\":2,\"name\":\"Products\",\"item\":\"https:\/\/www.drazice-shop.lv\/katalogs\/\"},{\"@type\":\"ListItem\",\"position\":3,\"name\":\"Dra\u017eice elektriskie, piekaramie, vertik\u0101lie boileri OKCE\/E 160l ar elektronisko vad\u012bbu\"}]},{\"@type\":\"WebSite\",\"@id\":\"https:\/\/www.drazice-shop.lv\/#website\",\"url\":\"https:\/\/www.drazice-shop.lv\/\",\"name\":\"DRA\u017dICE\",\"description\":\"\",\"potentialAction\":[{\"@type\":\"SearchAction\",\"target\":{\"@type\":\"EntryPoint\",\"urlTemplate\":\"https:\/\/www.drazice-shop.lv\/?s={search_term_string}\"},\"query-input\":\"required name=search_term_string\"}],\"inLanguage\":\"en-US\"}]}<\/script>\n<!-- \/ Yoast SEO plugin. -->","yoast_head_json":{"title":"Dra\u017eice elektriskie, piekaramie, vertik\u0101lie boileri OKCE\/E 160l ar elektronisko vad\u012bbu - DRA\u017dICE","robots":{"index":"index","follow":"follow","max-snippet":"max-snippet:-1","max-image-preview":"max-image-preview:large","max-video-preview":"max-video-preview:-1"},"canonical":"https:\/\/www.drazice-shop.lv\/product\/drazice-elektriskie-piekaramie-vertikalie-boileri-okce-e-160l-ar-elektronisko-vadibu\/","og_locale":"en_US","og_type":"article","og_title":"Dra\u017eice elektriskie, piekaramie, vertik\u0101lie boileri OKCE\/E 160l ar elektronisko vad\u012bbu - DRA\u017dICE","og_description":"Vair\u0101k inform\u0101cijas par\u00a0OKCE\/E elektrisko \u016bdens sild\u012bt\u0101ju Pieejami 50, 80, 100, 125, 160 un 200 mode\u013ci Paredz\u0113ts mont\u0101\u017eai pie sienas Lai atvieglotu novecoju\u0161o \u016bdens sild\u012bt\u0101ju nomai\u0146u, ra\u017eot\u0101js uztur horizont\u0101lo enkura skr\u016bvju soli (450 mm) vis\u0101 ra\u017eo\u0161anas v\u0113stur\u0113. Apkure tiek veikta, izmantojot keramisko sildelementu, ko kontrol\u0113 darba termostats un aizsarg\u0101 dro\u0161\u012bbas termostats (termiskais dro\u0161in\u0101t\u0101js) Temperat\u016bras diapazons 5\u201374Read More","og_url":"https:\/\/www.drazice-shop.lv\/product\/drazice-elektriskie-piekaramie-vertikalie-boileri-okce-e-160l-ar-elektronisko-vadibu\/","og_site_name":"DRA\u017dICE","article_modified_time":"2026-04-07T22:56:43+00:00","og_image":[{"width":500,"height":500,"url":"https:\/\/www.drazice-shop.lv\/wp-content\/uploads\/OKCE.jpg","type":"image\/jpeg"}],"twitter_card":"summary_large_image","twitter_misc":{"Est. reading time":"1 minute"},"schema":{"@context":"https:\/\/schema.org","@graph":[{"@type":"WebPage","@id":"https:\/\/www.drazice-shop.lv\/product\/drazice-elektriskie-piekaramie-vertikalie-boileri-okce-e-160l-ar-elektronisko-vadibu\/","url":"https:\/\/www.drazice-shop.lv\/product\/drazice-elektriskie-piekaramie-vertikalie-boileri-okce-e-160l-ar-elektronisko-vadibu\/","name":"Dra\u017eice elektriskie, piekaramie, vertik\u0101lie boileri OKCE\/E 160l ar elektronisko vad\u012bbu - DRA\u017dICE","isPartOf":{"@id":"https:\/\/www.drazice-shop.lv\/#website"},"datePublished":"2024-02-13T14:31:05+00:00","dateModified":"2026-04-07T22:56:43+00:00","breadcrumb":{"@id":"https:\/\/www.drazice-shop.lv\/product\/drazice-elektriskie-piekaramie-vertikalie-boileri-okce-e-160l-ar-elektronisko-vadibu\/#breadcrumb"},"inLanguage":"en-US","potentialAction":[{"@type":"ReadAction","target":["https:\/\/www.drazice-shop.lv\/product\/drazice-elektriskie-piekaramie-vertikalie-boileri-okce-e-160l-ar-elektronisko-vadibu\/"]}]},{"@type":"BreadcrumbList","@id":"https:\/\/www.drazice-shop.lv\/product\/drazice-elektriskie-piekaramie-vertikalie-boileri-okce-e-160l-ar-elektronisko-vadibu\/#breadcrumb","itemListElement":[{"@type":"ListItem","position":1,"name":"Home","item":"https:\/\/www.drazice-shop.lv\/"},{"@type":"ListItem","position":2,"name":"Products","item":"https:\/\/www.drazice-shop.lv\/katalogs\/"},{"@type":"ListItem","position":3,"name":"Dra\u017eice elektriskie, piekaramie, vertik\u0101lie boileri OKCE\/E 160l ar elektronisko vad\u012bbu"}]},{"@type":"WebSite","@id":"https:\/\/www.drazice-shop.lv\/#website","url":"https:\/\/www.drazice-shop.lv\/","name":"DRA\u017dICE","description":"","potentialAction":[{"@type":"SearchAction","target":{"@type":"EntryPoint","urlTemplate":"https:\/\/www.drazice-shop.lv\/?s={search_term_string}"},"query-input":"required name=search_term_string"}],"inLanguage":"en-US"}]}},"_links":{"self":[{"href":"https:\/\/www.drazice-shop.lv\/en\/wp-json\/wp\/v2\/product\/8596","targetHints":{"allow":["GET"]}}],"collection":[{"href":"https:\/\/www.drazice-shop.lv\/en\/wp-json\/wp\/v2\/product"}],"about":[{"href":"https:\/\/www.drazice-shop.lv\/en\/wp-json\/wp\/v2\/types\/product"}],"wp:featuredmedia":[{"embeddable":true,"href":"https:\/\/www.drazice-shop.lv\/en\/wp-json\/wp\/v2\/media\/8447"}],"wp:attachment":[{"href":"https:\/\/www.drazice-shop.lv\/en\/wp-json\/wp\/v2\/media?parent=8596"}],"wp:term":[{"taxonomy":"product_cat","embeddable":true,"href":"https:\/\/www.drazice-shop.lv\/en\/wp-json\/wp\/v2\/product_cat?post=8596"},{"taxonomy":"product_tag","embeddable":true,"href":"https:\/\/www.drazice-shop.lv\/en\/wp-json\/wp\/v2\/product_tag?post=8596"}],"curies":[{"name":"wp","href":"https:\/\/api.w.org\/{rel}","templated":true}]}}