{"id":8124,"date":"2023-11-14T20:16:27","date_gmt":"2023-11-14T17:16:27","guid":{"rendered":"https:\/\/www.drazice-shop.lv\/product\/draice-boileru-blve-230-180-3-12\/"},"modified":"2026-04-14T19:45:46","modified_gmt":"2026-04-14T16:45:46","slug":"draice-boileru-blve-230-180-3-12","status":"publish","type":"product","link":"https:\/\/www.drazice-shop.lv\/en\/product\/draice-boileru-blve-230-180-3-12\/","title":{"rendered":"Dra\u017eice boileru bl\u012bve 230*180*3+12"},"content":{"rendered":"","protected":false},"excerpt":{"rendered":"","protected":false},"featured_media":8115,"template":"","meta":{"inline_featured_image":false},"product_cat":[664],"product_tag":[],"class_list":{"0":"post-8124","1":"product","2":"type-product","3":"status-publish","4":"has-post-thumbnail","6":"product_cat-rezerves-dalas","7":"pa_1300093612-boileru-blive","9":"first","10":"instock","11":"taxable","12":"shipping-taxable","13":"purchasable","14":"product-type-simple"},"yoast_head":"<!-- This site is optimized with the Yoast SEO plugin v21.7 - https:\/\/yoast.com\/wordpress\/plugins\/seo\/ -->\n<title>Dra\u017eice boileru bl\u012bve 230*180*3+12 - DRA\u017dICE<\/title>\n<meta name=\"robots\" content=\"index, follow, max-snippet:-1, max-image-preview:large, max-video-preview:-1\" \/>\n<link rel=\"canonical\" href=\"https:\/\/www.drazice-shop.lv\/product\/draice-boileru-blve-230-180-3-12\/\" \/>\n<meta property=\"og:locale\" content=\"en_US\" \/>\n<meta property=\"og:type\" content=\"article\" \/>\n<meta property=\"og:title\" content=\"Dra\u017eice boileru bl\u012bve 230*180*3+12 - DRA\u017dICE\" \/>\n<meta property=\"og:url\" content=\"https:\/\/www.drazice-shop.lv\/product\/draice-boileru-blve-230-180-3-12\/\" \/>\n<meta property=\"og:site_name\" content=\"DRA\u017dICE\" \/>\n<meta property=\"article:modified_time\" content=\"2026-04-14T16:45:46+00:00\" \/>\n<meta property=\"og:image\" content=\"https:\/\/www.drazice-shop.lv\/wp-content\/uploads\/pic13112317710571.jpeg\" \/>\n\t<meta property=\"og:image:width\" content=\"782\" \/>\n\t<meta property=\"og:image:height\" content=\"782\" \/>\n\t<meta property=\"og:image:type\" content=\"image\/jpeg\" \/>\n<meta name=\"twitter:card\" content=\"summary_large_image\" \/>\n<script type=\"application\/ld+json\" class=\"yoast-schema-graph\">{\"@context\":\"https:\/\/schema.org\",\"@graph\":[{\"@type\":\"WebPage\",\"@id\":\"https:\/\/www.drazice-shop.lv\/product\/draice-boileru-blve-230-180-3-12\/\",\"url\":\"https:\/\/www.drazice-shop.lv\/product\/draice-boileru-blve-230-180-3-12\/\",\"name\":\"Dra\u017eice boileru bl\u012bve 230*180*3+12 - DRA\u017dICE\",\"isPartOf\":{\"@id\":\"https:\/\/www.drazice-shop.lv\/#website\"},\"datePublished\":\"2023-11-14T17:16:27+00:00\",\"dateModified\":\"2026-04-14T16:45:46+00:00\",\"breadcrumb\":{\"@id\":\"https:\/\/www.drazice-shop.lv\/product\/draice-boileru-blve-230-180-3-12\/#breadcrumb\"},\"inLanguage\":\"en-US\",\"potentialAction\":[{\"@type\":\"ReadAction\",\"target\":[\"https:\/\/www.drazice-shop.lv\/product\/draice-boileru-blve-230-180-3-12\/\"]}]},{\"@type\":\"BreadcrumbList\",\"@id\":\"https:\/\/www.drazice-shop.lv\/product\/draice-boileru-blve-230-180-3-12\/#breadcrumb\",\"itemListElement\":[{\"@type\":\"ListItem\",\"position\":1,\"name\":\"Home\",\"item\":\"https:\/\/www.drazice-shop.lv\/\"},{\"@type\":\"ListItem\",\"position\":2,\"name\":\"Products\",\"item\":\"https:\/\/www.drazice-shop.lv\/katalogs\/\"},{\"@type\":\"ListItem\",\"position\":3,\"name\":\"Dra\u017eice boileru bl\u012bve 230*180*3+12\"}]},{\"@type\":\"WebSite\",\"@id\":\"https:\/\/www.drazice-shop.lv\/#website\",\"url\":\"https:\/\/www.drazice-shop.lv\/\",\"name\":\"DRA\u017dICE\",\"description\":\"\",\"potentialAction\":[{\"@type\":\"SearchAction\",\"target\":{\"@type\":\"EntryPoint\",\"urlTemplate\":\"https:\/\/www.drazice-shop.lv\/?s={search_term_string}\"},\"query-input\":\"required name=search_term_string\"}],\"inLanguage\":\"en-US\"}]}<\/script>\n<!-- \/ Yoast SEO plugin. -->","yoast_head_json":{"title":"Dra\u017eice boileru bl\u012bve 230*180*3+12 - DRA\u017dICE","robots":{"index":"index","follow":"follow","max-snippet":"max-snippet:-1","max-image-preview":"max-image-preview:large","max-video-preview":"max-video-preview:-1"},"canonical":"https:\/\/www.drazice-shop.lv\/product\/draice-boileru-blve-230-180-3-12\/","og_locale":"en_US","og_type":"article","og_title":"Dra\u017eice boileru bl\u012bve 230*180*3+12 - DRA\u017dICE","og_url":"https:\/\/www.drazice-shop.lv\/product\/draice-boileru-blve-230-180-3-12\/","og_site_name":"DRA\u017dICE","article_modified_time":"2026-04-14T16:45:46+00:00","og_image":[{"width":782,"height":782,"url":"https:\/\/www.drazice-shop.lv\/wp-content\/uploads\/pic13112317710571.jpeg","type":"image\/jpeg"}],"twitter_card":"summary_large_image","schema":{"@context":"https:\/\/schema.org","@graph":[{"@type":"WebPage","@id":"https:\/\/www.drazice-shop.lv\/product\/draice-boileru-blve-230-180-3-12\/","url":"https:\/\/www.drazice-shop.lv\/product\/draice-boileru-blve-230-180-3-12\/","name":"Dra\u017eice boileru bl\u012bve 230*180*3+12 - DRA\u017dICE","isPartOf":{"@id":"https:\/\/www.drazice-shop.lv\/#website"},"datePublished":"2023-11-14T17:16:27+00:00","dateModified":"2026-04-14T16:45:46+00:00","breadcrumb":{"@id":"https:\/\/www.drazice-shop.lv\/product\/draice-boileru-blve-230-180-3-12\/#breadcrumb"},"inLanguage":"en-US","potentialAction":[{"@type":"ReadAction","target":["https:\/\/www.drazice-shop.lv\/product\/draice-boileru-blve-230-180-3-12\/"]}]},{"@type":"BreadcrumbList","@id":"https:\/\/www.drazice-shop.lv\/product\/draice-boileru-blve-230-180-3-12\/#breadcrumb","itemListElement":[{"@type":"ListItem","position":1,"name":"Home","item":"https:\/\/www.drazice-shop.lv\/"},{"@type":"ListItem","position":2,"name":"Products","item":"https:\/\/www.drazice-shop.lv\/katalogs\/"},{"@type":"ListItem","position":3,"name":"Dra\u017eice boileru bl\u012bve 230*180*3+12"}]},{"@type":"WebSite","@id":"https:\/\/www.drazice-shop.lv\/#website","url":"https:\/\/www.drazice-shop.lv\/","name":"DRA\u017dICE","description":"","potentialAction":[{"@type":"SearchAction","target":{"@type":"EntryPoint","urlTemplate":"https:\/\/www.drazice-shop.lv\/?s={search_term_string}"},"query-input":"required name=search_term_string"}],"inLanguage":"en-US"}]}},"_links":{"self":[{"href":"https:\/\/www.drazice-shop.lv\/en\/wp-json\/wp\/v2\/product\/8124","targetHints":{"allow":["GET"]}}],"collection":[{"href":"https:\/\/www.drazice-shop.lv\/en\/wp-json\/wp\/v2\/product"}],"about":[{"href":"https:\/\/www.drazice-shop.lv\/en\/wp-json\/wp\/v2\/types\/product"}],"wp:featuredmedia":[{"embeddable":true,"href":"https:\/\/www.drazice-shop.lv\/en\/wp-json\/wp\/v2\/media\/8115"}],"wp:attachment":[{"href":"https:\/\/www.drazice-shop.lv\/en\/wp-json\/wp\/v2\/media?parent=8124"}],"wp:term":[{"taxonomy":"product_cat","embeddable":true,"href":"https:\/\/www.drazice-shop.lv\/en\/wp-json\/wp\/v2\/product_cat?post=8124"},{"taxonomy":"product_tag","embeddable":true,"href":"https:\/\/www.drazice-shop.lv\/en\/wp-json\/wp\/v2\/product_tag?post=8124"}],"curies":[{"name":"wp","href":"https:\/\/api.w.org\/{rel}","templated":true}]}}