{"id":7831,"date":"2023-11-14T20:10:08","date_gmt":"2023-11-14T17:10:08","guid":{"rendered":"https:\/\/www.drazice-shop.lv\/product\/sildelements-tj-6-4-4-5-kw-500mm-new-pagarints\/"},"modified":"2026-04-17T17:25:24","modified_gmt":"2026-04-17T14:25:24","slug":"sildelements-tj-6-4-4-5-kw-500mm-new-pagarints","status":"publish","type":"product","link":"https:\/\/www.drazice-shop.lv\/en\/product\/sildelements-tj-6-4-4-5-kw-500mm-new-pagarints\/","title":{"rendered":"Sildelements TJ 6\/4` &#8211; 4,5 kW 500mm NEW pagarin\u0101ts"},"content":{"rendered":"<p>TJ 6\/4&#8243; UZSKR\u016aV\u0112JAMS SILDELEMENTS<br \/>\nIeskr\u016bv\u0113jams elektriskais sild\u012bt\u0101js ar dro\u0161\u012bbas termostatu, piem\u0113rots k\u0101 papildu sild\u012bt\u0101js karst\u0101 \u016bdens tvertn\u0113m, p\u0113c izv\u0113les ar darba termostatu vai ar S un E versij\u0101m ar \u0101r\u0113jo temperat\u016bras kontroli.<\/p>\n<p>Vair\u0101k inform\u0101cijas par TJ 6\/4&#8221; siltummezglu<\/p>\n<p>*Uzst\u0101d\u012b\u0161ana uz G 6\/4&#8221; v\u012bt\u0146otas uzmavas<br \/>\n*Sildelementa jaudu var izv\u0113l\u0113ties no 2 l\u012bdz 9 kW<br \/>\n*230 V vai 400 V elektroinstal\u0101cija<br \/>\n*Termostats ar \u0101r\u0113jo vad\u012bbu nodro\u0161ina vienm\u0113r\u012bgu temperat\u016bras regul\u0113\u0161anu l\u012bdz 5\u201374 \u00b0C<br \/>\n*Izmanto k\u0101 papildu sild\u012bt\u0101ju NTR\/NTRR sild\u012bt\u0101jiem, \u012bpa\u0161i, ja to uzst\u0101da saules sist\u0113m\u0101<br \/>\n*Ier\u012bci var izmantot \u016bdens sild\u012b\u0161anai cit\u0101s ier\u012bc\u0113s, iev\u0113rojot nor\u0101d\u012bjumus, kas sniegti instrukciju rokasgr\u0101mat\u0101<br \/>\n*Versija &#8220;S&#8221; tiek vad\u012bta, izmantojot \u0101r\u0113jo regul\u0113\u0161anu (integr\u0113ts kontaktors).<br \/>\n*Versija &#8220;E&#8221; tiek vad\u012bta elektroniski<\/p>\n","protected":false},"excerpt":{"rendered":"<p>TJ 6\/4&#8243; UZSKR\u016aV\u0112JAMS SILDELEMENTS Ieskr\u016bv\u0113jams elektriskais sild\u012bt\u0101js ar dro\u0161\u012bbas termostatu, piem\u0113rots k\u0101 papildu sild\u012bt\u0101js karst\u0101 \u016bdens tvertn\u0113m, p\u0113c izv\u0113les ar darba termostatu vai ar S un E versij\u0101m ar \u0101r\u0113jo temperat\u016bras kontroli. Vair\u0101k inform\u0101cijas par TJ 6\/4&#8221; siltummezglu *Uzst\u0101d\u012b\u0161ana uz G 6\/4&#8221; v\u012bt\u0146otas uzmavas *Sildelementa jaudu var izv\u0113l\u0113ties no 2 l\u012bdz 9 kW *230 V<\/p>\n<div class=\"klb-readmore entry-button\"><a class=\"btn read-more\" href=\"https:\/\/www.drazice-shop.lv\/en\/product\/sildelements-tj-6-4-4-5-kw-500mm-new-pagarints\/\">Read More<\/a><\/div>\n","protected":false},"featured_media":8465,"template":"","meta":{"inline_featured_image":false},"product_cat":[134,662],"product_tag":[],"class_list":{"0":"post-7831","1":"product","2":"type-product","3":"status-publish","4":"has-post-thumbnail","6":"product_cat-sildelementi","7":"product_cat-sildelementi-tj-6-4","8":"pa_1300093612-sildelementi-tj","10":"first","11":"instock","12":"sale","13":"taxable","14":"shipping-taxable","15":"purchasable","16":"product-type-simple"},"yoast_head":"<!-- This site is optimized with the Yoast SEO plugin v21.7 - https:\/\/yoast.com\/wordpress\/plugins\/seo\/ -->\n<title>Sildelements TJ 6\/4` - 4,5 kW 500mm NEW pagarin\u0101ts - DRA\u017dICE<\/title>\n<meta name=\"robots\" content=\"index, follow, max-snippet:-1, max-image-preview:large, max-video-preview:-1\" \/>\n<link rel=\"canonical\" href=\"https:\/\/www.drazice-shop.lv\/product\/sildelements-tj-6-4-4-5-kw-500mm-new-pagarints\/\" \/>\n<meta property=\"og:locale\" content=\"en_US\" \/>\n<meta property=\"og:type\" content=\"article\" \/>\n<meta property=\"og:title\" content=\"Sildelements TJ 6\/4` - 4,5 kW 500mm NEW pagarin\u0101ts - DRA\u017dICE\" \/>\n<meta property=\"og:description\" content=\"TJ 6\/4&#8243; UZSKR\u016aV\u0112JAMS SILDELEMENTS Ieskr\u016bv\u0113jams elektriskais sild\u012bt\u0101js ar dro\u0161\u012bbas termostatu, piem\u0113rots k\u0101 papildu sild\u012bt\u0101js karst\u0101 \u016bdens tvertn\u0113m, p\u0113c izv\u0113les ar darba termostatu vai ar S un E versij\u0101m ar \u0101r\u0113jo temperat\u016bras kontroli. Vair\u0101k inform\u0101cijas par TJ 6\/4&#8221; siltummezglu *Uzst\u0101d\u012b\u0161ana uz G 6\/4&#8221; v\u012bt\u0146otas uzmavas *Sildelementa jaudu var izv\u0113l\u0113ties no 2 l\u012bdz 9 kW *230 VRead More\" \/>\n<meta property=\"og:url\" content=\"https:\/\/www.drazice-shop.lv\/product\/sildelements-tj-6-4-4-5-kw-500mm-new-pagarints\/\" \/>\n<meta property=\"og:site_name\" content=\"DRA\u017dICE\" \/>\n<meta property=\"article:modified_time\" content=\"2026-04-17T14:25:24+00:00\" \/>\n<meta property=\"og:image\" content=\"https:\/\/www.drazice-shop.lv\/wp-content\/uploads\/TJ-64.jpg\" \/>\n\t<meta property=\"og:image:width\" content=\"500\" \/>\n\t<meta property=\"og:image:height\" content=\"500\" \/>\n\t<meta property=\"og:image:type\" content=\"image\/jpeg\" \/>\n<meta name=\"twitter:card\" content=\"summary_large_image\" \/>\n<meta name=\"twitter:label1\" content=\"Est. reading time\" \/>\n\t<meta name=\"twitter:data1\" content=\"1 minute\" \/>\n<script type=\"application\/ld+json\" class=\"yoast-schema-graph\">{\"@context\":\"https:\/\/schema.org\",\"@graph\":[{\"@type\":\"WebPage\",\"@id\":\"https:\/\/www.drazice-shop.lv\/product\/sildelements-tj-6-4-4-5-kw-500mm-new-pagarints\/\",\"url\":\"https:\/\/www.drazice-shop.lv\/product\/sildelements-tj-6-4-4-5-kw-500mm-new-pagarints\/\",\"name\":\"Sildelements TJ 6\/4` - 4,5 kW 500mm NEW pagarin\u0101ts - DRA\u017dICE\",\"isPartOf\":{\"@id\":\"https:\/\/www.drazice-shop.lv\/#website\"},\"datePublished\":\"2023-11-14T17:10:08+00:00\",\"dateModified\":\"2026-04-17T14:25:24+00:00\",\"breadcrumb\":{\"@id\":\"https:\/\/www.drazice-shop.lv\/product\/sildelements-tj-6-4-4-5-kw-500mm-new-pagarints\/#breadcrumb\"},\"inLanguage\":\"en-US\",\"potentialAction\":[{\"@type\":\"ReadAction\",\"target\":[\"https:\/\/www.drazice-shop.lv\/product\/sildelements-tj-6-4-4-5-kw-500mm-new-pagarints\/\"]}]},{\"@type\":\"BreadcrumbList\",\"@id\":\"https:\/\/www.drazice-shop.lv\/product\/sildelements-tj-6-4-4-5-kw-500mm-new-pagarints\/#breadcrumb\",\"itemListElement\":[{\"@type\":\"ListItem\",\"position\":1,\"name\":\"Home\",\"item\":\"https:\/\/www.drazice-shop.lv\/\"},{\"@type\":\"ListItem\",\"position\":2,\"name\":\"Products\",\"item\":\"https:\/\/www.drazice-shop.lv\/katalogs\/\"},{\"@type\":\"ListItem\",\"position\":3,\"name\":\"Sildelements TJ 6\/4` &#8211; 4,5 kW 500mm NEW pagarin\u0101ts\"}]},{\"@type\":\"WebSite\",\"@id\":\"https:\/\/www.drazice-shop.lv\/#website\",\"url\":\"https:\/\/www.drazice-shop.lv\/\",\"name\":\"DRA\u017dICE\",\"description\":\"\",\"potentialAction\":[{\"@type\":\"SearchAction\",\"target\":{\"@type\":\"EntryPoint\",\"urlTemplate\":\"https:\/\/www.drazice-shop.lv\/?s={search_term_string}\"},\"query-input\":\"required name=search_term_string\"}],\"inLanguage\":\"en-US\"}]}<\/script>\n<!-- \/ Yoast SEO plugin. -->","yoast_head_json":{"title":"Sildelements TJ 6\/4` - 4,5 kW 500mm NEW pagarin\u0101ts - DRA\u017dICE","robots":{"index":"index","follow":"follow","max-snippet":"max-snippet:-1","max-image-preview":"max-image-preview:large","max-video-preview":"max-video-preview:-1"},"canonical":"https:\/\/www.drazice-shop.lv\/product\/sildelements-tj-6-4-4-5-kw-500mm-new-pagarints\/","og_locale":"en_US","og_type":"article","og_title":"Sildelements TJ 6\/4` - 4,5 kW 500mm NEW pagarin\u0101ts - DRA\u017dICE","og_description":"TJ 6\/4&#8243; UZSKR\u016aV\u0112JAMS SILDELEMENTS Ieskr\u016bv\u0113jams elektriskais sild\u012bt\u0101js ar dro\u0161\u012bbas termostatu, piem\u0113rots k\u0101 papildu sild\u012bt\u0101js karst\u0101 \u016bdens tvertn\u0113m, p\u0113c izv\u0113les ar darba termostatu vai ar S un E versij\u0101m ar \u0101r\u0113jo temperat\u016bras kontroli. Vair\u0101k inform\u0101cijas par TJ 6\/4&#8221; siltummezglu *Uzst\u0101d\u012b\u0161ana uz G 6\/4&#8221; v\u012bt\u0146otas uzmavas *Sildelementa jaudu var izv\u0113l\u0113ties no 2 l\u012bdz 9 kW *230 VRead More","og_url":"https:\/\/www.drazice-shop.lv\/product\/sildelements-tj-6-4-4-5-kw-500mm-new-pagarints\/","og_site_name":"DRA\u017dICE","article_modified_time":"2026-04-17T14:25:24+00:00","og_image":[{"width":500,"height":500,"url":"https:\/\/www.drazice-shop.lv\/wp-content\/uploads\/TJ-64.jpg","type":"image\/jpeg"}],"twitter_card":"summary_large_image","twitter_misc":{"Est. reading time":"1 minute"},"schema":{"@context":"https:\/\/schema.org","@graph":[{"@type":"WebPage","@id":"https:\/\/www.drazice-shop.lv\/product\/sildelements-tj-6-4-4-5-kw-500mm-new-pagarints\/","url":"https:\/\/www.drazice-shop.lv\/product\/sildelements-tj-6-4-4-5-kw-500mm-new-pagarints\/","name":"Sildelements TJ 6\/4` - 4,5 kW 500mm NEW pagarin\u0101ts - DRA\u017dICE","isPartOf":{"@id":"https:\/\/www.drazice-shop.lv\/#website"},"datePublished":"2023-11-14T17:10:08+00:00","dateModified":"2026-04-17T14:25:24+00:00","breadcrumb":{"@id":"https:\/\/www.drazice-shop.lv\/product\/sildelements-tj-6-4-4-5-kw-500mm-new-pagarints\/#breadcrumb"},"inLanguage":"en-US","potentialAction":[{"@type":"ReadAction","target":["https:\/\/www.drazice-shop.lv\/product\/sildelements-tj-6-4-4-5-kw-500mm-new-pagarints\/"]}]},{"@type":"BreadcrumbList","@id":"https:\/\/www.drazice-shop.lv\/product\/sildelements-tj-6-4-4-5-kw-500mm-new-pagarints\/#breadcrumb","itemListElement":[{"@type":"ListItem","position":1,"name":"Home","item":"https:\/\/www.drazice-shop.lv\/"},{"@type":"ListItem","position":2,"name":"Products","item":"https:\/\/www.drazice-shop.lv\/katalogs\/"},{"@type":"ListItem","position":3,"name":"Sildelements TJ 6\/4` &#8211; 4,5 kW 500mm NEW pagarin\u0101ts"}]},{"@type":"WebSite","@id":"https:\/\/www.drazice-shop.lv\/#website","url":"https:\/\/www.drazice-shop.lv\/","name":"DRA\u017dICE","description":"","potentialAction":[{"@type":"SearchAction","target":{"@type":"EntryPoint","urlTemplate":"https:\/\/www.drazice-shop.lv\/?s={search_term_string}"},"query-input":"required name=search_term_string"}],"inLanguage":"en-US"}]}},"_links":{"self":[{"href":"https:\/\/www.drazice-shop.lv\/en\/wp-json\/wp\/v2\/product\/7831","targetHints":{"allow":["GET"]}}],"collection":[{"href":"https:\/\/www.drazice-shop.lv\/en\/wp-json\/wp\/v2\/product"}],"about":[{"href":"https:\/\/www.drazice-shop.lv\/en\/wp-json\/wp\/v2\/types\/product"}],"wp:featuredmedia":[{"embeddable":true,"href":"https:\/\/www.drazice-shop.lv\/en\/wp-json\/wp\/v2\/media\/8465"}],"wp:attachment":[{"href":"https:\/\/www.drazice-shop.lv\/en\/wp-json\/wp\/v2\/media?parent=7831"}],"wp:term":[{"taxonomy":"product_cat","embeddable":true,"href":"https:\/\/www.drazice-shop.lv\/en\/wp-json\/wp\/v2\/product_cat?post=7831"},{"taxonomy":"product_tag","embeddable":true,"href":"https:\/\/www.drazice-shop.lv\/en\/wp-json\/wp\/v2\/product_tag?post=7831"}],"curies":[{"name":"wp","href":"https:\/\/api.w.org\/{rel}","templated":true}]}}