{"id":7787,"date":"2023-11-14T20:09:09","date_gmt":"2023-11-14T17:09:09","guid":{"rendered":"https:\/\/www.drazice-shop.lv\/product\/sildelements-priek-tpk-150-8-3-3kw\/"},"modified":"2026-04-05T20:15:27","modified_gmt":"2026-04-05T17:15:27","slug":"sildelements-priek-tpk-150-8-3-3kw","status":"publish","type":"product","link":"https:\/\/www.drazice-shop.lv\/en\/product\/sildelements-priek-tpk-150-8-3-3kw\/","title":{"rendered":"Sildelements priek\u0161 TPK 150-8\/3.3kW"},"content":{"rendered":"<p>ELEKTRISKAIS SILD\u012aT\u0100JS TPK<br \/>\nAtloka sildelements ar keramisku sildelementu, savs darba un dro\u0161\u012bbas termostats, kas piem\u0113rots k\u0101 papildu sild\u012bt\u0101js karst\u0101 \u016bdens tvertn\u0113m.<\/p>\n<p>Ier\u012bce ir paredz\u0113ta uzst\u0101d\u012b\u0161anai OKCE 160\u2013500 S, OKC 160\u2013500 NTR(NTRR)\/BP sild\u012bt\u0101ju atloka atver\u0113 atbilsto\u0161i sild\u012bt\u0101ja atloka izm\u0113riem. Tas ir apr\u012bkots ar keramikas sildelementiem un darb\u012bbas un dro\u0161\u012bbas termostatu ar karst\u0101 \u016bdens temperat\u016bras kontroli diapazon\u0101 no 5 l\u012bdz 74 \u00b0C<\/p>\n<p>TPK 210\/12 apsildes atlokus var izmantot ar\u012b uzglab\u0101\u0161anas tvertn\u0113s ar atloku, ti, NAD v1, NAD v3-v5 un NADO v1-v3. Izmantojot 225\/210 samazin\u0101\u0161anas atloku, ier\u012bci var izmantot ar\u012b OKC NTR\/BP , OKC NTRR\/BP , OKC NTR\/HP , OKC NTRR\/HP\/SOL un OKCE S sild\u012bt\u0101jiem.<\/p>\n","protected":false},"excerpt":{"rendered":"<p>ELEKTRISKAIS SILD\u012aT\u0100JS TPK Atloka sildelements ar keramisku sildelementu, savs darba un dro\u0161\u012bbas termostats, kas piem\u0113rots k\u0101 papildu sild\u012bt\u0101js karst\u0101 \u016bdens tvertn\u0113m. Ier\u012bce ir paredz\u0113ta uzst\u0101d\u012b\u0161anai OKCE 160\u2013500 S, OKC 160\u2013500 NTR(NTRR)\/BP sild\u012bt\u0101ju atloka atver\u0113 atbilsto\u0161i sild\u012bt\u0101ja atloka izm\u0113riem. Tas ir apr\u012bkots ar keramikas sildelementiem un darb\u012bbas un dro\u0161\u012bbas termostatu ar karst\u0101 \u016bdens temperat\u016bras kontroli diapazon\u0101<\/p>\n<div class=\"klb-readmore entry-button\"><a class=\"btn read-more\" href=\"https:\/\/www.drazice-shop.lv\/en\/product\/sildelements-priek-tpk-150-8-3-3kw\/\">Read More<\/a><\/div>\n","protected":false},"featured_media":8468,"template":"","meta":{"inline_featured_image":false},"product_cat":[134,661],"product_tag":[],"class_list":{"0":"post-7787","1":"product","2":"type-product","3":"status-publish","4":"has-post-thumbnail","6":"product_cat-sildelementi","7":"product_cat-sildelementi-prieks-bp-boileriem","8":"pa_1300093612-sildelementi-bp","10":"first","11":"instock","12":"sale","13":"taxable","14":"shipping-taxable","15":"purchasable","16":"product-type-simple"},"yoast_head":"<!-- This site is optimized with the Yoast SEO plugin v21.7 - https:\/\/yoast.com\/wordpress\/plugins\/seo\/ -->\n<title>Sildelements priek\u0161 TPK 150-8\/3.3kW - DRA\u017dICE<\/title>\n<meta name=\"robots\" content=\"index, follow, max-snippet:-1, max-image-preview:large, max-video-preview:-1\" \/>\n<link rel=\"canonical\" href=\"https:\/\/www.drazice-shop.lv\/product\/sildelements-priek-tpk-150-8-3-3kw\/\" \/>\n<meta property=\"og:locale\" content=\"en_US\" \/>\n<meta property=\"og:type\" content=\"article\" \/>\n<meta property=\"og:title\" content=\"Sildelements priek\u0161 TPK 150-8\/3.3kW - DRA\u017dICE\" \/>\n<meta property=\"og:description\" content=\"ELEKTRISKAIS SILD\u012aT\u0100JS TPK Atloka sildelements ar keramisku sildelementu, savs darba un dro\u0161\u012bbas termostats, kas piem\u0113rots k\u0101 papildu sild\u012bt\u0101js karst\u0101 \u016bdens tvertn\u0113m. Ier\u012bce ir paredz\u0113ta uzst\u0101d\u012b\u0161anai OKCE 160\u2013500 S, OKC 160\u2013500 NTR(NTRR)\/BP sild\u012bt\u0101ju atloka atver\u0113 atbilsto\u0161i sild\u012bt\u0101ja atloka izm\u0113riem. Tas ir apr\u012bkots ar keramikas sildelementiem un darb\u012bbas un dro\u0161\u012bbas termostatu ar karst\u0101 \u016bdens temperat\u016bras kontroli diapazon\u0101Read More\" \/>\n<meta property=\"og:url\" content=\"https:\/\/www.drazice-shop.lv\/product\/sildelements-priek-tpk-150-8-3-3kw\/\" \/>\n<meta property=\"og:site_name\" content=\"DRA\u017dICE\" \/>\n<meta property=\"article:modified_time\" content=\"2026-04-05T17:15:27+00:00\" \/>\n<meta property=\"og:image\" content=\"https:\/\/www.drazice-shop.lv\/wp-content\/uploads\/TPK.jpg\" \/>\n\t<meta property=\"og:image:width\" content=\"500\" \/>\n\t<meta property=\"og:image:height\" content=\"500\" \/>\n\t<meta property=\"og:image:type\" content=\"image\/jpeg\" \/>\n<meta name=\"twitter:card\" content=\"summary_large_image\" \/>\n<meta name=\"twitter:label1\" content=\"Est. reading time\" \/>\n\t<meta name=\"twitter:data1\" content=\"1 minute\" \/>\n<script type=\"application\/ld+json\" class=\"yoast-schema-graph\">{\"@context\":\"https:\/\/schema.org\",\"@graph\":[{\"@type\":\"WebPage\",\"@id\":\"https:\/\/www.drazice-shop.lv\/product\/sildelements-priek-tpk-150-8-3-3kw\/\",\"url\":\"https:\/\/www.drazice-shop.lv\/product\/sildelements-priek-tpk-150-8-3-3kw\/\",\"name\":\"Sildelements priek\u0161 TPK 150-8\/3.3kW - DRA\u017dICE\",\"isPartOf\":{\"@id\":\"https:\/\/www.drazice-shop.lv\/#website\"},\"datePublished\":\"2023-11-14T17:09:09+00:00\",\"dateModified\":\"2026-04-05T17:15:27+00:00\",\"breadcrumb\":{\"@id\":\"https:\/\/www.drazice-shop.lv\/product\/sildelements-priek-tpk-150-8-3-3kw\/#breadcrumb\"},\"inLanguage\":\"en-US\",\"potentialAction\":[{\"@type\":\"ReadAction\",\"target\":[\"https:\/\/www.drazice-shop.lv\/product\/sildelements-priek-tpk-150-8-3-3kw\/\"]}]},{\"@type\":\"BreadcrumbList\",\"@id\":\"https:\/\/www.drazice-shop.lv\/product\/sildelements-priek-tpk-150-8-3-3kw\/#breadcrumb\",\"itemListElement\":[{\"@type\":\"ListItem\",\"position\":1,\"name\":\"Home\",\"item\":\"https:\/\/www.drazice-shop.lv\/\"},{\"@type\":\"ListItem\",\"position\":2,\"name\":\"Products\",\"item\":\"https:\/\/www.drazice-shop.lv\/katalogs\/\"},{\"@type\":\"ListItem\",\"position\":3,\"name\":\"Sildelements priek\u0161 TPK 150-8\/3.3kW\"}]},{\"@type\":\"WebSite\",\"@id\":\"https:\/\/www.drazice-shop.lv\/#website\",\"url\":\"https:\/\/www.drazice-shop.lv\/\",\"name\":\"DRA\u017dICE\",\"description\":\"\",\"potentialAction\":[{\"@type\":\"SearchAction\",\"target\":{\"@type\":\"EntryPoint\",\"urlTemplate\":\"https:\/\/www.drazice-shop.lv\/?s={search_term_string}\"},\"query-input\":\"required name=search_term_string\"}],\"inLanguage\":\"en-US\"}]}<\/script>\n<!-- \/ Yoast SEO plugin. -->","yoast_head_json":{"title":"Sildelements priek\u0161 TPK 150-8\/3.3kW - DRA\u017dICE","robots":{"index":"index","follow":"follow","max-snippet":"max-snippet:-1","max-image-preview":"max-image-preview:large","max-video-preview":"max-video-preview:-1"},"canonical":"https:\/\/www.drazice-shop.lv\/product\/sildelements-priek-tpk-150-8-3-3kw\/","og_locale":"en_US","og_type":"article","og_title":"Sildelements priek\u0161 TPK 150-8\/3.3kW - DRA\u017dICE","og_description":"ELEKTRISKAIS SILD\u012aT\u0100JS TPK Atloka sildelements ar keramisku sildelementu, savs darba un dro\u0161\u012bbas termostats, kas piem\u0113rots k\u0101 papildu sild\u012bt\u0101js karst\u0101 \u016bdens tvertn\u0113m. Ier\u012bce ir paredz\u0113ta uzst\u0101d\u012b\u0161anai OKCE 160\u2013500 S, OKC 160\u2013500 NTR(NTRR)\/BP sild\u012bt\u0101ju atloka atver\u0113 atbilsto\u0161i sild\u012bt\u0101ja atloka izm\u0113riem. Tas ir apr\u012bkots ar keramikas sildelementiem un darb\u012bbas un dro\u0161\u012bbas termostatu ar karst\u0101 \u016bdens temperat\u016bras kontroli diapazon\u0101Read More","og_url":"https:\/\/www.drazice-shop.lv\/product\/sildelements-priek-tpk-150-8-3-3kw\/","og_site_name":"DRA\u017dICE","article_modified_time":"2026-04-05T17:15:27+00:00","og_image":[{"width":500,"height":500,"url":"https:\/\/www.drazice-shop.lv\/wp-content\/uploads\/TPK.jpg","type":"image\/jpeg"}],"twitter_card":"summary_large_image","twitter_misc":{"Est. reading time":"1 minute"},"schema":{"@context":"https:\/\/schema.org","@graph":[{"@type":"WebPage","@id":"https:\/\/www.drazice-shop.lv\/product\/sildelements-priek-tpk-150-8-3-3kw\/","url":"https:\/\/www.drazice-shop.lv\/product\/sildelements-priek-tpk-150-8-3-3kw\/","name":"Sildelements priek\u0161 TPK 150-8\/3.3kW - DRA\u017dICE","isPartOf":{"@id":"https:\/\/www.drazice-shop.lv\/#website"},"datePublished":"2023-11-14T17:09:09+00:00","dateModified":"2026-04-05T17:15:27+00:00","breadcrumb":{"@id":"https:\/\/www.drazice-shop.lv\/product\/sildelements-priek-tpk-150-8-3-3kw\/#breadcrumb"},"inLanguage":"en-US","potentialAction":[{"@type":"ReadAction","target":["https:\/\/www.drazice-shop.lv\/product\/sildelements-priek-tpk-150-8-3-3kw\/"]}]},{"@type":"BreadcrumbList","@id":"https:\/\/www.drazice-shop.lv\/product\/sildelements-priek-tpk-150-8-3-3kw\/#breadcrumb","itemListElement":[{"@type":"ListItem","position":1,"name":"Home","item":"https:\/\/www.drazice-shop.lv\/"},{"@type":"ListItem","position":2,"name":"Products","item":"https:\/\/www.drazice-shop.lv\/katalogs\/"},{"@type":"ListItem","position":3,"name":"Sildelements priek\u0161 TPK 150-8\/3.3kW"}]},{"@type":"WebSite","@id":"https:\/\/www.drazice-shop.lv\/#website","url":"https:\/\/www.drazice-shop.lv\/","name":"DRA\u017dICE","description":"","potentialAction":[{"@type":"SearchAction","target":{"@type":"EntryPoint","urlTemplate":"https:\/\/www.drazice-shop.lv\/?s={search_term_string}"},"query-input":"required name=search_term_string"}],"inLanguage":"en-US"}]}},"_links":{"self":[{"href":"https:\/\/www.drazice-shop.lv\/en\/wp-json\/wp\/v2\/product\/7787","targetHints":{"allow":["GET"]}}],"collection":[{"href":"https:\/\/www.drazice-shop.lv\/en\/wp-json\/wp\/v2\/product"}],"about":[{"href":"https:\/\/www.drazice-shop.lv\/en\/wp-json\/wp\/v2\/types\/product"}],"wp:featuredmedia":[{"embeddable":true,"href":"https:\/\/www.drazice-shop.lv\/en\/wp-json\/wp\/v2\/media\/8468"}],"wp:attachment":[{"href":"https:\/\/www.drazice-shop.lv\/en\/wp-json\/wp\/v2\/media?parent=7787"}],"wp:term":[{"taxonomy":"product_cat","embeddable":true,"href":"https:\/\/www.drazice-shop.lv\/en\/wp-json\/wp\/v2\/product_cat?post=7787"},{"taxonomy":"product_tag","embeddable":true,"href":"https:\/\/www.drazice-shop.lv\/en\/wp-json\/wp\/v2\/product_tag?post=7787"}],"curies":[{"name":"wp","href":"https:\/\/api.w.org\/{rel}","templated":true}]}}