{"id":7771,"date":"2023-11-14T20:07:20","date_gmt":"2023-11-14T17:07:20","guid":{"rendered":"https:\/\/www.drazice-shop.lv\/product\/draice-solrie-trsildtji-okc-300-ntrr-sol\/"},"modified":"2026-04-30T18:45:28","modified_gmt":"2026-04-30T15:45:28","slug":"draice-solrie-trsildtji-okc-300-ntrr-sol","status":"publish","type":"product","link":"https:\/\/www.drazice-shop.lv\/en\/product\/draice-solrie-trsildtji-okc-300-ntrr-sol\/","title":{"rendered":"Dra\u017eice sol\u0101rie \u0101trsild\u012bt\u0101ji OKC 300 NTRR\/SOL"},"content":{"rendered":"<p>OKC 200 &#8211; 300 NTRR\/SOL &#8211; \u016bdenssild\u012bt\u0101ji paredz\u0113ti karst\u0101 \u016bdens sagatavo\u0161anai ar saules ener\u0123ijas pal\u012bdz\u012bbu. \u016adenssild\u012bt\u0101ju nomin\u0101l\u0101 jauda nodro\u0161ina pietieko\u0161u daudzumu karst\u0101 \u016bdens priv\u0101tm\u0101j\u0101m, ra\u017eo\u0161anas \u0113k\u0101m, restor\u0101niem, kafejn\u012bc\u0101m u.c. l\u012bdz\u012bgiem objektiem.<\/p>\n","protected":false},"excerpt":{"rendered":"<p>OKC 200 &#8211; 300 NTRR\/SOL &#8211; \u016bdenssild\u012bt\u0101ji paredz\u0113ti karst\u0101 \u016bdens sagatavo\u0161anai ar saules ener\u0123ijas pal\u012bdz\u012bbu. \u016adenssild\u012bt\u0101ju nomin\u0101l\u0101 jauda nodro\u0161ina pietieko\u0161u daudzumu karst\u0101 \u016bdens priv\u0101tm\u0101j\u0101m, ra\u017eo\u0161anas \u0113k\u0101m, restor\u0101niem, kafejn\u012bc\u0101m u.c. l\u012bdz\u012bgiem objektiem.<\/p>\n","protected":false},"featured_media":8472,"template":"","meta":{"inline_featured_image":false},"product_cat":[581,131],"product_tag":[],"class_list":{"0":"post-7771","1":"product","2":"type-product","3":"status-publish","4":"has-post-thumbnail","6":"product_cat-solarie-atrsilditaji","7":"product_cat-solarie-udens-silditaji","8":"pa_130000057-649","9":"pa_130000995-vertikalie","10":"pa_1300020014-660","11":"pa_1300020015-ntrr-sol","12":"pa_1300020016-drazice","13":"pa_1300020017-cehija","14":"pa_1300020018-680","15":"pa_1300020019-c","16":"pa_130002885-atrsilditaji","17":"pa_1300100010-653","18":"pa_1300100011-632","19":"pa_1300100012-35-24","20":"pa_1300100013-24-16","21":"pa_1300100014-1100-670","22":"pa_1300100015-21-13","23":"pa_1300100016-35-19","24":"pa_1300100017-517-330","25":"pa_130010004-625","26":"pa_130010005-626","27":"pa_130010006-627","28":"pa_130010007-628","29":"pa_130010008-652","30":"pa_130010009-630","31":"pa_130012103-650","32":"pa_130012104-651","34":"first","35":"instock","36":"sale","37":"taxable","38":"shipping-taxable","39":"purchasable","40":"product-type-simple"},"yoast_head":"<!-- This site is optimized with the Yoast SEO plugin v21.7 - https:\/\/yoast.com\/wordpress\/plugins\/seo\/ -->\n<title>Dra\u017eice sol\u0101rie \u0101trsild\u012bt\u0101ji OKC 300 NTRR\/SOL - DRA\u017dICE<\/title>\n<meta name=\"robots\" content=\"index, follow, max-snippet:-1, max-image-preview:large, max-video-preview:-1\" \/>\n<link rel=\"canonical\" href=\"https:\/\/www.drazice-shop.lv\/product\/draice-solrie-trsildtji-okc-300-ntrr-sol\/\" \/>\n<meta property=\"og:locale\" content=\"en_US\" \/>\n<meta property=\"og:type\" content=\"article\" \/>\n<meta property=\"og:title\" content=\"Dra\u017eice sol\u0101rie \u0101trsild\u012bt\u0101ji OKC 300 NTRR\/SOL - DRA\u017dICE\" \/>\n<meta property=\"og:description\" content=\"OKC 200 &#8211; 300 NTRR\/SOL &#8211; \u016bdenssild\u012bt\u0101ji paredz\u0113ti karst\u0101 \u016bdens sagatavo\u0161anai ar saules ener\u0123ijas pal\u012bdz\u012bbu. \u016adenssild\u012bt\u0101ju nomin\u0101l\u0101 jauda nodro\u0161ina pietieko\u0161u daudzumu karst\u0101 \u016bdens priv\u0101tm\u0101j\u0101m, ra\u017eo\u0161anas \u0113k\u0101m, restor\u0101niem, kafejn\u012bc\u0101m u.c. l\u012bdz\u012bgiem objektiem.\" \/>\n<meta property=\"og:url\" content=\"https:\/\/www.drazice-shop.lv\/product\/draice-solrie-trsildtji-okc-300-ntrr-sol\/\" \/>\n<meta property=\"og:site_name\" content=\"DRA\u017dICE\" \/>\n<meta property=\"article:modified_time\" content=\"2026-04-30T15:45:28+00:00\" \/>\n<meta property=\"og:image\" content=\"https:\/\/www.drazice-shop.lv\/wp-content\/uploads\/OKC-NTRR_SOL.jpg\" \/>\n\t<meta property=\"og:image:width\" content=\"500\" \/>\n\t<meta property=\"og:image:height\" content=\"500\" \/>\n\t<meta property=\"og:image:type\" content=\"image\/jpeg\" \/>\n<meta name=\"twitter:card\" content=\"summary_large_image\" \/>\n<meta name=\"twitter:label1\" content=\"Est. reading time\" \/>\n\t<meta name=\"twitter:data1\" content=\"1 minute\" \/>\n<script type=\"application\/ld+json\" class=\"yoast-schema-graph\">{\"@context\":\"https:\/\/schema.org\",\"@graph\":[{\"@type\":\"WebPage\",\"@id\":\"https:\/\/www.drazice-shop.lv\/product\/draice-solrie-trsildtji-okc-300-ntrr-sol\/\",\"url\":\"https:\/\/www.drazice-shop.lv\/product\/draice-solrie-trsildtji-okc-300-ntrr-sol\/\",\"name\":\"Dra\u017eice sol\u0101rie \u0101trsild\u012bt\u0101ji OKC 300 NTRR\/SOL - DRA\u017dICE\",\"isPartOf\":{\"@id\":\"https:\/\/www.drazice-shop.lv\/#website\"},\"datePublished\":\"2023-11-14T17:07:20+00:00\",\"dateModified\":\"2026-04-30T15:45:28+00:00\",\"breadcrumb\":{\"@id\":\"https:\/\/www.drazice-shop.lv\/product\/draice-solrie-trsildtji-okc-300-ntrr-sol\/#breadcrumb\"},\"inLanguage\":\"en-US\",\"potentialAction\":[{\"@type\":\"ReadAction\",\"target\":[\"https:\/\/www.drazice-shop.lv\/product\/draice-solrie-trsildtji-okc-300-ntrr-sol\/\"]}]},{\"@type\":\"BreadcrumbList\",\"@id\":\"https:\/\/www.drazice-shop.lv\/product\/draice-solrie-trsildtji-okc-300-ntrr-sol\/#breadcrumb\",\"itemListElement\":[{\"@type\":\"ListItem\",\"position\":1,\"name\":\"Home\",\"item\":\"https:\/\/www.drazice-shop.lv\/\"},{\"@type\":\"ListItem\",\"position\":2,\"name\":\"Products\",\"item\":\"https:\/\/www.drazice-shop.lv\/katalogs\/\"},{\"@type\":\"ListItem\",\"position\":3,\"name\":\"Dra\u017eice sol\u0101rie \u0101trsild\u012bt\u0101ji OKC 300 NTRR\/SOL\"}]},{\"@type\":\"WebSite\",\"@id\":\"https:\/\/www.drazice-shop.lv\/#website\",\"url\":\"https:\/\/www.drazice-shop.lv\/\",\"name\":\"DRA\u017dICE\",\"description\":\"\",\"potentialAction\":[{\"@type\":\"SearchAction\",\"target\":{\"@type\":\"EntryPoint\",\"urlTemplate\":\"https:\/\/www.drazice-shop.lv\/?s={search_term_string}\"},\"query-input\":\"required name=search_term_string\"}],\"inLanguage\":\"en-US\"}]}<\/script>\n<!-- \/ Yoast SEO plugin. -->","yoast_head_json":{"title":"Dra\u017eice sol\u0101rie \u0101trsild\u012bt\u0101ji OKC 300 NTRR\/SOL - DRA\u017dICE","robots":{"index":"index","follow":"follow","max-snippet":"max-snippet:-1","max-image-preview":"max-image-preview:large","max-video-preview":"max-video-preview:-1"},"canonical":"https:\/\/www.drazice-shop.lv\/product\/draice-solrie-trsildtji-okc-300-ntrr-sol\/","og_locale":"en_US","og_type":"article","og_title":"Dra\u017eice sol\u0101rie \u0101trsild\u012bt\u0101ji OKC 300 NTRR\/SOL - DRA\u017dICE","og_description":"OKC 200 &#8211; 300 NTRR\/SOL &#8211; \u016bdenssild\u012bt\u0101ji paredz\u0113ti karst\u0101 \u016bdens sagatavo\u0161anai ar saules ener\u0123ijas pal\u012bdz\u012bbu. \u016adenssild\u012bt\u0101ju nomin\u0101l\u0101 jauda nodro\u0161ina pietieko\u0161u daudzumu karst\u0101 \u016bdens priv\u0101tm\u0101j\u0101m, ra\u017eo\u0161anas \u0113k\u0101m, restor\u0101niem, kafejn\u012bc\u0101m u.c. l\u012bdz\u012bgiem objektiem.","og_url":"https:\/\/www.drazice-shop.lv\/product\/draice-solrie-trsildtji-okc-300-ntrr-sol\/","og_site_name":"DRA\u017dICE","article_modified_time":"2026-04-30T15:45:28+00:00","og_image":[{"width":500,"height":500,"url":"https:\/\/www.drazice-shop.lv\/wp-content\/uploads\/OKC-NTRR_SOL.jpg","type":"image\/jpeg"}],"twitter_card":"summary_large_image","twitter_misc":{"Est. reading time":"1 minute"},"schema":{"@context":"https:\/\/schema.org","@graph":[{"@type":"WebPage","@id":"https:\/\/www.drazice-shop.lv\/product\/draice-solrie-trsildtji-okc-300-ntrr-sol\/","url":"https:\/\/www.drazice-shop.lv\/product\/draice-solrie-trsildtji-okc-300-ntrr-sol\/","name":"Dra\u017eice sol\u0101rie \u0101trsild\u012bt\u0101ji OKC 300 NTRR\/SOL - DRA\u017dICE","isPartOf":{"@id":"https:\/\/www.drazice-shop.lv\/#website"},"datePublished":"2023-11-14T17:07:20+00:00","dateModified":"2026-04-30T15:45:28+00:00","breadcrumb":{"@id":"https:\/\/www.drazice-shop.lv\/product\/draice-solrie-trsildtji-okc-300-ntrr-sol\/#breadcrumb"},"inLanguage":"en-US","potentialAction":[{"@type":"ReadAction","target":["https:\/\/www.drazice-shop.lv\/product\/draice-solrie-trsildtji-okc-300-ntrr-sol\/"]}]},{"@type":"BreadcrumbList","@id":"https:\/\/www.drazice-shop.lv\/product\/draice-solrie-trsildtji-okc-300-ntrr-sol\/#breadcrumb","itemListElement":[{"@type":"ListItem","position":1,"name":"Home","item":"https:\/\/www.drazice-shop.lv\/"},{"@type":"ListItem","position":2,"name":"Products","item":"https:\/\/www.drazice-shop.lv\/katalogs\/"},{"@type":"ListItem","position":3,"name":"Dra\u017eice sol\u0101rie \u0101trsild\u012bt\u0101ji OKC 300 NTRR\/SOL"}]},{"@type":"WebSite","@id":"https:\/\/www.drazice-shop.lv\/#website","url":"https:\/\/www.drazice-shop.lv\/","name":"DRA\u017dICE","description":"","potentialAction":[{"@type":"SearchAction","target":{"@type":"EntryPoint","urlTemplate":"https:\/\/www.drazice-shop.lv\/?s={search_term_string}"},"query-input":"required name=search_term_string"}],"inLanguage":"en-US"}]}},"_links":{"self":[{"href":"https:\/\/www.drazice-shop.lv\/en\/wp-json\/wp\/v2\/product\/7771","targetHints":{"allow":["GET"]}}],"collection":[{"href":"https:\/\/www.drazice-shop.lv\/en\/wp-json\/wp\/v2\/product"}],"about":[{"href":"https:\/\/www.drazice-shop.lv\/en\/wp-json\/wp\/v2\/types\/product"}],"wp:featuredmedia":[{"embeddable":true,"href":"https:\/\/www.drazice-shop.lv\/en\/wp-json\/wp\/v2\/media\/8472"}],"wp:attachment":[{"href":"https:\/\/www.drazice-shop.lv\/en\/wp-json\/wp\/v2\/media?parent=7771"}],"wp:term":[{"taxonomy":"product_cat","embeddable":true,"href":"https:\/\/www.drazice-shop.lv\/en\/wp-json\/wp\/v2\/product_cat?post=7771"},{"taxonomy":"product_tag","embeddable":true,"href":"https:\/\/www.drazice-shop.lv\/en\/wp-json\/wp\/v2\/product_tag?post=7771"}],"curies":[{"name":"wp","href":"https:\/\/api.w.org\/{rel}","templated":true}]}}