{"id":7540,"date":"2023-11-14T20:01:44","date_gmt":"2023-11-14T17:01:44","guid":{"rendered":"https:\/\/www.drazice-shop.lv\/product\/draice-stacionrie-trsildtji-1-0-mpa-ar-1-siltummaini-400-l-ntr-bp\/"},"modified":"2024-05-20T19:14:26","modified_gmt":"2024-05-20T16:14:26","slug":"draice-stacionrie-trsildtji-1-0-mpa-ar-1-siltummaini-400-l-ntr-bp","status":"publish","type":"product","link":"https:\/\/www.drazice-shop.lv\/en\/product\/draice-stacionrie-trsildtji-1-0-mpa-ar-1-siltummaini-400-l-ntr-bp\/","title":{"rendered":"Dra\u017eice stacion\u0101rie \u0101trsild\u012bt\u0101ji 1,0 MPa ar 1 siltummaini 400 l NTR\/BP"},"content":{"rendered":"<p>Stacion\u0101rs \u016bdenssild\u012bt\u0101js ar tilpumu no 300 &#8211; 1000l ar emalj\u0113tu rezervu\u0101ru un darba spiedienu 1 MPa.<\/p>\n<p>\u016adenssild\u012bt\u0101ji apr\u012bkoti ar vienu (NTR) vai diviem (NTRR) jaud\u012bgiem spir\u0101\u013cu siltummai\u0146iem, ar ligzdu priek\u0161 dev\u0113jiem un vad\u012bbas kontroles, k\u0101 ar\u012b ar t\u012br\u012b\u0161anas l\u016bku. T\u012br\u012b\u0161anas l\u016bk\u0101 ir iesp\u0113ja piesl\u0113gt papildus sildelementu. \u016adenssild\u012bt\u0101jiem ar tilpumu l\u012bdz 500 l siltumizol\u0101cija sast\u0101v no 50 mm ciet\u0101m speci\u0101l\u0101m put\u0101m. \u016adenssild\u012bt\u0101ji ar 750 un 1000 l izol\u0113ti ar 100 mm biez\u0101m m\u012bkst\u0101m put\u0101m.<\/p>\n","protected":false},"excerpt":{"rendered":"<p>Stacion\u0101rs \u016bdenssild\u012bt\u0101js ar tilpumu no 300 &#8211; 1000l ar emalj\u0113tu rezervu\u0101ru un darba spiedienu 1 MPa. \u016adenssild\u012bt\u0101ji apr\u012bkoti ar vienu (NTR) vai diviem (NTRR) jaud\u012bgiem spir\u0101\u013cu siltummai\u0146iem, ar ligzdu priek\u0161 dev\u0113jiem un vad\u012bbas kontroles, k\u0101 ar\u012b ar t\u012br\u012b\u0161anas l\u016bku. T\u012br\u012b\u0161anas l\u016bk\u0101 ir iesp\u0113ja piesl\u0113gt papildus sildelementu. \u016adenssild\u012bt\u0101jiem ar tilpumu l\u012bdz 500 l siltumizol\u0101cija sast\u0101v no<\/p>\n<div class=\"klb-readmore entry-button\"><a class=\"btn read-more\" href=\"https:\/\/www.drazice-shop.lv\/en\/product\/draice-stacionrie-trsildtji-1-0-mpa-ar-1-siltummaini-400-l-ntr-bp\/\">Read More<\/a><\/div>\n","protected":false},"featured_media":8404,"template":"","meta":{"inline_featured_image":false},"product_cat":[130,458],"product_tag":[],"class_list":{"0":"post-7540","1":"product","2":"type-product","3":"status-publish","4":"has-post-thumbnail","6":"product_cat-apkures-boileri-atrsilditaji","7":"product_cat-atrsilditaji-10-mpa-ar-1-siltummaini","8":"pa_130000051-442","9":"pa_130000054-240","10":"pa_130000055-548","11":"pa_130000056-549","12":"pa_130000057-550","13":"pa_130000058-545","14":"pa_130000995-stacionarie","15":"pa_130001809-546","16":"pa_1300020014-229","17":"pa_1300020015-ntr-bp","18":"pa_1300020016-drazice","19":"pa_1300020017-cehija","20":"pa_1300020018-683","21":"pa_1300020019-c","22":"pa_130002002-192","23":"pa_130002003-234","24":"pa_130002885-atrsilditaji","26":"first","27":"instock","28":"sale","29":"taxable","30":"shipping-taxable","31":"purchasable","32":"product-type-simple"},"yoast_head":"<!-- This site is optimized with the Yoast SEO plugin v21.7 - https:\/\/yoast.com\/wordpress\/plugins\/seo\/ -->\n<title>Dra\u017eice stacion\u0101rie \u0101trsild\u012bt\u0101ji 1,0 MPa ar 1 siltummaini 400 l NTR\/BP - DRA\u017dICE<\/title>\n<meta name=\"robots\" content=\"index, follow, max-snippet:-1, max-image-preview:large, max-video-preview:-1\" \/>\n<link rel=\"canonical\" href=\"https:\/\/www.drazice-shop.lv\/product\/draice-stacionrie-trsildtji-1-0-mpa-ar-1-siltummaini-400-l-ntr-bp\/\" \/>\n<meta property=\"og:locale\" content=\"en_US\" \/>\n<meta property=\"og:type\" content=\"article\" \/>\n<meta property=\"og:title\" content=\"Dra\u017eice stacion\u0101rie \u0101trsild\u012bt\u0101ji 1,0 MPa ar 1 siltummaini 400 l NTR\/BP - DRA\u017dICE\" \/>\n<meta property=\"og:description\" content=\"Stacion\u0101rs \u016bdenssild\u012bt\u0101js ar tilpumu no 300 &#8211; 1000l ar emalj\u0113tu rezervu\u0101ru un darba spiedienu 1 MPa. \u016adenssild\u012bt\u0101ji apr\u012bkoti ar vienu (NTR) vai diviem (NTRR) jaud\u012bgiem spir\u0101\u013cu siltummai\u0146iem, ar ligzdu priek\u0161 dev\u0113jiem un vad\u012bbas kontroles, k\u0101 ar\u012b ar t\u012br\u012b\u0161anas l\u016bku. T\u012br\u012b\u0161anas l\u016bk\u0101 ir iesp\u0113ja piesl\u0113gt papildus sildelementu. \u016adenssild\u012bt\u0101jiem ar tilpumu l\u012bdz 500 l siltumizol\u0101cija sast\u0101v noRead More\" \/>\n<meta property=\"og:url\" content=\"https:\/\/www.drazice-shop.lv\/product\/draice-stacionrie-trsildtji-1-0-mpa-ar-1-siltummaini-400-l-ntr-bp\/\" \/>\n<meta property=\"og:site_name\" content=\"DRA\u017dICE\" \/>\n<meta property=\"article:modified_time\" content=\"2024-05-20T16:14:26+00:00\" \/>\n<meta property=\"og:image\" content=\"https:\/\/www.drazice-shop.lv\/wp-content\/uploads\/OKC-NTR_BP.jpg\" \/>\n\t<meta property=\"og:image:width\" content=\"500\" \/>\n\t<meta property=\"og:image:height\" content=\"500\" \/>\n\t<meta property=\"og:image:type\" content=\"image\/jpeg\" \/>\n<meta name=\"twitter:card\" content=\"summary_large_image\" \/>\n<meta name=\"twitter:label1\" content=\"Est. reading time\" \/>\n\t<meta name=\"twitter:data1\" content=\"1 minute\" \/>\n<script type=\"application\/ld+json\" class=\"yoast-schema-graph\">{\"@context\":\"https:\/\/schema.org\",\"@graph\":[{\"@type\":\"WebPage\",\"@id\":\"https:\/\/www.drazice-shop.lv\/product\/draice-stacionrie-trsildtji-1-0-mpa-ar-1-siltummaini-400-l-ntr-bp\/\",\"url\":\"https:\/\/www.drazice-shop.lv\/product\/draice-stacionrie-trsildtji-1-0-mpa-ar-1-siltummaini-400-l-ntr-bp\/\",\"name\":\"Dra\u017eice stacion\u0101rie \u0101trsild\u012bt\u0101ji 1,0 MPa ar 1 siltummaini 400 l NTR\/BP - DRA\u017dICE\",\"isPartOf\":{\"@id\":\"https:\/\/www.drazice-shop.lv\/#website\"},\"datePublished\":\"2023-11-14T17:01:44+00:00\",\"dateModified\":\"2024-05-20T16:14:26+00:00\",\"breadcrumb\":{\"@id\":\"https:\/\/www.drazice-shop.lv\/product\/draice-stacionrie-trsildtji-1-0-mpa-ar-1-siltummaini-400-l-ntr-bp\/#breadcrumb\"},\"inLanguage\":\"en-US\",\"potentialAction\":[{\"@type\":\"ReadAction\",\"target\":[\"https:\/\/www.drazice-shop.lv\/product\/draice-stacionrie-trsildtji-1-0-mpa-ar-1-siltummaini-400-l-ntr-bp\/\"]}]},{\"@type\":\"BreadcrumbList\",\"@id\":\"https:\/\/www.drazice-shop.lv\/product\/draice-stacionrie-trsildtji-1-0-mpa-ar-1-siltummaini-400-l-ntr-bp\/#breadcrumb\",\"itemListElement\":[{\"@type\":\"ListItem\",\"position\":1,\"name\":\"Home\",\"item\":\"https:\/\/www.drazice-shop.lv\/\"},{\"@type\":\"ListItem\",\"position\":2,\"name\":\"Products\",\"item\":\"https:\/\/www.drazice-shop.lv\/katalogs\/\"},{\"@type\":\"ListItem\",\"position\":3,\"name\":\"Dra\u017eice stacion\u0101rie \u0101trsild\u012bt\u0101ji 1,0 MPa ar 1 siltummaini 400 l NTR\/BP\"}]},{\"@type\":\"WebSite\",\"@id\":\"https:\/\/www.drazice-shop.lv\/#website\",\"url\":\"https:\/\/www.drazice-shop.lv\/\",\"name\":\"DRA\u017dICE\",\"description\":\"\",\"potentialAction\":[{\"@type\":\"SearchAction\",\"target\":{\"@type\":\"EntryPoint\",\"urlTemplate\":\"https:\/\/www.drazice-shop.lv\/?s={search_term_string}\"},\"query-input\":\"required name=search_term_string\"}],\"inLanguage\":\"en-US\"}]}<\/script>\n<!-- \/ Yoast SEO plugin. -->","yoast_head_json":{"title":"Dra\u017eice stacion\u0101rie \u0101trsild\u012bt\u0101ji 1,0 MPa ar 1 siltummaini 400 l NTR\/BP - DRA\u017dICE","robots":{"index":"index","follow":"follow","max-snippet":"max-snippet:-1","max-image-preview":"max-image-preview:large","max-video-preview":"max-video-preview:-1"},"canonical":"https:\/\/www.drazice-shop.lv\/product\/draice-stacionrie-trsildtji-1-0-mpa-ar-1-siltummaini-400-l-ntr-bp\/","og_locale":"en_US","og_type":"article","og_title":"Dra\u017eice stacion\u0101rie \u0101trsild\u012bt\u0101ji 1,0 MPa ar 1 siltummaini 400 l NTR\/BP - DRA\u017dICE","og_description":"Stacion\u0101rs \u016bdenssild\u012bt\u0101js ar tilpumu no 300 &#8211; 1000l ar emalj\u0113tu rezervu\u0101ru un darba spiedienu 1 MPa. \u016adenssild\u012bt\u0101ji apr\u012bkoti ar vienu (NTR) vai diviem (NTRR) jaud\u012bgiem spir\u0101\u013cu siltummai\u0146iem, ar ligzdu priek\u0161 dev\u0113jiem un vad\u012bbas kontroles, k\u0101 ar\u012b ar t\u012br\u012b\u0161anas l\u016bku. T\u012br\u012b\u0161anas l\u016bk\u0101 ir iesp\u0113ja piesl\u0113gt papildus sildelementu. \u016adenssild\u012bt\u0101jiem ar tilpumu l\u012bdz 500 l siltumizol\u0101cija sast\u0101v noRead More","og_url":"https:\/\/www.drazice-shop.lv\/product\/draice-stacionrie-trsildtji-1-0-mpa-ar-1-siltummaini-400-l-ntr-bp\/","og_site_name":"DRA\u017dICE","article_modified_time":"2024-05-20T16:14:26+00:00","og_image":[{"width":500,"height":500,"url":"https:\/\/www.drazice-shop.lv\/wp-content\/uploads\/OKC-NTR_BP.jpg","type":"image\/jpeg"}],"twitter_card":"summary_large_image","twitter_misc":{"Est. reading time":"1 minute"},"schema":{"@context":"https:\/\/schema.org","@graph":[{"@type":"WebPage","@id":"https:\/\/www.drazice-shop.lv\/product\/draice-stacionrie-trsildtji-1-0-mpa-ar-1-siltummaini-400-l-ntr-bp\/","url":"https:\/\/www.drazice-shop.lv\/product\/draice-stacionrie-trsildtji-1-0-mpa-ar-1-siltummaini-400-l-ntr-bp\/","name":"Dra\u017eice stacion\u0101rie \u0101trsild\u012bt\u0101ji 1,0 MPa ar 1 siltummaini 400 l NTR\/BP - DRA\u017dICE","isPartOf":{"@id":"https:\/\/www.drazice-shop.lv\/#website"},"datePublished":"2023-11-14T17:01:44+00:00","dateModified":"2024-05-20T16:14:26+00:00","breadcrumb":{"@id":"https:\/\/www.drazice-shop.lv\/product\/draice-stacionrie-trsildtji-1-0-mpa-ar-1-siltummaini-400-l-ntr-bp\/#breadcrumb"},"inLanguage":"en-US","potentialAction":[{"@type":"ReadAction","target":["https:\/\/www.drazice-shop.lv\/product\/draice-stacionrie-trsildtji-1-0-mpa-ar-1-siltummaini-400-l-ntr-bp\/"]}]},{"@type":"BreadcrumbList","@id":"https:\/\/www.drazice-shop.lv\/product\/draice-stacionrie-trsildtji-1-0-mpa-ar-1-siltummaini-400-l-ntr-bp\/#breadcrumb","itemListElement":[{"@type":"ListItem","position":1,"name":"Home","item":"https:\/\/www.drazice-shop.lv\/"},{"@type":"ListItem","position":2,"name":"Products","item":"https:\/\/www.drazice-shop.lv\/katalogs\/"},{"@type":"ListItem","position":3,"name":"Dra\u017eice stacion\u0101rie \u0101trsild\u012bt\u0101ji 1,0 MPa ar 1 siltummaini 400 l NTR\/BP"}]},{"@type":"WebSite","@id":"https:\/\/www.drazice-shop.lv\/#website","url":"https:\/\/www.drazice-shop.lv\/","name":"DRA\u017dICE","description":"","potentialAction":[{"@type":"SearchAction","target":{"@type":"EntryPoint","urlTemplate":"https:\/\/www.drazice-shop.lv\/?s={search_term_string}"},"query-input":"required name=search_term_string"}],"inLanguage":"en-US"}]}},"_links":{"self":[{"href":"https:\/\/www.drazice-shop.lv\/en\/wp-json\/wp\/v2\/product\/7540","targetHints":{"allow":["GET"]}}],"collection":[{"href":"https:\/\/www.drazice-shop.lv\/en\/wp-json\/wp\/v2\/product"}],"about":[{"href":"https:\/\/www.drazice-shop.lv\/en\/wp-json\/wp\/v2\/types\/product"}],"wp:featuredmedia":[{"embeddable":true,"href":"https:\/\/www.drazice-shop.lv\/en\/wp-json\/wp\/v2\/media\/8404"}],"wp:attachment":[{"href":"https:\/\/www.drazice-shop.lv\/en\/wp-json\/wp\/v2\/media?parent=7540"}],"wp:term":[{"taxonomy":"product_cat","embeddable":true,"href":"https:\/\/www.drazice-shop.lv\/en\/wp-json\/wp\/v2\/product_cat?post=7540"},{"taxonomy":"product_tag","embeddable":true,"href":"https:\/\/www.drazice-shop.lv\/en\/wp-json\/wp\/v2\/product_tag?post=7540"}],"curies":[{"name":"wp","href":"https:\/\/api.w.org\/{rel}","templated":true}]}}