{"id":7490,"date":"2023-11-14T20:00:57","date_gmt":"2023-11-14T17:00:57","guid":{"rendered":"https:\/\/www.drazice-shop.lv\/product\/draice-stacionrie-trsildtji-0-6-mpa-ar-flanci-okc-200-ntr-bp\/"},"modified":"2026-05-09T09:35:24","modified_gmt":"2026-05-09T06:35:24","slug":"draice-stacionrie-trsildtji-0-6-mpa-ar-flanci-okc-200-ntr-bp","status":"publish","type":"product","link":"https:\/\/www.drazice-shop.lv\/en\/product\/draice-stacionrie-trsildtji-0-6-mpa-ar-flanci-okc-200-ntr-bp\/","title":{"rendered":"Dra\u017eice stacion\u0101rie \u0101trsild\u012bt\u0101ji 0,6 MPa ar flanci OKC 200 NTR\/BP"},"content":{"rendered":"<p>BP s\u0113rija( ar s\u0101nu flanci).<\/p>\n<p>Jaun\u0101k\u0101 s\u0113rija stacion\u0101riem, kombin\u0113tiem \u016bdenssild\u012btajiem ar tilpumu no 100 &#8211; 300l ar emalj\u0113tu rezervu\u0101ru un jaud\u012bgu vienu vai diviem (no 200 L s\u0101kot) siltummai\u0146iem.<\/p>\n<p>Pie abu siltummai\u0146u piesl\u0113g\u0161anas maksim\u0101lo jaudu var sasniegt l\u012bdz 57 kW.<\/p>\n<p>\u016adenssild\u012bt\u0101js ir apr\u012bkots ar temperat\u016bras kontroles GTV regul\u0101toru (vad\u012bbas termostats, kur\u0161 regul\u0113 3-pu\u0161u v\u0101rstu vai cirkul\u0101cijas s\u016bkni) ar elektrojaudu 230 V\/50 Hz, un apjomu l\u012bdz 200l &#8211; dro\u0161\u012bbas v\u0101rstu un cirkul\u0101cijas izvadu.<\/p>\n<p>\u016adenssild\u012bt\u0101ja lejas da\u013c\u0101 atrodas l\u016bka lai var\u0113tu izt\u012br\u012bt iek\u0161\u0113jo rezervu\u0101ru k\u0101 ar\u012b mont\u0101\u017eai ja v\u0113l\u0113sieties atsevi\u0161\u0137i ieg\u0101d\u0101ties un pievienot elektrisko sildelementu.<\/p>\n","protected":false},"excerpt":{"rendered":"<p>BP s\u0113rija( ar s\u0101nu flanci). Jaun\u0101k\u0101 s\u0113rija stacion\u0101riem, kombin\u0113tiem \u016bdenssild\u012btajiem ar tilpumu no 100 &#8211; 300l ar emalj\u0113tu rezervu\u0101ru un jaud\u012bgu vienu vai diviem (no 200 L s\u0101kot) siltummai\u0146iem. Pie abu siltummai\u0146u piesl\u0113g\u0161anas maksim\u0101lo jaudu var sasniegt l\u012bdz 57 kW. \u016adenssild\u012bt\u0101js ir apr\u012bkots ar temperat\u016bras kontroles GTV regul\u0101toru (vad\u012bbas termostats, kur\u0161 regul\u0113 3-pu\u0161u v\u0101rstu vai<\/p>\n<div class=\"klb-readmore entry-button\"><a class=\"btn read-more\" href=\"https:\/\/www.drazice-shop.lv\/en\/product\/draice-stacionrie-trsildtji-0-6-mpa-ar-flanci-okc-200-ntr-bp\/\">Read More<\/a><\/div>\n","protected":false},"featured_media":8404,"template":"","meta":{"inline_featured_image":false},"product_cat":[130,457],"product_tag":[],"class_list":{"0":"post-7490","1":"product","2":"type-product","3":"status-publish","4":"has-post-thumbnail","6":"product_cat-apkures-boileri-atrsilditaji","7":"product_cat-atrsilditaji-06-mpa-ar-flanci","8":"pa_130000057-527","9":"pa_130000995-stacionarie","10":"pa_1300020010-471","11":"pa_1300020014-239","12":"pa_1300020015-okc-ntr-bp","13":"pa_1300020016-drazice","14":"pa_1300020017-cehija","15":"pa_1300020018-370","16":"pa_1300020019-c","17":"pa_130002004-460","18":"pa_130002008-521","19":"pa_130002305-528","20":"pa_130002306-367","21":"pa_130002885-atrsilditaji","22":"pa_130003001-495","23":"pa_1300030011-501","24":"pa_1300030012-502","25":"pa_130003008-505","26":"pa_130005009-462","27":"pa_1300070311-525","28":"pa_130007039-529","30":"first","31":"instock","32":"sale","33":"taxable","34":"shipping-taxable","35":"purchasable","36":"product-type-simple"},"yoast_head":"<!-- This site is optimized with the Yoast SEO plugin v21.7 - https:\/\/yoast.com\/wordpress\/plugins\/seo\/ -->\n<title>Dra\u017eice stacion\u0101rie \u0101trsild\u012bt\u0101ji 0,6 MPa ar flanci OKC 200 NTR\/BP - DRA\u017dICE<\/title>\n<meta name=\"robots\" content=\"index, follow, max-snippet:-1, max-image-preview:large, max-video-preview:-1\" \/>\n<link rel=\"canonical\" href=\"https:\/\/www.drazice-shop.lv\/product\/draice-stacionrie-trsildtji-0-6-mpa-ar-flanci-okc-200-ntr-bp\/\" \/>\n<meta property=\"og:locale\" content=\"en_US\" \/>\n<meta property=\"og:type\" content=\"article\" \/>\n<meta property=\"og:title\" content=\"Dra\u017eice stacion\u0101rie \u0101trsild\u012bt\u0101ji 0,6 MPa ar flanci OKC 200 NTR\/BP - DRA\u017dICE\" \/>\n<meta property=\"og:description\" content=\"BP s\u0113rija( ar s\u0101nu flanci). Jaun\u0101k\u0101 s\u0113rija stacion\u0101riem, kombin\u0113tiem \u016bdenssild\u012btajiem ar tilpumu no 100 &#8211; 300l ar emalj\u0113tu rezervu\u0101ru un jaud\u012bgu vienu vai diviem (no 200 L s\u0101kot) siltummai\u0146iem. Pie abu siltummai\u0146u piesl\u0113g\u0161anas maksim\u0101lo jaudu var sasniegt l\u012bdz 57 kW. \u016adenssild\u012bt\u0101js ir apr\u012bkots ar temperat\u016bras kontroles GTV regul\u0101toru (vad\u012bbas termostats, kur\u0161 regul\u0113 3-pu\u0161u v\u0101rstu vaiRead More\" \/>\n<meta property=\"og:url\" content=\"https:\/\/www.drazice-shop.lv\/product\/draice-stacionrie-trsildtji-0-6-mpa-ar-flanci-okc-200-ntr-bp\/\" \/>\n<meta property=\"og:site_name\" content=\"DRA\u017dICE\" \/>\n<meta property=\"article:modified_time\" content=\"2026-05-09T06:35:24+00:00\" \/>\n<meta property=\"og:image\" content=\"https:\/\/www.drazice-shop.lv\/wp-content\/uploads\/OKC-NTR_BP.jpg\" \/>\n\t<meta property=\"og:image:width\" content=\"500\" \/>\n\t<meta property=\"og:image:height\" content=\"500\" \/>\n\t<meta property=\"og:image:type\" content=\"image\/jpeg\" \/>\n<meta name=\"twitter:card\" content=\"summary_large_image\" \/>\n<meta name=\"twitter:label1\" content=\"Est. reading time\" \/>\n\t<meta name=\"twitter:data1\" content=\"1 minute\" \/>\n<script type=\"application\/ld+json\" class=\"yoast-schema-graph\">{\"@context\":\"https:\/\/schema.org\",\"@graph\":[{\"@type\":\"WebPage\",\"@id\":\"https:\/\/www.drazice-shop.lv\/product\/draice-stacionrie-trsildtji-0-6-mpa-ar-flanci-okc-200-ntr-bp\/\",\"url\":\"https:\/\/www.drazice-shop.lv\/product\/draice-stacionrie-trsildtji-0-6-mpa-ar-flanci-okc-200-ntr-bp\/\",\"name\":\"Dra\u017eice stacion\u0101rie \u0101trsild\u012bt\u0101ji 0,6 MPa ar flanci OKC 200 NTR\/BP - DRA\u017dICE\",\"isPartOf\":{\"@id\":\"https:\/\/www.drazice-shop.lv\/#website\"},\"datePublished\":\"2023-11-14T17:00:57+00:00\",\"dateModified\":\"2026-05-09T06:35:24+00:00\",\"breadcrumb\":{\"@id\":\"https:\/\/www.drazice-shop.lv\/product\/draice-stacionrie-trsildtji-0-6-mpa-ar-flanci-okc-200-ntr-bp\/#breadcrumb\"},\"inLanguage\":\"en-US\",\"potentialAction\":[{\"@type\":\"ReadAction\",\"target\":[\"https:\/\/www.drazice-shop.lv\/product\/draice-stacionrie-trsildtji-0-6-mpa-ar-flanci-okc-200-ntr-bp\/\"]}]},{\"@type\":\"BreadcrumbList\",\"@id\":\"https:\/\/www.drazice-shop.lv\/product\/draice-stacionrie-trsildtji-0-6-mpa-ar-flanci-okc-200-ntr-bp\/#breadcrumb\",\"itemListElement\":[{\"@type\":\"ListItem\",\"position\":1,\"name\":\"Home\",\"item\":\"https:\/\/www.drazice-shop.lv\/\"},{\"@type\":\"ListItem\",\"position\":2,\"name\":\"Products\",\"item\":\"https:\/\/www.drazice-shop.lv\/katalogs\/\"},{\"@type\":\"ListItem\",\"position\":3,\"name\":\"Dra\u017eice stacion\u0101rie \u0101trsild\u012bt\u0101ji 0,6 MPa ar flanci OKC 200 NTR\/BP\"}]},{\"@type\":\"WebSite\",\"@id\":\"https:\/\/www.drazice-shop.lv\/#website\",\"url\":\"https:\/\/www.drazice-shop.lv\/\",\"name\":\"DRA\u017dICE\",\"description\":\"\",\"potentialAction\":[{\"@type\":\"SearchAction\",\"target\":{\"@type\":\"EntryPoint\",\"urlTemplate\":\"https:\/\/www.drazice-shop.lv\/?s={search_term_string}\"},\"query-input\":\"required name=search_term_string\"}],\"inLanguage\":\"en-US\"}]}<\/script>\n<!-- \/ Yoast SEO plugin. -->","yoast_head_json":{"title":"Dra\u017eice stacion\u0101rie \u0101trsild\u012bt\u0101ji 0,6 MPa ar flanci OKC 200 NTR\/BP - DRA\u017dICE","robots":{"index":"index","follow":"follow","max-snippet":"max-snippet:-1","max-image-preview":"max-image-preview:large","max-video-preview":"max-video-preview:-1"},"canonical":"https:\/\/www.drazice-shop.lv\/product\/draice-stacionrie-trsildtji-0-6-mpa-ar-flanci-okc-200-ntr-bp\/","og_locale":"en_US","og_type":"article","og_title":"Dra\u017eice stacion\u0101rie \u0101trsild\u012bt\u0101ji 0,6 MPa ar flanci OKC 200 NTR\/BP - DRA\u017dICE","og_description":"BP s\u0113rija( ar s\u0101nu flanci). Jaun\u0101k\u0101 s\u0113rija stacion\u0101riem, kombin\u0113tiem \u016bdenssild\u012btajiem ar tilpumu no 100 &#8211; 300l ar emalj\u0113tu rezervu\u0101ru un jaud\u012bgu vienu vai diviem (no 200 L s\u0101kot) siltummai\u0146iem. Pie abu siltummai\u0146u piesl\u0113g\u0161anas maksim\u0101lo jaudu var sasniegt l\u012bdz 57 kW. \u016adenssild\u012bt\u0101js ir apr\u012bkots ar temperat\u016bras kontroles GTV regul\u0101toru (vad\u012bbas termostats, kur\u0161 regul\u0113 3-pu\u0161u v\u0101rstu vaiRead More","og_url":"https:\/\/www.drazice-shop.lv\/product\/draice-stacionrie-trsildtji-0-6-mpa-ar-flanci-okc-200-ntr-bp\/","og_site_name":"DRA\u017dICE","article_modified_time":"2026-05-09T06:35:24+00:00","og_image":[{"width":500,"height":500,"url":"https:\/\/www.drazice-shop.lv\/wp-content\/uploads\/OKC-NTR_BP.jpg","type":"image\/jpeg"}],"twitter_card":"summary_large_image","twitter_misc":{"Est. reading time":"1 minute"},"schema":{"@context":"https:\/\/schema.org","@graph":[{"@type":"WebPage","@id":"https:\/\/www.drazice-shop.lv\/product\/draice-stacionrie-trsildtji-0-6-mpa-ar-flanci-okc-200-ntr-bp\/","url":"https:\/\/www.drazice-shop.lv\/product\/draice-stacionrie-trsildtji-0-6-mpa-ar-flanci-okc-200-ntr-bp\/","name":"Dra\u017eice stacion\u0101rie \u0101trsild\u012bt\u0101ji 0,6 MPa ar flanci OKC 200 NTR\/BP - DRA\u017dICE","isPartOf":{"@id":"https:\/\/www.drazice-shop.lv\/#website"},"datePublished":"2023-11-14T17:00:57+00:00","dateModified":"2026-05-09T06:35:24+00:00","breadcrumb":{"@id":"https:\/\/www.drazice-shop.lv\/product\/draice-stacionrie-trsildtji-0-6-mpa-ar-flanci-okc-200-ntr-bp\/#breadcrumb"},"inLanguage":"en-US","potentialAction":[{"@type":"ReadAction","target":["https:\/\/www.drazice-shop.lv\/product\/draice-stacionrie-trsildtji-0-6-mpa-ar-flanci-okc-200-ntr-bp\/"]}]},{"@type":"BreadcrumbList","@id":"https:\/\/www.drazice-shop.lv\/product\/draice-stacionrie-trsildtji-0-6-mpa-ar-flanci-okc-200-ntr-bp\/#breadcrumb","itemListElement":[{"@type":"ListItem","position":1,"name":"Home","item":"https:\/\/www.drazice-shop.lv\/"},{"@type":"ListItem","position":2,"name":"Products","item":"https:\/\/www.drazice-shop.lv\/katalogs\/"},{"@type":"ListItem","position":3,"name":"Dra\u017eice stacion\u0101rie \u0101trsild\u012bt\u0101ji 0,6 MPa ar flanci OKC 200 NTR\/BP"}]},{"@type":"WebSite","@id":"https:\/\/www.drazice-shop.lv\/#website","url":"https:\/\/www.drazice-shop.lv\/","name":"DRA\u017dICE","description":"","potentialAction":[{"@type":"SearchAction","target":{"@type":"EntryPoint","urlTemplate":"https:\/\/www.drazice-shop.lv\/?s={search_term_string}"},"query-input":"required name=search_term_string"}],"inLanguage":"en-US"}]}},"_links":{"self":[{"href":"https:\/\/www.drazice-shop.lv\/en\/wp-json\/wp\/v2\/product\/7490","targetHints":{"allow":["GET"]}}],"collection":[{"href":"https:\/\/www.drazice-shop.lv\/en\/wp-json\/wp\/v2\/product"}],"about":[{"href":"https:\/\/www.drazice-shop.lv\/en\/wp-json\/wp\/v2\/types\/product"}],"wp:featuredmedia":[{"embeddable":true,"href":"https:\/\/www.drazice-shop.lv\/en\/wp-json\/wp\/v2\/media\/8404"}],"wp:attachment":[{"href":"https:\/\/www.drazice-shop.lv\/en\/wp-json\/wp\/v2\/media?parent=7490"}],"wp:term":[{"taxonomy":"product_cat","embeddable":true,"href":"https:\/\/www.drazice-shop.lv\/en\/wp-json\/wp\/v2\/product_cat?post=7490"},{"taxonomy":"product_tag","embeddable":true,"href":"https:\/\/www.drazice-shop.lv\/en\/wp-json\/wp\/v2\/product_tag?post=7490"}],"curies":[{"name":"wp","href":"https:\/\/api.w.org\/{rel}","templated":true}]}}