{"id":7364,"date":"2023-11-14T19:56:16","date_gmt":"2023-11-14T16:56:16","guid":{"rendered":"https:\/\/www.drazice-shop.lv\/product\/draice-stacionrie-vertiklie-trsildtji-0-6-mpa-okc-125-ntr-hv\/"},"modified":"2026-04-30T08:45:26","modified_gmt":"2026-04-30T05:45:26","slug":"draice-stacionrie-vertiklie-trsildtji-0-6-mpa-okc-125-ntr-hv","status":"publish","type":"product","link":"https:\/\/www.drazice-shop.lv\/en\/product\/draice-stacionrie-vertiklie-trsildtji-0-6-mpa-okc-125-ntr-hv\/","title":{"rendered":"Dra\u017eice stacion\u0101rie, vertik\u0101lie \u0101trsild\u012bt\u0101ji 0,6 MPa OKC 125 NTR\/HV"},"content":{"rendered":"<p>Vertik\u0101ls, stacion\u0101rs.<\/p>\n<p>Kombin\u0113ts \u016bdensild\u012bt\u0101js ar tilpumu no 100 &#8211; 160l, ar emalj\u0113tu rezervu\u0101ru un jaud\u012bgu siltummaini, mont\u0113jami zem apkures g\u0101zes katliem.<\/p>\n<p>Visi izvadi, ieskaitot siltummai\u0146a, izvirz\u012bti uz aug\u0161u lai b\u016btu p\u0113c iesp\u0113jas \u0113rtak piesl\u0113gties pie sienas piestiprin\u0101ma g\u0101zes apkures katla.<\/p>\n","protected":false},"excerpt":{"rendered":"<p>Vertik\u0101ls, stacion\u0101rs. Kombin\u0113ts \u016bdensild\u012bt\u0101js ar tilpumu no 100 &#8211; 160l, ar emalj\u0113tu rezervu\u0101ru un jaud\u012bgu siltummaini, mont\u0113jami zem apkures g\u0101zes katliem. Visi izvadi, ieskaitot siltummai\u0146a, izvirz\u012bti uz aug\u0161u lai b\u016btu p\u0113c iesp\u0113jas \u0113rtak piesl\u0113gties pie sienas piestiprin\u0101ma g\u0101zes apkures katla.<\/p>\n","protected":false},"featured_media":8604,"template":"","meta":{"inline_featured_image":false},"product_cat":[130,454],"product_tag":[],"class_list":{"0":"post-7364","1":"product","2":"type-product","3":"status-publish","4":"has-post-thumbnail","6":"product_cat-apkures-boileri-atrsilditaji","7":"product_cat-vertikalie-atrsilditaji-06-mpa","8":"pa_130000057-492","9":"pa_130000995-stacionarie","10":"pa_130002001-191","11":"pa_1300020010-471","12":"pa_1300020014-473","13":"pa_1300020015-okc-ntr-hv","14":"pa_1300020016-drazice","15":"pa_1300020017-cehija","16":"pa_1300020018-685","17":"pa_1300020019-b","18":"pa_130002002-192","19":"pa_130002004-460","20":"pa_1300023011-472","21":"pa_130002885-atrsilditaji","22":"pa_1300050011-463","23":"pa_1300050012-464","24":"pa_1300050014-3-4","25":"pa_1300050015-3-4","26":"pa_130005007-461","27":"pa_130005009-462","29":"first","30":"instock","31":"sale","32":"taxable","33":"shipping-taxable","34":"purchasable","35":"product-type-simple"},"yoast_head":"<!-- This site is optimized with the Yoast SEO plugin v21.7 - https:\/\/yoast.com\/wordpress\/plugins\/seo\/ -->\n<title>Dra\u017eice stacion\u0101rie, vertik\u0101lie \u0101trsild\u012bt\u0101ji 0,6 MPa OKC 125 NTR\/HV - DRA\u017dICE<\/title>\n<meta name=\"robots\" content=\"index, follow, max-snippet:-1, max-image-preview:large, max-video-preview:-1\" \/>\n<link rel=\"canonical\" href=\"https:\/\/www.drazice-shop.lv\/product\/draice-stacionrie-vertiklie-trsildtji-0-6-mpa-okc-125-ntr-hv\/\" \/>\n<meta property=\"og:locale\" content=\"en_US\" \/>\n<meta property=\"og:type\" content=\"article\" \/>\n<meta property=\"og:title\" content=\"Dra\u017eice stacion\u0101rie, vertik\u0101lie \u0101trsild\u012bt\u0101ji 0,6 MPa OKC 125 NTR\/HV - DRA\u017dICE\" \/>\n<meta property=\"og:description\" content=\"Vertik\u0101ls, stacion\u0101rs. Kombin\u0113ts \u016bdensild\u012bt\u0101js ar tilpumu no 100 &#8211; 160l, ar emalj\u0113tu rezervu\u0101ru un jaud\u012bgu siltummaini, mont\u0113jami zem apkures g\u0101zes katliem. Visi izvadi, ieskaitot siltummai\u0146a, izvirz\u012bti uz aug\u0161u lai b\u016btu p\u0113c iesp\u0113jas \u0113rtak piesl\u0113gties pie sienas piestiprin\u0101ma g\u0101zes apkures katla.\" \/>\n<meta property=\"og:url\" content=\"https:\/\/www.drazice-shop.lv\/product\/draice-stacionrie-vertiklie-trsildtji-0-6-mpa-okc-125-ntr-hv\/\" \/>\n<meta property=\"og:site_name\" content=\"DRA\u017dICE\" \/>\n<meta property=\"article:modified_time\" content=\"2026-04-30T05:45:26+00:00\" \/>\n<meta property=\"og:image\" content=\"https:\/\/www.drazice-shop.lv\/wp-content\/uploads\/13000570.jpg\" \/>\n\t<meta property=\"og:image:width\" content=\"500\" \/>\n\t<meta property=\"og:image:height\" content=\"500\" \/>\n\t<meta property=\"og:image:type\" content=\"image\/jpeg\" \/>\n<meta name=\"twitter:card\" content=\"summary_large_image\" \/>\n<meta name=\"twitter:label1\" content=\"Est. reading time\" \/>\n\t<meta name=\"twitter:data1\" content=\"1 minute\" \/>\n<script type=\"application\/ld+json\" class=\"yoast-schema-graph\">{\"@context\":\"https:\/\/schema.org\",\"@graph\":[{\"@type\":\"WebPage\",\"@id\":\"https:\/\/www.drazice-shop.lv\/product\/draice-stacionrie-vertiklie-trsildtji-0-6-mpa-okc-125-ntr-hv\/\",\"url\":\"https:\/\/www.drazice-shop.lv\/product\/draice-stacionrie-vertiklie-trsildtji-0-6-mpa-okc-125-ntr-hv\/\",\"name\":\"Dra\u017eice stacion\u0101rie, vertik\u0101lie \u0101trsild\u012bt\u0101ji 0,6 MPa OKC 125 NTR\/HV - DRA\u017dICE\",\"isPartOf\":{\"@id\":\"https:\/\/www.drazice-shop.lv\/#website\"},\"datePublished\":\"2023-11-14T16:56:16+00:00\",\"dateModified\":\"2026-04-30T05:45:26+00:00\",\"breadcrumb\":{\"@id\":\"https:\/\/www.drazice-shop.lv\/product\/draice-stacionrie-vertiklie-trsildtji-0-6-mpa-okc-125-ntr-hv\/#breadcrumb\"},\"inLanguage\":\"en-US\",\"potentialAction\":[{\"@type\":\"ReadAction\",\"target\":[\"https:\/\/www.drazice-shop.lv\/product\/draice-stacionrie-vertiklie-trsildtji-0-6-mpa-okc-125-ntr-hv\/\"]}]},{\"@type\":\"BreadcrumbList\",\"@id\":\"https:\/\/www.drazice-shop.lv\/product\/draice-stacionrie-vertiklie-trsildtji-0-6-mpa-okc-125-ntr-hv\/#breadcrumb\",\"itemListElement\":[{\"@type\":\"ListItem\",\"position\":1,\"name\":\"Home\",\"item\":\"https:\/\/www.drazice-shop.lv\/\"},{\"@type\":\"ListItem\",\"position\":2,\"name\":\"Products\",\"item\":\"https:\/\/www.drazice-shop.lv\/katalogs\/\"},{\"@type\":\"ListItem\",\"position\":3,\"name\":\"Dra\u017eice stacion\u0101rie, vertik\u0101lie \u0101trsild\u012bt\u0101ji 0,6 MPa OKC 125 NTR\/HV\"}]},{\"@type\":\"WebSite\",\"@id\":\"https:\/\/www.drazice-shop.lv\/#website\",\"url\":\"https:\/\/www.drazice-shop.lv\/\",\"name\":\"DRA\u017dICE\",\"description\":\"\",\"potentialAction\":[{\"@type\":\"SearchAction\",\"target\":{\"@type\":\"EntryPoint\",\"urlTemplate\":\"https:\/\/www.drazice-shop.lv\/?s={search_term_string}\"},\"query-input\":\"required name=search_term_string\"}],\"inLanguage\":\"en-US\"}]}<\/script>\n<!-- \/ Yoast SEO plugin. -->","yoast_head_json":{"title":"Dra\u017eice stacion\u0101rie, vertik\u0101lie \u0101trsild\u012bt\u0101ji 0,6 MPa OKC 125 NTR\/HV - DRA\u017dICE","robots":{"index":"index","follow":"follow","max-snippet":"max-snippet:-1","max-image-preview":"max-image-preview:large","max-video-preview":"max-video-preview:-1"},"canonical":"https:\/\/www.drazice-shop.lv\/product\/draice-stacionrie-vertiklie-trsildtji-0-6-mpa-okc-125-ntr-hv\/","og_locale":"en_US","og_type":"article","og_title":"Dra\u017eice stacion\u0101rie, vertik\u0101lie \u0101trsild\u012bt\u0101ji 0,6 MPa OKC 125 NTR\/HV - DRA\u017dICE","og_description":"Vertik\u0101ls, stacion\u0101rs. Kombin\u0113ts \u016bdensild\u012bt\u0101js ar tilpumu no 100 &#8211; 160l, ar emalj\u0113tu rezervu\u0101ru un jaud\u012bgu siltummaini, mont\u0113jami zem apkures g\u0101zes katliem. Visi izvadi, ieskaitot siltummai\u0146a, izvirz\u012bti uz aug\u0161u lai b\u016btu p\u0113c iesp\u0113jas \u0113rtak piesl\u0113gties pie sienas piestiprin\u0101ma g\u0101zes apkures katla.","og_url":"https:\/\/www.drazice-shop.lv\/product\/draice-stacionrie-vertiklie-trsildtji-0-6-mpa-okc-125-ntr-hv\/","og_site_name":"DRA\u017dICE","article_modified_time":"2026-04-30T05:45:26+00:00","og_image":[{"width":500,"height":500,"url":"https:\/\/www.drazice-shop.lv\/wp-content\/uploads\/13000570.jpg","type":"image\/jpeg"}],"twitter_card":"summary_large_image","twitter_misc":{"Est. reading time":"1 minute"},"schema":{"@context":"https:\/\/schema.org","@graph":[{"@type":"WebPage","@id":"https:\/\/www.drazice-shop.lv\/product\/draice-stacionrie-vertiklie-trsildtji-0-6-mpa-okc-125-ntr-hv\/","url":"https:\/\/www.drazice-shop.lv\/product\/draice-stacionrie-vertiklie-trsildtji-0-6-mpa-okc-125-ntr-hv\/","name":"Dra\u017eice stacion\u0101rie, vertik\u0101lie \u0101trsild\u012bt\u0101ji 0,6 MPa OKC 125 NTR\/HV - DRA\u017dICE","isPartOf":{"@id":"https:\/\/www.drazice-shop.lv\/#website"},"datePublished":"2023-11-14T16:56:16+00:00","dateModified":"2026-04-30T05:45:26+00:00","breadcrumb":{"@id":"https:\/\/www.drazice-shop.lv\/product\/draice-stacionrie-vertiklie-trsildtji-0-6-mpa-okc-125-ntr-hv\/#breadcrumb"},"inLanguage":"en-US","potentialAction":[{"@type":"ReadAction","target":["https:\/\/www.drazice-shop.lv\/product\/draice-stacionrie-vertiklie-trsildtji-0-6-mpa-okc-125-ntr-hv\/"]}]},{"@type":"BreadcrumbList","@id":"https:\/\/www.drazice-shop.lv\/product\/draice-stacionrie-vertiklie-trsildtji-0-6-mpa-okc-125-ntr-hv\/#breadcrumb","itemListElement":[{"@type":"ListItem","position":1,"name":"Home","item":"https:\/\/www.drazice-shop.lv\/"},{"@type":"ListItem","position":2,"name":"Products","item":"https:\/\/www.drazice-shop.lv\/katalogs\/"},{"@type":"ListItem","position":3,"name":"Dra\u017eice stacion\u0101rie, vertik\u0101lie \u0101trsild\u012bt\u0101ji 0,6 MPa OKC 125 NTR\/HV"}]},{"@type":"WebSite","@id":"https:\/\/www.drazice-shop.lv\/#website","url":"https:\/\/www.drazice-shop.lv\/","name":"DRA\u017dICE","description":"","potentialAction":[{"@type":"SearchAction","target":{"@type":"EntryPoint","urlTemplate":"https:\/\/www.drazice-shop.lv\/?s={search_term_string}"},"query-input":"required name=search_term_string"}],"inLanguage":"en-US"}]}},"_links":{"self":[{"href":"https:\/\/www.drazice-shop.lv\/en\/wp-json\/wp\/v2\/product\/7364","targetHints":{"allow":["GET"]}}],"collection":[{"href":"https:\/\/www.drazice-shop.lv\/en\/wp-json\/wp\/v2\/product"}],"about":[{"href":"https:\/\/www.drazice-shop.lv\/en\/wp-json\/wp\/v2\/types\/product"}],"wp:featuredmedia":[{"embeddable":true,"href":"https:\/\/www.drazice-shop.lv\/en\/wp-json\/wp\/v2\/media\/8604"}],"wp:attachment":[{"href":"https:\/\/www.drazice-shop.lv\/en\/wp-json\/wp\/v2\/media?parent=7364"}],"wp:term":[{"taxonomy":"product_cat","embeddable":true,"href":"https:\/\/www.drazice-shop.lv\/en\/wp-json\/wp\/v2\/product_cat?post=7364"},{"taxonomy":"product_tag","embeddable":true,"href":"https:\/\/www.drazice-shop.lv\/en\/wp-json\/wp\/v2\/product_tag?post=7364"}],"curies":[{"name":"wp","href":"https:\/\/api.w.org\/{rel}","templated":true}]}}