{"id":7341,"date":"2023-11-14T19:56:00","date_gmt":"2023-11-14T16:56:00","guid":{"rendered":"https:\/\/www.drazice-shop.lv\/product\/draice-stacionrie-vertiklie-trsildtji-0-6-mpa-okc-250-ntrr\/"},"modified":"2024-09-18T01:55:26","modified_gmt":"2024-09-17T22:55:26","slug":"draice-stacionrie-vertiklie-trsildtji-0-6-mpa-okc-250-ntrr","status":"publish","type":"product","link":"https:\/\/www.drazice-shop.lv\/en\/product\/draice-stacionrie-vertiklie-trsildtji-0-6-mpa-okc-250-ntrr\/","title":{"rendered":"Dra\u017eice stacion\u0101rie, vertik\u0101lie \u0101trsild\u012bt\u0101ji 0,6 MPa OKC 250 NTRR"},"content":{"rendered":"<p>Vertik\u0101ls, stacion\u0101rs.<\/p>\n<p>Kombin\u0113ts \u016bdensild\u012bt\u0101js ar tilpumu no 100 &#8211; 250l, ar emalj\u0113tu rezervu\u0101ru un jaud\u012bgu siltummaini priek\u0161 \u016bdens uzsild\u012b\u0161anas tehnisk\u0101m un m\u0101jas vajadz\u012bb\u0101m. \u016adens sild\u012bt\u0101js ar tilpumu no 200 &#8211; 250l ra\u017eo ar diviem siltummai\u0146iem no apkures sist\u0113mas (piem. g\u0101zes katls + alternat\u012bvais pat\u0113r\u0113t\u0101js). Pie kopej\u0101 piesl\u0113guma var summ\u0113t kop\u0113jo jaudu un sasniegt to l\u012bdz 44 KW. \u016adens sild\u012bt\u0101js ir apr\u012bkots ar temperat\u016bras kontroles GTV regul\u0101toru (vad\u012bbas termostats ar 3-pu\u0161u v\u0101rstu vai cirkul\u0101cijas s\u016bkni) ar ar elektrojaudu 230 V\/50 Hz, dro\u0161\u012bbas v\u0101rstu un cirkul\u0101cijas izvadu.<\/p>\n","protected":false},"excerpt":{"rendered":"<p>Vertik\u0101ls, stacion\u0101rs. Kombin\u0113ts \u016bdensild\u012bt\u0101js ar tilpumu no 100 &#8211; 250l, ar emalj\u0113tu rezervu\u0101ru un jaud\u012bgu siltummaini priek\u0161 \u016bdens uzsild\u012b\u0161anas tehnisk\u0101m un m\u0101jas vajadz\u012bb\u0101m. \u016adens sild\u012bt\u0101js ar tilpumu no 200 &#8211; 250l ra\u017eo ar diviem siltummai\u0146iem no apkures sist\u0113mas (piem. g\u0101zes katls + alternat\u012bvais pat\u0113r\u0113t\u0101js). Pie kopej\u0101 piesl\u0113guma var summ\u0113t kop\u0113jo jaudu un sasniegt to l\u012bdz<\/p>\n<div class=\"klb-readmore entry-button\"><a class=\"btn read-more\" href=\"https:\/\/www.drazice-shop.lv\/en\/product\/draice-stacionrie-vertiklie-trsildtji-0-6-mpa-okc-250-ntrr\/\">Read More<\/a><\/div>\n","protected":false},"featured_media":8417,"template":"","meta":{"inline_featured_image":false},"product_cat":[130,454],"product_tag":[],"class_list":{"0":"post-7341","1":"product","2":"type-product","3":"status-publish","4":"has-post-thumbnail","6":"product_cat-apkures-boileri-atrsilditaji","7":"product_cat-vertikalie-atrsilditaji-06-mpa","8":"pa_130000057-488","9":"pa_130000995-stacionarie","10":"pa_130002001-191","11":"pa_1300020010-1x2","12":"pa_1300020014-487","13":"pa_1300020015-okc-ntrr","14":"pa_1300020016-drazice","15":"pa_1300020017-cehija","16":"pa_1300020018-272","17":"pa_1300020019-c","18":"pa_130002002-192","19":"pa_130002004-460","20":"pa_1300023011-2-x-24000","21":"pa_130002305-484","22":"pa_130002306-367","23":"pa_130002885-atrsilditaji","24":"pa_1300050011-463","25":"pa_1300050012-464","26":"pa_1300050014-3-4","27":"pa_1300050015-467","28":"pa_130005007-36-20","29":"pa_130005009-462","31":"first","32":"onbackorder","33":"sale","34":"taxable","35":"shipping-taxable","36":"purchasable","37":"product-type-simple"},"yoast_head":"<!-- This site is optimized with the Yoast SEO plugin v21.7 - https:\/\/yoast.com\/wordpress\/plugins\/seo\/ -->\n<title>Dra\u017eice stacion\u0101rie, vertik\u0101lie \u0101trsild\u012bt\u0101ji 0,6 MPa OKC 250 NTRR - DRA\u017dICE<\/title>\n<meta name=\"robots\" content=\"index, follow, max-snippet:-1, max-image-preview:large, max-video-preview:-1\" \/>\n<link rel=\"canonical\" href=\"https:\/\/www.drazice-shop.lv\/product\/draice-stacionrie-vertiklie-trsildtji-0-6-mpa-okc-250-ntrr\/\" \/>\n<meta property=\"og:locale\" content=\"en_US\" \/>\n<meta property=\"og:type\" content=\"article\" \/>\n<meta property=\"og:title\" content=\"Dra\u017eice stacion\u0101rie, vertik\u0101lie \u0101trsild\u012bt\u0101ji 0,6 MPa OKC 250 NTRR - DRA\u017dICE\" \/>\n<meta property=\"og:description\" content=\"Vertik\u0101ls, stacion\u0101rs. Kombin\u0113ts \u016bdensild\u012bt\u0101js ar tilpumu no 100 &#8211; 250l, ar emalj\u0113tu rezervu\u0101ru un jaud\u012bgu siltummaini priek\u0161 \u016bdens uzsild\u012b\u0161anas tehnisk\u0101m un m\u0101jas vajadz\u012bb\u0101m. \u016adens sild\u012bt\u0101js ar tilpumu no 200 &#8211; 250l ra\u017eo ar diviem siltummai\u0146iem no apkures sist\u0113mas (piem. g\u0101zes katls + alternat\u012bvais pat\u0113r\u0113t\u0101js). Pie kopej\u0101 piesl\u0113guma var summ\u0113t kop\u0113jo jaudu un sasniegt to l\u012bdzRead More\" \/>\n<meta property=\"og:url\" content=\"https:\/\/www.drazice-shop.lv\/product\/draice-stacionrie-vertiklie-trsildtji-0-6-mpa-okc-250-ntrr\/\" \/>\n<meta property=\"og:site_name\" content=\"DRA\u017dICE\" \/>\n<meta property=\"article:modified_time\" content=\"2024-09-17T22:55:26+00:00\" \/>\n<meta property=\"og:image\" content=\"https:\/\/www.drazice-shop.lv\/wp-content\/uploads\/OKC-NTRR.jpg\" \/>\n\t<meta property=\"og:image:width\" content=\"500\" \/>\n\t<meta property=\"og:image:height\" content=\"500\" \/>\n\t<meta property=\"og:image:type\" content=\"image\/jpeg\" \/>\n<meta name=\"twitter:card\" content=\"summary_large_image\" \/>\n<meta name=\"twitter:label1\" content=\"Est. reading time\" \/>\n\t<meta name=\"twitter:data1\" content=\"1 minute\" \/>\n<script type=\"application\/ld+json\" class=\"yoast-schema-graph\">{\"@context\":\"https:\/\/schema.org\",\"@graph\":[{\"@type\":\"WebPage\",\"@id\":\"https:\/\/www.drazice-shop.lv\/product\/draice-stacionrie-vertiklie-trsildtji-0-6-mpa-okc-250-ntrr\/\",\"url\":\"https:\/\/www.drazice-shop.lv\/product\/draice-stacionrie-vertiklie-trsildtji-0-6-mpa-okc-250-ntrr\/\",\"name\":\"Dra\u017eice stacion\u0101rie, vertik\u0101lie \u0101trsild\u012bt\u0101ji 0,6 MPa OKC 250 NTRR - DRA\u017dICE\",\"isPartOf\":{\"@id\":\"https:\/\/www.drazice-shop.lv\/#website\"},\"datePublished\":\"2023-11-14T16:56:00+00:00\",\"dateModified\":\"2024-09-17T22:55:26+00:00\",\"breadcrumb\":{\"@id\":\"https:\/\/www.drazice-shop.lv\/product\/draice-stacionrie-vertiklie-trsildtji-0-6-mpa-okc-250-ntrr\/#breadcrumb\"},\"inLanguage\":\"en-US\",\"potentialAction\":[{\"@type\":\"ReadAction\",\"target\":[\"https:\/\/www.drazice-shop.lv\/product\/draice-stacionrie-vertiklie-trsildtji-0-6-mpa-okc-250-ntrr\/\"]}]},{\"@type\":\"BreadcrumbList\",\"@id\":\"https:\/\/www.drazice-shop.lv\/product\/draice-stacionrie-vertiklie-trsildtji-0-6-mpa-okc-250-ntrr\/#breadcrumb\",\"itemListElement\":[{\"@type\":\"ListItem\",\"position\":1,\"name\":\"Home\",\"item\":\"https:\/\/www.drazice-shop.lv\/\"},{\"@type\":\"ListItem\",\"position\":2,\"name\":\"Products\",\"item\":\"https:\/\/www.drazice-shop.lv\/katalogs\/\"},{\"@type\":\"ListItem\",\"position\":3,\"name\":\"Dra\u017eice stacion\u0101rie, vertik\u0101lie \u0101trsild\u012bt\u0101ji 0,6 MPa OKC 250 NTRR\"}]},{\"@type\":\"WebSite\",\"@id\":\"https:\/\/www.drazice-shop.lv\/#website\",\"url\":\"https:\/\/www.drazice-shop.lv\/\",\"name\":\"DRA\u017dICE\",\"description\":\"\",\"potentialAction\":[{\"@type\":\"SearchAction\",\"target\":{\"@type\":\"EntryPoint\",\"urlTemplate\":\"https:\/\/www.drazice-shop.lv\/?s={search_term_string}\"},\"query-input\":\"required name=search_term_string\"}],\"inLanguage\":\"en-US\"}]}<\/script>\n<!-- \/ Yoast SEO plugin. -->","yoast_head_json":{"title":"Dra\u017eice stacion\u0101rie, vertik\u0101lie \u0101trsild\u012bt\u0101ji 0,6 MPa OKC 250 NTRR - DRA\u017dICE","robots":{"index":"index","follow":"follow","max-snippet":"max-snippet:-1","max-image-preview":"max-image-preview:large","max-video-preview":"max-video-preview:-1"},"canonical":"https:\/\/www.drazice-shop.lv\/product\/draice-stacionrie-vertiklie-trsildtji-0-6-mpa-okc-250-ntrr\/","og_locale":"en_US","og_type":"article","og_title":"Dra\u017eice stacion\u0101rie, vertik\u0101lie \u0101trsild\u012bt\u0101ji 0,6 MPa OKC 250 NTRR - DRA\u017dICE","og_description":"Vertik\u0101ls, stacion\u0101rs. Kombin\u0113ts \u016bdensild\u012bt\u0101js ar tilpumu no 100 &#8211; 250l, ar emalj\u0113tu rezervu\u0101ru un jaud\u012bgu siltummaini priek\u0161 \u016bdens uzsild\u012b\u0161anas tehnisk\u0101m un m\u0101jas vajadz\u012bb\u0101m. \u016adens sild\u012bt\u0101js ar tilpumu no 200 &#8211; 250l ra\u017eo ar diviem siltummai\u0146iem no apkures sist\u0113mas (piem. g\u0101zes katls + alternat\u012bvais pat\u0113r\u0113t\u0101js). Pie kopej\u0101 piesl\u0113guma var summ\u0113t kop\u0113jo jaudu un sasniegt to l\u012bdzRead More","og_url":"https:\/\/www.drazice-shop.lv\/product\/draice-stacionrie-vertiklie-trsildtji-0-6-mpa-okc-250-ntrr\/","og_site_name":"DRA\u017dICE","article_modified_time":"2024-09-17T22:55:26+00:00","og_image":[{"width":500,"height":500,"url":"https:\/\/www.drazice-shop.lv\/wp-content\/uploads\/OKC-NTRR.jpg","type":"image\/jpeg"}],"twitter_card":"summary_large_image","twitter_misc":{"Est. reading time":"1 minute"},"schema":{"@context":"https:\/\/schema.org","@graph":[{"@type":"WebPage","@id":"https:\/\/www.drazice-shop.lv\/product\/draice-stacionrie-vertiklie-trsildtji-0-6-mpa-okc-250-ntrr\/","url":"https:\/\/www.drazice-shop.lv\/product\/draice-stacionrie-vertiklie-trsildtji-0-6-mpa-okc-250-ntrr\/","name":"Dra\u017eice stacion\u0101rie, vertik\u0101lie \u0101trsild\u012bt\u0101ji 0,6 MPa OKC 250 NTRR - DRA\u017dICE","isPartOf":{"@id":"https:\/\/www.drazice-shop.lv\/#website"},"datePublished":"2023-11-14T16:56:00+00:00","dateModified":"2024-09-17T22:55:26+00:00","breadcrumb":{"@id":"https:\/\/www.drazice-shop.lv\/product\/draice-stacionrie-vertiklie-trsildtji-0-6-mpa-okc-250-ntrr\/#breadcrumb"},"inLanguage":"en-US","potentialAction":[{"@type":"ReadAction","target":["https:\/\/www.drazice-shop.lv\/product\/draice-stacionrie-vertiklie-trsildtji-0-6-mpa-okc-250-ntrr\/"]}]},{"@type":"BreadcrumbList","@id":"https:\/\/www.drazice-shop.lv\/product\/draice-stacionrie-vertiklie-trsildtji-0-6-mpa-okc-250-ntrr\/#breadcrumb","itemListElement":[{"@type":"ListItem","position":1,"name":"Home","item":"https:\/\/www.drazice-shop.lv\/"},{"@type":"ListItem","position":2,"name":"Products","item":"https:\/\/www.drazice-shop.lv\/katalogs\/"},{"@type":"ListItem","position":3,"name":"Dra\u017eice stacion\u0101rie, vertik\u0101lie \u0101trsild\u012bt\u0101ji 0,6 MPa OKC 250 NTRR"}]},{"@type":"WebSite","@id":"https:\/\/www.drazice-shop.lv\/#website","url":"https:\/\/www.drazice-shop.lv\/","name":"DRA\u017dICE","description":"","potentialAction":[{"@type":"SearchAction","target":{"@type":"EntryPoint","urlTemplate":"https:\/\/www.drazice-shop.lv\/?s={search_term_string}"},"query-input":"required name=search_term_string"}],"inLanguage":"en-US"}]}},"_links":{"self":[{"href":"https:\/\/www.drazice-shop.lv\/en\/wp-json\/wp\/v2\/product\/7341","targetHints":{"allow":["GET"]}}],"collection":[{"href":"https:\/\/www.drazice-shop.lv\/en\/wp-json\/wp\/v2\/product"}],"about":[{"href":"https:\/\/www.drazice-shop.lv\/en\/wp-json\/wp\/v2\/types\/product"}],"wp:featuredmedia":[{"embeddable":true,"href":"https:\/\/www.drazice-shop.lv\/en\/wp-json\/wp\/v2\/media\/8417"}],"wp:attachment":[{"href":"https:\/\/www.drazice-shop.lv\/en\/wp-json\/wp\/v2\/media?parent=7341"}],"wp:term":[{"taxonomy":"product_cat","embeddable":true,"href":"https:\/\/www.drazice-shop.lv\/en\/wp-json\/wp\/v2\/product_cat?post=7341"},{"taxonomy":"product_tag","embeddable":true,"href":"https:\/\/www.drazice-shop.lv\/en\/wp-json\/wp\/v2\/product_tag?post=7341"}],"curies":[{"name":"wp","href":"https:\/\/api.w.org\/{rel}","templated":true}]}}