{"id":7157,"date":"2023-11-14T19:42:24","date_gmt":"2023-11-14T16:42:24","guid":{"rendered":"https:\/\/www.drazice-shop.lv\/product\/draice-elektriskie-boileri-zem-izlietnes-to-10-in\/"},"modified":"2026-04-08T17:55:20","modified_gmt":"2026-04-08T14:55:20","slug":"draice-elektriskie-boileri-zem-izlietnes-to-10-in","status":"publish","type":"product","link":"https:\/\/www.drazice-shop.lv\/en\/product\/draice-elektriskie-boileri-zem-izlietnes-to-10-in\/","title":{"rendered":"Dra\u017eice elektriskie boileri zem izlietnes TO 10 IN"},"content":{"rendered":"<p>Produkts ar emalj\u0113tu rezervu\u0101ru uzticami nodro\u0161in\u0101s ar karsto \u016bdeni gan saimniec\u012bb\u0101, gan ar\u012b tehniskiem nol\u016bkiem, neliel\u0101m du\u0161\u0101m, izlietnei priek\u0161 trauku mazg\u0101\u0161anas. Elektriskie boileri pieejami ar tilpumu no 5 &#8211; 20l. At\u0161\u0137ir\u012bgs ar savu ori\u0123in\u0101lo dizainu. \u0160os boilerus var izmantot gan norm\u0101los apst\u0101k\u013cos, gan ar\u012b ja ir tikai pa\u0161teces sist\u0113ma. Ir iesp\u0113jams piesl\u0113gt vair\u0101kus \u016bdens pat\u0113r\u0113t\u0101jums. Nomin\u0101lais spriegums &#8211; 1-PE-N\/AC 230 V\/50 Hz.<\/p>\n","protected":false},"excerpt":{"rendered":"<p>Produkts ar emalj\u0113tu rezervu\u0101ru uzticami nodro\u0161in\u0101s ar karsto \u016bdeni gan saimniec\u012bb\u0101, gan ar\u012b tehniskiem nol\u016bkiem, neliel\u0101m du\u0161\u0101m, izlietnei priek\u0161 trauku mazg\u0101\u0161anas. Elektriskie boileri pieejami ar tilpumu no 5 &#8211; 20l. At\u0161\u0137ir\u012bgs ar savu ori\u0123in\u0101lo dizainu. \u0160os boilerus var izmantot gan norm\u0101los apst\u0101k\u013cos, gan ar\u012b ja ir tikai pa\u0161teces sist\u0113ma. Ir iesp\u0113jams piesl\u0113gt vair\u0101kus \u016bdens pat\u0113r\u0113t\u0101jums.<\/p>\n<div class=\"klb-readmore entry-button\"><a class=\"btn read-more\" href=\"https:\/\/www.drazice-shop.lv\/en\/product\/draice-elektriskie-boileri-zem-izlietnes-to-10-in\/\">Read More<\/a><\/div>\n","protected":false},"featured_media":8432,"template":"","meta":{"inline_featured_image":false},"product_cat":[373,129],"product_tag":[],"class_list":{"0":"post-7157","1":"product","2":"type-product","3":"status-publish","4":"has-post-thumbnail","6":"product_cat-boileri-zem-izlietnes","7":"product_cat-elektriskie-boileri","8":"pa_1300000111-1-2","9":"pa_130000016-415","10":"pa_130000017-416","11":"pa_130000051-210","12":"pa_130000054-413","13":"pa_130000055-414","14":"pa_130000057-417","15":"pa_130000058-418","16":"pa_130000995-zem-izlietnes","17":"pa_1300020014-0-33","18":"pa_1300020015-to-10-in","19":"pa_1300020016-drazice","20":"pa_1300020017-cehija","21":"pa_1300020018-689","22":"pa_1300020019-a","23":"pa_130002002-192","24":"pa_130002003-211","25":"pa_130002885-elektriskie","27":"first","28":"instock","29":"sale","30":"taxable","31":"shipping-taxable","32":"purchasable","33":"product-type-simple"},"yoast_head":"<!-- This site is optimized with the Yoast SEO plugin v21.7 - https:\/\/yoast.com\/wordpress\/plugins\/seo\/ -->\n<title>Dra\u017eice elektriskie boileri zem izlietnes TO 10 IN - DRA\u017dICE<\/title>\n<meta name=\"robots\" content=\"index, follow, max-snippet:-1, max-image-preview:large, max-video-preview:-1\" \/>\n<link rel=\"canonical\" href=\"https:\/\/www.drazice-shop.lv\/product\/draice-elektriskie-boileri-zem-izlietnes-to-10-in\/\" \/>\n<meta property=\"og:locale\" content=\"en_US\" \/>\n<meta property=\"og:type\" content=\"article\" \/>\n<meta property=\"og:title\" content=\"Dra\u017eice elektriskie boileri zem izlietnes TO 10 IN - DRA\u017dICE\" \/>\n<meta property=\"og:description\" content=\"Produkts ar emalj\u0113tu rezervu\u0101ru uzticami nodro\u0161in\u0101s ar karsto \u016bdeni gan saimniec\u012bb\u0101, gan ar\u012b tehniskiem nol\u016bkiem, neliel\u0101m du\u0161\u0101m, izlietnei priek\u0161 trauku mazg\u0101\u0161anas. Elektriskie boileri pieejami ar tilpumu no 5 &#8211; 20l. At\u0161\u0137ir\u012bgs ar savu ori\u0123in\u0101lo dizainu. \u0160os boilerus var izmantot gan norm\u0101los apst\u0101k\u013cos, gan ar\u012b ja ir tikai pa\u0161teces sist\u0113ma. Ir iesp\u0113jams piesl\u0113gt vair\u0101kus \u016bdens pat\u0113r\u0113t\u0101jums.Read More\" \/>\n<meta property=\"og:url\" content=\"https:\/\/www.drazice-shop.lv\/product\/draice-elektriskie-boileri-zem-izlietnes-to-10-in\/\" \/>\n<meta property=\"og:site_name\" content=\"DRA\u017dICE\" \/>\n<meta property=\"article:modified_time\" content=\"2026-04-08T14:55:20+00:00\" \/>\n<meta property=\"og:image\" content=\"https:\/\/www.drazice-shop.lv\/wp-content\/uploads\/TO.jpg\" \/>\n\t<meta property=\"og:image:width\" content=\"500\" \/>\n\t<meta property=\"og:image:height\" content=\"500\" \/>\n\t<meta property=\"og:image:type\" content=\"image\/jpeg\" \/>\n<meta name=\"twitter:card\" content=\"summary_large_image\" \/>\n<meta name=\"twitter:label1\" content=\"Est. reading time\" \/>\n\t<meta name=\"twitter:data1\" content=\"1 minute\" \/>\n<script type=\"application\/ld+json\" class=\"yoast-schema-graph\">{\"@context\":\"https:\/\/schema.org\",\"@graph\":[{\"@type\":\"WebPage\",\"@id\":\"https:\/\/www.drazice-shop.lv\/product\/draice-elektriskie-boileri-zem-izlietnes-to-10-in\/\",\"url\":\"https:\/\/www.drazice-shop.lv\/product\/draice-elektriskie-boileri-zem-izlietnes-to-10-in\/\",\"name\":\"Dra\u017eice elektriskie boileri zem izlietnes TO 10 IN - DRA\u017dICE\",\"isPartOf\":{\"@id\":\"https:\/\/www.drazice-shop.lv\/#website\"},\"datePublished\":\"2023-11-14T16:42:24+00:00\",\"dateModified\":\"2026-04-08T14:55:20+00:00\",\"breadcrumb\":{\"@id\":\"https:\/\/www.drazice-shop.lv\/product\/draice-elektriskie-boileri-zem-izlietnes-to-10-in\/#breadcrumb\"},\"inLanguage\":\"en-US\",\"potentialAction\":[{\"@type\":\"ReadAction\",\"target\":[\"https:\/\/www.drazice-shop.lv\/product\/draice-elektriskie-boileri-zem-izlietnes-to-10-in\/\"]}]},{\"@type\":\"BreadcrumbList\",\"@id\":\"https:\/\/www.drazice-shop.lv\/product\/draice-elektriskie-boileri-zem-izlietnes-to-10-in\/#breadcrumb\",\"itemListElement\":[{\"@type\":\"ListItem\",\"position\":1,\"name\":\"Home\",\"item\":\"https:\/\/www.drazice-shop.lv\/\"},{\"@type\":\"ListItem\",\"position\":2,\"name\":\"Products\",\"item\":\"https:\/\/www.drazice-shop.lv\/katalogs\/\"},{\"@type\":\"ListItem\",\"position\":3,\"name\":\"Dra\u017eice elektriskie boileri zem izlietnes TO 10 IN\"}]},{\"@type\":\"WebSite\",\"@id\":\"https:\/\/www.drazice-shop.lv\/#website\",\"url\":\"https:\/\/www.drazice-shop.lv\/\",\"name\":\"DRA\u017dICE\",\"description\":\"\",\"potentialAction\":[{\"@type\":\"SearchAction\",\"target\":{\"@type\":\"EntryPoint\",\"urlTemplate\":\"https:\/\/www.drazice-shop.lv\/?s={search_term_string}\"},\"query-input\":\"required name=search_term_string\"}],\"inLanguage\":\"en-US\"}]}<\/script>\n<!-- \/ Yoast SEO plugin. -->","yoast_head_json":{"title":"Dra\u017eice elektriskie boileri zem izlietnes TO 10 IN - DRA\u017dICE","robots":{"index":"index","follow":"follow","max-snippet":"max-snippet:-1","max-image-preview":"max-image-preview:large","max-video-preview":"max-video-preview:-1"},"canonical":"https:\/\/www.drazice-shop.lv\/product\/draice-elektriskie-boileri-zem-izlietnes-to-10-in\/","og_locale":"en_US","og_type":"article","og_title":"Dra\u017eice elektriskie boileri zem izlietnes TO 10 IN - DRA\u017dICE","og_description":"Produkts ar emalj\u0113tu rezervu\u0101ru uzticami nodro\u0161in\u0101s ar karsto \u016bdeni gan saimniec\u012bb\u0101, gan ar\u012b tehniskiem nol\u016bkiem, neliel\u0101m du\u0161\u0101m, izlietnei priek\u0161 trauku mazg\u0101\u0161anas. Elektriskie boileri pieejami ar tilpumu no 5 &#8211; 20l. At\u0161\u0137ir\u012bgs ar savu ori\u0123in\u0101lo dizainu. \u0160os boilerus var izmantot gan norm\u0101los apst\u0101k\u013cos, gan ar\u012b ja ir tikai pa\u0161teces sist\u0113ma. Ir iesp\u0113jams piesl\u0113gt vair\u0101kus \u016bdens pat\u0113r\u0113t\u0101jums.Read More","og_url":"https:\/\/www.drazice-shop.lv\/product\/draice-elektriskie-boileri-zem-izlietnes-to-10-in\/","og_site_name":"DRA\u017dICE","article_modified_time":"2026-04-08T14:55:20+00:00","og_image":[{"width":500,"height":500,"url":"https:\/\/www.drazice-shop.lv\/wp-content\/uploads\/TO.jpg","type":"image\/jpeg"}],"twitter_card":"summary_large_image","twitter_misc":{"Est. reading time":"1 minute"},"schema":{"@context":"https:\/\/schema.org","@graph":[{"@type":"WebPage","@id":"https:\/\/www.drazice-shop.lv\/product\/draice-elektriskie-boileri-zem-izlietnes-to-10-in\/","url":"https:\/\/www.drazice-shop.lv\/product\/draice-elektriskie-boileri-zem-izlietnes-to-10-in\/","name":"Dra\u017eice elektriskie boileri zem izlietnes TO 10 IN - DRA\u017dICE","isPartOf":{"@id":"https:\/\/www.drazice-shop.lv\/#website"},"datePublished":"2023-11-14T16:42:24+00:00","dateModified":"2026-04-08T14:55:20+00:00","breadcrumb":{"@id":"https:\/\/www.drazice-shop.lv\/product\/draice-elektriskie-boileri-zem-izlietnes-to-10-in\/#breadcrumb"},"inLanguage":"en-US","potentialAction":[{"@type":"ReadAction","target":["https:\/\/www.drazice-shop.lv\/product\/draice-elektriskie-boileri-zem-izlietnes-to-10-in\/"]}]},{"@type":"BreadcrumbList","@id":"https:\/\/www.drazice-shop.lv\/product\/draice-elektriskie-boileri-zem-izlietnes-to-10-in\/#breadcrumb","itemListElement":[{"@type":"ListItem","position":1,"name":"Home","item":"https:\/\/www.drazice-shop.lv\/"},{"@type":"ListItem","position":2,"name":"Products","item":"https:\/\/www.drazice-shop.lv\/katalogs\/"},{"@type":"ListItem","position":3,"name":"Dra\u017eice elektriskie boileri zem izlietnes TO 10 IN"}]},{"@type":"WebSite","@id":"https:\/\/www.drazice-shop.lv\/#website","url":"https:\/\/www.drazice-shop.lv\/","name":"DRA\u017dICE","description":"","potentialAction":[{"@type":"SearchAction","target":{"@type":"EntryPoint","urlTemplate":"https:\/\/www.drazice-shop.lv\/?s={search_term_string}"},"query-input":"required name=search_term_string"}],"inLanguage":"en-US"}]}},"_links":{"self":[{"href":"https:\/\/www.drazice-shop.lv\/en\/wp-json\/wp\/v2\/product\/7157","targetHints":{"allow":["GET"]}}],"collection":[{"href":"https:\/\/www.drazice-shop.lv\/en\/wp-json\/wp\/v2\/product"}],"about":[{"href":"https:\/\/www.drazice-shop.lv\/en\/wp-json\/wp\/v2\/types\/product"}],"wp:featuredmedia":[{"embeddable":true,"href":"https:\/\/www.drazice-shop.lv\/en\/wp-json\/wp\/v2\/media\/8432"}],"wp:attachment":[{"href":"https:\/\/www.drazice-shop.lv\/en\/wp-json\/wp\/v2\/media?parent=7157"}],"wp:term":[{"taxonomy":"product_cat","embeddable":true,"href":"https:\/\/www.drazice-shop.lv\/en\/wp-json\/wp\/v2\/product_cat?post=7157"},{"taxonomy":"product_tag","embeddable":true,"href":"https:\/\/www.drazice-shop.lv\/en\/wp-json\/wp\/v2\/product_tag?post=7157"}],"curies":[{"name":"wp","href":"https:\/\/api.w.org\/{rel}","templated":true}]}}