{"id":7081,"date":"2023-11-14T19:41:13","date_gmt":"2023-11-14T16:41:13","guid":{"rendered":"https:\/\/www.drazice-shop.lv\/product\/draice-elektriskie-piekaramie-horizontlie-boileri-okcev-100\/"},"modified":"2026-04-04T04:05:24","modified_gmt":"2026-04-04T01:05:24","slug":"draice-elektriskie-piekaramie-horizontlie-boileri-okcev-100","status":"publish","type":"product","link":"https:\/\/www.drazice-shop.lv\/en\/product\/draice-elektriskie-piekaramie-horizontlie-boileri-okcev-100\/","title":{"rendered":"Dra\u017eice elektriskie, piekaramie, horizont\u0101lie boileri OKCEV 100"},"content":{"rendered":"<p>Horizont\u0101li piestiprin\u0101ms pie sienas.<\/p>\n<p>Elektriskie boileri pieejami ar tilpumu no 100 &#8211; 200.<\/p>\n<p>Att\u0101lums starp stiprin\u0101juma viet\u0101m nav main\u012bjies, tas noz\u012bm\u0113 ka bez liek\u0101m probl\u0113m\u0101m var\u0113siet nomain\u012bt veco Dra\u017eice boileri pret jauno.<\/p>\n<p>\u016adens sild\u012b\u0161ana notiek ar keramisko sildelementu, kuru darb\u012bbu regul\u0113 termostats.<\/p>\n<p>Temperat\u016bras diapozons no 5 l\u012bdz 74\u00b0C. Nomin\u0101lais spriegums &#8211; 1-PE-M\/AC 230 V\/50 Hz.<\/p>\n<p>Elektroaizsardz\u012bbas klase ir IP 44.<\/p>\n","protected":false},"excerpt":{"rendered":"<p>Horizont\u0101li piestiprin\u0101ms pie sienas. Elektriskie boileri pieejami ar tilpumu no 100 &#8211; 200. Att\u0101lums starp stiprin\u0101juma viet\u0101m nav main\u012bjies, tas noz\u012bm\u0113 ka bez liek\u0101m probl\u0113m\u0101m var\u0113siet nomain\u012bt veco Dra\u017eice boileri pret jauno. \u016adens sild\u012b\u0161ana notiek ar keramisko sildelementu, kuru darb\u012bbu regul\u0113 termostats. Temperat\u016bras diapozons no 5 l\u012bdz 74\u00b0C. Nomin\u0101lais spriegums &#8211; 1-PE-M\/AC 230 V\/50 Hz.<\/p>\n<div class=\"klb-readmore entry-button\"><a class=\"btn read-more\" href=\"https:\/\/www.drazice-shop.lv\/en\/product\/draice-elektriskie-piekaramie-horizontlie-boileri-okcev-100\/\">Read More<\/a><\/div>\n","protected":false},"featured_media":8435,"template":"","meta":{"inline_featured_image":false},"product_cat":[129,277],"product_tag":[],"class_list":{"0":"post-7081","1":"product","2":"type-product","3":"status-publish","4":"has-post-thumbnail","6":"product_cat-elektriskie-boileri","7":"product_cat-piekaramie-horizontalie-boileri","8":"pa_130000051-210","9":"pa_130000054-240","10":"pa_130000055-222","11":"pa_130000056-214","12":"pa_130000057-241","13":"pa_130000058-224","14":"pa_130000995-horizontalie","15":"pa_1300020014-225","16":"pa_1300020015-okcev","17":"pa_1300020016-drazice","18":"pa_1300020017-cehija","19":"pa_1300020018-686","20":"pa_1300020019-c","21":"pa_130002002-192","22":"pa_130002003-211","23":"pa_130002885-elektriskie","25":"first","26":"instock","27":"sale","28":"taxable","29":"shipping-taxable","30":"purchasable","31":"product-type-simple"},"yoast_head":"<!-- This site is optimized with the Yoast SEO plugin v21.7 - https:\/\/yoast.com\/wordpress\/plugins\/seo\/ -->\n<title>Dra\u017eice elektriskie, piekaramie, horizont\u0101lie boileri OKCEV 100 - DRA\u017dICE<\/title>\n<meta name=\"robots\" content=\"index, follow, max-snippet:-1, max-image-preview:large, max-video-preview:-1\" \/>\n<link rel=\"canonical\" href=\"https:\/\/www.drazice-shop.lv\/product\/draice-elektriskie-piekaramie-horizontlie-boileri-okcev-100\/\" \/>\n<meta property=\"og:locale\" content=\"en_US\" \/>\n<meta property=\"og:type\" content=\"article\" \/>\n<meta property=\"og:title\" content=\"Dra\u017eice elektriskie, piekaramie, horizont\u0101lie boileri OKCEV 100 - DRA\u017dICE\" \/>\n<meta property=\"og:description\" content=\"Horizont\u0101li piestiprin\u0101ms pie sienas. Elektriskie boileri pieejami ar tilpumu no 100 &#8211; 200. Att\u0101lums starp stiprin\u0101juma viet\u0101m nav main\u012bjies, tas noz\u012bm\u0113 ka bez liek\u0101m probl\u0113m\u0101m var\u0113siet nomain\u012bt veco Dra\u017eice boileri pret jauno. \u016adens sild\u012b\u0161ana notiek ar keramisko sildelementu, kuru darb\u012bbu regul\u0113 termostats. Temperat\u016bras diapozons no 5 l\u012bdz 74\u00b0C. Nomin\u0101lais spriegums &#8211; 1-PE-M\/AC 230 V\/50 Hz.Read More\" \/>\n<meta property=\"og:url\" content=\"https:\/\/www.drazice-shop.lv\/product\/draice-elektriskie-piekaramie-horizontlie-boileri-okcev-100\/\" \/>\n<meta property=\"og:site_name\" content=\"DRA\u017dICE\" \/>\n<meta property=\"article:modified_time\" content=\"2026-04-04T01:05:24+00:00\" \/>\n<meta property=\"og:image\" content=\"https:\/\/www.drazice-shop.lv\/wp-content\/uploads\/OKCEV.jpg\" \/>\n\t<meta property=\"og:image:width\" content=\"500\" \/>\n\t<meta property=\"og:image:height\" content=\"500\" \/>\n\t<meta property=\"og:image:type\" content=\"image\/jpeg\" \/>\n<meta name=\"twitter:card\" content=\"summary_large_image\" \/>\n<meta name=\"twitter:label1\" content=\"Est. reading time\" \/>\n\t<meta name=\"twitter:data1\" content=\"1 minute\" \/>\n<script type=\"application\/ld+json\" class=\"yoast-schema-graph\">{\"@context\":\"https:\/\/schema.org\",\"@graph\":[{\"@type\":\"WebPage\",\"@id\":\"https:\/\/www.drazice-shop.lv\/product\/draice-elektriskie-piekaramie-horizontlie-boileri-okcev-100\/\",\"url\":\"https:\/\/www.drazice-shop.lv\/product\/draice-elektriskie-piekaramie-horizontlie-boileri-okcev-100\/\",\"name\":\"Dra\u017eice elektriskie, piekaramie, horizont\u0101lie boileri OKCEV 100 - DRA\u017dICE\",\"isPartOf\":{\"@id\":\"https:\/\/www.drazice-shop.lv\/#website\"},\"datePublished\":\"2023-11-14T16:41:13+00:00\",\"dateModified\":\"2026-04-04T01:05:24+00:00\",\"breadcrumb\":{\"@id\":\"https:\/\/www.drazice-shop.lv\/product\/draice-elektriskie-piekaramie-horizontlie-boileri-okcev-100\/#breadcrumb\"},\"inLanguage\":\"en-US\",\"potentialAction\":[{\"@type\":\"ReadAction\",\"target\":[\"https:\/\/www.drazice-shop.lv\/product\/draice-elektriskie-piekaramie-horizontlie-boileri-okcev-100\/\"]}]},{\"@type\":\"BreadcrumbList\",\"@id\":\"https:\/\/www.drazice-shop.lv\/product\/draice-elektriskie-piekaramie-horizontlie-boileri-okcev-100\/#breadcrumb\",\"itemListElement\":[{\"@type\":\"ListItem\",\"position\":1,\"name\":\"Home\",\"item\":\"https:\/\/www.drazice-shop.lv\/\"},{\"@type\":\"ListItem\",\"position\":2,\"name\":\"Products\",\"item\":\"https:\/\/www.drazice-shop.lv\/katalogs\/\"},{\"@type\":\"ListItem\",\"position\":3,\"name\":\"Dra\u017eice elektriskie, piekaramie, horizont\u0101lie boileri OKCEV 100\"}]},{\"@type\":\"WebSite\",\"@id\":\"https:\/\/www.drazice-shop.lv\/#website\",\"url\":\"https:\/\/www.drazice-shop.lv\/\",\"name\":\"DRA\u017dICE\",\"description\":\"\",\"potentialAction\":[{\"@type\":\"SearchAction\",\"target\":{\"@type\":\"EntryPoint\",\"urlTemplate\":\"https:\/\/www.drazice-shop.lv\/?s={search_term_string}\"},\"query-input\":\"required name=search_term_string\"}],\"inLanguage\":\"en-US\"}]}<\/script>\n<!-- \/ Yoast SEO plugin. -->","yoast_head_json":{"title":"Dra\u017eice elektriskie, piekaramie, horizont\u0101lie boileri OKCEV 100 - DRA\u017dICE","robots":{"index":"index","follow":"follow","max-snippet":"max-snippet:-1","max-image-preview":"max-image-preview:large","max-video-preview":"max-video-preview:-1"},"canonical":"https:\/\/www.drazice-shop.lv\/product\/draice-elektriskie-piekaramie-horizontlie-boileri-okcev-100\/","og_locale":"en_US","og_type":"article","og_title":"Dra\u017eice elektriskie, piekaramie, horizont\u0101lie boileri OKCEV 100 - DRA\u017dICE","og_description":"Horizont\u0101li piestiprin\u0101ms pie sienas. Elektriskie boileri pieejami ar tilpumu no 100 &#8211; 200. Att\u0101lums starp stiprin\u0101juma viet\u0101m nav main\u012bjies, tas noz\u012bm\u0113 ka bez liek\u0101m probl\u0113m\u0101m var\u0113siet nomain\u012bt veco Dra\u017eice boileri pret jauno. \u016adens sild\u012b\u0161ana notiek ar keramisko sildelementu, kuru darb\u012bbu regul\u0113 termostats. Temperat\u016bras diapozons no 5 l\u012bdz 74\u00b0C. Nomin\u0101lais spriegums &#8211; 1-PE-M\/AC 230 V\/50 Hz.Read More","og_url":"https:\/\/www.drazice-shop.lv\/product\/draice-elektriskie-piekaramie-horizontlie-boileri-okcev-100\/","og_site_name":"DRA\u017dICE","article_modified_time":"2026-04-04T01:05:24+00:00","og_image":[{"width":500,"height":500,"url":"https:\/\/www.drazice-shop.lv\/wp-content\/uploads\/OKCEV.jpg","type":"image\/jpeg"}],"twitter_card":"summary_large_image","twitter_misc":{"Est. reading time":"1 minute"},"schema":{"@context":"https:\/\/schema.org","@graph":[{"@type":"WebPage","@id":"https:\/\/www.drazice-shop.lv\/product\/draice-elektriskie-piekaramie-horizontlie-boileri-okcev-100\/","url":"https:\/\/www.drazice-shop.lv\/product\/draice-elektriskie-piekaramie-horizontlie-boileri-okcev-100\/","name":"Dra\u017eice elektriskie, piekaramie, horizont\u0101lie boileri OKCEV 100 - DRA\u017dICE","isPartOf":{"@id":"https:\/\/www.drazice-shop.lv\/#website"},"datePublished":"2023-11-14T16:41:13+00:00","dateModified":"2026-04-04T01:05:24+00:00","breadcrumb":{"@id":"https:\/\/www.drazice-shop.lv\/product\/draice-elektriskie-piekaramie-horizontlie-boileri-okcev-100\/#breadcrumb"},"inLanguage":"en-US","potentialAction":[{"@type":"ReadAction","target":["https:\/\/www.drazice-shop.lv\/product\/draice-elektriskie-piekaramie-horizontlie-boileri-okcev-100\/"]}]},{"@type":"BreadcrumbList","@id":"https:\/\/www.drazice-shop.lv\/product\/draice-elektriskie-piekaramie-horizontlie-boileri-okcev-100\/#breadcrumb","itemListElement":[{"@type":"ListItem","position":1,"name":"Home","item":"https:\/\/www.drazice-shop.lv\/"},{"@type":"ListItem","position":2,"name":"Products","item":"https:\/\/www.drazice-shop.lv\/katalogs\/"},{"@type":"ListItem","position":3,"name":"Dra\u017eice elektriskie, piekaramie, horizont\u0101lie boileri OKCEV 100"}]},{"@type":"WebSite","@id":"https:\/\/www.drazice-shop.lv\/#website","url":"https:\/\/www.drazice-shop.lv\/","name":"DRA\u017dICE","description":"","potentialAction":[{"@type":"SearchAction","target":{"@type":"EntryPoint","urlTemplate":"https:\/\/www.drazice-shop.lv\/?s={search_term_string}"},"query-input":"required name=search_term_string"}],"inLanguage":"en-US"}]}},"_links":{"self":[{"href":"https:\/\/www.drazice-shop.lv\/en\/wp-json\/wp\/v2\/product\/7081","targetHints":{"allow":["GET"]}}],"collection":[{"href":"https:\/\/www.drazice-shop.lv\/en\/wp-json\/wp\/v2\/product"}],"about":[{"href":"https:\/\/www.drazice-shop.lv\/en\/wp-json\/wp\/v2\/types\/product"}],"wp:featuredmedia":[{"embeddable":true,"href":"https:\/\/www.drazice-shop.lv\/en\/wp-json\/wp\/v2\/media\/8435"}],"wp:attachment":[{"href":"https:\/\/www.drazice-shop.lv\/en\/wp-json\/wp\/v2\/media?parent=7081"}],"wp:term":[{"taxonomy":"product_cat","embeddable":true,"href":"https:\/\/www.drazice-shop.lv\/en\/wp-json\/wp\/v2\/product_cat?post=7081"},{"taxonomy":"product_tag","embeddable":true,"href":"https:\/\/www.drazice-shop.lv\/en\/wp-json\/wp\/v2\/product_tag?post=7081"}],"curies":[{"name":"wp","href":"https:\/\/api.w.org\/{rel}","templated":true}]}}