{"id":6938,"date":"2023-11-14T19:39:37","date_gmt":"2023-11-14T16:39:37","guid":{"rendered":"https:\/\/www.drazice-shop.lv\/product\/draice-elektriskie-piekaramie-vertiklie-boileri-okhe-one-80\/"},"modified":"2026-04-08T19:35:21","modified_gmt":"2026-04-08T16:35:21","slug":"draice-elektriskie-piekaramie-vertiklie-boileri-okhe-one-80","status":"publish","type":"product","link":"https:\/\/www.drazice-shop.lv\/en\/product\/draice-elektriskie-piekaramie-vertiklie-boileri-okhe-one-80\/","title":{"rendered":"Dra\u017eice elektriskie, piekaramie, vertik\u0101lie boileri OKHE ONE 80"},"content":{"rendered":"<p>Jauns, plakans 30 &#8211; 120 litru DRA\u017dICE \u016bdens sild\u012bt\u0101js, paredz\u0113ts uzst\u0101d\u012b\u0161anai, ierobe\u017eotas telp\u0101s;<\/p>\n<p>Harmoniski iederas virtuves iek\u0101rtas konstrukcij\u0101 un vannas istab\u0101;<\/p>\n<p>Izveidota p\u0113c DZD tehnolo\u0123ijas, nodro\u0161inot visaugst\u0101ko kvalit\u0101ti produktam;<\/p>\n<p>Nodro\u0161ina \u0101tru \u016bdens uzsild\u012b\u0161anu;<\/p>\n<p>Ieb\u016bv\u0113ts informat\u012bvs temperat\u016bras indikators;<\/p>\n<p>Augsta energoefektivit\u0101tes klase.<\/p>\n","protected":false},"excerpt":{"rendered":"<p>Jauns, plakans 30 &#8211; 120 litru DRA\u017dICE \u016bdens sild\u012bt\u0101js, paredz\u0113ts uzst\u0101d\u012b\u0161anai, ierobe\u017eotas telp\u0101s; Harmoniski iederas virtuves iek\u0101rtas konstrukcij\u0101 un vannas istab\u0101; Izveidota p\u0113c DZD tehnolo\u0123ijas, nodro\u0161inot visaugst\u0101ko kvalit\u0101ti produktam; Nodro\u0161ina \u0101tru \u016bdens uzsild\u012b\u0161anu; Ieb\u016bv\u0113ts informat\u012bvs temperat\u016bras indikators; Augsta energoefektivit\u0101tes klase.<\/p>\n","protected":false},"featured_media":8444,"template":"","meta":{"inline_featured_image":false},"product_cat":[129,278],"product_tag":[],"class_list":{"0":"post-6938","1":"product","2":"type-product","3":"status-publish","4":"has-post-thumbnail","6":"product_cat-elektriskie-boileri","7":"product_cat-piekaramie-vertikalie-boileri-kantainie","8":"pa_130000965-387","9":"pa_130000966-388","10":"pa_130000981-389","11":"pa_130000983-2-0","12":"pa_130000995-vertikalie","13":"pa_1300020015-okhe-one","14":"pa_1300020016-drazice","15":"pa_1300020017-cehija","16":"pa_1300020018-687","17":"pa_1300020019-c","18":"pa_130002003-211","19":"pa_130002305-391","20":"pa_130002885-elektriskie","22":"first","23":"instock","24":"sale","25":"taxable","26":"shipping-taxable","27":"purchasable","28":"product-type-simple"},"yoast_head":"<!-- This site is optimized with the Yoast SEO plugin v21.7 - https:\/\/yoast.com\/wordpress\/plugins\/seo\/ -->\n<title>Dra\u017eice elektriskie, piekaramie, vertik\u0101lie boileri OKHE ONE 80 - DRA\u017dICE<\/title>\n<meta name=\"robots\" content=\"index, follow, max-snippet:-1, max-image-preview:large, max-video-preview:-1\" \/>\n<link rel=\"canonical\" href=\"https:\/\/www.drazice-shop.lv\/product\/draice-elektriskie-piekaramie-vertiklie-boileri-okhe-one-80\/\" \/>\n<meta property=\"og:locale\" content=\"en_US\" \/>\n<meta property=\"og:type\" content=\"article\" \/>\n<meta property=\"og:title\" content=\"Dra\u017eice elektriskie, piekaramie, vertik\u0101lie boileri OKHE ONE 80 - DRA\u017dICE\" \/>\n<meta property=\"og:description\" content=\"Jauns, plakans 30 &#8211; 120 litru DRA\u017dICE \u016bdens sild\u012bt\u0101js, paredz\u0113ts uzst\u0101d\u012b\u0161anai, ierobe\u017eotas telp\u0101s; Harmoniski iederas virtuves iek\u0101rtas konstrukcij\u0101 un vannas istab\u0101; Izveidota p\u0113c DZD tehnolo\u0123ijas, nodro\u0161inot visaugst\u0101ko kvalit\u0101ti produktam; Nodro\u0161ina \u0101tru \u016bdens uzsild\u012b\u0161anu; Ieb\u016bv\u0113ts informat\u012bvs temperat\u016bras indikators; Augsta energoefektivit\u0101tes klase.\" \/>\n<meta property=\"og:url\" content=\"https:\/\/www.drazice-shop.lv\/product\/draice-elektriskie-piekaramie-vertiklie-boileri-okhe-one-80\/\" \/>\n<meta property=\"og:site_name\" content=\"DRA\u017dICE\" \/>\n<meta property=\"article:modified_time\" content=\"2026-04-08T16:35:21+00:00\" \/>\n<meta property=\"og:image\" content=\"https:\/\/www.drazice-shop.lv\/wp-content\/uploads\/OKHE-ONE.jpg\" \/>\n\t<meta property=\"og:image:width\" content=\"500\" \/>\n\t<meta property=\"og:image:height\" content=\"500\" \/>\n\t<meta property=\"og:image:type\" content=\"image\/jpeg\" \/>\n<meta name=\"twitter:card\" content=\"summary_large_image\" \/>\n<meta name=\"twitter:label1\" content=\"Est. reading time\" \/>\n\t<meta name=\"twitter:data1\" content=\"1 minute\" \/>\n<script type=\"application\/ld+json\" class=\"yoast-schema-graph\">{\"@context\":\"https:\/\/schema.org\",\"@graph\":[{\"@type\":\"WebPage\",\"@id\":\"https:\/\/www.drazice-shop.lv\/product\/draice-elektriskie-piekaramie-vertiklie-boileri-okhe-one-80\/\",\"url\":\"https:\/\/www.drazice-shop.lv\/product\/draice-elektriskie-piekaramie-vertiklie-boileri-okhe-one-80\/\",\"name\":\"Dra\u017eice elektriskie, piekaramie, vertik\u0101lie boileri OKHE ONE 80 - DRA\u017dICE\",\"isPartOf\":{\"@id\":\"https:\/\/www.drazice-shop.lv\/#website\"},\"datePublished\":\"2023-11-14T16:39:37+00:00\",\"dateModified\":\"2026-04-08T16:35:21+00:00\",\"breadcrumb\":{\"@id\":\"https:\/\/www.drazice-shop.lv\/product\/draice-elektriskie-piekaramie-vertiklie-boileri-okhe-one-80\/#breadcrumb\"},\"inLanguage\":\"en-US\",\"potentialAction\":[{\"@type\":\"ReadAction\",\"target\":[\"https:\/\/www.drazice-shop.lv\/product\/draice-elektriskie-piekaramie-vertiklie-boileri-okhe-one-80\/\"]}]},{\"@type\":\"BreadcrumbList\",\"@id\":\"https:\/\/www.drazice-shop.lv\/product\/draice-elektriskie-piekaramie-vertiklie-boileri-okhe-one-80\/#breadcrumb\",\"itemListElement\":[{\"@type\":\"ListItem\",\"position\":1,\"name\":\"Home\",\"item\":\"https:\/\/www.drazice-shop.lv\/\"},{\"@type\":\"ListItem\",\"position\":2,\"name\":\"Products\",\"item\":\"https:\/\/www.drazice-shop.lv\/katalogs\/\"},{\"@type\":\"ListItem\",\"position\":3,\"name\":\"Dra\u017eice elektriskie, piekaramie, vertik\u0101lie boileri OKHE ONE 80\"}]},{\"@type\":\"WebSite\",\"@id\":\"https:\/\/www.drazice-shop.lv\/#website\",\"url\":\"https:\/\/www.drazice-shop.lv\/\",\"name\":\"DRA\u017dICE\",\"description\":\"\",\"potentialAction\":[{\"@type\":\"SearchAction\",\"target\":{\"@type\":\"EntryPoint\",\"urlTemplate\":\"https:\/\/www.drazice-shop.lv\/?s={search_term_string}\"},\"query-input\":\"required name=search_term_string\"}],\"inLanguage\":\"en-US\"}]}<\/script>\n<!-- \/ Yoast SEO plugin. -->","yoast_head_json":{"title":"Dra\u017eice elektriskie, piekaramie, vertik\u0101lie boileri OKHE ONE 80 - DRA\u017dICE","robots":{"index":"index","follow":"follow","max-snippet":"max-snippet:-1","max-image-preview":"max-image-preview:large","max-video-preview":"max-video-preview:-1"},"canonical":"https:\/\/www.drazice-shop.lv\/product\/draice-elektriskie-piekaramie-vertiklie-boileri-okhe-one-80\/","og_locale":"en_US","og_type":"article","og_title":"Dra\u017eice elektriskie, piekaramie, vertik\u0101lie boileri OKHE ONE 80 - DRA\u017dICE","og_description":"Jauns, plakans 30 &#8211; 120 litru DRA\u017dICE \u016bdens sild\u012bt\u0101js, paredz\u0113ts uzst\u0101d\u012b\u0161anai, ierobe\u017eotas telp\u0101s; Harmoniski iederas virtuves iek\u0101rtas konstrukcij\u0101 un vannas istab\u0101; Izveidota p\u0113c DZD tehnolo\u0123ijas, nodro\u0161inot visaugst\u0101ko kvalit\u0101ti produktam; Nodro\u0161ina \u0101tru \u016bdens uzsild\u012b\u0161anu; Ieb\u016bv\u0113ts informat\u012bvs temperat\u016bras indikators; Augsta energoefektivit\u0101tes klase.","og_url":"https:\/\/www.drazice-shop.lv\/product\/draice-elektriskie-piekaramie-vertiklie-boileri-okhe-one-80\/","og_site_name":"DRA\u017dICE","article_modified_time":"2026-04-08T16:35:21+00:00","og_image":[{"width":500,"height":500,"url":"https:\/\/www.drazice-shop.lv\/wp-content\/uploads\/OKHE-ONE.jpg","type":"image\/jpeg"}],"twitter_card":"summary_large_image","twitter_misc":{"Est. reading time":"1 minute"},"schema":{"@context":"https:\/\/schema.org","@graph":[{"@type":"WebPage","@id":"https:\/\/www.drazice-shop.lv\/product\/draice-elektriskie-piekaramie-vertiklie-boileri-okhe-one-80\/","url":"https:\/\/www.drazice-shop.lv\/product\/draice-elektriskie-piekaramie-vertiklie-boileri-okhe-one-80\/","name":"Dra\u017eice elektriskie, piekaramie, vertik\u0101lie boileri OKHE ONE 80 - DRA\u017dICE","isPartOf":{"@id":"https:\/\/www.drazice-shop.lv\/#website"},"datePublished":"2023-11-14T16:39:37+00:00","dateModified":"2026-04-08T16:35:21+00:00","breadcrumb":{"@id":"https:\/\/www.drazice-shop.lv\/product\/draice-elektriskie-piekaramie-vertiklie-boileri-okhe-one-80\/#breadcrumb"},"inLanguage":"en-US","potentialAction":[{"@type":"ReadAction","target":["https:\/\/www.drazice-shop.lv\/product\/draice-elektriskie-piekaramie-vertiklie-boileri-okhe-one-80\/"]}]},{"@type":"BreadcrumbList","@id":"https:\/\/www.drazice-shop.lv\/product\/draice-elektriskie-piekaramie-vertiklie-boileri-okhe-one-80\/#breadcrumb","itemListElement":[{"@type":"ListItem","position":1,"name":"Home","item":"https:\/\/www.drazice-shop.lv\/"},{"@type":"ListItem","position":2,"name":"Products","item":"https:\/\/www.drazice-shop.lv\/katalogs\/"},{"@type":"ListItem","position":3,"name":"Dra\u017eice elektriskie, piekaramie, vertik\u0101lie boileri OKHE ONE 80"}]},{"@type":"WebSite","@id":"https:\/\/www.drazice-shop.lv\/#website","url":"https:\/\/www.drazice-shop.lv\/","name":"DRA\u017dICE","description":"","potentialAction":[{"@type":"SearchAction","target":{"@type":"EntryPoint","urlTemplate":"https:\/\/www.drazice-shop.lv\/?s={search_term_string}"},"query-input":"required name=search_term_string"}],"inLanguage":"en-US"}]}},"_links":{"self":[{"href":"https:\/\/www.drazice-shop.lv\/en\/wp-json\/wp\/v2\/product\/6938","targetHints":{"allow":["GET"]}}],"collection":[{"href":"https:\/\/www.drazice-shop.lv\/en\/wp-json\/wp\/v2\/product"}],"about":[{"href":"https:\/\/www.drazice-shop.lv\/en\/wp-json\/wp\/v2\/types\/product"}],"wp:featuredmedia":[{"embeddable":true,"href":"https:\/\/www.drazice-shop.lv\/en\/wp-json\/wp\/v2\/media\/8444"}],"wp:attachment":[{"href":"https:\/\/www.drazice-shop.lv\/en\/wp-json\/wp\/v2\/media?parent=6938"}],"wp:term":[{"taxonomy":"product_cat","embeddable":true,"href":"https:\/\/www.drazice-shop.lv\/en\/wp-json\/wp\/v2\/product_cat?post=6938"},{"taxonomy":"product_tag","embeddable":true,"href":"https:\/\/www.drazice-shop.lv\/en\/wp-json\/wp\/v2\/product_tag?post=6938"}],"curies":[{"name":"wp","href":"https:\/\/api.w.org\/{rel}","templated":true}]}}