{"id":6787,"date":"2023-11-14T19:22:09","date_gmt":"2023-11-14T16:22:09","guid":{"rendered":"https:\/\/www.drazice-shop.lv\/product\/draice-kombintie-piekaramie-vertiklie-boileri-ar-siltummaia-platbu-1m2-okc-160\/"},"modified":"2026-04-20T23:35:33","modified_gmt":"2026-04-20T20:35:33","slug":"draice-kombintie-piekaramie-vertiklie-boileri-ar-siltummaia-platbu-1m2-okc-160","status":"publish","type":"product","link":"https:\/\/www.drazice-shop.lv\/en\/product\/draice-kombintie-piekaramie-vertiklie-boileri-ar-siltummaia-platbu-1m2-okc-160\/","title":{"rendered":"Dra\u017eice kombin\u0113tie, piekaramie, vertik\u0101lie boileri ar siltummai\u0146a plat\u012bbu 1m2 OKC 160"},"content":{"rendered":"<p>Piekaramie, vertik\u0101lie \u016bdens sild\u012bt\u0101ji<br \/>\nKombin\u0113tie uzkr\u0101jo\u0161ie 100 &#8211; 200 litru \u016bdens sild\u012bt\u0101ji, kuri ir paredz\u0113ti uzst\u0101d\u012b\u0161anai pie sienas vertik\u0101li. Att\u0101lums starp stiprin\u0101juma viet\u0101m nav main\u012bjies, tas noz\u012bm\u0113 ka bez liek\u0101m probl\u0113m\u0101m var\u0113siet nomain\u012bt veco Dra\u017eice boileri pret jauno.<\/p>\n<p>Sild\u012b\u0161anas iesp\u0113jas<br \/>\nAr elektr\u012bbu. \u016adens sild\u012b\u0161ana notiek ar keramisk\u0101 sildelementa pal\u012bdz\u012bbu, kura vad\u012bbu nodro\u0161ina darba termostats, bet term\u0101lo elektrodro\u0161\u012bbu &#8211; dro\u0161\u012bbas termostats (termodro\u0161in\u0101t\u0101js). Pie\u013caujam\u0101 temperat\u016bru amplit\u016bda &#8211; no 5 l\u012bdz 74 \u00b0C. Nomin\u0101lais spriegums 1-PE-N\/AC 230 V\/50 Hz. Elektroizol\u0101cijas p\u0101rkl\u0101jums IP 45 pie\u013cauj \u016bdens sild\u012bt\u0101ja novieto\u0161anu virs vannas.<\/p>\n<p>Ar siltummaini. \u016adens sild\u012bt\u0101ju ir iesp\u0113jams pievienot pie \u0101r\u0113j\u0101s siltumsist\u0113mas ar maksim\u0101lo temperat\u016bru 110 \u00b0C un spiedienu 1 MPa. \u016adens sild\u012bt\u0101ja siltummai\u0146a veiktsp\u0113ja regul\u0113jas atkar\u012bb\u0101 no \u0101r\u0113j\u0101 siltuma avota jaudas. Siltummainis str\u0101d\u0101 vai nu piespiedu cirkul\u0101cijas re\u017e\u012bm\u0101, vai ar\u012b bez spiediena re\u017e\u012bm\u0101. Karst\u0101 \u016bdens vad\u012bbas sensors tiek uzst\u0101d\u012bts taj\u0101 pa\u0161\u0101 korpus\u0101, kur\u0101 atrodas elektrosensori.<\/p>\n<p>Pamatfunkcijas<br \/>\n\u016adens sild\u012b\u0161ana saimnieciskiem un tehniskiem m\u0113r\u0137iem objektos ar centr\u0101lo g\u0101zes vai ciet\u0101 kurin\u0101m\u0101 apkuri ziemas period\u0101.<\/p>\n","protected":false},"excerpt":{"rendered":"<p>Piekaramie, vertik\u0101lie \u016bdens sild\u012bt\u0101ji Kombin\u0113tie uzkr\u0101jo\u0161ie 100 &#8211; 200 litru \u016bdens sild\u012bt\u0101ji, kuri ir paredz\u0113ti uzst\u0101d\u012b\u0161anai pie sienas vertik\u0101li. Att\u0101lums starp stiprin\u0101juma viet\u0101m nav main\u012bjies, tas noz\u012bm\u0113 ka bez liek\u0101m probl\u0113m\u0101m var\u0113siet nomain\u012bt veco Dra\u017eice boileri pret jauno. Sild\u012b\u0161anas iesp\u0113jas Ar elektr\u012bbu. \u016adens sild\u012b\u0161ana notiek ar keramisk\u0101 sildelementa pal\u012bdz\u012bbu, kura vad\u012bbu nodro\u0161ina darba termostats, bet<\/p>\n<div class=\"klb-readmore entry-button\"><a class=\"btn read-more\" href=\"https:\/\/www.drazice-shop.lv\/en\/product\/draice-kombintie-piekaramie-vertiklie-boileri-ar-siltummaia-platbu-1m2-okc-160\/\">Read More<\/a><\/div>\n","protected":false},"featured_media":8462,"template":"","meta":{"inline_featured_image":false},"product_cat":[128,353],"product_tag":[],"class_list":{"0":"post-6787","1":"product","2":"type-product","3":"status-publish","4":"has-post-thumbnail","6":"product_cat-kombinetie-boileri","7":"product_cat-vertikalie-boileri-ar-siltummaina-platibu-1m2","8":"pa_130000057-364","9":"pa_130000995-vertikalie-ar-siltummaina","10":"pa_130002001-191","11":"pa_1300020010-357","12":"pa_1300020014-233","13":"pa_1300020015-okc","14":"pa_1300020016-drazice","15":"pa_1300020017-cehija","16":"pa_1300020018-684","17":"pa_1300020019-c","18":"pa_130002002-192","19":"pa_130002003-211","20":"pa_130002004-354","21":"pa_130002008-323","22":"pa_130002009-199","23":"pa_1300023011-358","24":"pa_1300023012-365","25":"pa_130002305-363","26":"pa_130002306-356","27":"pa_130002885-kombinetie","29":"first","30":"instock","31":"sale","32":"taxable","33":"shipping-taxable","34":"purchasable","35":"product-type-simple"},"yoast_head":"<!-- This site is optimized with the Yoast SEO plugin v21.7 - https:\/\/yoast.com\/wordpress\/plugins\/seo\/ -->\n<title>Dra\u017eice kombin\u0113tie, piekaramie, vertik\u0101lie boileri ar siltummai\u0146a plat\u012bbu 1m2 OKC 160 - DRA\u017dICE<\/title>\n<meta name=\"robots\" content=\"index, follow, max-snippet:-1, max-image-preview:large, max-video-preview:-1\" \/>\n<link rel=\"canonical\" href=\"https:\/\/www.drazice-shop.lv\/product\/draice-kombintie-piekaramie-vertiklie-boileri-ar-siltummaia-platbu-1m2-okc-160\/\" \/>\n<meta property=\"og:locale\" content=\"en_US\" \/>\n<meta property=\"og:type\" content=\"article\" \/>\n<meta property=\"og:title\" content=\"Dra\u017eice kombin\u0113tie, piekaramie, vertik\u0101lie boileri ar siltummai\u0146a plat\u012bbu 1m2 OKC 160 - DRA\u017dICE\" \/>\n<meta property=\"og:description\" content=\"Piekaramie, vertik\u0101lie \u016bdens sild\u012bt\u0101ji Kombin\u0113tie uzkr\u0101jo\u0161ie 100 &#8211; 200 litru \u016bdens sild\u012bt\u0101ji, kuri ir paredz\u0113ti uzst\u0101d\u012b\u0161anai pie sienas vertik\u0101li. Att\u0101lums starp stiprin\u0101juma viet\u0101m nav main\u012bjies, tas noz\u012bm\u0113 ka bez liek\u0101m probl\u0113m\u0101m var\u0113siet nomain\u012bt veco Dra\u017eice boileri pret jauno. Sild\u012b\u0161anas iesp\u0113jas Ar elektr\u012bbu. \u016adens sild\u012b\u0161ana notiek ar keramisk\u0101 sildelementa pal\u012bdz\u012bbu, kura vad\u012bbu nodro\u0161ina darba termostats, betRead More\" \/>\n<meta property=\"og:url\" content=\"https:\/\/www.drazice-shop.lv\/product\/draice-kombintie-piekaramie-vertiklie-boileri-ar-siltummaia-platbu-1m2-okc-160\/\" \/>\n<meta property=\"og:site_name\" content=\"DRA\u017dICE\" \/>\n<meta property=\"article:modified_time\" content=\"2026-04-20T20:35:33+00:00\" \/>\n<meta property=\"og:image\" content=\"https:\/\/www.drazice-shop.lv\/wp-content\/uploads\/OKC-1-m2.jpg\" \/>\n\t<meta property=\"og:image:width\" content=\"500\" \/>\n\t<meta property=\"og:image:height\" content=\"500\" \/>\n\t<meta property=\"og:image:type\" content=\"image\/jpeg\" \/>\n<meta name=\"twitter:card\" content=\"summary_large_image\" \/>\n<meta name=\"twitter:label1\" content=\"Est. reading time\" \/>\n\t<meta name=\"twitter:data1\" content=\"1 minute\" \/>\n<script type=\"application\/ld+json\" class=\"yoast-schema-graph\">{\"@context\":\"https:\/\/schema.org\",\"@graph\":[{\"@type\":\"WebPage\",\"@id\":\"https:\/\/www.drazice-shop.lv\/product\/draice-kombintie-piekaramie-vertiklie-boileri-ar-siltummaia-platbu-1m2-okc-160\/\",\"url\":\"https:\/\/www.drazice-shop.lv\/product\/draice-kombintie-piekaramie-vertiklie-boileri-ar-siltummaia-platbu-1m2-okc-160\/\",\"name\":\"Dra\u017eice kombin\u0113tie, piekaramie, vertik\u0101lie boileri ar siltummai\u0146a plat\u012bbu 1m2 OKC 160 - DRA\u017dICE\",\"isPartOf\":{\"@id\":\"https:\/\/www.drazice-shop.lv\/#website\"},\"datePublished\":\"2023-11-14T16:22:09+00:00\",\"dateModified\":\"2026-04-20T20:35:33+00:00\",\"breadcrumb\":{\"@id\":\"https:\/\/www.drazice-shop.lv\/product\/draice-kombintie-piekaramie-vertiklie-boileri-ar-siltummaia-platbu-1m2-okc-160\/#breadcrumb\"},\"inLanguage\":\"en-US\",\"potentialAction\":[{\"@type\":\"ReadAction\",\"target\":[\"https:\/\/www.drazice-shop.lv\/product\/draice-kombintie-piekaramie-vertiklie-boileri-ar-siltummaia-platbu-1m2-okc-160\/\"]}]},{\"@type\":\"BreadcrumbList\",\"@id\":\"https:\/\/www.drazice-shop.lv\/product\/draice-kombintie-piekaramie-vertiklie-boileri-ar-siltummaia-platbu-1m2-okc-160\/#breadcrumb\",\"itemListElement\":[{\"@type\":\"ListItem\",\"position\":1,\"name\":\"Home\",\"item\":\"https:\/\/www.drazice-shop.lv\/\"},{\"@type\":\"ListItem\",\"position\":2,\"name\":\"Products\",\"item\":\"https:\/\/www.drazice-shop.lv\/katalogs\/\"},{\"@type\":\"ListItem\",\"position\":3,\"name\":\"Dra\u017eice kombin\u0113tie, piekaramie, vertik\u0101lie boileri ar siltummai\u0146a plat\u012bbu 1m2 OKC 160\"}]},{\"@type\":\"WebSite\",\"@id\":\"https:\/\/www.drazice-shop.lv\/#website\",\"url\":\"https:\/\/www.drazice-shop.lv\/\",\"name\":\"DRA\u017dICE\",\"description\":\"\",\"potentialAction\":[{\"@type\":\"SearchAction\",\"target\":{\"@type\":\"EntryPoint\",\"urlTemplate\":\"https:\/\/www.drazice-shop.lv\/?s={search_term_string}\"},\"query-input\":\"required name=search_term_string\"}],\"inLanguage\":\"en-US\"}]}<\/script>\n<!-- \/ Yoast SEO plugin. -->","yoast_head_json":{"title":"Dra\u017eice kombin\u0113tie, piekaramie, vertik\u0101lie boileri ar siltummai\u0146a plat\u012bbu 1m2 OKC 160 - DRA\u017dICE","robots":{"index":"index","follow":"follow","max-snippet":"max-snippet:-1","max-image-preview":"max-image-preview:large","max-video-preview":"max-video-preview:-1"},"canonical":"https:\/\/www.drazice-shop.lv\/product\/draice-kombintie-piekaramie-vertiklie-boileri-ar-siltummaia-platbu-1m2-okc-160\/","og_locale":"en_US","og_type":"article","og_title":"Dra\u017eice kombin\u0113tie, piekaramie, vertik\u0101lie boileri ar siltummai\u0146a plat\u012bbu 1m2 OKC 160 - DRA\u017dICE","og_description":"Piekaramie, vertik\u0101lie \u016bdens sild\u012bt\u0101ji Kombin\u0113tie uzkr\u0101jo\u0161ie 100 &#8211; 200 litru \u016bdens sild\u012bt\u0101ji, kuri ir paredz\u0113ti uzst\u0101d\u012b\u0161anai pie sienas vertik\u0101li. Att\u0101lums starp stiprin\u0101juma viet\u0101m nav main\u012bjies, tas noz\u012bm\u0113 ka bez liek\u0101m probl\u0113m\u0101m var\u0113siet nomain\u012bt veco Dra\u017eice boileri pret jauno. Sild\u012b\u0161anas iesp\u0113jas Ar elektr\u012bbu. \u016adens sild\u012b\u0161ana notiek ar keramisk\u0101 sildelementa pal\u012bdz\u012bbu, kura vad\u012bbu nodro\u0161ina darba termostats, betRead More","og_url":"https:\/\/www.drazice-shop.lv\/product\/draice-kombintie-piekaramie-vertiklie-boileri-ar-siltummaia-platbu-1m2-okc-160\/","og_site_name":"DRA\u017dICE","article_modified_time":"2026-04-20T20:35:33+00:00","og_image":[{"width":500,"height":500,"url":"https:\/\/www.drazice-shop.lv\/wp-content\/uploads\/OKC-1-m2.jpg","type":"image\/jpeg"}],"twitter_card":"summary_large_image","twitter_misc":{"Est. reading time":"1 minute"},"schema":{"@context":"https:\/\/schema.org","@graph":[{"@type":"WebPage","@id":"https:\/\/www.drazice-shop.lv\/product\/draice-kombintie-piekaramie-vertiklie-boileri-ar-siltummaia-platbu-1m2-okc-160\/","url":"https:\/\/www.drazice-shop.lv\/product\/draice-kombintie-piekaramie-vertiklie-boileri-ar-siltummaia-platbu-1m2-okc-160\/","name":"Dra\u017eice kombin\u0113tie, piekaramie, vertik\u0101lie boileri ar siltummai\u0146a plat\u012bbu 1m2 OKC 160 - DRA\u017dICE","isPartOf":{"@id":"https:\/\/www.drazice-shop.lv\/#website"},"datePublished":"2023-11-14T16:22:09+00:00","dateModified":"2026-04-20T20:35:33+00:00","breadcrumb":{"@id":"https:\/\/www.drazice-shop.lv\/product\/draice-kombintie-piekaramie-vertiklie-boileri-ar-siltummaia-platbu-1m2-okc-160\/#breadcrumb"},"inLanguage":"en-US","potentialAction":[{"@type":"ReadAction","target":["https:\/\/www.drazice-shop.lv\/product\/draice-kombintie-piekaramie-vertiklie-boileri-ar-siltummaia-platbu-1m2-okc-160\/"]}]},{"@type":"BreadcrumbList","@id":"https:\/\/www.drazice-shop.lv\/product\/draice-kombintie-piekaramie-vertiklie-boileri-ar-siltummaia-platbu-1m2-okc-160\/#breadcrumb","itemListElement":[{"@type":"ListItem","position":1,"name":"Home","item":"https:\/\/www.drazice-shop.lv\/"},{"@type":"ListItem","position":2,"name":"Products","item":"https:\/\/www.drazice-shop.lv\/katalogs\/"},{"@type":"ListItem","position":3,"name":"Dra\u017eice kombin\u0113tie, piekaramie, vertik\u0101lie boileri ar siltummai\u0146a plat\u012bbu 1m2 OKC 160"}]},{"@type":"WebSite","@id":"https:\/\/www.drazice-shop.lv\/#website","url":"https:\/\/www.drazice-shop.lv\/","name":"DRA\u017dICE","description":"","potentialAction":[{"@type":"SearchAction","target":{"@type":"EntryPoint","urlTemplate":"https:\/\/www.drazice-shop.lv\/?s={search_term_string}"},"query-input":"required name=search_term_string"}],"inLanguage":"en-US"}]}},"_links":{"self":[{"href":"https:\/\/www.drazice-shop.lv\/en\/wp-json\/wp\/v2\/product\/6787","targetHints":{"allow":["GET"]}}],"collection":[{"href":"https:\/\/www.drazice-shop.lv\/en\/wp-json\/wp\/v2\/product"}],"about":[{"href":"https:\/\/www.drazice-shop.lv\/en\/wp-json\/wp\/v2\/types\/product"}],"wp:featuredmedia":[{"embeddable":true,"href":"https:\/\/www.drazice-shop.lv\/en\/wp-json\/wp\/v2\/media\/8462"}],"wp:attachment":[{"href":"https:\/\/www.drazice-shop.lv\/en\/wp-json\/wp\/v2\/media?parent=6787"}],"wp:term":[{"taxonomy":"product_cat","embeddable":true,"href":"https:\/\/www.drazice-shop.lv\/en\/wp-json\/wp\/v2\/product_cat?post=6787"},{"taxonomy":"product_tag","embeddable":true,"href":"https:\/\/www.drazice-shop.lv\/en\/wp-json\/wp\/v2\/product_tag?post=6787"}],"curies":[{"name":"wp","href":"https:\/\/api.w.org\/{rel}","templated":true}]}}