{"id":6645,"date":"2023-11-14T19:09:45","date_gmt":"2023-11-14T16:09:45","guid":{"rendered":"https:\/\/www.drazice-shop.lv\/product\/draice-kombintie-piekaramie-vertiklie-boileri-okc-80\/"},"modified":"2026-05-01T03:27:14","modified_gmt":"2026-05-01T00:27:14","slug":"draice-kombintie-piekaramie-vertiklie-boileri-okc-80","status":"publish","type":"product","link":"https:\/\/www.drazice-shop.lv\/en\/product\/draice-kombintie-piekaramie-vertiklie-boileri-okc-80\/","title":{"rendered":"Dra\u017eice kombin\u0113tie, piekaramie, vertik\u0101lie boileri OKC 80"},"content":{"rendered":"<p>Piekaramie, vertik\u0101lie \u016bdens sild\u012bt\u0101ji<br \/>\nKombin\u0113tie uzkr\u0101jo\u0161ie 80 &#8211; 200 litru \u016bdens sild\u012bt\u0101ji, kuri ir paredz\u0113ti uzst\u0101d\u012b\u0161anai pie sienas vertik\u0101li.<\/p>\n<p>Sild\u012b\u0161anas iesp\u0113jas<br \/>\nAr elektr\u012bbu. \u016adens sild\u012b\u0161ana notiek ar keramisk\u0101 sildelementa pal\u012bdz\u012bbu, kura vad\u012bbu nodro\u0161ina darba termostats, bet term\u0101lo elektrodro\u0161\u012bbu &#8211; dro\u0161\u012bbas termostats (termodro\u0161in\u0101t\u0101js). Pie\u013caujam\u0101 temperat\u016bru amplit\u016bda &#8211; no 5 l\u012bdz 74 \u00b0\u0421. Nomin\u0101lais spriegums 1-PE-N\/AC 230 V\/50 Hz. Elektroizol\u0101cijas p\u0101rkl\u0101jums IP 45 pie\u013cauj \u016bdens sild\u012bt\u0101ja novieto\u0161anu virs vannas.<\/p>\n<p>Ar siltummaini. \u016adens sild\u012bt\u0101ju ir iesp\u0113jams pievienot pie \u0101r\u0113j\u0101s siltumsist\u0113mas ar maksim\u0101lo temperat\u016bru 110 \u00b0C un spiedienu 1 MPa. \u016adens sild\u012bt\u0101ja siltummai\u0146a veiktsp\u0113ja regul\u0113jas atkar\u012bb\u0101 no \u0101r\u0113j\u0101 siltuma avota jaudas. Siltummainis str\u0101d\u0101 vai nu piespiedu cirkul\u0101cijas re\u017e\u012bm\u0101, vai ar\u012b bez spiediena re\u017e\u012bm\u0101. Karst\u0101 \u016bdens vad\u012bbas sensors tiek uzst\u0101d\u012bts taj\u0101 pa\u0161\u0101 korpus\u0101, kur\u0101 atrodas elektrosensori.<\/p>\n<p>Pamatfunkcijas<br \/>\n\u016adens sild\u012b\u0161ana saimnieciskiem un tehniskiem m\u0113r\u0137iem objektos ar centr\u0101lo g\u0101zes vai ciet\u0101 kurin\u0101m\u0101 apkuri ziemas period\u0101.<\/p>\n<p>Paredz\u0113ts \u016bdens sild\u012b\u0161anai ar elektroener\u0123ijas pal\u012bdz\u012bbu \u0101rpus apkures sezonas.<\/p>\n","protected":false},"excerpt":{"rendered":"<p>Piekaramie, vertik\u0101lie \u016bdens sild\u012bt\u0101ji Kombin\u0113tie uzkr\u0101jo\u0161ie 80 &#8211; 200 litru \u016bdens sild\u012bt\u0101ji, kuri ir paredz\u0113ti uzst\u0101d\u012b\u0161anai pie sienas vertik\u0101li. Sild\u012b\u0161anas iesp\u0113jas Ar elektr\u012bbu. \u016adens sild\u012b\u0161ana notiek ar keramisk\u0101 sildelementa pal\u012bdz\u012bbu, kura vad\u012bbu nodro\u0161ina darba termostats, bet term\u0101lo elektrodro\u0161\u012bbu &#8211; dro\u0161\u012bbas termostats (termodro\u0161in\u0101t\u0101js). Pie\u013caujam\u0101 temperat\u016bru amplit\u016bda &#8211; no 5 l\u012bdz 74 \u00b0\u0421. Nomin\u0101lais spriegums 1-PE-N\/AC 230<\/p>\n<div class=\"klb-readmore entry-button\"><a class=\"btn read-more\" href=\"https:\/\/www.drazice-shop.lv\/en\/product\/draice-kombintie-piekaramie-vertiklie-boileri-okc-80\/\">Read More<\/a><\/div>\n","protected":false},"featured_media":8456,"template":"","meta":{"inline_featured_image":false},"product_cat":[128,135],"product_tag":[],"class_list":{"0":"post-6645","1":"product","2":"type-product","3":"status-publish","4":"has-post-thumbnail","6":"product_cat-kombinetie-boileri","7":"product_cat-piekaramie-vertikalie-udens-silditaji","8":"pa_130000995-vertikalie","9":"pa_130002001-191","10":"pa_1300020010-200","11":"pa_1300020011-7-000","12":"pa_1300020012-202","13":"pa_1300020013-203","14":"pa_1300020014-204","15":"pa_1300020015-okc","16":"pa_1300020016-drazice","17":"pa_1300020017-cehija","18":"pa_1300020018-208","19":"pa_1300020018-687","20":"pa_1300020019-c","21":"pa_130002002-192","22":"pa_130002003-2-000","23":"pa_130002004-ip-45","24":"pa_130002005-195","25":"pa_130002006-196","26":"pa_130002007-197","27":"pa_130002008-198","28":"pa_130002009-199","29":"pa_130002885-kombinetie","31":"first","32":"instock","33":"sale","34":"taxable","35":"shipping-taxable","36":"purchasable","37":"product-type-simple"},"yoast_head":"<!-- This site is optimized with the Yoast SEO plugin v21.7 - https:\/\/yoast.com\/wordpress\/plugins\/seo\/ -->\n<title>Dra\u017eice kombin\u0113tie, piekaramie, vertik\u0101lie boileri OKC 80 - DRA\u017dICE<\/title>\n<meta name=\"robots\" content=\"index, follow, max-snippet:-1, max-image-preview:large, max-video-preview:-1\" \/>\n<link rel=\"canonical\" href=\"https:\/\/www.drazice-shop.lv\/product\/draice-kombintie-piekaramie-vertiklie-boileri-okc-80\/\" \/>\n<meta property=\"og:locale\" content=\"en_US\" \/>\n<meta property=\"og:type\" content=\"article\" \/>\n<meta property=\"og:title\" content=\"Dra\u017eice kombin\u0113tie, piekaramie, vertik\u0101lie boileri OKC 80 - DRA\u017dICE\" \/>\n<meta property=\"og:description\" content=\"Piekaramie, vertik\u0101lie \u016bdens sild\u012bt\u0101ji Kombin\u0113tie uzkr\u0101jo\u0161ie 80 &#8211; 200 litru \u016bdens sild\u012bt\u0101ji, kuri ir paredz\u0113ti uzst\u0101d\u012b\u0161anai pie sienas vertik\u0101li. Sild\u012b\u0161anas iesp\u0113jas Ar elektr\u012bbu. \u016adens sild\u012b\u0161ana notiek ar keramisk\u0101 sildelementa pal\u012bdz\u012bbu, kura vad\u012bbu nodro\u0161ina darba termostats, bet term\u0101lo elektrodro\u0161\u012bbu &#8211; dro\u0161\u012bbas termostats (termodro\u0161in\u0101t\u0101js). Pie\u013caujam\u0101 temperat\u016bru amplit\u016bda &#8211; no 5 l\u012bdz 74 \u00b0\u0421. Nomin\u0101lais spriegums 1-PE-N\/AC 230Read More\" \/>\n<meta property=\"og:url\" content=\"https:\/\/www.drazice-shop.lv\/product\/draice-kombintie-piekaramie-vertiklie-boileri-okc-80\/\" \/>\n<meta property=\"og:site_name\" content=\"DRA\u017dICE\" \/>\n<meta property=\"article:modified_time\" content=\"2026-05-01T00:27:14+00:00\" \/>\n<meta property=\"og:image\" content=\"https:\/\/www.drazice-shop.lv\/wp-content\/uploads\/OKC.jpg\" \/>\n\t<meta property=\"og:image:width\" content=\"500\" \/>\n\t<meta property=\"og:image:height\" content=\"500\" \/>\n\t<meta property=\"og:image:type\" content=\"image\/jpeg\" \/>\n<meta name=\"twitter:card\" content=\"summary_large_image\" \/>\n<meta name=\"twitter:label1\" content=\"Est. reading time\" \/>\n\t<meta name=\"twitter:data1\" content=\"1 minute\" \/>\n<script type=\"application\/ld+json\" class=\"yoast-schema-graph\">{\"@context\":\"https:\/\/schema.org\",\"@graph\":[{\"@type\":\"WebPage\",\"@id\":\"https:\/\/www.drazice-shop.lv\/product\/draice-kombintie-piekaramie-vertiklie-boileri-okc-80\/\",\"url\":\"https:\/\/www.drazice-shop.lv\/product\/draice-kombintie-piekaramie-vertiklie-boileri-okc-80\/\",\"name\":\"Dra\u017eice kombin\u0113tie, piekaramie, vertik\u0101lie boileri OKC 80 - DRA\u017dICE\",\"isPartOf\":{\"@id\":\"https:\/\/www.drazice-shop.lv\/#website\"},\"datePublished\":\"2023-11-14T16:09:45+00:00\",\"dateModified\":\"2026-05-01T00:27:14+00:00\",\"breadcrumb\":{\"@id\":\"https:\/\/www.drazice-shop.lv\/product\/draice-kombintie-piekaramie-vertiklie-boileri-okc-80\/#breadcrumb\"},\"inLanguage\":\"en-US\",\"potentialAction\":[{\"@type\":\"ReadAction\",\"target\":[\"https:\/\/www.drazice-shop.lv\/product\/draice-kombintie-piekaramie-vertiklie-boileri-okc-80\/\"]}]},{\"@type\":\"BreadcrumbList\",\"@id\":\"https:\/\/www.drazice-shop.lv\/product\/draice-kombintie-piekaramie-vertiklie-boileri-okc-80\/#breadcrumb\",\"itemListElement\":[{\"@type\":\"ListItem\",\"position\":1,\"name\":\"Home\",\"item\":\"https:\/\/www.drazice-shop.lv\/\"},{\"@type\":\"ListItem\",\"position\":2,\"name\":\"Products\",\"item\":\"https:\/\/www.drazice-shop.lv\/katalogs\/\"},{\"@type\":\"ListItem\",\"position\":3,\"name\":\"Dra\u017eice kombin\u0113tie, piekaramie, vertik\u0101lie boileri OKC 80\"}]},{\"@type\":\"WebSite\",\"@id\":\"https:\/\/www.drazice-shop.lv\/#website\",\"url\":\"https:\/\/www.drazice-shop.lv\/\",\"name\":\"DRA\u017dICE\",\"description\":\"\",\"potentialAction\":[{\"@type\":\"SearchAction\",\"target\":{\"@type\":\"EntryPoint\",\"urlTemplate\":\"https:\/\/www.drazice-shop.lv\/?s={search_term_string}\"},\"query-input\":\"required name=search_term_string\"}],\"inLanguage\":\"en-US\"}]}<\/script>\n<!-- \/ Yoast SEO plugin. -->","yoast_head_json":{"title":"Dra\u017eice kombin\u0113tie, piekaramie, vertik\u0101lie boileri OKC 80 - DRA\u017dICE","robots":{"index":"index","follow":"follow","max-snippet":"max-snippet:-1","max-image-preview":"max-image-preview:large","max-video-preview":"max-video-preview:-1"},"canonical":"https:\/\/www.drazice-shop.lv\/product\/draice-kombintie-piekaramie-vertiklie-boileri-okc-80\/","og_locale":"en_US","og_type":"article","og_title":"Dra\u017eice kombin\u0113tie, piekaramie, vertik\u0101lie boileri OKC 80 - DRA\u017dICE","og_description":"Piekaramie, vertik\u0101lie \u016bdens sild\u012bt\u0101ji Kombin\u0113tie uzkr\u0101jo\u0161ie 80 &#8211; 200 litru \u016bdens sild\u012bt\u0101ji, kuri ir paredz\u0113ti uzst\u0101d\u012b\u0161anai pie sienas vertik\u0101li. Sild\u012b\u0161anas iesp\u0113jas Ar elektr\u012bbu. \u016adens sild\u012b\u0161ana notiek ar keramisk\u0101 sildelementa pal\u012bdz\u012bbu, kura vad\u012bbu nodro\u0161ina darba termostats, bet term\u0101lo elektrodro\u0161\u012bbu &#8211; dro\u0161\u012bbas termostats (termodro\u0161in\u0101t\u0101js). Pie\u013caujam\u0101 temperat\u016bru amplit\u016bda &#8211; no 5 l\u012bdz 74 \u00b0\u0421. Nomin\u0101lais spriegums 1-PE-N\/AC 230Read More","og_url":"https:\/\/www.drazice-shop.lv\/product\/draice-kombintie-piekaramie-vertiklie-boileri-okc-80\/","og_site_name":"DRA\u017dICE","article_modified_time":"2026-05-01T00:27:14+00:00","og_image":[{"width":500,"height":500,"url":"https:\/\/www.drazice-shop.lv\/wp-content\/uploads\/OKC.jpg","type":"image\/jpeg"}],"twitter_card":"summary_large_image","twitter_misc":{"Est. reading time":"1 minute"},"schema":{"@context":"https:\/\/schema.org","@graph":[{"@type":"WebPage","@id":"https:\/\/www.drazice-shop.lv\/product\/draice-kombintie-piekaramie-vertiklie-boileri-okc-80\/","url":"https:\/\/www.drazice-shop.lv\/product\/draice-kombintie-piekaramie-vertiklie-boileri-okc-80\/","name":"Dra\u017eice kombin\u0113tie, piekaramie, vertik\u0101lie boileri OKC 80 - DRA\u017dICE","isPartOf":{"@id":"https:\/\/www.drazice-shop.lv\/#website"},"datePublished":"2023-11-14T16:09:45+00:00","dateModified":"2026-05-01T00:27:14+00:00","breadcrumb":{"@id":"https:\/\/www.drazice-shop.lv\/product\/draice-kombintie-piekaramie-vertiklie-boileri-okc-80\/#breadcrumb"},"inLanguage":"en-US","potentialAction":[{"@type":"ReadAction","target":["https:\/\/www.drazice-shop.lv\/product\/draice-kombintie-piekaramie-vertiklie-boileri-okc-80\/"]}]},{"@type":"BreadcrumbList","@id":"https:\/\/www.drazice-shop.lv\/product\/draice-kombintie-piekaramie-vertiklie-boileri-okc-80\/#breadcrumb","itemListElement":[{"@type":"ListItem","position":1,"name":"Home","item":"https:\/\/www.drazice-shop.lv\/"},{"@type":"ListItem","position":2,"name":"Products","item":"https:\/\/www.drazice-shop.lv\/katalogs\/"},{"@type":"ListItem","position":3,"name":"Dra\u017eice kombin\u0113tie, piekaramie, vertik\u0101lie boileri OKC 80"}]},{"@type":"WebSite","@id":"https:\/\/www.drazice-shop.lv\/#website","url":"https:\/\/www.drazice-shop.lv\/","name":"DRA\u017dICE","description":"","potentialAction":[{"@type":"SearchAction","target":{"@type":"EntryPoint","urlTemplate":"https:\/\/www.drazice-shop.lv\/?s={search_term_string}"},"query-input":"required name=search_term_string"}],"inLanguage":"en-US"}]}},"_links":{"self":[{"href":"https:\/\/www.drazice-shop.lv\/en\/wp-json\/wp\/v2\/product\/6645","targetHints":{"allow":["GET"]}}],"collection":[{"href":"https:\/\/www.drazice-shop.lv\/en\/wp-json\/wp\/v2\/product"}],"about":[{"href":"https:\/\/www.drazice-shop.lv\/en\/wp-json\/wp\/v2\/types\/product"}],"wp:featuredmedia":[{"embeddable":true,"href":"https:\/\/www.drazice-shop.lv\/en\/wp-json\/wp\/v2\/media\/8456"}],"wp:attachment":[{"href":"https:\/\/www.drazice-shop.lv\/en\/wp-json\/wp\/v2\/media?parent=6645"}],"wp:term":[{"taxonomy":"product_cat","embeddable":true,"href":"https:\/\/www.drazice-shop.lv\/en\/wp-json\/wp\/v2\/product_cat?post=6645"},{"taxonomy":"product_tag","embeddable":true,"href":"https:\/\/www.drazice-shop.lv\/en\/wp-json\/wp\/v2\/product_tag?post=6645"}],"curies":[{"name":"wp","href":"https:\/\/api.w.org\/{rel}","templated":true}]}}