{"id":8532,"date":"2021-10-14T06:03:17","date_gmt":"2021-10-14T03:03:17","guid":{"rendered":"https:\/\/www.drazice-shop.lv\/lietosanas-noteikumi\/"},"modified":"2024-01-19T20:41:50","modified_gmt":"2024-01-19T17:41:50","slug":"lietosanas-noteikumi","status":"publish","type":"page","link":"https:\/\/www.drazice-shop.lv\/en\/lietosanas-noteikumi\/","title":{"rendered":"Lieto\u0161anas noteikumi"},"content":{"rendered":"\t\t<div data-elementor-type=\"wp-page\" data-elementor-id=\"8532\" class=\"elementor elementor-8532 elementor-2517\">\n\t\t\t\t\t\t\t<div class=\"elementor-element elementor-element-d38d050 e-flex e-con-boxed e-con e-parent\" data-id=\"d38d050\" data-element_type=\"container\" data-settings=\"{&quot;content_width&quot;:&quot;boxed&quot;}\" data-core-v316-plus=\"true\">\n\t\t\t\t\t<div class=\"e-con-inner\">\n\t\t\t\t<div class=\"elementor-element elementor-element-60d4cf7 elementor-widget elementor-widget-text-editor\" data-id=\"60d4cf7\" data-element_type=\"widget\" data-widget_type=\"text-editor.default\">\n\t\t\t\t<div class=\"elementor-widget-container\">\n\t\t\t<style>\/*! elementor - v3.16.0 - 14-09-2023 *\/\n.elementor-widget-text-editor.elementor-drop-cap-view-stacked .elementor-drop-cap{background-color:#69727d;color:#fff}.elementor-widget-text-editor.elementor-drop-cap-view-framed .elementor-drop-cap{color:#69727d;border:3px solid;background-color:transparent}.elementor-widget-text-editor:not(.elementor-drop-cap-view-default) .elementor-drop-cap{margin-top:8px}.elementor-widget-text-editor:not(.elementor-drop-cap-view-default) .elementor-drop-cap-letter{width:1em;height:1em}.elementor-widget-text-editor .elementor-drop-cap{float:left;text-align:center;line-height:1;font-size:50px}.elementor-widget-text-editor .elementor-drop-cap-letter{display:inline-block}<\/style>\t\t\t\t<h3>\u00a0<\/h3><h3>S\u012bkdat\u0146u lieto\u0161ana t\u012bmek\u013ca vietn\u0113 www.drazice-shop.lv<\/h3><p>SIA SB t\u012bmek\u013ca vietn\u0113 www.drazice-shop.lv tiek izmantotas s\u012bkdatnes (ang\u013cu valod\u0101\u00a0<em><strong>\u201ccookies\u201c<\/strong><\/em>).<br \/>Izmantojot \u0161o m\u0101jas lapu, J\u016bs piekr\u012btat, ka \u0161aj\u0101 m\u0101jas lap\u0101 ievietot\u0101s veiktsp\u0113jas\/anal\u012btisk\u0101s s\u012bkdatnes tiek izmantotas ar m\u0113r\u0137i uzlabot sniegto pakalpojumu kvalit\u0101ti un m\u0101jas lapas darb\u012bbu J\u016bsu apkalpo\u0161anas m\u0113r\u0137iem.<\/p><p>\u00a0<\/p><h3>Kas ir s\u012bkdatne?<\/h3><p>S\u012bkdatne ir neliela teksta datne, kas tiek nos\u016bt\u012bta uz J\u016bsu datoru vai viedier\u012bci, laik\u0101, kad apmekl\u0113jiet t\u012bmek\u013ca vietni. \u0160\u012b t\u012bmek\u013ca vietne saglab\u0101 to j\u016bsu dator\u0101 vai mobilaj\u0101 ier\u012bc\u0113, kad j\u016bs atverat vietni. Katr\u0101 n\u0101kamaj\u0101 apmekl\u0113juma reiz\u0113 s\u012bkdatnes tiek nos\u016bt\u012btas atpaka\u013c uz izcelsmes m\u0101jas lapu vai uz citu m\u0101jas lapu, kas atpaz\u012bst \u0161o s\u012bkdatni. S\u012bkdatnes darbojas k\u0101 konkr\u0113tas m\u0101jas lapas atmi\u0146a, \u013caujot \u0161ai lapai atcer\u0113ties J\u016bsu datoru n\u0101kamaj\u0101s apmekl\u0113juma reiz\u0113s. Tai skait\u0101 s\u012bkdatnes var atcer\u0113ties J\u016bsu iestat\u012bjumus vai uzlabot lietot\u0101ja \u0113rt\u012bbas. Papildu inform\u0101ciju par s\u012bkdatn\u0113m, k\u0101 ar\u012b k\u0101 t\u0101s iesp\u0113jams redi\u0123\u0113t, p\u0101rvald\u012bt vai izdz\u0113st, variet ieg\u016bt m\u0101jaslap\u0101\u00a0<a href=\"http:\/\/www.aboutcookies.org\/\" target=\"_blank\" rel=\"noopener\">www.aboutcookies.org<\/a><\/p><p>\u00a0<\/p><h3>Google Analytics<\/h3><p>SIA SB t\u012bmek\u013ca vietn\u0113 ir uzst\u0101d\u012bts \u201cGoogle Inc\u201d izveidot\u0101s programmas \u201cGoogle Analytics\u201d veidot\u0101s s\u012bkdatnes. \u201cGoogle Analytics\u201d s\u012bkdat\u0146u izmanto\u0161anas m\u0113r\u0137is ir t\u012bmek\u013ca vietnes satura kvalit\u0101tes uzlabo\u0161ana un satura piel\u0101go\u0161ana lietot\u0101ju vajadz\u012bb\u0101m. Pla\u0161\u0101k par \u201cGoogle Analytics\u201d pakalpojuma snieg\u0161anas noteikumiem var iepaz\u012bties m\u0101jaslap\u0101\u00a0<a href=\"https:\/\/www.google.com\/analytics\/terms\/us.html\" target=\"_blank\" rel=\"noopener\">http:\/\/www.google.com\/analytics\/terms\/us.html<br \/><\/a><br \/>Ja J\u016bs v\u0113laties, lai SIA SB neieg\u016bst inform\u0101ciju par J\u016bsu aktivit\u0101t\u0113m SIA SB t\u012bmek\u013ca vietn\u0113, Jums j\u0101aktiviz\u0113 Google Analytics Opt-out Browser Add-on (<a href=\"https:\/\/support.google.com\/analytics\/answer\/181881\" target=\"_blank\" rel=\"noopener\">https:\/\/support.google.com\/analytics\/answer\/181881<\/a>) papildr\u012bks. \u0160is papildr\u012bks sazin\u0101s ar Google Analytics JavaScript (ga.js), lai nor\u0101d\u012btu, ka dati par attiec\u012bgo interneta vietnes apmekl\u0113jumu nav j\u0101s\u016bta uz \u201cGoogle Analytics\u201d.<\/p><p>\u00a0<\/p><h3>K\u0101 izsl\u0113gt s\u012bkdatnes?<\/h3><p>P\u0113c v\u0113l\u0113\u0161an\u0101s varat s\u012bkdatnes kontrol\u0113t un izdz\u0113st. Pla\u0161\u0101k lasiet \u0161eit:\u00a0<a href=\"http:\/\/www.aboutcookies.org\/\" target=\"_blank\" rel=\"noopener\">aboutcookies.org<\/a>. J\u016bs varat izdz\u0113st visas s\u012bkdatnes, kuras ir J\u016bsu dator\u0101, un liel\u0101ko da\u013cu p\u0101rl\u016bkprogrammu var iestat\u012bt t\u0101, lai tiktu blo\u0137\u0113ta s\u012bkdat\u0146u ievieto\u0161ana dator\u0101. Ta\u010du t\u0101d\u0101 gad\u012bjum\u0101 Jums manu\u0101li b\u016bs j\u0101piel\u0101go iestat\u012bjumi ikreiz, kad apmekl\u0113siet t\u012bmek\u013ca vietni, un turkl\u0101t past\u0101v iesp\u0113jam\u012bba, ka da\u017ei pakalpojumi un funkcijas nedarbosies.<\/p>\t\t\t\t\t\t<\/div>\n\t\t\t\t<\/div>\n\t\t\t\t\t<\/div>\n\t\t\t\t<\/div>\n\t\t\t\t\t\t\t<\/div>\n\t\t","protected":false},"excerpt":{"rendered":"<p>\u00a0 S\u012bkdat\u0146u lieto\u0161ana t\u012bmek\u013ca vietn\u0113 www.drazice-shop.lv SIA SB t\u012bmek\u013ca vietn\u0113 www.drazice-shop.lv tiek izmantotas s\u012bkdatnes (ang\u013cu valod\u0101\u00a0\u201ccookies\u201c).Izmantojot \u0161o m\u0101jas lapu, J\u016bs piekr\u012btat, ka \u0161aj\u0101 m\u0101jas lap\u0101 ievietot\u0101s veiktsp\u0113jas\/anal\u012btisk\u0101s s\u012bkdatnes tiek izmantotas ar m\u0113r\u0137i uzlabot sniegto pakalpojumu kvalit\u0101ti un m\u0101jas lapas darb\u012bbu J\u016bsu apkalpo\u0161anas m\u0113r\u0137iem. \u00a0 Kas ir s\u012bkdatne? S\u012bkdatne ir neliela teksta datne, kas tiek nos\u016bt\u012bta<\/p>\n<div class=\"klb-readmore entry-button\"><a class=\"btn read-more\" href=\"https:\/\/www.drazice-shop.lv\/en\/lietosanas-noteikumi\/\">Read More<\/a><\/div>\n","protected":false},"author":3,"featured_media":0,"parent":0,"menu_order":0,"comment_status":"closed","ping_status":"closed","template":"","meta":{"inline_featured_image":false,"footnotes":""},"class_list":["post-8532","page","type-page","status-publish","hentry"],"yoast_head":"<!-- This site is optimized with the Yoast SEO plugin v21.7 - https:\/\/yoast.com\/wordpress\/plugins\/seo\/ -->\n<title>Lieto\u0161anas noteikumi - DRA\u017dICE<\/title>\n<meta name=\"robots\" content=\"index, follow, max-snippet:-1, max-image-preview:large, max-video-preview:-1\" \/>\n<link rel=\"canonical\" href=\"https:\/\/www.drazice-shop.lv\/lietosanas-noteikumi\/\" \/>\n<meta property=\"og:locale\" content=\"en_US\" \/>\n<meta property=\"og:type\" content=\"article\" \/>\n<meta property=\"og:title\" content=\"Lieto\u0161anas noteikumi - DRA\u017dICE\" \/>\n<meta property=\"og:description\" content=\"\u00a0 S\u012bkdat\u0146u lieto\u0161ana t\u012bmek\u013ca vietn\u0113 www.drazice-shop.lv SIA SB t\u012bmek\u013ca vietn\u0113 www.drazice-shop.lv tiek izmantotas s\u012bkdatnes (ang\u013cu valod\u0101\u00a0\u201ccookies\u201c).Izmantojot \u0161o m\u0101jas lapu, J\u016bs piekr\u012btat, ka \u0161aj\u0101 m\u0101jas lap\u0101 ievietot\u0101s veiktsp\u0113jas\/anal\u012btisk\u0101s s\u012bkdatnes tiek izmantotas ar m\u0113r\u0137i uzlabot sniegto pakalpojumu kvalit\u0101ti un m\u0101jas lapas darb\u012bbu J\u016bsu apkalpo\u0161anas m\u0113r\u0137iem. \u00a0 Kas ir s\u012bkdatne? S\u012bkdatne ir neliela teksta datne, kas tiek nos\u016bt\u012btaRead More\" \/>\n<meta property=\"og:url\" content=\"https:\/\/www.drazice-shop.lv\/lietosanas-noteikumi\/\" \/>\n<meta property=\"og:site_name\" content=\"DRA\u017dICE\" \/>\n<meta property=\"article:modified_time\" content=\"2024-01-19T17:41:50+00:00\" \/>\n<meta name=\"twitter:card\" content=\"summary_large_image\" \/>\n<meta name=\"twitter:label1\" content=\"Est. reading time\" \/>\n\t<meta name=\"twitter:data1\" content=\"2 minutes\" \/>\n<script type=\"application\/ld+json\" class=\"yoast-schema-graph\">{\"@context\":\"https:\/\/schema.org\",\"@graph\":[{\"@type\":\"WebPage\",\"@id\":\"https:\/\/www.drazice-shop.lv\/lietosanas-noteikumi\/\",\"url\":\"https:\/\/www.drazice-shop.lv\/lietosanas-noteikumi\/\",\"name\":\"Lieto\u0161anas noteikumi - DRA\u017dICE\",\"isPartOf\":{\"@id\":\"https:\/\/www.drazice-shop.lv\/#website\"},\"datePublished\":\"2021-10-14T03:03:17+00:00\",\"dateModified\":\"2024-01-19T17:41:50+00:00\",\"breadcrumb\":{\"@id\":\"https:\/\/www.drazice-shop.lv\/lietosanas-noteikumi\/#breadcrumb\"},\"inLanguage\":\"en-US\",\"potentialAction\":[{\"@type\":\"ReadAction\",\"target\":[\"https:\/\/www.drazice-shop.lv\/lietosanas-noteikumi\/\"]}]},{\"@type\":\"BreadcrumbList\",\"@id\":\"https:\/\/www.drazice-shop.lv\/lietosanas-noteikumi\/#breadcrumb\",\"itemListElement\":[{\"@type\":\"ListItem\",\"position\":1,\"name\":\"Home\",\"item\":\"https:\/\/www.drazice-shop.lv\/\"},{\"@type\":\"ListItem\",\"position\":2,\"name\":\"Lieto\u0161anas noteikumi\"}]},{\"@type\":\"WebSite\",\"@id\":\"https:\/\/www.drazice-shop.lv\/#website\",\"url\":\"https:\/\/www.drazice-shop.lv\/\",\"name\":\"DRA\u017dICE\",\"description\":\"\",\"potentialAction\":[{\"@type\":\"SearchAction\",\"target\":{\"@type\":\"EntryPoint\",\"urlTemplate\":\"https:\/\/www.drazice-shop.lv\/?s={search_term_string}\"},\"query-input\":\"required name=search_term_string\"}],\"inLanguage\":\"en-US\"}]}<\/script>\n<!-- \/ Yoast SEO plugin. -->","yoast_head_json":{"title":"Lieto\u0161anas noteikumi - DRA\u017dICE","robots":{"index":"index","follow":"follow","max-snippet":"max-snippet:-1","max-image-preview":"max-image-preview:large","max-video-preview":"max-video-preview:-1"},"canonical":"https:\/\/www.drazice-shop.lv\/lietosanas-noteikumi\/","og_locale":"en_US","og_type":"article","og_title":"Lieto\u0161anas noteikumi - DRA\u017dICE","og_description":"\u00a0 S\u012bkdat\u0146u lieto\u0161ana t\u012bmek\u013ca vietn\u0113 www.drazice-shop.lv SIA SB t\u012bmek\u013ca vietn\u0113 www.drazice-shop.lv tiek izmantotas s\u012bkdatnes (ang\u013cu valod\u0101\u00a0\u201ccookies\u201c).Izmantojot \u0161o m\u0101jas lapu, J\u016bs piekr\u012btat, ka \u0161aj\u0101 m\u0101jas lap\u0101 ievietot\u0101s veiktsp\u0113jas\/anal\u012btisk\u0101s s\u012bkdatnes tiek izmantotas ar m\u0113r\u0137i uzlabot sniegto pakalpojumu kvalit\u0101ti un m\u0101jas lapas darb\u012bbu J\u016bsu apkalpo\u0161anas m\u0113r\u0137iem. \u00a0 Kas ir s\u012bkdatne? S\u012bkdatne ir neliela teksta datne, kas tiek nos\u016bt\u012btaRead More","og_url":"https:\/\/www.drazice-shop.lv\/lietosanas-noteikumi\/","og_site_name":"DRA\u017dICE","article_modified_time":"2024-01-19T17:41:50+00:00","twitter_card":"summary_large_image","twitter_misc":{"Est. reading time":"2 minutes"},"schema":{"@context":"https:\/\/schema.org","@graph":[{"@type":"WebPage","@id":"https:\/\/www.drazice-shop.lv\/lietosanas-noteikumi\/","url":"https:\/\/www.drazice-shop.lv\/lietosanas-noteikumi\/","name":"Lieto\u0161anas noteikumi - DRA\u017dICE","isPartOf":{"@id":"https:\/\/www.drazice-shop.lv\/#website"},"datePublished":"2021-10-14T03:03:17+00:00","dateModified":"2024-01-19T17:41:50+00:00","breadcrumb":{"@id":"https:\/\/www.drazice-shop.lv\/lietosanas-noteikumi\/#breadcrumb"},"inLanguage":"en-US","potentialAction":[{"@type":"ReadAction","target":["https:\/\/www.drazice-shop.lv\/lietosanas-noteikumi\/"]}]},{"@type":"BreadcrumbList","@id":"https:\/\/www.drazice-shop.lv\/lietosanas-noteikumi\/#breadcrumb","itemListElement":[{"@type":"ListItem","position":1,"name":"Home","item":"https:\/\/www.drazice-shop.lv\/"},{"@type":"ListItem","position":2,"name":"Lieto\u0161anas noteikumi"}]},{"@type":"WebSite","@id":"https:\/\/www.drazice-shop.lv\/#website","url":"https:\/\/www.drazice-shop.lv\/","name":"DRA\u017dICE","description":"","potentialAction":[{"@type":"SearchAction","target":{"@type":"EntryPoint","urlTemplate":"https:\/\/www.drazice-shop.lv\/?s={search_term_string}"},"query-input":"required name=search_term_string"}],"inLanguage":"en-US"}]}},"_links":{"self":[{"href":"https:\/\/www.drazice-shop.lv\/en\/wp-json\/wp\/v2\/pages\/8532","targetHints":{"allow":["GET"]}}],"collection":[{"href":"https:\/\/www.drazice-shop.lv\/en\/wp-json\/wp\/v2\/pages"}],"about":[{"href":"https:\/\/www.drazice-shop.lv\/en\/wp-json\/wp\/v2\/types\/page"}],"author":[{"embeddable":true,"href":"https:\/\/www.drazice-shop.lv\/en\/wp-json\/wp\/v2\/users\/3"}],"replies":[{"embeddable":true,"href":"https:\/\/www.drazice-shop.lv\/en\/wp-json\/wp\/v2\/comments?post=8532"}],"version-history":[{"count":4,"href":"https:\/\/www.drazice-shop.lv\/en\/wp-json\/wp\/v2\/pages\/8532\/revisions"}],"predecessor-version":[{"id":8545,"href":"https:\/\/www.drazice-shop.lv\/en\/wp-json\/wp\/v2\/pages\/8532\/revisions\/8545"}],"wp:attachment":[{"href":"https:\/\/www.drazice-shop.lv\/en\/wp-json\/wp\/v2\/media?parent=8532"}],"curies":[{"name":"wp","href":"https:\/\/api.w.org\/{rel}","templated":true}]}}