{"id":2790,"date":"2023-10-19T20:23:44","date_gmt":"2023-10-19T17:23:44","guid":{"rendered":"https:\/\/www.drazice-shop.lv\/?page_id=2790"},"modified":"2023-11-27T17:06:44","modified_gmt":"2023-11-27T14:06:44","slug":"vesture","status":"publish","type":"page","link":"https:\/\/www.drazice-shop.lv\/en\/par-drazice\/vesture\/","title":{"rendered":"V\u0113sture"},"content":{"rendered":"\t\t<div data-elementor-type=\"wp-page\" data-elementor-id=\"2790\" class=\"elementor elementor-2790\">\n\t\t\t\t\t\t\t<div class=\"elementor-element elementor-element-e0c4ec5 e-flex e-con-boxed e-con e-parent\" data-id=\"e0c4ec5\" data-element_type=\"container\" data-settings=\"{&quot;content_width&quot;:&quot;boxed&quot;}\" data-core-v316-plus=\"true\">\n\t\t\t\t\t<div class=\"e-con-inner\">\n\t\t\t\t<div class=\"elementor-element elementor-element-800b28e elementor-widget elementor-widget-text-editor\" data-id=\"800b28e\" data-element_type=\"widget\" data-widget_type=\"text-editor.default\">\n\t\t\t\t<div class=\"elementor-widget-container\">\n\t\t\t<style>\/*! elementor - v3.16.0 - 14-09-2023 *\/\n.elementor-widget-text-editor.elementor-drop-cap-view-stacked .elementor-drop-cap{background-color:#69727d;color:#fff}.elementor-widget-text-editor.elementor-drop-cap-view-framed .elementor-drop-cap{color:#69727d;border:3px solid;background-color:transparent}.elementor-widget-text-editor:not(.elementor-drop-cap-view-default) .elementor-drop-cap{margin-top:8px}.elementor-widget-text-editor:not(.elementor-drop-cap-view-default) .elementor-drop-cap-letter{width:1em;height:1em}.elementor-widget-text-editor .elementor-drop-cap{float:left;text-align:center;line-height:1;font-size:50px}.elementor-widget-text-editor .elementor-drop-cap-letter{display:inline-block}<\/style>\t\t\t\t<h1><span style=\"color: #7b9f2f;\"><strong>DRA\u017dICE V\u0112STURE<\/strong><\/span><\/h1>\t\t\t\t\t\t<\/div>\n\t\t\t\t<\/div>\n\t\t\t\t\t<\/div>\n\t\t\t\t<\/div>\n\t\t<div class=\"elementor-element elementor-element-3517dc0 e-flex e-con-boxed e-con e-parent\" data-id=\"3517dc0\" data-element_type=\"container\" data-settings=\"{&quot;content_width&quot;:&quot;boxed&quot;}\" data-core-v316-plus=\"true\">\n\t\t\t\t\t<div class=\"e-con-inner\">\n\t\t\t\t<div class=\"elementor-element elementor-element-ecdf98b elementor-widget elementor-widget-text-editor\" data-id=\"ecdf98b\" data-element_type=\"widget\" data-widget_type=\"text-editor.default\">\n\t\t\t\t<div class=\"elementor-widget-container\">\n\t\t\t\t\t\t\t<p>S\u0101kot ar 1956. gadu \u010dehu r\u016bpn\u012bca Dra\u017eice ir paz\u012bstama k\u0101 uzticamu un kvalitat\u012bvu \u016bdens sild\u012bt\u0101ju ra\u017eot\u0101js.<\/p><p>Ies\u0101kum\u0101 r\u016bpn\u012bca ra\u017eoja specifiskus \u016bdens sild\u012bt\u0101jus tikai p\u0113c individu\u0101liem pas\u016bt\u012bjumiem. 1972. gad\u0101 tika pabeigta kombin\u0113to \u016bdens sild\u012bt\u0101ju izstr\u0101de un uzs\u0101kta produkta s\u0113rijveida ra\u017eo\u0161ana.<\/p><p>Asto\u0146desmito gadu beig\u0101s Dra\u017eice ra\u017eoja jau aptuveni 13 000 \u016bdens sild\u012bt\u0101jus gad\u0101. Taj\u0101 laik\u0101 \u0161\u012b produkta ra\u017eo\u0161an\u0101 piedal\u012bj\u0101s apm\u0113ram 50 cilv\u0113ki.<\/p><p>P\u0113c tam ra\u017eo\u0161an\u0101 s\u0101k\u0101s intens\u012bvas att\u012bst\u012bbas periods. Iev\u0113rojami papla\u0161in\u0101j\u0101s produktu sortiments, tika veikta ra\u017eo\u0161anas moderniz\u0101cija un ieviestas jaunas tehnolo\u0123ijas, tika neatlaid\u012bgi k\u0101pin\u0101ts ra\u017eo\u0161anas apjoms.<\/p><p>DZ Dra\u017eice k\u013cuva par visliel\u0101ko \u016bdens sild\u012bt\u0101ju pieg\u0101d\u0101t\u0101ju \u010cehijas Republik\u0101, un 1994. gad\u0101 uzs\u0101ka intens\u012bvu savas produkcijas eksport\u0113\u0161anu. 2003. gad\u0101 uz\u0146\u0113mumam bija jau 190 darbinieku, un t\u0101 br\u012b\u017ea ra\u017eoto \u016bdens sild\u012bt\u0101ju kop\u0113jais apjoms p\u0101rsniedza 95 t\u016bksto\u0161us vien\u012bbu gad\u0101.<\/p><p>P\u0113c liel\u0101m invest\u012bcij\u0101m 2004. gad\u0101 tika uzcelta jauna r\u016bpn\u012bca, kas \u013c\u0101va palielin\u0101t ra\u017eo\u0161anas jaudas un ieg\u016bt v\u0113l augst\u0101ku produktu kvalit\u0101ti.<\/p><p>Dinamisko uz\u0146\u0113mumu paman\u012bja lielie ra\u017eo\u0161anas koncerni. 2006. gad\u0101 uz\u0146\u0113muma DZ Dra\u017eice akcijas nopirka zviedru koncerns NIBE, kas k\u013cuva par vien\u012bgo uz\u0146\u0113muma DZ Dra\u017eice \u012bpa\u0161nieku, iek\u013caujot Dra\u017eice NIBE grup\u0101.<\/p>\t\t\t\t\t\t<\/div>\n\t\t\t\t<\/div>\n\t\t\t\t\t<\/div>\n\t\t\t\t<\/div>\n\t\t\t\t\t\t\t<\/div>\n\t\t","protected":false},"excerpt":{"rendered":"<p>DRA\u017dICE V\u0112STURE S\u0101kot ar 1956. gadu \u010dehu r\u016bpn\u012bca Dra\u017eice ir paz\u012bstama k\u0101 uzticamu un kvalitat\u012bvu \u016bdens sild\u012bt\u0101ju ra\u017eot\u0101js. Ies\u0101kum\u0101 r\u016bpn\u012bca ra\u017eoja specifiskus \u016bdens sild\u012bt\u0101jus tikai p\u0113c individu\u0101liem pas\u016bt\u012bjumiem. 1972. gad\u0101 tika pabeigta kombin\u0113to \u016bdens sild\u012bt\u0101ju izstr\u0101de un uzs\u0101kta produkta s\u0113rijveida ra\u017eo\u0161ana. Asto\u0146desmito gadu beig\u0101s Dra\u017eice ra\u017eoja jau aptuveni 13 000 \u016bdens sild\u012bt\u0101jus gad\u0101. Taj\u0101 laik\u0101<\/p>\n<div class=\"klb-readmore entry-button\"><a class=\"btn read-more\" href=\"https:\/\/www.drazice-shop.lv\/en\/par-drazice\/vesture\/\">Read More<\/a><\/div>\n","protected":false},"author":3,"featured_media":0,"parent":1899,"menu_order":0,"comment_status":"closed","ping_status":"closed","template":"","meta":{"inline_featured_image":false,"footnotes":""},"class_list":["post-2790","page","type-page","status-publish","hentry"],"yoast_head":"<!-- This site is optimized with the Yoast SEO plugin v21.7 - https:\/\/yoast.com\/wordpress\/plugins\/seo\/ -->\n<title>V\u0113sture - DRA\u017dICE<\/title>\n<meta name=\"robots\" content=\"index, follow, max-snippet:-1, max-image-preview:large, max-video-preview:-1\" \/>\n<link rel=\"canonical\" href=\"https:\/\/www.drazice-shop.lv\/par-drazice\/vesture\/\" \/>\n<meta property=\"og:locale\" content=\"en_US\" \/>\n<meta property=\"og:type\" content=\"article\" \/>\n<meta property=\"og:title\" content=\"V\u0113sture - DRA\u017dICE\" \/>\n<meta property=\"og:description\" content=\"DRA\u017dICE V\u0112STURE S\u0101kot ar 1956. gadu \u010dehu r\u016bpn\u012bca Dra\u017eice ir paz\u012bstama k\u0101 uzticamu un kvalitat\u012bvu \u016bdens sild\u012bt\u0101ju ra\u017eot\u0101js. Ies\u0101kum\u0101 r\u016bpn\u012bca ra\u017eoja specifiskus \u016bdens sild\u012bt\u0101jus tikai p\u0113c individu\u0101liem pas\u016bt\u012bjumiem. 1972. gad\u0101 tika pabeigta kombin\u0113to \u016bdens sild\u012bt\u0101ju izstr\u0101de un uzs\u0101kta produkta s\u0113rijveida ra\u017eo\u0161ana. Asto\u0146desmito gadu beig\u0101s Dra\u017eice ra\u017eoja jau aptuveni 13 000 \u016bdens sild\u012bt\u0101jus gad\u0101. Taj\u0101 laik\u0101Read More\" \/>\n<meta property=\"og:url\" content=\"https:\/\/www.drazice-shop.lv\/par-drazice\/vesture\/\" \/>\n<meta property=\"og:site_name\" content=\"DRA\u017dICE\" \/>\n<meta property=\"article:modified_time\" content=\"2023-11-27T14:06:44+00:00\" \/>\n<meta name=\"twitter:card\" content=\"summary_large_image\" \/>\n<meta name=\"twitter:label1\" content=\"Est. reading time\" \/>\n\t<meta name=\"twitter:data1\" content=\"1 minute\" \/>\n<script type=\"application\/ld+json\" class=\"yoast-schema-graph\">{\"@context\":\"https:\/\/schema.org\",\"@graph\":[{\"@type\":\"WebPage\",\"@id\":\"https:\/\/www.drazice-shop.lv\/par-drazice\/vesture\/\",\"url\":\"https:\/\/www.drazice-shop.lv\/par-drazice\/vesture\/\",\"name\":\"V\u0113sture - DRA\u017dICE\",\"isPartOf\":{\"@id\":\"https:\/\/www.drazice-shop.lv\/#website\"},\"datePublished\":\"2023-10-19T17:23:44+00:00\",\"dateModified\":\"2023-11-27T14:06:44+00:00\",\"breadcrumb\":{\"@id\":\"https:\/\/www.drazice-shop.lv\/par-drazice\/vesture\/#breadcrumb\"},\"inLanguage\":\"en-US\",\"potentialAction\":[{\"@type\":\"ReadAction\",\"target\":[\"https:\/\/www.drazice-shop.lv\/par-drazice\/vesture\/\"]}]},{\"@type\":\"BreadcrumbList\",\"@id\":\"https:\/\/www.drazice-shop.lv\/par-drazice\/vesture\/#breadcrumb\",\"itemListElement\":[{\"@type\":\"ListItem\",\"position\":1,\"name\":\"Home\",\"item\":\"https:\/\/www.drazice-shop.lv\/\"},{\"@type\":\"ListItem\",\"position\":2,\"name\":\"Par Dra\u017eice\",\"item\":\"https:\/\/www.drazice-shop.lv\/par-drazice\/\"},{\"@type\":\"ListItem\",\"position\":3,\"name\":\"V\u0113sture\"}]},{\"@type\":\"WebSite\",\"@id\":\"https:\/\/www.drazice-shop.lv\/#website\",\"url\":\"https:\/\/www.drazice-shop.lv\/\",\"name\":\"DRA\u017dICE\",\"description\":\"\",\"potentialAction\":[{\"@type\":\"SearchAction\",\"target\":{\"@type\":\"EntryPoint\",\"urlTemplate\":\"https:\/\/www.drazice-shop.lv\/?s={search_term_string}\"},\"query-input\":\"required name=search_term_string\"}],\"inLanguage\":\"en-US\"}]}<\/script>\n<!-- \/ Yoast SEO plugin. -->","yoast_head_json":{"title":"V\u0113sture - DRA\u017dICE","robots":{"index":"index","follow":"follow","max-snippet":"max-snippet:-1","max-image-preview":"max-image-preview:large","max-video-preview":"max-video-preview:-1"},"canonical":"https:\/\/www.drazice-shop.lv\/par-drazice\/vesture\/","og_locale":"en_US","og_type":"article","og_title":"V\u0113sture - DRA\u017dICE","og_description":"DRA\u017dICE V\u0112STURE S\u0101kot ar 1956. gadu \u010dehu r\u016bpn\u012bca Dra\u017eice ir paz\u012bstama k\u0101 uzticamu un kvalitat\u012bvu \u016bdens sild\u012bt\u0101ju ra\u017eot\u0101js. Ies\u0101kum\u0101 r\u016bpn\u012bca ra\u017eoja specifiskus \u016bdens sild\u012bt\u0101jus tikai p\u0113c individu\u0101liem pas\u016bt\u012bjumiem. 1972. gad\u0101 tika pabeigta kombin\u0113to \u016bdens sild\u012bt\u0101ju izstr\u0101de un uzs\u0101kta produkta s\u0113rijveida ra\u017eo\u0161ana. Asto\u0146desmito gadu beig\u0101s Dra\u017eice ra\u017eoja jau aptuveni 13 000 \u016bdens sild\u012bt\u0101jus gad\u0101. Taj\u0101 laik\u0101Read More","og_url":"https:\/\/www.drazice-shop.lv\/par-drazice\/vesture\/","og_site_name":"DRA\u017dICE","article_modified_time":"2023-11-27T14:06:44+00:00","twitter_card":"summary_large_image","twitter_misc":{"Est. reading time":"1 minute"},"schema":{"@context":"https:\/\/schema.org","@graph":[{"@type":"WebPage","@id":"https:\/\/www.drazice-shop.lv\/par-drazice\/vesture\/","url":"https:\/\/www.drazice-shop.lv\/par-drazice\/vesture\/","name":"V\u0113sture - DRA\u017dICE","isPartOf":{"@id":"https:\/\/www.drazice-shop.lv\/#website"},"datePublished":"2023-10-19T17:23:44+00:00","dateModified":"2023-11-27T14:06:44+00:00","breadcrumb":{"@id":"https:\/\/www.drazice-shop.lv\/par-drazice\/vesture\/#breadcrumb"},"inLanguage":"en-US","potentialAction":[{"@type":"ReadAction","target":["https:\/\/www.drazice-shop.lv\/par-drazice\/vesture\/"]}]},{"@type":"BreadcrumbList","@id":"https:\/\/www.drazice-shop.lv\/par-drazice\/vesture\/#breadcrumb","itemListElement":[{"@type":"ListItem","position":1,"name":"Home","item":"https:\/\/www.drazice-shop.lv\/"},{"@type":"ListItem","position":2,"name":"Par Dra\u017eice","item":"https:\/\/www.drazice-shop.lv\/par-drazice\/"},{"@type":"ListItem","position":3,"name":"V\u0113sture"}]},{"@type":"WebSite","@id":"https:\/\/www.drazice-shop.lv\/#website","url":"https:\/\/www.drazice-shop.lv\/","name":"DRA\u017dICE","description":"","potentialAction":[{"@type":"SearchAction","target":{"@type":"EntryPoint","urlTemplate":"https:\/\/www.drazice-shop.lv\/?s={search_term_string}"},"query-input":"required name=search_term_string"}],"inLanguage":"en-US"}]}},"_links":{"self":[{"href":"https:\/\/www.drazice-shop.lv\/en\/wp-json\/wp\/v2\/pages\/2790","targetHints":{"allow":["GET"]}}],"collection":[{"href":"https:\/\/www.drazice-shop.lv\/en\/wp-json\/wp\/v2\/pages"}],"about":[{"href":"https:\/\/www.drazice-shop.lv\/en\/wp-json\/wp\/v2\/types\/page"}],"author":[{"embeddable":true,"href":"https:\/\/www.drazice-shop.lv\/en\/wp-json\/wp\/v2\/users\/3"}],"replies":[{"embeddable":true,"href":"https:\/\/www.drazice-shop.lv\/en\/wp-json\/wp\/v2\/comments?post=2790"}],"version-history":[{"count":7,"href":"https:\/\/www.drazice-shop.lv\/en\/wp-json\/wp\/v2\/pages\/2790\/revisions"}],"predecessor-version":[{"id":8215,"href":"https:\/\/www.drazice-shop.lv\/en\/wp-json\/wp\/v2\/pages\/2790\/revisions\/8215"}],"up":[{"embeddable":true,"href":"https:\/\/www.drazice-shop.lv\/en\/wp-json\/wp\/v2\/pages\/1899"}],"wp:attachment":[{"href":"https:\/\/www.drazice-shop.lv\/en\/wp-json\/wp\/v2\/media?parent=2790"}],"curies":[{"name":"wp","href":"https:\/\/api.w.org\/{rel}","templated":true}]}}