{"id":2775,"date":"2023-10-19T20:17:48","date_gmt":"2023-10-19T17:17:48","guid":{"rendered":"https:\/\/www.drazice-shop.lv\/?page_id=2775"},"modified":"2023-11-27T17:06:37","modified_gmt":"2023-11-27T14:06:37","slug":"prieksrocibas","status":"publish","type":"page","link":"https:\/\/www.drazice-shop.lv\/en\/par-drazice\/prieksrocibas\/","title":{"rendered":"Priek\u0161roc\u012bbas"},"content":{"rendered":"\t\t<div data-elementor-type=\"wp-page\" data-elementor-id=\"2775\" class=\"elementor elementor-2775\">\n\t\t\t\t\t\t\t<div class=\"elementor-element elementor-element-ad9c9e1 e-flex e-con-boxed e-con e-parent\" data-id=\"ad9c9e1\" data-element_type=\"container\" data-settings=\"{&quot;content_width&quot;:&quot;boxed&quot;}\" data-core-v316-plus=\"true\">\n\t\t\t\t\t<div class=\"e-con-inner\">\n\t\t\t\t<div class=\"elementor-element elementor-element-1a960ad elementor-widget elementor-widget-text-editor\" data-id=\"1a960ad\" data-element_type=\"widget\" data-widget_type=\"text-editor.default\">\n\t\t\t\t<div class=\"elementor-widget-container\">\n\t\t\t<style>\/*! elementor - v3.16.0 - 14-09-2023 *\/\n.elementor-widget-text-editor.elementor-drop-cap-view-stacked .elementor-drop-cap{background-color:#69727d;color:#fff}.elementor-widget-text-editor.elementor-drop-cap-view-framed .elementor-drop-cap{color:#69727d;border:3px solid;background-color:transparent}.elementor-widget-text-editor:not(.elementor-drop-cap-view-default) .elementor-drop-cap{margin-top:8px}.elementor-widget-text-editor:not(.elementor-drop-cap-view-default) .elementor-drop-cap-letter{width:1em;height:1em}.elementor-widget-text-editor .elementor-drop-cap{float:left;text-align:center;line-height:1;font-size:50px}.elementor-widget-text-editor .elementor-drop-cap-letter{display:inline-block}<\/style>\t\t\t\t<h1><strong><span style=\"color: #7b9f00;\">DRA\u017dICE \u016aDENS SILD\u012aT\u0100JU TEHNOLO\u0122IJAS UNIKALIT\u0100TE<\/span><\/strong><\/h1>\t\t\t\t\t\t<\/div>\n\t\t\t\t<\/div>\n\t\t\t\t\t<\/div>\n\t\t\t\t<\/div>\n\t\t<div class=\"elementor-element elementor-element-c3622c7 e-flex e-con-boxed e-con e-parent\" data-id=\"c3622c7\" data-element_type=\"container\" data-settings=\"{&quot;content_width&quot;:&quot;boxed&quot;}\" data-core-v316-plus=\"true\">\n\t\t\t\t\t<div class=\"e-con-inner\">\n\t\t\t\t<div class=\"elementor-element elementor-element-0043991 elementor-widget elementor-widget-text-editor\" data-id=\"0043991\" data-element_type=\"widget\" data-widget_type=\"text-editor.default\">\n\t\t\t\t<div class=\"elementor-widget-container\">\n\t\t\t\t\t\t\t<p>\u0100rk\u0101rt\u012bgi augsta kvalit\u0101te un uzticam\u012bba, k\u0101 ar\u012b \u013coti ilgs ekspluat\u0101cijas laiks &#8211; t\u0101 var raksturot uz\u0146\u0113muma &#8220;Dra\u017eice&#8221; ra\u017eotos \u016bdens sild\u012bt\u0101jus.<\/p><p>Neskaitot pa\u0161u m\u016bsdien\u012bg\u0101ko ra\u017eo\u0161anas tehnolo\u0123iju un lab\u0101ko materi\u0101lu izmanto\u0161anu, k\u0101 ar\u012b stingru ra\u017eo\u0161anas procesu kvalit\u0101tes kontroles iev\u0113ro\u0161anu, viena no Dra\u017eice \u016bdens sild\u012bt\u0101ju priek\u0161roc\u012bb\u0101m ir unik\u0101l\u0101 elektrisk\u0101 sildelementa sist\u0113ma.<\/p><p>Dra\u017eice elektriskais tens &#8211; tas nav \u016bden\u012b iegremd\u0113ts spir\u0101lveida sildelements , bet gan sausa keramisk\u0101 caurule, kura ir ievietota biez\u0101 t\u0113rauda korpus\u0101. T\u0101 k\u0101 korpuss ir izgatavots no t\u0101da pa\u0161a materi\u0101la (t\u0113rauda) k\u0101 \u016bdens sild\u012bt\u0101ja rezervu\u0101rs, nenotiek galvanisk\u0101 reakcija. Citi ra\u017eot\u0101ji pamat\u0101 izmanto \u016bden\u012b iegremd\u0113tos no citiem materi\u0101liem izgatavotos sildelementus, piem\u0113ram, varu, ner\u016bs\u0113jo\u0161o t\u0113raudu, kas agr\u0101k vai v\u0113l\u0101k izraisa met\u0101la koroziju.<\/p><p>Keramisko sildelementu sist\u0113mai piem\u012bt \u013coti augsta pretest\u012bba pret agres\u012bvo \u016bdens vidi (piem\u0113ram, cieto \u016bdeni u.c.) un tas iev\u0113rojami pagarina rezervu\u0101ru ekspluat\u0101cijas laiku jebkuros apst\u0101k\u013cos.<\/p><p>\u016adens sild\u012bt\u0101ja tvertnes visu iek\u0161\u0113jo virsmu no korozijas aizsarg\u0101 \u012bpa\u0161a keramiska emaljas glaz\u016bra.<\/p><p>Apkopes l\u016bka \u013cauj veikt darbus rezervu\u0101ra iek\u0161ien\u0113 ar m\u0113r\u0137i atbr\u012bvoties no nos\u0113dumiem un nogulsn\u0113m (katlakmens, dzelzs), kas savuk\u0101rt nodro\u0161ina papildus ekspluat\u0101cijas izdevumu ekonomiju, ilg\u0101ku boilera kalpo\u0161anas laiku.<\/p><p>Rezervu\u0101ra ekspluat\u0101cijas laiku pagarina ar\u012b magnija anoda izmanto\u0161ana, kas v\u0113l papildus nov\u0113r\u0161 korozijas veido\u0161anos.<\/p><p>Pateicoties vienk\u0101r\u0161iem un uzticamiem tehniskiem risin\u0101jumiem un ra\u017eo\u0161an\u0101 izmantotajiem augst\u0101k\u0101s kvalit\u0101tes materi\u0101liem, Dra\u017eice <span style=\"text-decoration: underline;\"><a href=\"https:\/\/www.drazice-shop.lv\/\">\u016bdens sild\u012bt\u0101ji<\/a><\/span> ir ekspluat\u0101cij\u0101 dro\u0161i un \u012bpa\u0161i iztur\u012bgi. Tie ir apr\u012bkoti ar nepiecie\u0161amajiem regul\u0113\u0161anas un aizsardz\u012bbas elementiem, kas nodro\u0161ina dro\u0161u un ekonomisku ekspluat\u0101ciju.<\/p>\t\t\t\t\t\t<\/div>\n\t\t\t\t<\/div>\n\t\t\t\t\t<\/div>\n\t\t\t\t<\/div>\n\t\t<div class=\"elementor-element elementor-element-b252232 e-flex e-con-boxed e-con e-parent\" data-id=\"b252232\" data-element_type=\"container\" data-settings=\"{&quot;content_width&quot;:&quot;boxed&quot;}\" data-core-v316-plus=\"true\">\n\t\t\t\t\t<div class=\"e-con-inner\">\n\t\t\t\t<div class=\"elementor-element elementor-element-f12b8f5 elementor-widget elementor-widget-heading\" data-id=\"f12b8f5\" data-element_type=\"widget\" data-widget_type=\"heading.default\">\n\t\t\t\t<div class=\"elementor-widget-container\">\n\t\t\t<style>\/*! elementor - v3.16.0 - 14-09-2023 *\/\n.elementor-heading-title{padding:0;margin:0;line-height:1}.elementor-widget-heading .elementor-heading-title[class*=elementor-size-]>a{color:inherit;font-size:inherit;line-height:inherit}.elementor-widget-heading .elementor-heading-title.elementor-size-small{font-size:15px}.elementor-widget-heading .elementor-heading-title.elementor-size-medium{font-size:19px}.elementor-widget-heading .elementor-heading-title.elementor-size-large{font-size:29px}.elementor-widget-heading .elementor-heading-title.elementor-size-xl{font-size:39px}.elementor-widget-heading .elementor-heading-title.elementor-size-xxl{font-size:59px}<\/style><h2 class=\"elementor-heading-title elementor-size-default\">Certificate \u010cSN EN ISO 9001:2001<\/h2>\t\t<\/div>\n\t\t\t\t<\/div>\n\t\t\t\t\t<\/div>\n\t\t\t\t<\/div>\n\t\t<div class=\"elementor-element elementor-element-2a28493 e-flex e-con-boxed e-con e-parent\" data-id=\"2a28493\" data-element_type=\"container\" data-settings=\"{&quot;content_width&quot;:&quot;boxed&quot;}\" data-core-v316-plus=\"true\">\n\t\t\t\t\t<div class=\"e-con-inner\">\n\t\t\t\t<div class=\"elementor-element elementor-element-a94f0e3 elementor-widget elementor-widget-image\" data-id=\"a94f0e3\" data-element_type=\"widget\" data-widget_type=\"image.default\">\n\t\t\t\t<div class=\"elementor-widget-container\">\n\t\t\t<style>\/*! elementor - v3.16.0 - 14-09-2023 *\/\n.elementor-widget-image{text-align:center}.elementor-widget-image a{display:inline-block}.elementor-widget-image a img[src$=\".svg\"]{width:48px}.elementor-widget-image img{vertical-align:middle;display:inline-block}<\/style>\t\t\t\t\t\t\t\t\t\t\t\t<img loading=\"lazy\" decoding=\"async\" width=\"299\" height=\"66\" src=\"https:\/\/www.drazice-shop.lv\/wp-content\/uploads\/2023\/10\/rtemagiccsert.jpg\" class=\"attachment-large size-large wp-image-2779\" alt=\"\" srcset=\"https:\/\/www.drazice-shop.lv\/wp-content\/uploads\/2023\/10\/rtemagiccsert.jpg 299w, https:\/\/www.drazice-shop.lv\/wp-content\/uploads\/2023\/10\/rtemagiccsert-90x20.jpg 90w\" sizes=\"auto, (max-width: 299px) 100vw, 299px\" \/>\t\t\t\t\t\t\t\t\t\t\t\t\t\t\t<\/div>\n\t\t\t\t<\/div>\n\t\t\t\t\t<\/div>\n\t\t\t\t<\/div>\n\t\t\t\t\t\t\t<\/div>\n\t\t","protected":false},"excerpt":{"rendered":"<p>DRA\u017dICE \u016aDENS SILD\u012aT\u0100JU TEHNOLO\u0122IJAS UNIKALIT\u0100TE \u0100rk\u0101rt\u012bgi augsta kvalit\u0101te un uzticam\u012bba, k\u0101 ar\u012b \u013coti ilgs ekspluat\u0101cijas laiks &#8211; t\u0101 var raksturot uz\u0146\u0113muma &#8220;Dra\u017eice&#8221; ra\u017eotos \u016bdens sild\u012bt\u0101jus. Neskaitot pa\u0161u m\u016bsdien\u012bg\u0101ko ra\u017eo\u0161anas tehnolo\u0123iju un lab\u0101ko materi\u0101lu izmanto\u0161anu, k\u0101 ar\u012b stingru ra\u017eo\u0161anas procesu kvalit\u0101tes kontroles iev\u0113ro\u0161anu, viena no Dra\u017eice \u016bdens sild\u012bt\u0101ju priek\u0161roc\u012bb\u0101m ir unik\u0101l\u0101 elektrisk\u0101 sildelementa sist\u0113ma. Dra\u017eice elektriskais<\/p>\n<div class=\"klb-readmore entry-button\"><a class=\"btn read-more\" href=\"https:\/\/www.drazice-shop.lv\/en\/par-drazice\/prieksrocibas\/\">Read More<\/a><\/div>\n","protected":false},"author":3,"featured_media":0,"parent":1899,"menu_order":0,"comment_status":"closed","ping_status":"closed","template":"","meta":{"inline_featured_image":false,"footnotes":""},"class_list":["post-2775","page","type-page","status-publish","hentry"],"yoast_head":"<!-- This site is optimized with the Yoast SEO plugin v21.7 - https:\/\/yoast.com\/wordpress\/plugins\/seo\/ -->\n<title>Priek\u0161roc\u012bbas - DRA\u017dICE<\/title>\n<meta name=\"robots\" content=\"index, follow, max-snippet:-1, max-image-preview:large, max-video-preview:-1\" \/>\n<link rel=\"canonical\" href=\"https:\/\/www.drazice-shop.lv\/par-drazice\/prieksrocibas\/\" \/>\n<meta property=\"og:locale\" content=\"en_US\" \/>\n<meta property=\"og:type\" content=\"article\" \/>\n<meta property=\"og:title\" content=\"Priek\u0161roc\u012bbas - DRA\u017dICE\" \/>\n<meta property=\"og:description\" content=\"DRA\u017dICE \u016aDENS SILD\u012aT\u0100JU TEHNOLO\u0122IJAS UNIKALIT\u0100TE \u0100rk\u0101rt\u012bgi augsta kvalit\u0101te un uzticam\u012bba, k\u0101 ar\u012b \u013coti ilgs ekspluat\u0101cijas laiks &#8211; t\u0101 var raksturot uz\u0146\u0113muma &#8220;Dra\u017eice&#8221; ra\u017eotos \u016bdens sild\u012bt\u0101jus. Neskaitot pa\u0161u m\u016bsdien\u012bg\u0101ko ra\u017eo\u0161anas tehnolo\u0123iju un lab\u0101ko materi\u0101lu izmanto\u0161anu, k\u0101 ar\u012b stingru ra\u017eo\u0161anas procesu kvalit\u0101tes kontroles iev\u0113ro\u0161anu, viena no Dra\u017eice \u016bdens sild\u012bt\u0101ju priek\u0161roc\u012bb\u0101m ir unik\u0101l\u0101 elektrisk\u0101 sildelementa sist\u0113ma. Dra\u017eice elektriskaisRead More\" \/>\n<meta property=\"og:url\" content=\"https:\/\/www.drazice-shop.lv\/par-drazice\/prieksrocibas\/\" \/>\n<meta property=\"og:site_name\" content=\"DRA\u017dICE\" \/>\n<meta property=\"article:modified_time\" content=\"2023-11-27T14:06:37+00:00\" \/>\n<meta property=\"og:image\" content=\"https:\/\/www.drazice-shop.lv\/wp-content\/uploads\/2023\/10\/rtemagiccsert.jpg\" \/>\n<meta name=\"twitter:card\" content=\"summary_large_image\" \/>\n<meta name=\"twitter:label1\" content=\"Est. reading time\" \/>\n\t<meta name=\"twitter:data1\" content=\"2 minutes\" \/>\n<script type=\"application\/ld+json\" class=\"yoast-schema-graph\">{\"@context\":\"https:\/\/schema.org\",\"@graph\":[{\"@type\":\"WebPage\",\"@id\":\"https:\/\/www.drazice-shop.lv\/par-drazice\/prieksrocibas\/\",\"url\":\"https:\/\/www.drazice-shop.lv\/par-drazice\/prieksrocibas\/\",\"name\":\"Priek\u0161roc\u012bbas - DRA\u017dICE\",\"isPartOf\":{\"@id\":\"https:\/\/www.drazice-shop.lv\/#website\"},\"datePublished\":\"2023-10-19T17:17:48+00:00\",\"dateModified\":\"2023-11-27T14:06:37+00:00\",\"breadcrumb\":{\"@id\":\"https:\/\/www.drazice-shop.lv\/par-drazice\/prieksrocibas\/#breadcrumb\"},\"inLanguage\":\"en-US\",\"potentialAction\":[{\"@type\":\"ReadAction\",\"target\":[\"https:\/\/www.drazice-shop.lv\/par-drazice\/prieksrocibas\/\"]}]},{\"@type\":\"BreadcrumbList\",\"@id\":\"https:\/\/www.drazice-shop.lv\/par-drazice\/prieksrocibas\/#breadcrumb\",\"itemListElement\":[{\"@type\":\"ListItem\",\"position\":1,\"name\":\"Home\",\"item\":\"https:\/\/www.drazice-shop.lv\/\"},{\"@type\":\"ListItem\",\"position\":2,\"name\":\"Par Dra\u017eice\",\"item\":\"https:\/\/www.drazice-shop.lv\/par-drazice\/\"},{\"@type\":\"ListItem\",\"position\":3,\"name\":\"Priek\u0161roc\u012bbas\"}]},{\"@type\":\"WebSite\",\"@id\":\"https:\/\/www.drazice-shop.lv\/#website\",\"url\":\"https:\/\/www.drazice-shop.lv\/\",\"name\":\"DRA\u017dICE\",\"description\":\"\",\"potentialAction\":[{\"@type\":\"SearchAction\",\"target\":{\"@type\":\"EntryPoint\",\"urlTemplate\":\"https:\/\/www.drazice-shop.lv\/?s={search_term_string}\"},\"query-input\":\"required name=search_term_string\"}],\"inLanguage\":\"en-US\"}]}<\/script>\n<!-- \/ Yoast SEO plugin. -->","yoast_head_json":{"title":"Priek\u0161roc\u012bbas - DRA\u017dICE","robots":{"index":"index","follow":"follow","max-snippet":"max-snippet:-1","max-image-preview":"max-image-preview:large","max-video-preview":"max-video-preview:-1"},"canonical":"https:\/\/www.drazice-shop.lv\/par-drazice\/prieksrocibas\/","og_locale":"en_US","og_type":"article","og_title":"Priek\u0161roc\u012bbas - DRA\u017dICE","og_description":"DRA\u017dICE \u016aDENS SILD\u012aT\u0100JU TEHNOLO\u0122IJAS UNIKALIT\u0100TE \u0100rk\u0101rt\u012bgi augsta kvalit\u0101te un uzticam\u012bba, k\u0101 ar\u012b \u013coti ilgs ekspluat\u0101cijas laiks &#8211; t\u0101 var raksturot uz\u0146\u0113muma &#8220;Dra\u017eice&#8221; ra\u017eotos \u016bdens sild\u012bt\u0101jus. Neskaitot pa\u0161u m\u016bsdien\u012bg\u0101ko ra\u017eo\u0161anas tehnolo\u0123iju un lab\u0101ko materi\u0101lu izmanto\u0161anu, k\u0101 ar\u012b stingru ra\u017eo\u0161anas procesu kvalit\u0101tes kontroles iev\u0113ro\u0161anu, viena no Dra\u017eice \u016bdens sild\u012bt\u0101ju priek\u0161roc\u012bb\u0101m ir unik\u0101l\u0101 elektrisk\u0101 sildelementa sist\u0113ma. Dra\u017eice elektriskaisRead More","og_url":"https:\/\/www.drazice-shop.lv\/par-drazice\/prieksrocibas\/","og_site_name":"DRA\u017dICE","article_modified_time":"2023-11-27T14:06:37+00:00","og_image":[{"url":"https:\/\/www.drazice-shop.lv\/wp-content\/uploads\/2023\/10\/rtemagiccsert.jpg"}],"twitter_card":"summary_large_image","twitter_misc":{"Est. reading time":"2 minutes"},"schema":{"@context":"https:\/\/schema.org","@graph":[{"@type":"WebPage","@id":"https:\/\/www.drazice-shop.lv\/par-drazice\/prieksrocibas\/","url":"https:\/\/www.drazice-shop.lv\/par-drazice\/prieksrocibas\/","name":"Priek\u0161roc\u012bbas - DRA\u017dICE","isPartOf":{"@id":"https:\/\/www.drazice-shop.lv\/#website"},"datePublished":"2023-10-19T17:17:48+00:00","dateModified":"2023-11-27T14:06:37+00:00","breadcrumb":{"@id":"https:\/\/www.drazice-shop.lv\/par-drazice\/prieksrocibas\/#breadcrumb"},"inLanguage":"en-US","potentialAction":[{"@type":"ReadAction","target":["https:\/\/www.drazice-shop.lv\/par-drazice\/prieksrocibas\/"]}]},{"@type":"BreadcrumbList","@id":"https:\/\/www.drazice-shop.lv\/par-drazice\/prieksrocibas\/#breadcrumb","itemListElement":[{"@type":"ListItem","position":1,"name":"Home","item":"https:\/\/www.drazice-shop.lv\/"},{"@type":"ListItem","position":2,"name":"Par Dra\u017eice","item":"https:\/\/www.drazice-shop.lv\/par-drazice\/"},{"@type":"ListItem","position":3,"name":"Priek\u0161roc\u012bbas"}]},{"@type":"WebSite","@id":"https:\/\/www.drazice-shop.lv\/#website","url":"https:\/\/www.drazice-shop.lv\/","name":"DRA\u017dICE","description":"","potentialAction":[{"@type":"SearchAction","target":{"@type":"EntryPoint","urlTemplate":"https:\/\/www.drazice-shop.lv\/?s={search_term_string}"},"query-input":"required name=search_term_string"}],"inLanguage":"en-US"}]}},"_links":{"self":[{"href":"https:\/\/www.drazice-shop.lv\/en\/wp-json\/wp\/v2\/pages\/2775","targetHints":{"allow":["GET"]}}],"collection":[{"href":"https:\/\/www.drazice-shop.lv\/en\/wp-json\/wp\/v2\/pages"}],"about":[{"href":"https:\/\/www.drazice-shop.lv\/en\/wp-json\/wp\/v2\/types\/page"}],"author":[{"embeddable":true,"href":"https:\/\/www.drazice-shop.lv\/en\/wp-json\/wp\/v2\/users\/3"}],"replies":[{"embeddable":true,"href":"https:\/\/www.drazice-shop.lv\/en\/wp-json\/wp\/v2\/comments?post=2775"}],"version-history":[{"count":15,"href":"https:\/\/www.drazice-shop.lv\/en\/wp-json\/wp\/v2\/pages\/2775\/revisions"}],"predecessor-version":[{"id":8212,"href":"https:\/\/www.drazice-shop.lv\/en\/wp-json\/wp\/v2\/pages\/2775\/revisions\/8212"}],"up":[{"embeddable":true,"href":"https:\/\/www.drazice-shop.lv\/en\/wp-json\/wp\/v2\/pages\/1899"}],"wp:attachment":[{"href":"https:\/\/www.drazice-shop.lv\/en\/wp-json\/wp\/v2\/media?parent=2775"}],"curies":[{"name":"wp","href":"https:\/\/api.w.org\/{rel}","templated":true}]}}