{"id":2699,"date":"2023-10-09T16:25:54","date_gmt":"2023-10-09T13:25:54","guid":{"rendered":"http:\/\/localhost\/?page_id=2699"},"modified":"2024-08-30T18:04:12","modified_gmt":"2024-08-30T15:04:12","slug":"lizings","status":"publish","type":"page","link":"https:\/\/www.drazice-shop.lv\/en\/lizings\/","title":{"rendered":"L\u012bzings"},"content":{"rendered":"\t\t<div data-elementor-type=\"wp-page\" data-elementor-id=\"2699\" class=\"elementor elementor-2699\">\n\t\t\t\t\t\t\t<div class=\"elementor-element elementor-element-a9b8a19 e-flex e-con-boxed e-con e-parent\" data-id=\"a9b8a19\" data-element_type=\"container\" data-settings=\"{&quot;content_width&quot;:&quot;boxed&quot;}\" data-core-v316-plus=\"true\">\n\t\t\t\t\t<div class=\"e-con-inner\">\n\t\t\t\t<div class=\"elementor-element elementor-element-60a3ed5 elementor-widget elementor-widget-text-editor\" data-id=\"60a3ed5\" data-element_type=\"widget\" data-widget_type=\"text-editor.default\">\n\t\t\t\t<div class=\"elementor-widget-container\">\n\t\t\t<style>\/*! elementor - v3.16.0 - 14-09-2023 *\/\n.elementor-widget-text-editor.elementor-drop-cap-view-stacked .elementor-drop-cap{background-color:#69727d;color:#fff}.elementor-widget-text-editor.elementor-drop-cap-view-framed .elementor-drop-cap{color:#69727d;border:3px solid;background-color:transparent}.elementor-widget-text-editor:not(.elementor-drop-cap-view-default) .elementor-drop-cap{margin-top:8px}.elementor-widget-text-editor:not(.elementor-drop-cap-view-default) .elementor-drop-cap-letter{width:1em;height:1em}.elementor-widget-text-editor .elementor-drop-cap{float:left;text-align:center;line-height:1;font-size:50px}.elementor-widget-text-editor .elementor-drop-cap-letter{display:inline-block}<\/style>\t\t\t\t<h3><strong>www.drazice-shop.lv pied\u0101v\u0101 preces ieg\u0101d\u0101ties kred\u012bt\u0101.<\/strong><\/h3><p>Lai ieg\u016btu finans\u0113jumu nepiecie\u0161amo pre\u010du ieg\u0101dei, pied\u0101v\u0101jam noform\u0113t l\u012bzingu:<\/p>\t\t\t\t\t\t<\/div>\n\t\t\t\t<\/div>\n\t\t\t\t\t<\/div>\n\t\t\t\t<\/div>\n\t\t<div class=\"elementor-element elementor-element-e3ed920 e-flex e-con-boxed e-con e-parent\" data-id=\"e3ed920\" data-element_type=\"container\" data-settings=\"{&quot;content_width&quot;:&quot;boxed&quot;}\" data-core-v316-plus=\"true\">\n\t\t\t\t\t<div class=\"e-con-inner\">\n\t\t\t\t<div class=\"elementor-element elementor-element-40d95b3 elementor-widget elementor-widget-text-editor\" data-id=\"40d95b3\" data-element_type=\"widget\" data-widget_type=\"text-editor.default\">\n\t\t\t\t<div class=\"elementor-widget-container\">\n\t\t\t\t\t\t\t<h6><span style=\"color: #ff0000;\">Aicin\u0101m aiz\u0146emties atbild\u012bgi! Pirms aiz\u0146emties, izv\u0113rt\u0113jiet savas finansi\u0101l\u0101s iesp\u0113jas.<\/span><\/h6>\t\t\t\t\t\t<\/div>\n\t\t\t\t<\/div>\n\t\t\t\t<div class=\"elementor-element elementor-element-3888b9a elementor-widget elementor-widget-html\" data-id=\"3888b9a\" data-element_type=\"widget\" data-widget_type=\"html.default\">\n\t\t\t\t<div class=\"elementor-widget-container\">\n\t\t\t<iframe loading=\"lazy\" id=\"widget_aizdevums_iframe\" src=\"https:\/\/mans.aizdevums.lv\/widget\/ivh3ORIqXEXkfx91awnj\/?price=145.04\" width=\"100%\" height=\"400px\" style=\"border: none;\"><\/iframe>\t\t<\/div>\n\t\t\t\t<\/div>\n\t\t\t\t\t<\/div>\n\t\t\t\t<\/div>\n\t\t\t\t\t\t\t<\/div>\n\t\t","protected":false},"excerpt":{"rendered":"<p>www.drazice-shop.lv pied\u0101v\u0101 preces ieg\u0101d\u0101ties kred\u012bt\u0101. Lai ieg\u016btu finans\u0113jumu nepiecie\u0161amo pre\u010du ieg\u0101dei, pied\u0101v\u0101jam noform\u0113t l\u012bzingu: Aicin\u0101m aiz\u0146emties atbild\u012bgi! Pirms aiz\u0146emties, izv\u0113rt\u0113jiet savas finansi\u0101l\u0101s iesp\u0113jas.<\/p>\n","protected":false},"author":3,"featured_media":0,"parent":0,"menu_order":0,"comment_status":"closed","ping_status":"closed","template":"","meta":{"inline_featured_image":false,"footnotes":""},"class_list":["post-2699","page","type-page","status-publish","hentry"],"yoast_head":"<!-- This site is optimized with the Yoast SEO plugin v21.7 - https:\/\/yoast.com\/wordpress\/plugins\/seo\/ -->\n<title>L\u012bzings - DRA\u017dICE<\/title>\n<meta name=\"robots\" content=\"index, follow, max-snippet:-1, max-image-preview:large, max-video-preview:-1\" \/>\n<link rel=\"canonical\" href=\"https:\/\/www.drazice-shop.lv\/lizings\/\" \/>\n<meta property=\"og:locale\" content=\"en_US\" \/>\n<meta property=\"og:type\" content=\"article\" \/>\n<meta property=\"og:title\" content=\"L\u012bzings - DRA\u017dICE\" \/>\n<meta property=\"og:description\" content=\"www.drazice-shop.lv pied\u0101v\u0101 preces ieg\u0101d\u0101ties kred\u012bt\u0101. Lai ieg\u016btu finans\u0113jumu nepiecie\u0161amo pre\u010du ieg\u0101dei, pied\u0101v\u0101jam noform\u0113t l\u012bzingu: Aicin\u0101m aiz\u0146emties atbild\u012bgi! Pirms aiz\u0146emties, izv\u0113rt\u0113jiet savas finansi\u0101l\u0101s iesp\u0113jas.\" \/>\n<meta property=\"og:url\" content=\"https:\/\/www.drazice-shop.lv\/lizings\/\" \/>\n<meta property=\"og:site_name\" content=\"DRA\u017dICE\" \/>\n<meta property=\"article:modified_time\" content=\"2024-08-30T15:04:12+00:00\" \/>\n<meta name=\"twitter:card\" content=\"summary_large_image\" \/>\n<meta name=\"twitter:label1\" content=\"Est. reading time\" \/>\n\t<meta name=\"twitter:data1\" content=\"1 minute\" \/>\n<script type=\"application\/ld+json\" class=\"yoast-schema-graph\">{\"@context\":\"https:\/\/schema.org\",\"@graph\":[{\"@type\":\"WebPage\",\"@id\":\"https:\/\/www.drazice-shop.lv\/lizings\/\",\"url\":\"https:\/\/www.drazice-shop.lv\/lizings\/\",\"name\":\"L\u012bzings - DRA\u017dICE\",\"isPartOf\":{\"@id\":\"https:\/\/www.drazice-shop.lv\/#website\"},\"datePublished\":\"2023-10-09T13:25:54+00:00\",\"dateModified\":\"2024-08-30T15:04:12+00:00\",\"breadcrumb\":{\"@id\":\"https:\/\/www.drazice-shop.lv\/lizings\/#breadcrumb\"},\"inLanguage\":\"en-US\",\"potentialAction\":[{\"@type\":\"ReadAction\",\"target\":[\"https:\/\/www.drazice-shop.lv\/lizings\/\"]}]},{\"@type\":\"BreadcrumbList\",\"@id\":\"https:\/\/www.drazice-shop.lv\/lizings\/#breadcrumb\",\"itemListElement\":[{\"@type\":\"ListItem\",\"position\":1,\"name\":\"Home\",\"item\":\"https:\/\/www.drazice-shop.lv\/\"},{\"@type\":\"ListItem\",\"position\":2,\"name\":\"L\u012bzings\"}]},{\"@type\":\"WebSite\",\"@id\":\"https:\/\/www.drazice-shop.lv\/#website\",\"url\":\"https:\/\/www.drazice-shop.lv\/\",\"name\":\"DRA\u017dICE\",\"description\":\"\",\"potentialAction\":[{\"@type\":\"SearchAction\",\"target\":{\"@type\":\"EntryPoint\",\"urlTemplate\":\"https:\/\/www.drazice-shop.lv\/?s={search_term_string}\"},\"query-input\":\"required name=search_term_string\"}],\"inLanguage\":\"en-US\"}]}<\/script>\n<!-- \/ Yoast SEO plugin. -->","yoast_head_json":{"title":"L\u012bzings - DRA\u017dICE","robots":{"index":"index","follow":"follow","max-snippet":"max-snippet:-1","max-image-preview":"max-image-preview:large","max-video-preview":"max-video-preview:-1"},"canonical":"https:\/\/www.drazice-shop.lv\/lizings\/","og_locale":"en_US","og_type":"article","og_title":"L\u012bzings - DRA\u017dICE","og_description":"www.drazice-shop.lv pied\u0101v\u0101 preces ieg\u0101d\u0101ties kred\u012bt\u0101. Lai ieg\u016btu finans\u0113jumu nepiecie\u0161amo pre\u010du ieg\u0101dei, pied\u0101v\u0101jam noform\u0113t l\u012bzingu: Aicin\u0101m aiz\u0146emties atbild\u012bgi! Pirms aiz\u0146emties, izv\u0113rt\u0113jiet savas finansi\u0101l\u0101s iesp\u0113jas.","og_url":"https:\/\/www.drazice-shop.lv\/lizings\/","og_site_name":"DRA\u017dICE","article_modified_time":"2024-08-30T15:04:12+00:00","twitter_card":"summary_large_image","twitter_misc":{"Est. reading time":"1 minute"},"schema":{"@context":"https:\/\/schema.org","@graph":[{"@type":"WebPage","@id":"https:\/\/www.drazice-shop.lv\/lizings\/","url":"https:\/\/www.drazice-shop.lv\/lizings\/","name":"L\u012bzings - DRA\u017dICE","isPartOf":{"@id":"https:\/\/www.drazice-shop.lv\/#website"},"datePublished":"2023-10-09T13:25:54+00:00","dateModified":"2024-08-30T15:04:12+00:00","breadcrumb":{"@id":"https:\/\/www.drazice-shop.lv\/lizings\/#breadcrumb"},"inLanguage":"en-US","potentialAction":[{"@type":"ReadAction","target":["https:\/\/www.drazice-shop.lv\/lizings\/"]}]},{"@type":"BreadcrumbList","@id":"https:\/\/www.drazice-shop.lv\/lizings\/#breadcrumb","itemListElement":[{"@type":"ListItem","position":1,"name":"Home","item":"https:\/\/www.drazice-shop.lv\/"},{"@type":"ListItem","position":2,"name":"L\u012bzings"}]},{"@type":"WebSite","@id":"https:\/\/www.drazice-shop.lv\/#website","url":"https:\/\/www.drazice-shop.lv\/","name":"DRA\u017dICE","description":"","potentialAction":[{"@type":"SearchAction","target":{"@type":"EntryPoint","urlTemplate":"https:\/\/www.drazice-shop.lv\/?s={search_term_string}"},"query-input":"required name=search_term_string"}],"inLanguage":"en-US"}]}},"_links":{"self":[{"href":"https:\/\/www.drazice-shop.lv\/en\/wp-json\/wp\/v2\/pages\/2699","targetHints":{"allow":["GET"]}}],"collection":[{"href":"https:\/\/www.drazice-shop.lv\/en\/wp-json\/wp\/v2\/pages"}],"about":[{"href":"https:\/\/www.drazice-shop.lv\/en\/wp-json\/wp\/v2\/types\/page"}],"author":[{"embeddable":true,"href":"https:\/\/www.drazice-shop.lv\/en\/wp-json\/wp\/v2\/users\/3"}],"replies":[{"embeddable":true,"href":"https:\/\/www.drazice-shop.lv\/en\/wp-json\/wp\/v2\/comments?post=2699"}],"version-history":[{"count":12,"href":"https:\/\/www.drazice-shop.lv\/en\/wp-json\/wp\/v2\/pages\/2699\/revisions"}],"predecessor-version":[{"id":8652,"href":"https:\/\/www.drazice-shop.lv\/en\/wp-json\/wp\/v2\/pages\/2699\/revisions\/8652"}],"wp:attachment":[{"href":"https:\/\/www.drazice-shop.lv\/en\/wp-json\/wp\/v2\/media?parent=2699"}],"curies":[{"name":"wp","href":"https:\/\/api.w.org\/{rel}","templated":true}]}}