{"id":1985,"date":"2021-10-06T13:28:19","date_gmt":"2021-10-06T10:28:19","guid":{"rendered":"http:\/\/localhost\/machic\/?page_id=1985"},"modified":"2024-08-30T17:45:59","modified_gmt":"2024-08-30T14:45:59","slug":"kontakti","status":"publish","type":"page","link":"https:\/\/www.drazice-shop.lv\/en\/kontakti\/","title":{"rendered":"Kontakti"},"content":{"rendered":"\t\t<div data-elementor-type=\"wp-page\" data-elementor-id=\"1985\" class=\"elementor elementor-1985\">\n\t\t\t\t\t\t\t<div class=\"elementor-element elementor-element-29b943a e-flex e-con-boxed e-con e-parent\" data-id=\"29b943a\" data-element_type=\"container\" data-settings=\"{&quot;content_width&quot;:&quot;boxed&quot;}\" data-core-v316-plus=\"true\">\n\t\t\t\t\t<div class=\"e-con-inner\">\n\t\t\t\t<div class=\"elementor-element elementor-element-46f74d5 elementor-widget elementor-widget-text-editor\" data-id=\"46f74d5\" data-element_type=\"widget\" data-widget_type=\"text-editor.default\">\n\t\t\t\t<div class=\"elementor-widget-container\">\n\t\t\t<style>\/*! elementor - v3.16.0 - 14-09-2023 *\/\n.elementor-widget-text-editor.elementor-drop-cap-view-stacked .elementor-drop-cap{background-color:#69727d;color:#fff}.elementor-widget-text-editor.elementor-drop-cap-view-framed .elementor-drop-cap{color:#69727d;border:3px solid;background-color:transparent}.elementor-widget-text-editor:not(.elementor-drop-cap-view-default) .elementor-drop-cap{margin-top:8px}.elementor-widget-text-editor:not(.elementor-drop-cap-view-default) .elementor-drop-cap-letter{width:1em;height:1em}.elementor-widget-text-editor .elementor-drop-cap{float:left;text-align:center;line-height:1;font-size:50px}.elementor-widget-text-editor .elementor-drop-cap-letter{display:inline-block}<\/style>\t\t\t\t<h2><span style=\"color: #7b9f2f;\"><strong>KONTAKTINFORM\u0100CIJA<\/strong><\/span><\/h2>\t\t\t\t\t\t<\/div>\n\t\t\t\t<\/div>\n\t\t\t\t\t<\/div>\n\t\t\t\t<\/div>\n\t\t<div class=\"elementor-element elementor-element-ef5a0a3 e-flex e-con-boxed e-con e-parent\" data-id=\"ef5a0a3\" data-element_type=\"container\" data-settings=\"{&quot;content_width&quot;:&quot;boxed&quot;}\" data-core-v316-plus=\"true\">\n\t\t\t\t\t<div class=\"e-con-inner\">\n\t\t<div class=\"elementor-element elementor-element-fcc4e1f e-con-full e-flex e-con e-child\" data-id=\"fcc4e1f\" data-element_type=\"container\" data-settings=\"{&quot;content_width&quot;:&quot;full&quot;}\">\n\t\t\t\t<div class=\"elementor-element elementor-element-1d6c388 elementor-widget elementor-widget-text-editor\" data-id=\"1d6c388\" data-element_type=\"widget\" data-widget_type=\"text-editor.default\">\n\t\t\t\t<div class=\"elementor-widget-container\">\n\t\t\t\t\t\t\t<p><strong><span style=\"color: #7b9f2f;\">M\u016bsu rekviz\u012bti:<\/span><\/strong><\/p><p>SIA &#8220;SB&#8221;<br \/>Re\u0123.kods: 40003017954<br \/>Kods PVN: LV 40003017954<\/p><p>Banka: A\/S \u201cDNB BANKA\u201d<br \/>N\/Konts: LV07RIKO0002013265534<br \/>Swift kods: RIKOLV2X<\/p><p>Uzzini vair\u0101k par mums <a href=\"https:\/\/drazice-shop.lv\/par-mums\/\"><strong><span style=\"color: #7b9f2f;\">\u0161eit<\/span><\/strong><\/a><\/p>\t\t\t\t\t\t<\/div>\n\t\t\t\t<\/div>\n\t\t\t\t<\/div>\n\t\t<div class=\"elementor-element elementor-element-ee73d4a e-con-full e-flex e-con e-child\" data-id=\"ee73d4a\" data-element_type=\"container\" data-settings=\"{&quot;content_width&quot;:&quot;full&quot;}\">\n\t\t\t\t<div class=\"elementor-element elementor-element-9ac51c8 elementor-widget elementor-widget-text-editor\" data-id=\"9ac51c8\" data-element_type=\"widget\" data-widget_type=\"text-editor.default\">\n\t\t\t\t<div class=\"elementor-widget-container\">\n\t\t\t\t\t\t\t\t\t\t\t\t\t<\/div>\n\t\t\t\t<\/div>\n\t\t\t\t<\/div>\n\t\t\t\t\t<\/div>\n\t\t\t\t<\/div>\n\t\t\t\t<section class=\"elementor-section elementor-top-section elementor-element elementor-element-187d03f elementor-section-boxed elementor-section-height-default elementor-section-height-default\" data-id=\"187d03f\" data-element_type=\"section\">\n\t\t\t\t\t\t<div class=\"elementor-container elementor-column-gap-extended\">\n\t\t\t\t\t<div class=\"elementor-column elementor-col-100 elementor-top-column elementor-element elementor-element-fa6036d\" data-id=\"fa6036d\" data-element_type=\"column\">\n\t\t\t<div class=\"elementor-widget-wrap elementor-element-populated\">\n\t\t\t\t\t\t\t\t<div class=\"elementor-element elementor-element-4178a16 elementor-widget elementor-widget-machic-contact-form-7\" data-id=\"4178a16\" data-element_type=\"widget\" data-widget_type=\"machic-contact-form-7.default\">\n\t\t\t\t<div class=\"elementor-widget-container\">\n\t\t\t<div class=\"contact-form\"><h3 class=\"entry-title\">Sazinies ar mums<\/h3><p><\/p>\n<div class=\"wpcf7 no-js\" id=\"wpcf7-f8513-o1\" lang=\"en-US\" dir=\"ltr\">\n<div class=\"screen-reader-response\"><p role=\"status\" aria-live=\"polite\" aria-atomic=\"true\"><\/p> <ul><\/ul><\/div>\n<form action=\"\/en\/wp-json\/wp\/v2\/pages\/1985#wpcf7-f8513-o1\" method=\"post\" class=\"wpcf7-form init\" aria-label=\"Contact form\" novalidate=\"novalidate\" data-status=\"init\">\n<div style=\"display: none;\">\n<input type=\"hidden\" name=\"_wpcf7\" value=\"8513\" \/>\n<input type=\"hidden\" name=\"_wpcf7_version\" value=\"5.8\" \/>\n<input type=\"hidden\" name=\"_wpcf7_locale\" value=\"en_US\" \/>\n<input type=\"hidden\" name=\"_wpcf7_unit_tag\" value=\"wpcf7-f8513-o1\" \/>\n<input type=\"hidden\" name=\"_wpcf7_container_post\" value=\"0\" \/>\n<input type=\"hidden\" name=\"_wpcf7_posted_data_hash\" value=\"\" \/>\n<input type=\"hidden\" name=\"_wpcf7_recaptcha_response\" value=\"\" \/>\n<\/div>\n<div class=\"row\">\n\t<div class=\"col-12 col-lg-6\">\n\t\t<p><label> Name, Surname * <\/label><br \/>\n<span class=\"wpcf7-form-control-wrap\" data-name=\"your-name\"><input size=\"40\" class=\"wpcf7-form-control wpcf7-text wpcf7-validates-as-required\" aria-required=\"true\" aria-invalid=\"false\" value=\"\" type=\"text\" name=\"your-name\" \/><\/span>\n\t\t<\/p>\n\t<\/div>\n\t<div class=\"col-12 col-lg-6\">\n\t\t<p><label> Email *<\/label><br \/>\n<span class=\"wpcf7-form-control-wrap\" data-name=\"your-email\"><input size=\"40\" class=\"wpcf7-form-control wpcf7-email wpcf7-validates-as-required wpcf7-text wpcf7-validates-as-email\" aria-required=\"true\" aria-invalid=\"false\" value=\"\" type=\"email\" name=\"your-email\" \/><\/span>\n\t\t<\/p>\n\t<\/div>\n\t<div class=\"col-12 col-lg-12\">\n\t\t<p><label> Subject * <\/label><br \/>\n<span class=\"wpcf7-form-control-wrap\" data-name=\"your-subject\"><input size=\"40\" class=\"wpcf7-form-control wpcf7-text wpcf7-validates-as-required\" aria-required=\"true\" aria-invalid=\"false\" value=\"\" type=\"text\" name=\"your-subject\" \/><\/span>\n\t\t<\/p>\n\t<\/div>\n\t<div class=\"col-12 col-lg-12\">\n\t\t<p><label> Your message <\/label><br \/>\n<span class=\"wpcf7-form-control-wrap\" data-name=\"your-message\"><textarea cols=\"40\" rows=\"10\" class=\"wpcf7-form-control wpcf7-textarea\" aria-invalid=\"false\" name=\"your-message\"><\/textarea><\/span>\n\t\t<\/p>\n\t<\/div>\n\t<div class=\"col-12 col-lg-12\" style=\"margin-bottom: 20px;\">\n\t\n\t<\/div>\n\t<div class=\"col-12 col-lg-12\">\n\t\t<p><input class=\"wpcf7-form-control wpcf7-submit has-spinner\" type=\"submit\" value=\"Nos\u016bt\u012bt zi\u0146u\" \/>\n\t\t<\/p>\n\t<\/div>\n<\/div><div class=\"wpcf7-response-output\" aria-hidden=\"true\"><\/div>\n<\/form>\n<\/div>\n<\/div><!-- contact-form -->\t\t<\/div>\n\t\t\t\t<\/div>\n\t\t\t\t\t<\/div>\n\t\t<\/div>\n\t\t\t\t\t\t\t<\/div>\n\t\t<\/section>\n\t\t\t\t\t\t\t<\/div>\n\t\t","protected":false},"excerpt":{"rendered":"<p>KONTAKTINFORM\u0100CIJA M\u016bsu rekviz\u012bti: SIA &#8220;SB&#8221;Re\u0123.kods: 40003017954Kods PVN: LV 40003017954 Banka: A\/S \u201cDNB BANKA\u201dN\/Konts: LV07RIKO0002013265534Swift kods: RIKOLV2X Uzzini vair\u0101k par mums \u0161eit Sazinies ar mums V\u0101rds, Uzv\u0101rds * E-pasts * T\u0113ma * J\u016bsu zi\u0146a<\/p>\n","protected":false},"author":3,"featured_media":0,"parent":0,"menu_order":0,"comment_status":"closed","ping_status":"closed","template":"","meta":{"inline_featured_image":false,"footnotes":""},"class_list":["post-1985","page","type-page","status-publish","hentry"],"yoast_head":"<!-- This site is optimized with the Yoast SEO plugin v21.7 - https:\/\/yoast.com\/wordpress\/plugins\/seo\/ -->\n<title>Kontakti - DRA\u017dICE<\/title>\n<meta name=\"robots\" content=\"index, follow, max-snippet:-1, max-image-preview:large, max-video-preview:-1\" \/>\n<link rel=\"canonical\" href=\"https:\/\/www.drazice-shop.lv\/kontakti\/\" \/>\n<meta property=\"og:locale\" content=\"en_US\" \/>\n<meta property=\"og:type\" content=\"article\" \/>\n<meta property=\"og:title\" content=\"Kontakti - DRA\u017dICE\" \/>\n<meta property=\"og:description\" content=\"KONTAKTINFORM\u0100CIJA M\u016bsu rekviz\u012bti: SIA &#8220;SB&#8221;Re\u0123.kods: 40003017954Kods PVN: LV 40003017954 Banka: A\/S \u201cDNB BANKA\u201dN\/Konts: LV07RIKO0002013265534Swift kods: RIKOLV2X Uzzini vair\u0101k par mums \u0161eit Sazinies ar mums V\u0101rds, Uzv\u0101rds * E-pasts * T\u0113ma * J\u016bsu zi\u0146a\" \/>\n<meta property=\"og:url\" content=\"https:\/\/www.drazice-shop.lv\/kontakti\/\" \/>\n<meta property=\"og:site_name\" content=\"DRA\u017dICE\" \/>\n<meta property=\"article:modified_time\" content=\"2024-08-30T14:45:59+00:00\" \/>\n<meta name=\"twitter:card\" content=\"summary_large_image\" \/>\n<meta name=\"twitter:label1\" content=\"Est. reading time\" \/>\n\t<meta name=\"twitter:data1\" content=\"1 minute\" \/>\n<script type=\"application\/ld+json\" class=\"yoast-schema-graph\">{\"@context\":\"https:\/\/schema.org\",\"@graph\":[{\"@type\":\"WebPage\",\"@id\":\"https:\/\/www.drazice-shop.lv\/kontakti\/\",\"url\":\"https:\/\/www.drazice-shop.lv\/kontakti\/\",\"name\":\"Kontakti - DRA\u017dICE\",\"isPartOf\":{\"@id\":\"https:\/\/www.drazice-shop.lv\/#website\"},\"datePublished\":\"2021-10-06T10:28:19+00:00\",\"dateModified\":\"2024-08-30T14:45:59+00:00\",\"breadcrumb\":{\"@id\":\"https:\/\/www.drazice-shop.lv\/kontakti\/#breadcrumb\"},\"inLanguage\":\"en-US\",\"potentialAction\":[{\"@type\":\"ReadAction\",\"target\":[\"https:\/\/www.drazice-shop.lv\/kontakti\/\"]}]},{\"@type\":\"BreadcrumbList\",\"@id\":\"https:\/\/www.drazice-shop.lv\/kontakti\/#breadcrumb\",\"itemListElement\":[{\"@type\":\"ListItem\",\"position\":1,\"name\":\"Home\",\"item\":\"https:\/\/www.drazice-shop.lv\/\"},{\"@type\":\"ListItem\",\"position\":2,\"name\":\"Kontakti\"}]},{\"@type\":\"WebSite\",\"@id\":\"https:\/\/www.drazice-shop.lv\/#website\",\"url\":\"https:\/\/www.drazice-shop.lv\/\",\"name\":\"DRA\u017dICE\",\"description\":\"\",\"potentialAction\":[{\"@type\":\"SearchAction\",\"target\":{\"@type\":\"EntryPoint\",\"urlTemplate\":\"https:\/\/www.drazice-shop.lv\/?s={search_term_string}\"},\"query-input\":\"required name=search_term_string\"}],\"inLanguage\":\"en-US\"}]}<\/script>\n<!-- \/ Yoast SEO plugin. -->","yoast_head_json":{"title":"Kontakti - DRA\u017dICE","robots":{"index":"index","follow":"follow","max-snippet":"max-snippet:-1","max-image-preview":"max-image-preview:large","max-video-preview":"max-video-preview:-1"},"canonical":"https:\/\/www.drazice-shop.lv\/kontakti\/","og_locale":"en_US","og_type":"article","og_title":"Kontakti - DRA\u017dICE","og_description":"KONTAKTINFORM\u0100CIJA M\u016bsu rekviz\u012bti: SIA &#8220;SB&#8221;Re\u0123.kods: 40003017954Kods PVN: LV 40003017954 Banka: A\/S \u201cDNB BANKA\u201dN\/Konts: LV07RIKO0002013265534Swift kods: RIKOLV2X Uzzini vair\u0101k par mums \u0161eit Sazinies ar mums V\u0101rds, Uzv\u0101rds * E-pasts * T\u0113ma * J\u016bsu zi\u0146a","og_url":"https:\/\/www.drazice-shop.lv\/kontakti\/","og_site_name":"DRA\u017dICE","article_modified_time":"2024-08-30T14:45:59+00:00","twitter_card":"summary_large_image","twitter_misc":{"Est. reading time":"1 minute"},"schema":{"@context":"https:\/\/schema.org","@graph":[{"@type":"WebPage","@id":"https:\/\/www.drazice-shop.lv\/kontakti\/","url":"https:\/\/www.drazice-shop.lv\/kontakti\/","name":"Kontakti - DRA\u017dICE","isPartOf":{"@id":"https:\/\/www.drazice-shop.lv\/#website"},"datePublished":"2021-10-06T10:28:19+00:00","dateModified":"2024-08-30T14:45:59+00:00","breadcrumb":{"@id":"https:\/\/www.drazice-shop.lv\/kontakti\/#breadcrumb"},"inLanguage":"en-US","potentialAction":[{"@type":"ReadAction","target":["https:\/\/www.drazice-shop.lv\/kontakti\/"]}]},{"@type":"BreadcrumbList","@id":"https:\/\/www.drazice-shop.lv\/kontakti\/#breadcrumb","itemListElement":[{"@type":"ListItem","position":1,"name":"Home","item":"https:\/\/www.drazice-shop.lv\/"},{"@type":"ListItem","position":2,"name":"Kontakti"}]},{"@type":"WebSite","@id":"https:\/\/www.drazice-shop.lv\/#website","url":"https:\/\/www.drazice-shop.lv\/","name":"DRA\u017dICE","description":"","potentialAction":[{"@type":"SearchAction","target":{"@type":"EntryPoint","urlTemplate":"https:\/\/www.drazice-shop.lv\/?s={search_term_string}"},"query-input":"required name=search_term_string"}],"inLanguage":"en-US"}]}},"_links":{"self":[{"href":"https:\/\/www.drazice-shop.lv\/en\/wp-json\/wp\/v2\/pages\/1985","targetHints":{"allow":["GET"]}}],"collection":[{"href":"https:\/\/www.drazice-shop.lv\/en\/wp-json\/wp\/v2\/pages"}],"about":[{"href":"https:\/\/www.drazice-shop.lv\/en\/wp-json\/wp\/v2\/types\/page"}],"author":[{"embeddable":true,"href":"https:\/\/www.drazice-shop.lv\/en\/wp-json\/wp\/v2\/users\/3"}],"replies":[{"embeddable":true,"href":"https:\/\/www.drazice-shop.lv\/en\/wp-json\/wp\/v2\/comments?post=1985"}],"version-history":[{"count":30,"href":"https:\/\/www.drazice-shop.lv\/en\/wp-json\/wp\/v2\/pages\/1985\/revisions"}],"predecessor-version":[{"id":8649,"href":"https:\/\/www.drazice-shop.lv\/en\/wp-json\/wp\/v2\/pages\/1985\/revisions\/8649"}],"wp:attachment":[{"href":"https:\/\/www.drazice-shop.lv\/en\/wp-json\/wp\/v2\/media?parent=1985"}],"curies":[{"name":"wp","href":"https:\/\/api.w.org\/{rel}","templated":true}]}}